{"id":335873,"date":"2021-06-06T10:54:11","date_gmt":"2021-06-06T10:54:11","guid":{"rendered":"https:\/\/clinicaergo.com\/rechtlicher-hinweis\/"},"modified":"2023-07-10T10:50:14","modified_gmt":"2023-07-10T10:50:14","slug":"rechtlicher-hinweis","status":"publish","type":"page","link":"https:\/\/clinicaergo.com\/de\/rechtlicher-hinweis\/","title":{"rendered":"Rechtlicher Hinweis"},"content":{"rendered":"\n[et_pb_section fb_built=&#8220;1&#8243; fullwidth=&#8220;on&#8220; _builder_version=&#8220;4.9.4&#8243; bottom_divider_style=&#8220;slant&#8220; bottom_divider_color=&#8220;#FFFFFF&#8220; bottom_divider_flip=&#8220;horizontal&#8220; animation_direction=&#8220;top&#8220; locked=&#8220;off&#8220;][et_pb_fullwidth_header title=&#8220;Rechtlicher Hinweis&#8220; subhead=&#8220;Rechtstexte und Datenschutz&#8220; text_orientation=&#8220;center&#8220; background_overlay_color=&#8220;rgba(53,38,35,0.67)&#8220; _builder_version=&#8220;4.9.4&#8243; title_font=&#8220;Nunito|700|||||||&#8220; title_font_size=&#8220;46px&#8220; title_line_height=&#8220;1.5em&#8220; content_font=&#8220;Lato|300|||||||&#8220; content_font_size=&#8220;20px&#8220; content_line_height=&#8220;3em&#8220; subhead_font=&#8220;Nunito|700|||||||&#8220; subhead_font_size=&#8220;25px&#8220; subhead_line_height=&#8220;1.5em&#8220; background_color=&#8220;#afafaf&#8220; background_image=&#8220;https:\/\/clinicaergo.com\/wp-content\/uploads\/2021\/06\/cabecera-especialidadesmedicas.jpg&#8220; custom_margin=&#8220;|||&#8220; custom_padding=&#8220;5vw||150px||false&#8220; animation_style=&#8220;slide&#8220; animation_direction=&#8220;top&#8220; animation_intensity_slide=&#8220;2%&#8220; title_font_size_tablet=&#8220;36px&#8220; title_font_size_phone=&#8220;&#8220; title_font_size_last_edited=&#8220;on|phone&#8220; button_one_text_size__hover_enabled=&#8220;off&#8220; button_two_text_size__hover_enabled=&#8220;off&#8220; button_one_text_color__hover_enabled=&#8220;off&#8220; button_two_text_color__hover_enabled=&#8220;off&#8220; button_one_border_width__hover_enabled=&#8220;off&#8220; button_two_border_width__hover_enabled=&#8220;off&#8220; button_one_border_color__hover_enabled=&#8220;off&#8220; button_two_border_color__hover_enabled=&#8220;off&#8220; button_one_border_radius__hover_enabled=&#8220;off&#8220; button_two_border_radius__hover_enabled=&#8220;off&#8220; button_one_letter_spacing__hover_enabled=&#8220;off&#8220; button_two_letter_spacing__hover_enabled=&#8220;off&#8220; button_one_bg_color__hover_enabled=&#8220;off&#8220; button_two_bg_color__hover_enabled=&#8220;off&#8220;]<p>Medizinische Fachrichtungen in Gij\u00f3n, Asturien<\/p>[\/et_pb_fullwidth_header][\/et_pb_section][et_pb_section fb_built=&#8220;1&#8243; admin_label=&#8220;How It Works&#8220; _builder_version=&#8220;3.22&#8243; custom_padding=&#8220;|||&#8220;][et_pb_row _builder_version=&#8220;4.9.4&#8243; locked=&#8220;off&#8220;][et_pb_column type=&#8220;4_4&#8243; _builder_version=&#8220;3.25&#8243; custom_padding=&#8220;|||&#8220; custom_padding__hover=&#8220;|||&#8220;][et_pb_text admin_label=&#8220;Text&#8220; _builder_version=&#8220;4.9.4&#8243; header_2_font=&#8220;Nunito|700|||||||&#8220; header_2_text_color=&#8220;#7A4E36&#8243; text_orientation=&#8220;left&#8220; hover_enabled=&#8220;0&#8243; sticky_enabled=&#8220;0&#8243;]<p><strong>1.<\/strong> <strong>BENUTZERINFORMATIONEN<\/strong><\/p>\n<p><strong>ERGO Biotech S.L.<\/strong>als f\u00fcr die Datenverarbeitung Verantwortlicher informiert Sie, dass wir Ihre Daten gem\u00e4\u00df den Bestimmungen der Verordnung (EU) 2016\/679 vom 27. April (RGPD) und der Verordnung (EG) Nr. 3\/2018 vom 5. Dezember \u00fcber den Datenschutz und die Gew\u00e4hrleistung digitaler Rechte (LOPDGDD) wie in dieser Datenschutzrichtlinie beschrieben behandeln werden.<\/p>\n<p>In dieser Datenschutzrichtlinie beschreiben wir, wie und warum wir Ihre personenbezogenen Daten erfassen, was wir damit tun, an wen wir sie weitergeben, wie wir sie sch\u00fctzen und welche M\u00f6glichkeiten Sie haben, wenn es darum geht, wie wir Ihre personenbezogenen Daten verarbeiten.<\/p>\n<p>Diese Richtlinie gilt f\u00fcr die Verarbeitung Ihrer pers\u00f6nlichen Daten, die das Unternehmen f\u00fcr die Erbringung seiner Dienstleistungen erfasst. Wenn Sie den Ma\u00dfnahmen in dieser Richtlinie zustimmen, erkl\u00e4ren Sie sich damit einverstanden, dass wir Ihre personenbezogenen Daten wie in dieser Richtlinie definiert verarbeiten.<\/p>\n<p><strong>2. KONTAKT<\/strong><\/p>\n<p>Name des Unternehmens: <strong>ERGO Biotech S.L.<\/strong> <br>Handelsname: <strong>ERGO Clinic<\/strong><br>UMSATZSTEUER-IDENTIFIKATIONSNUMMER: <strong>B52554656<\/strong><br>Adresse: <strong>Avenida de Portugal, 96-98-100 33207, Gij\u00f3n. Asturien<\/strong><br>E-Mail: <strong>info@clinicaergo.com<\/strong><\/p>\n<p><strong>3. SCHL\u00dcSSELPRINZIPIEN<\/strong><\/p>\n<p>Wir haben uns schon immer verpflichtet, unsere Dienstleistungen nach den h\u00f6chsten Standards zu erbringen, wozu auch der sichere und transparente Umgang mit Ihren Daten geh\u00f6rt. Unsere Grunds\u00e4tze sind:<\/p>\n<ul>\n<li><strong>Rechtm\u00e4\u00dfigkeit<\/strong>: Wir werden Ihre personenbezogenen Daten nur f\u00fcr festgelegte, eindeutige und rechtm\u00e4\u00dfige Zwecke erfassen.<\/li>\n<li><strong>Datenminimierung<\/strong>: Wir beschr\u00e4nken die Erhebung personenbezogener Daten auf das, was f\u00fcr die Zwecke, f\u00fcr die sie erhoben wurden, unbedingt relevant und notwendig ist.<\/li>\n<li><strong>Zweckbindung<\/strong>: Wir erfassen Ihre personenbezogenen Daten nur zu den angegebenen Zwecken und nur in \u00dcbereinstimmung mit Ihren W\u00fcnschen.<\/li>\n<li><strong>Genauigkeit<\/strong>: Wir halten Ihre pers\u00f6nlichen Daten korrekt und auf dem neuesten Stand.<\/li>\n<li><strong>Datensicherheit<\/strong>: Wir ergreifen geeignete technische und organisatorische Ma\u00dfnahmen, die den Risiken angemessen sind, um zu gew\u00e4hrleisten, dass Ihre Daten nicht besch\u00e4digt werden, z. B. durch unbefugte Weitergabe oder unbefugten Zugriff, versehentliche oder unrechtm\u00e4\u00dfige Zerst\u00f6rung oder versehentlichen Verlust oder \u00c4nderung und jede andere Form der unrechtm\u00e4\u00dfigen Verarbeitung.<\/li>\n<li><strong>Zugang und Berichtigung<\/strong>: Wir bieten Ihnen die M\u00f6glichkeit, auf Ihre Daten zuzugreifen oder sie zu berichtigen, wann immer Sie dies f\u00fcr angebracht halten.<\/li>\n<li><strong>Aufbewahrung<\/strong>: Wir bewahren Ihre personenbezogenen Daten in rechtm\u00e4\u00dfiger und angemessener Weise und nur so lange auf, wie es f\u00fcr die Zwecke, f\u00fcr die sie erhoben wurden, erforderlich ist.<\/li>\n<li><strong>Internationale \u00dcbermittlung<\/strong>: Wenn Ihre Daten au\u00dferhalb der EU\/des EWR \u00fcbermittelt werden sollen, werden sie angemessen gesch\u00fctzt.<\/li>\n<li><strong>Dritte<\/strong>: Der Zugang zu und die \u00dcbermittlung von personenbezogenen Daten an Dritte erfolgt in \u00dcbereinstimmung mit den geltenden Gesetzen und Vorschriften und mit angemessenen vertraglichen Garantien.<\/li>\n<li><strong>Direktmarketing und Cookies<\/strong>: Wir halten uns an die geltenden Rechtsvorschriften \u00fcber Werbung und Cookies.<\/li>\n<\/ul>\n<p><strong>4. ERHEBUNG UND VERARBEITUNG IHRER PERSONENBEZOGENEN DATEN<\/strong><br>Die Arten von Daten, die angefordert und verarbeitet werden k\u00f6nnen, sind:<\/p>\n<ul>\n<li>Daten mit identifizierendem Charakter.<\/li>\n<\/ul>\n<p>Wir sammeln auch automatisch Daten \u00fcber Ihren Besuch auf unserer Website, wie in der Cookie-Richtlinie beschrieben.<\/p>\n<p>Wann immer wir Sie um Ihre pers\u00f6nlichen Daten bitten, werden wir Sie klar dar\u00fcber informieren, welche pers\u00f6nlichen Daten wir sammeln und zu welchem Zweck. Im Allgemeinen erheben und verarbeiten wir Ihre personenbezogenen Daten zu folgenden Zwecken:<\/p>\n<ul>\n<li>Bereitstellung von Informationen, Dienstleistungen, Produkten, relevanten Informationen und Neuigkeiten in diesem Sektor.<\/li>\n<li>Senden von Mitteilungen.<\/li>\n<\/ul>\n<p><strong>5. LEGITIMIT\u00c4T<\/strong><\/p>\n<p>In \u00dcbereinstimmung mit den geltenden Datenschutzgesetzen d\u00fcrfen Ihre personenbezogenen Daten verarbeitet werden, soweit dies erforderlich ist:<\/p>\n<ul>\n<li>Sie haben uns Ihre Zustimmung f\u00fcr die Verarbeitung gegeben. Selbstverst\u00e4ndlich k\u00f6nnen Sie Ihre Einwilligung jederzeit widerrufen.<\/li>\n<li>Gesetzlich vorgeschrieben.<\/li>\n<li>Wenn ein berechtigtes Interesse besteht, das nicht durch Ihre Datenschutzrechte beeintr\u00e4chtigt wird, wie z. B. die Zusendung von kommerziellen Informationen, wenn Sie sich f\u00fcr unseren Newsletter angemeldet haben oder wenn Sie Kunde sind.<\/li>\n<li>Weil es f\u00fcr die Erbringung einer unserer Dienstleistungen im Rahmen einer vertraglichen Beziehung zwischen Ihnen und uns erforderlich ist.<\/li>\n<\/ul>\n<p><strong>6. \u00dcBERMITTLUNG VON PERSONENBEZOGENEN DATEN<\/strong><\/p>\n<p>Die Daten k\u00f6nnen an Unternehmen weitergegeben werden, die mit <strong>ERGO Biotech S.L.<\/strong> verbunden sind, um verschiedene Dienstleistungen in ihrer Eigenschaft als Datenverarbeiter zu erbringen. Das Unternehmen wird keine \u00dcbertragungen vornehmen, es sei denn, es besteht eine gesetzliche Verpflichtung.<\/p>\n<p><strong>7. IHRE RECHTE<\/strong><\/p>\n<p>Im Zusammenhang mit der Erhebung und Verarbeitung Ihrer personenbezogenen Daten k\u00f6nnen Sie sich jederzeit an uns wenden:<\/p>\n<ul>\n<li>Zugang zu Ihren personenbezogenen Daten und allen anderen in Artikel 15.1 der DSGVO genannten Informationen.<\/li>\n<li>Ihre personenbezogenen Daten, die unrichtig oder unvollst\u00e4ndig sind, gem\u00e4\u00df Artikel 16 der Datenschutz-Grundverordnung zu berichtigen.<\/li>\n<li>Ihre personenbezogenen Daten gem\u00e4\u00df Artikel 17 der Datenschutz-Grundverordnung zu l\u00f6schen.<\/li>\n<li>die Verarbeitung Ihrer personenbezogenen Daten gem\u00e4\u00df Artikel 18 der Datenschutz-Grundverordnung einzuschr\u00e4nken.<\/li>\n<li>die \u00dcbertragbarkeit Ihrer Daten gem\u00e4\u00df Artikel 20 der Datenschutz-Grundverordnung zu beantragen. <a href=\"https:\/\/presencialismo.com\" class=\"rank-math-link\" target=\"_blank\" rel=\"noopener\"><span class=\"has-inline-color has-black-color\">GDPR<\/span><\/a>.<\/li>\n<li>der Verarbeitung Ihrer personenbezogenen Daten gem\u00e4\u00df Artikel 21 der DSGVO zu widersprechen.<\/li>\n<\/ul>\n<p>Wenn Sie Ihre Einwilligung f\u00fcr einen bestimmten Zweck gegeben haben, haben Sie das Recht, Ihre Einwilligung jederzeit zu widerrufen, ohne dass die Rechtm\u00e4\u00dfigkeit der aufgrund der Einwilligung bis zum Widerruf erfolgten Verarbeitung ber\u00fchrt wird. <a href=\"https:\/\/presencialismo.com\" class=\"rank-math-link\" target=\"_blank\" rel=\"noopener\"><span class=\"has-inline-color has-black-color\">rrhh<\/span><\/a>.<\/p>\n<p>Sie k\u00f6nnen diese Rechte aus\u00fcben, indem Sie eine begr\u00fcndete und zugelassene Mitteilung an info@clinicaergo.com senden.<\/p>\n<p>Sie haben auch das Recht, bei der zust\u00e4ndigen Aufsichtsbeh\u00f6rde<a href=\"https:\/\/aepd.es\" class=\"rank-math-link\" target=\"_blank\" rel=\"noopener\">(www.aepd.es<\/a>) eine Beschwerde einzureichen, wenn Sie der Meinung sind, dass die Verarbeitung nicht mit den geltenden Vorschriften \u00fcbereinstimmt.<\/p>\n<p><strong>8. RECHTLICHE INFORMATIONEN<\/strong><br>Die Anforderungen dieser Richtlinie erg\u00e4nzen und ersetzen nicht andere Anforderungen, die nach geltendem Datenschutzrecht bestehen, das in jedem Fall Vorrang hat.<\/p>\n<p>Diese Richtlinie wird regelm\u00e4\u00dfig \u00fcberpr\u00fcft und kann von der Gesellschaft jederzeit ge\u00e4ndert werden. Wenn dies geschieht, werden wir Sie \u00fcber alle \u00c4nderungen informieren und Sie bitten, die neueste Version unserer Richtlinie erneut zu lesen und Ihre Zustimmung zu best\u00e4tigen.<\/p>[\/et_pb_text][\/et_pb_column][\/et_pb_row][\/et_pb_section][et_pb_section fb_built=&#8220;1&#8243; prev_background_color=&#8220;#ffffff&#8220; next_background_color=&#8220;#ffffff&#8220; admin_label=&#8220;Who Is Coaching For?&#8220; _builder_version=&#8220;4.9.4&#8243; background_color=&#8220;#345168&#8243; use_background_color_gradient=&#8220;on&#8220; background_color_gradient_start=&#8220;#345168&#8243; background_color_gradient_end=&#8220;rgba(219,219,219,0)&#8220; background_color_gradient_start_position=&#8220;5%&#8220; background_color_gradient_overlays_image=&#8220;on&#8220; background_image=&#8220;https:\/\/clinicaergo.com\/wp-content\/uploads\/2021\/05\/life-coach-34.jpg&#8220; min_height=&#8220;89.3px&#8220; custom_padding=&#8220;0px||0px||true|false&#8220; top_divider_style=&#8220;slant&#8220; top_divider_flip=&#8220;horizontal&#8220; bottom_divider_style=&#8220;slant&#8220; bottom_divider_flip=&#8220;horizontal&#8220; global_module=&#8220;332121&#8243; saved_tabs=&#8220;all&#8220; locked=&#8220;off&#8220;][et_pb_row column_structure=&#8220;3_5,2_5&#8243; _builder_version=&#8220;4.9.4&#8243; min_height=&#8220;485.4px&#8220; custom_margin=&#8220;|auto|0px|auto|false|false&#8220; custom_padding=&#8220;141px||0px||false|false&#8220; use_custom_width=&#8220;on&#8220; locked=&#8220;off&#8220;][et_pb_column type=&#8220;3_5&#8243; _builder_version=&#8220;3.25&#8243; custom_padding=&#8220;|||&#8220; custom_padding__hover=&#8220;|||&#8220;][et_pb_text admin_label=&#8220;Text&#8220; _builder_version=&#8220;4.9.4&#8243; text_font=&#8220;Poppins|300|||||||&#8220; text_font_size=&#8220;17px&#8220; header_2_font=&#8220;Nunito|900|||||||&#8220; background_layout=&#8220;dark&#8220;]<h2>Ben\u00f6tigen Sie weitere Informationen?<\/h2>\n<p>Wir sind ein Team von mehr als <strong>15 Fachleuten<\/strong>, die sich auf die assistierte Reproduktion und die Gesundheit der Frau spezialisiert haben. Haben Sie irgendwelche Zweifel? Wir laden Sie ein, uns kennen zu lernen, Ihr erster Besuch ist v\u00f6llig kostenlos.<\/p>[\/et_pb_text][et_pb_button button_url=&#8220;https:\/\/clinicaergo.com\/contactar\/&#8220; button_text=&#8220;Vereinbaren Sie Ihren ersten Termin KOSTENLOS&#8220; button_alignment=&#8220;center&#8220; admin_label=&#8220;Get Started&#8220; _builder_version=&#8220;4.9.4&#8243; _module_preset=&#8220;default&#8220; custom_button=&#8220;on&#8220; button_text_size=&#8220;14px&#8220; button_text_color=&#8220;#ffffff&#8220; button_bg_color=&#8220;gcid-0b134dd3-bba5-4a0c-9138-44a2493e22ee&#8220; button_border_width=&#8220;1px&#8220; button_border_color=&#8220;RGBA(0,0,0,0)&#8220; button_border_radius=&#8220;50px&#8220; button_letter_spacing=&#8220;1px&#8220; button_font=&#8220;Poppins|600||on|||||&#8220; button_use_icon=&#8220;off&#8220; custom_margin=&#8220;20px|20px|||false|false&#8220; custom_margin_phone=&#8220;|20px|||false|false&#8220; custom_margin_last_edited=&#8220;off|desktop&#8220; custom_padding=&#8220;14px|50px|14px|50px|true|true&#8220; box_shadow_style=&#8220;preset3&#8243; box_shadow_color=&#8220;rgba(0,0,0,0.2)&#8220; locked=&#8220;off&#8220; global_colors_info=&#8220;{%22gcid-0b134dd3-bba5-4a0c-9138-44a2493e22ee%22:%91%22button_bg_color%22%93}&#8220; button_bg_color__hover_enabled=&#8220;on|desktop&#8220; button_bg_enable_color__hover=&#8220;on&#8220; button_text_color__hover_enabled=&#8220;off|hover&#8220; custom_padding__hover_enabled=&#8220;off|hover&#8220; button_bg_color__hover=&#8220;rgba(255,255,255,0.1)&#8220; button_border_color__hover_enabled=&#8220;on|hover&#8220; button_border_color__hover=&#8220;#ffffff&#8220;][\/et_pb_button][\/et_pb_column][et_pb_column type=&#8220;2_5&#8243; _builder_version=&#8220;3.25&#8243; custom_padding=&#8220;|||&#8220; custom_padding__hover=&#8220;|||&#8220;][et_pb_image src=&#8220;https:\/\/clinicaergo.com\/wp-content\/uploads\/2021\/04\/equipo-maria.jpg&#8220; title_text=&#8220;team-maria&#8220; _builder_version=&#8220;4.9.4&#8243; _module_preset=&#8220;default&#8220; border_radii=&#8220;on|20px|20px|20px|20px&#8220; box_shadow_style=&#8220;preset2&#8243;][\/et_pb_image][\/et_pb_column][\/et_pb_row][\/et_pb_section][et_pb_section fb_built=&#8220;1&#8243; _builder_version=&#8220;4.9.4&#8243; _module_preset=&#8220;default&#8220;][et_pb_row _builder_version=&#8220;4.9.4&#8243; _module_preset=&#8220;default&#8220;][et_pb_column type=&#8220;4_4&#8243; _builder_version=&#8220;4.9.4&#8243; _module_preset=&#8220;default&#8220;][\/et_pb_column][\/et_pb_row][\/et_pb_section]\n","protected":false},"excerpt":{"rendered":"<p>Medizinische Fachrichtungen in Gij\u00f3n, Asturien1. BENUTZERINFORMATIONEN ERGO Biotech S.L.als f\u00fcr die Datenverarbeitung Verantwortlicher informiert Sie, dass wir Ihre Daten gem\u00e4\u00df den Bestimmungen der Verordnung (EU) 2016\/679 vom 27. April (RGPD) und der Verordnung (EG) Nr. 3\/2018 vom 5. Dezember \u00fcber den Datenschutz und die Gew\u00e4hrleistung digitaler Rechte (LOPDGDD) wie in dieser Datenschutzrichtlinie beschrieben behandeln werden. [&hellip;]<\/p>\n","protected":false},"author":1,"featured_media":0,"parent":0,"menu_order":0,"comment_status":"closed","ping_status":"closed","template":"","meta":{"_et_pb_use_builder":"on","_et_pb_old_content":"","_et_gb_content_width":"","_joinchat":[],"footnotes":""},"class_list":["post-335873","page","type-page","status-publish","hentry"],"_links":{"self":[{"href":"https:\/\/clinicaergo.com\/de\/wp-json\/wp\/v2\/pages\/335873","targetHints":{"allow":["GET"]}}],"collection":[{"href":"https:\/\/clinicaergo.com\/de\/wp-json\/wp\/v2\/pages"}],"about":[{"href":"https:\/\/clinicaergo.com\/de\/wp-json\/wp\/v2\/types\/page"}],"author":[{"embeddable":true,"href":"https:\/\/clinicaergo.com\/de\/wp-json\/wp\/v2\/users\/1"}],"replies":[{"embeddable":true,"href":"https:\/\/clinicaergo.com\/de\/wp-json\/wp\/v2\/comments?post=335873"}],"version-history":[{"count":0,"href":"https:\/\/clinicaergo.com\/de\/wp-json\/wp\/v2\/pages\/335873\/revisions"}],"wp:attachment":[{"href":"https:\/\/clinicaergo.com\/de\/wp-json\/wp\/v2\/media?parent=335873"}],"curies":[{"name":"wp","href":"https:\/\/api.w.org\/{rel}","templated":true}]}}