{"id":335878,"date":"2016-09-26T02:12:27","date_gmt":"2016-09-26T02:12:27","guid":{"rendered":"https:\/\/clinicaergo.com\/kontakt\/"},"modified":"2023-07-10T10:54:14","modified_gmt":"2023-07-10T10:54:14","slug":"kontakt","status":"publish","type":"page","link":"https:\/\/clinicaergo.com\/de\/kontakt\/","title":{"rendered":"Kontakt"},"content":{"rendered":"<p>[et_pb_section fb_built=&#8220;1&#8243; fullwidth=&#8220;on&#8220; _builder_version=&#8220;4.16&#8243; bottom_divider_style=&#8220;slant&#8220; bottom_divider_color=&#8220;#FFFFFF&#8220; bottom_divider_flip=&#8220;horizontal&#8220; animation_direction=&#8220;top&#8220; locked=&#8220;off&#8220; global_colors_info=&#8220;{}&#8220;][et_pb_fullwidth_header title=&#8220;Kontakt&#8220; subhead=&#8220;Kontaktieren Sie uns und finden Sie heraus, was wir Ihnen bieten k\u00f6nnen&#8220; text_orientation=&#8220;center&#8220; background_overlay_color=&#8220;rgba(53,38,35,0.67)&#8220; admin_label=&#8220;T\u00edtulo de anchura completa&#8220; _builder_version=&#8220;4.16&#8243; title_font=&#8220;Nunito|700|||||||&#8220; title_font_size=&#8220;46px&#8220; title_line_height=&#8220;1.5em&#8220; content_font=&#8220;Lato|300|||||||&#8220; content_font_size=&#8220;20px&#8220; content_line_height=&#8220;3em&#8220; subhead_font=&#8220;Nunito|700|||||||&#8220; subhead_font_size=&#8220;25px&#8220; subhead_line_height=&#8220;1.5em&#8220; background_color=&#8220;#afafaf&#8220; background_image=&#8220;https:\/\/clinicaergo.com\/wp-content\/uploads\/2021\/05\/cabecera-contacta.jpg&#8220; custom_margin=&#8220;|||&#8220; custom_padding=&#8220;5vw||150px||false&#8220; animation_style=&#8220;slide&#8220; animation_direction=&#8220;top&#8220; animation_intensity_slide=&#8220;2%&#8220; title_font_size_tablet=&#8220;36px&#8220; title_font_size_phone=&#8220;&#8220; title_font_size_last_edited=&#8220;on|phone&#8220; global_colors_info=&#8220;{}&#8220; button_one_text_size__hover_enabled=&#8220;off&#8220; button_two_text_size__hover_enabled=&#8220;off&#8220; button_one_text_color__hover_enabled=&#8220;off&#8220; button_two_text_color__hover_enabled=&#8220;off&#8220; button_one_border_width__hover_enabled=&#8220;off&#8220; button_two_border_width__hover_enabled=&#8220;off&#8220; button_one_border_color__hover_enabled=&#8220;off&#8220; button_two_border_color__hover_enabled=&#8220;off&#8220; button_one_border_radius__hover_enabled=&#8220;off&#8220; button_two_border_radius__hover_enabled=&#8220;off&#8220; button_one_letter_spacing__hover_enabled=&#8220;off&#8220; button_two_letter_spacing__hover_enabled=&#8220;off&#8220; button_one_bg_color__hover_enabled=&#8220;off&#8220; button_two_bg_color__hover_enabled=&#8220;off&#8220;]<\/p>\n<p>Kontakt mit ERGO, in Gij\u00f3n, Asturien<\/p>\n<p>[\/et_pb_fullwidth_header][\/et_pb_section][et_pb_section fb_built=&#8220;1&#8243; admin_label=&#8220;What is Coaching?&#8220; _builder_version=&#8220;4.16&#8243; background_color=&#8220;#ffffff&#8220; use_background_color_gradient=&#8220;on&#8220; background_color_gradient_stops=&#8220;#ffffff 0%|#f5f5f5 70%&#8220; background_color_gradient_overlays_image=&#8220;on&#8220; background_color_gradient_start=&#8220;#ffffff&#8220; background_color_gradient_end=&#8220;#f5f5f5&#8243; background_color_gradient_end_position=&#8220;70%&#8220; background_image=&#8220;https:\/\/clinicaergo.com\/wp-content\/uploads\/2021\/03\/life-coach-03.jpg&#8220; custom_margin=&#8220;|||&#8220; custom_padding=&#8220;0px||0px||true&#8220; top_divider_color=&#8220;#f5f5f5&#8243; top_divider_flip=&#8220;vertical&#8220; top_divider_arrangement=&#8220;above_content&#8220; bottom_divider_style=&#8220;slant&#8220; bottom_divider_color=&#8220;#FFFFFF&#8220; bottom_divider_flip=&#8220;vertical&#8220; bottom_divider_arrangement=&#8220;above_content&#8220; locked=&#8220;off&#8220; global_colors_info=&#8220;{}&#8220;][et_pb_row column_structure=&#8220;1_3,1_3,1_3&#8243; use_custom_gutter=&#8220;on&#8220; gutter_width=&#8220;1&#8243; make_equal=&#8220;on&#8220; padding_top_bottom_link_1=&#8220;false&#8220; padding_top_bottom_link_2=&#8220;false&#8220; padding_left_right_link_1=&#8220;true&#8220; padding_left_right_link_2=&#8220;true&#8220; module_class=&#8220; et_pb_row_fullwidth&#8220; _builder_version=&#8220;4.16&#8243; width=&#8220;100%&#8220; width_tablet=&#8220;100%&#8220; width_phone=&#8220;&#8220; width_last_edited=&#8220;on|desktop&#8220; max_width=&#8220;100%&#8220; max_width_tablet=&#8220;100%&#8220; max_width_phone=&#8220;&#8220; max_width_last_edited=&#8220;on|desktop&#8220; custom_padding=&#8220;0px|0|0px|0|true|false&#8220; make_fullwidth=&#8220;on&#8220; global_colors_info=&#8220;{}&#8220;][et_pb_column type=&#8220;1_3&#8243; _builder_version=&#8220;4.16&#8243; use_background_color_gradient=&#8220;on&#8220; background_color_gradient_stops=&#8220;rgba(0,0,0,0) 0%|rgba(0,0,0,0.07) 100%&#8220; background_color_gradient_start=&#8220;rgba(0,0,0,0)&#8220; background_color_gradient_end=&#8220;rgba(0,0,0,0.07)&#8220; custom_padding=&#8220;5%|6%|10%|6%&#8220; custom_padding_tablet=&#8220;&#8220; custom_padding_phone=&#8220;&#8220; custom_padding_last_edited=&#8220;on|tablet&#8220; global_colors_info=&#8220;{}&#8220; padding_last_edited=&#8220;on|tablet&#8220; custom_padding__hover=&#8220;|||&#8220;][dnxte_blurb blurb_heading=&#8220;Direcci\u00f3n&#8220; blurb_description=&#8220; <\/p>\n<p>Avda. de Portugal, 96-98-100 33207 Gij\u00f3n<\/p>\n<p> &#8220; dnxt_use_icon=&#8220;on&#8220; dnxt_font_icon=&#8220;\ue081||divi||400&#8243; font_icon_placement=&#8220;dnxt-blurb-wrapper-two-top-center&#8220; font_icon_color=&#8220;#7A4E36&#8243; font_icon_size=&#8220;50px&#8220; dnxt_img_margin=&#8220;||||false|false&#8220; dnxt_img_padding=&#8220;||||false|false&#8220; _builder_version=&#8220;4.19.2&#8243; _module_preset=&#8220;default&#8220; dnxt_pre_header_font=&#8220;Nunito||||||||&#8220; dnxt_pre_header_text_color=&#8220;#7A4E36&#8243; dnxt_heading_font=&#8220;Nunito||||||||&#8220; dnxt_heading_text_align=&#8220;center&#8220; dnxt_heading_text_color=&#8220;#7A4E36&#8243; dnxt_body_text_align=&#8220;center&#8220; dnxt_body_font_size=&#8220;15px&#8220; global_colors_info=&#8220;{}&#8220;][\/dnxte_blurb][\/et_pb_column][et_pb_column type=&#8220;1_3&#8243; _builder_version=&#8220;4.16&#8243; use_background_color_gradient=&#8220;on&#8220; background_color_gradient_stops=&#8220;rgba(0,0,0,0) 0%|rgba(0,0,0,0.07) 100%&#8220; background_color_gradient_start=&#8220;rgba(0,0,0,0)&#8220; background_color_gradient_end=&#8220;rgba(0,0,0,0.07)&#8220; custom_padding=&#8220;5%|6%|10%|6%&#8220; custom_padding_tablet=&#8220;&#8220; custom_padding_phone=&#8220;&#8220; custom_padding_last_edited=&#8220;on|tablet&#8220; global_colors_info=&#8220;{}&#8220; padding_last_edited=&#8220;on|tablet&#8220; custom_padding__hover=&#8220;|||&#8220;][dnxte_blurb blurb_heading=&#8220;Tel\u00e9fono&#8220; blurb_description=&#8220; <\/p>\n<p>984 83 30 03 \u2013 684 60 79 19<\/p>\n<p> &#8220; dnxt_use_icon=&#8220;on&#8220; dnxt_font_icon=&#8220;\ue090||divi||400&#8243; font_icon_placement=&#8220;dnxt-blurb-wrapper-two-top-center&#8220; font_icon_color=&#8220;#7A4E36&#8243; font_icon_size=&#8220;50px&#8220; _builder_version=&#8220;4.16&#8243; _module_preset=&#8220;default&#8220; dnxt_pre_header_font=&#8220;Nunito||||||||&#8220; dnxt_pre_header_text_color=&#8220;#7A4E36&#8243; dnxt_heading_font=&#8220;Nunito||||||||&#8220; dnxt_heading_text_align=&#8220;center&#8220; dnxt_heading_text_color=&#8220;#7A4E36&#8243; dnxt_body_text_align=&#8220;center&#8220; dnxt_body_font_size=&#8220;15px&#8220; global_colors_info=&#8220;{}&#8220;][\/dnxte_blurb][\/et_pb_column][et_pb_column type=&#8220;1_3&#8243; _builder_version=&#8220;4.16&#8243; use_background_color_gradient=&#8220;on&#8220; background_color_gradient_stops=&#8220;rgba(0,0,0,0) 0%|rgba(0,0,0,0.07) 100%&#8220; background_color_gradient_start=&#8220;rgba(0,0,0,0)&#8220; background_color_gradient_end=&#8220;rgba(0,0,0,0.07)&#8220; custom_padding=&#8220;5%|6%|10%|6%&#8220; custom_padding_tablet=&#8220;&#8220; custom_padding_phone=&#8220;&#8220; custom_padding_last_edited=&#8220;on|tablet&#8220; global_colors_info=&#8220;{}&#8220; padding_last_edited=&#8220;on|tablet&#8220; custom_padding__hover=&#8220;|||&#8220;][dnxte_blurb blurb_heading=&#8220;Correo electr\u00f3nico&#8220; blurb_description=&#8220; <\/p>\n<p>info@clinicaergo.com<\/p>\n<p> &#8220; dnxt_use_icon=&#8220;on&#8220; dnxt_font_icon=&#8220;\ue076||divi||400&#8243; font_icon_placement=&#8220;dnxt-blurb-wrapper-two-top-center&#8220; font_icon_color=&#8220;#7A4E36&#8243; font_icon_size=&#8220;50px&#8220; admin_label=&#8220;Next Blurb&#8220; _builder_version=&#8220;4.16&#8243; _module_preset=&#8220;default&#8220; dnxt_pre_header_font=&#8220;Nunito||||||||&#8220; dnxt_pre_header_text_color=&#8220;#7A4E36&#8243; dnxt_heading_font=&#8220;Nunito||||||||&#8220; dnxt_heading_text_align=&#8220;center&#8220; dnxt_heading_text_color=&#8220;#7A4E36&#8243; dnxt_body_text_align=&#8220;center&#8220; dnxt_body_font_size=&#8220;15px&#8220; global_colors_info=&#8220;{}&#8220;][\/dnxte_blurb][\/et_pb_column][\/et_pb_row][\/et_pb_section][et_pb_section fb_built=&#8220;1&#8243; admin_label=&#8220;How It Works&#8220; _builder_version=&#8220;4.16&#8243; custom_padding=&#8220;|||&#8220; global_colors_info=&#8220;{}&#8220;][et_pb_row column_structure=&#8220;2_5,3_5&#8243; _builder_version=&#8220;4.16&#8243; _module_preset=&#8220;default&#8220; global_colors_info=&#8220;{}&#8220;][et_pb_column type=&#8220;2_5&#8243; admin_label=&#8220;S\u00e4ule&#8220; _builder_version=&#8220;4.16&#8243; _module_preset=&#8220;default&#8220; global_colors_info=&#8220;{}&#8220;][et_pb_map address=&#8220;Av. de Portugal, 96, 33207 Gij\u00f3n, Asturias, Espa\u00f1a&#8220; address_lat=&#8220;43.53501&#8243; address_lng=&#8220;-5.67832&#8243; _builder_version=&#8220;4.16&#8243; _module_preset=&#8220;default&#8220; min_height=&#8220;500px&#8220; animation_style=&#8220;slide&#8220; global_colors_info=&#8220;{}&#8220;][et_pb_map_pin title=&#8220;ERGO-Klinik&#8220; pin_address=&#8220;Av. de Portugal, 96, 33207 Gij\u00f3n, Asturias, Espa\u00f1a&#8220; pin_address_lat=&#8220;43.53501&#8243; pin_address_lng=&#8220;-5.67832&#8243; _builder_version=&#8220;4.9.4&#8243; _module_preset=&#8220;default&#8220; global_colors_info=&#8220;{}&#8220;]<\/p>\n<p>Av. de Portugal 96<br \/>33207 Gij\u00f3n, Asturien<\/p>\n<p>[\/et_pb_map_pin][\/et_pb_map][\/et_pb_column][et_pb_column type=&#8220;3_5&#8243; _builder_version=&#8220;4.16&#8243; _module_preset=&#8220;default&#8220; global_colors_info=&#8220;{}&#8220;][et_pb_contact_form use_spam_service=&#8220;on&#8220; recaptcha_list=&#8220;Cl\u00ednica Ergo-0&#8243; email=&#8220;info@clinicaergo.com&#8220; success_message=&#8220;&lt;p&gt;Herzlichen Dank f\u00fcr Ihre Nachricht! Wir werden so schnell wie m\u00f6glich antworten.&lt;\/p&gt;&#8220; submit_button_text=&#8220;Senden Sie&#8220; _builder_version=&#8220;4.19.2&#8243; _module_preset=&#8220;default&#8220; _unique_id=&#8220;formulario-contacto-ergo&#8220; form_field_focus_background_color=&#8220;rgba(122,78,54,0.26)&#8220; form_field_focus_text_color=&#8220;#494949&#8243; custom_button=&#8220;on&#8220; button_text_color=&#8220;#7A4E36&#8243; hover_enabled=&#8220;0&#8243; admin_email_subject=&#8220;Formulario de Contacto&#8220; admin_email_bcc=&#8220;mariafernandez@clinicaergo.com&#8220; global_colors_info=&#8220;{}&#8220; errormessage_fill_fontsize=&#8220;18px&#8220; errormessage_fill_alignment=&#8220;center&#8220; errormessage_fill_fontcolor=&#8220;#7A4E36&#8243; success_message_heading_color=&#8220;#7A4E36&#8243; success_message_heading_size=&#8220;14px&#8220; success_message_heading_alignment=&#8220;center&#8220; success_message_font_color=&#8220;#7A4E36&#8243; success_message_font_size=&#8220;18px&#8220; sticky_enabled=&#8220;0&#8243;][et_pb_contact_field field_id=&#8220;Nombre&#8220; field_title=&#8220;Name&#8220; _builder_version=&#8220;4.19.2&#8243; border_radii=&#8220;on|12px|12px|12px|12px&#8220; global_colors_info=&#8220;{}&#8220; button_text_size__hover_enabled=&#8220;off&#8220; button_one_text_size__hover_enabled=&#8220;off&#8220; button_two_text_size__hover_enabled=&#8220;off&#8220; button_text_color__hover_enabled=&#8220;off&#8220; button_one_text_color__hover_enabled=&#8220;off&#8220; button_two_text_color__hover_enabled=&#8220;off&#8220; button_border_width__hover_enabled=&#8220;off&#8220; button_one_border_width__hover_enabled=&#8220;off&#8220; button_two_border_width__hover_enabled=&#8220;off&#8220; button_border_color__hover_enabled=&#8220;off&#8220; button_one_border_color__hover_enabled=&#8220;off&#8220; button_two_border_color__hover_enabled=&#8220;off&#8220; button_border_radius__hover_enabled=&#8220;off&#8220; button_one_border_radius__hover_enabled=&#8220;off&#8220; button_two_border_radius__hover_enabled=&#8220;off&#8220; button_letter_spacing__hover_enabled=&#8220;off&#8220; button_one_letter_spacing__hover_enabled=&#8220;off&#8220; button_two_letter_spacing__hover_enabled=&#8220;off&#8220; button_bg_color__hover_enabled=&#8220;off&#8220; button_one_bg_color__hover_enabled=&#8220;off&#8220; button_two_bg_color__hover_enabled=&#8220;off&#8220;][\/et_pb_contact_field][et_pb_contact_field field_id=&#8220;Correo&#8220; field_title=&#8220;E-Mail Adresse&#8220; field_type=&#8220;email&#8220; _builder_version=&#8220;4.19.2&#8243; border_radii=&#8220;on|12px|12px|12px|12px&#8220; global_colors_info=&#8220;{}&#8220; button_text_size__hover_enabled=&#8220;off&#8220; button_one_text_size__hover_enabled=&#8220;off&#8220; button_two_text_size__hover_enabled=&#8220;off&#8220; button_text_color__hover_enabled=&#8220;off&#8220; button_one_text_color__hover_enabled=&#8220;off&#8220; button_two_text_color__hover_enabled=&#8220;off&#8220; button_border_width__hover_enabled=&#8220;off&#8220; button_one_border_width__hover_enabled=&#8220;off&#8220; button_two_border_width__hover_enabled=&#8220;off&#8220; button_border_color__hover_enabled=&#8220;off&#8220; button_one_border_color__hover_enabled=&#8220;off&#8220; button_two_border_color__hover_enabled=&#8220;off&#8220; button_border_radius__hover_enabled=&#8220;off&#8220; button_one_border_radius__hover_enabled=&#8220;off&#8220; button_two_border_radius__hover_enabled=&#8220;off&#8220; button_letter_spacing__hover_enabled=&#8220;off&#8220; button_one_letter_spacing__hover_enabled=&#8220;off&#8220; button_two_letter_spacing__hover_enabled=&#8220;off&#8220; button_bg_color__hover_enabled=&#8220;off&#8220; button_one_bg_color__hover_enabled=&#8220;off&#8220; button_two_bg_color__hover_enabled=&#8220;off&#8220;][\/et_pb_contact_field][et_pb_contact_field field_id=&#8220;Telefono&#8220; field_title=&#8220;Telefon&#8220; allowed_symbols=&#8220;numbers&#8220; fullwidth_field=&#8220;on&#8220; _builder_version=&#8220;4.19.2&#8243; _module_preset=&#8220;default&#8220; border_radii=&#8220;on|12px|12px|12px|12px&#8220; global_colors_info=&#8220;{}&#8220;][\/et_pb_contact_field][et_pb_contact_field field_id=&#8220;Asunto&#8220; field_title=&#8220;Thema&#8220; fullwidth_field=&#8220;on&#8220; _builder_version=&#8220;4.19.2&#8243; _module_preset=&#8220;default&#8220; border_radii=&#8220;on|12px|12px|12px|12px&#8220; global_colors_info=&#8220;{}&#8220;][\/et_pb_contact_field][et_pb_contact_field field_id=&#8220;Mensaje&#8220; field_title=&#8220;Nachricht&#8220; field_type=&#8220;text&#8220; fullwidth_field=&#8220;on&#8220; _builder_version=&#8220;4.19.2&#8243; form_field_focus_text_color=&#8220;#515151&#8243; border_radii=&#8220;on|12px|12px|12px|12px&#8220; global_colors_info=&#8220;{}&#8220; button_text_size__hover_enabled=&#8220;off&#8220; button_one_text_size__hover_enabled=&#8220;off&#8220; button_two_text_size__hover_enabled=&#8220;off&#8220; button_text_color__hover_enabled=&#8220;off&#8220; button_one_text_color__hover_enabled=&#8220;off&#8220; button_two_text_color__hover_enabled=&#8220;off&#8220; button_border_width__hover_enabled=&#8220;off&#8220; button_one_border_width__hover_enabled=&#8220;off&#8220; button_two_border_width__hover_enabled=&#8220;off&#8220; button_border_color__hover_enabled=&#8220;off&#8220; button_one_border_color__hover_enabled=&#8220;off&#8220; button_two_border_color__hover_enabled=&#8220;off&#8220; button_border_radius__hover_enabled=&#8220;off&#8220; button_one_border_radius__hover_enabled=&#8220;off&#8220; button_two_border_radius__hover_enabled=&#8220;off&#8220; button_letter_spacing__hover_enabled=&#8220;off&#8220; button_one_letter_spacing__hover_enabled=&#8220;off&#8220; button_two_letter_spacing__hover_enabled=&#8220;off&#8220; button_bg_color__hover_enabled=&#8220;off&#8220; button_one_bg_color__hover_enabled=&#8220;off&#8220; button_two_bg_color__hover_enabled=&#8220;off&#8220;][\/et_pb_contact_field][et_pb_contact_field field_id=&#8220;LOPD&#8220; field_title=&#8220;Datenschutzbestimmungen&#8220; field_type=&#8220;checkbox&#8220; checkbox_options=&#8220;%91{%22value%22:%22Ich habe die Datenschutzbestimmungen und die LOPD gelesen und akzeptiere sie.%22,%22checked%22:0,%22dragID%22:-1}%93&#8243; fullwidth_field=&#8220;on&#8220; _builder_version=&#8220;4.16&#8243; _module_preset=&#8220;default&#8220; global_colors_info=&#8220;{}&#8220;][\/et_pb_contact_field][\/et_pb_contact_form][et_pb_code _builder_version=&#8220;4.16&#8243; _module_preset=&#8220;default&#8220; global_colors_info=&#8220;{}&#8220;]<!-- Event snippet for Vista de una p\u00e1gina conversion page --><!-- [et_pb_line_break_holder] --><script><!-- [et_pb_line_break_holder] -->  gtag('event', 'conversion', {'send_to': 'AW-790764833\/v1egCIO3-6cDEKG6iPkC'});<!-- [et_pb_line_break_holder] --><\/script><!-- [et_pb_line_break_holder] -->[\/et_pb_code][\/et_pb_column][\/et_pb_row][\/et_pb_section]<\/p>\n","protected":false},"excerpt":{"rendered":"<p>Kontakt mit ERGO, in Gij\u00f3n, Asturien<div class=\"et_pb_module dnxte_blurb dnxte_blurb_0\">\n\t\t\t\t\n\t\t\t\t\n\t\t\t\t\n\t\t\t\t\n\t\t\t\t\n\t\t\t\t\n\t\t\t\t<div class=\"et_pb_module_inner\">\n\t\t\t\t\t<div class=\"dnxt-blurb-wrapper-outer \"    >\r\n\t\t\t\t<div class=\"dnxt-blurb-wrapper dnxt-blurb-wrapper-one_image_placement_top-left\">\r\n\t\t\t\t\t<div class=\"dnxt-blurb-image dnxt-blurb-image_image_placement_top-left\" data-svg-shape=\"\" data-shape-size=\"contain\" data-use-upload=\"off\" data-uploaded-mask=\"\"><\/div>\r\n\t\t\t\t\t<div class=\"dnxt-blurb-wrapper-two-top-center\">\r\n\t\t\t\t\t\t<div class=\"dnxt-blurb-icon dnxt-blurb-icon-top-center\"><span class=\"et-pb-icon\">\ue081<\/span><\/div>\r\n\t\t\t\t\t\t<div class=\"dnxt-blurb-container\">\r\n\t\t\t\t\t\t\t<div class=\"dnxt-blurb-heading-wrapper\">\r\n\t\t\t\t\t\t\t\t\r\n\t\t\t\t\t\t\t\t<h2 class=\"dnxt-blurb-heading\">Direcci\u00f3n<\/h2>\r\n\t\t\t\t\t\t\t\t\r\n\t\t\t\t\t\t\t<\/div>\r\n\t\t\t\t\t\t\t<div class=\"dnxt-blurb-description\"> Avda. de Portugal, 96-98-100 33207 Gij\u00f3n <\/div>\n\r\n\t\t\t\t\t\t\t\r\n\t\t\t\t\t\t<\/div>\r\n\t\t\t\t\t<\/div>\r\n\t\t\t\t<\/div>\r\n\t\t\t<\/div>\n\t\t\t\t<\/div>\n\t\t\t<\/div><div class=\"et_pb_module dnxte_blurb dnxte_blurb_1\">\n\t\t\t\t\n\t\t\t\t\n\t\t\t\t\n\t\t\t\t\n\t\t\t\t\n\t\t\t\t\n\t\t\t\t<div class=\"et_pb_module_inner\">\n\t\t\t\t\t<div class=\"dnxt-blurb-wrapper-outer \"    >\r\n\t\t\t\t<div class=\"dnxt-blurb-wrapper dnxt-blurb-wrapper-one_image_placement_top-left\">\r\n\t\t\t\t\t<div class=\"dnxt-blurb-image dnxt-blurb-image_image_placement_top-left\" data-svg-shape=\"\" data-shape-size=\"contain\" data-use-upload=\"off\" data-uploaded-mask=\"\"><\/div>\r\n\t\t\t\t\t<div class=\"\">\r\n\t\t\t\t\t\t<div class=\"dnxt-blurb-icon \"><span class=\"et-pb-icon\"><\/span><\/div>\r\n\t\t\t\t\t\t<div class=\"dnxt-blurb-container\">\r\n\t\t\t\t\t\t\t<div class=\"dnxt-blurb-heading-wrapper\">\r\n\t\t\t\t\t\t\t\t\r\n\t\t\t\t\t\t\t\t<h2 class=\"dnxt-blurb-heading\">&#8220;Tel\u00e9fono&#8220;<\/h2>\r\n\t\t\t\t\t\t\t\t\r\n\t\t\t\t\t\t\t<\/div>\r\n\t\t\t\t\t\t\t<div class=\"dnxt-blurb-description\">&#8220;<\/div>\n\r\n\t\t\t\t\t\t\t\r\n\t\t\t\t\t\t<\/div>\r\n\t\t\t\t\t<\/div>\r\n\t\t\t\t<\/div>\r\n\t\t\t<\/div>\n\t\t\t\t<\/div>\n\t\t\t<\/div><\/p>\n","protected":false},"author":1,"featured_media":0,"parent":0,"menu_order":0,"comment_status":"closed","ping_status":"closed","template":"","meta":{"_et_pb_use_builder":"on","_et_pb_old_content":"","_et_gb_content_width":"","_joinchat":[],"footnotes":""},"class_list":["post-335878","page","type-page","status-publish","hentry"],"_links":{"self":[{"href":"https:\/\/clinicaergo.com\/de\/wp-json\/wp\/v2\/pages\/335878","targetHints":{"allow":["GET"]}}],"collection":[{"href":"https:\/\/clinicaergo.com\/de\/wp-json\/wp\/v2\/pages"}],"about":[{"href":"https:\/\/clinicaergo.com\/de\/wp-json\/wp\/v2\/types\/page"}],"author":[{"embeddable":true,"href":"https:\/\/clinicaergo.com\/de\/wp-json\/wp\/v2\/users\/1"}],"replies":[{"embeddable":true,"href":"https:\/\/clinicaergo.com\/de\/wp-json\/wp\/v2\/comments?post=335878"}],"version-history":[{"count":0,"href":"https:\/\/clinicaergo.com\/de\/wp-json\/wp\/v2\/pages\/335878\/revisions"}],"wp:attachment":[{"href":"https:\/\/clinicaergo.com\/de\/wp-json\/wp\/v2\/media?parent=335878"}],"curies":[{"name":"wp","href":"https:\/\/api.w.org\/{rel}","templated":true}]}}