{"id":335890,"date":"2018-12-03T17:28:28","date_gmt":"2018-12-03T17:28:28","guid":{"rendered":"https:\/\/clinicaergo.com\/doppelte-spende\/"},"modified":"2023-07-10T11:09:47","modified_gmt":"2023-07-10T11:09:47","slug":"doppelte-spende","status":"publish","type":"page","link":"https:\/\/clinicaergo.com\/de\/doppelte-spende\/","title":{"rendered":"Doppelte Spende"},"content":{"rendered":"<p>[et_pb_section fb_built=&#8220;1&#8243; fullwidth=&#8220;on&#8220; _builder_version=&#8220;4.16&#8243; bottom_divider_style=&#8220;slant&#8220; bottom_divider_color=&#8220;#FFFFFF&#8220; bottom_divider_flip=&#8220;horizontal&#8220; animation_direction=&#8220;top&#8220; locked=&#8220;off&#8220; global_colors_info=&#8220;{}&#8220;][et_pb_fullwidth_header title=&#8220;Doppelte Spende&#8220; subhead=&#8220;Denn es gibt immer eine weitere Option&#8220; text_orientation=&#8220;center&#8220; background_overlay_color=&#8220;rgba(53,38,35,0.67)&#8220; _builder_version=&#8220;4.16&#8243; title_font=&#8220;Nunito|700|||||||&#8220; title_font_size=&#8220;46px&#8220; title_line_height=&#8220;1.5em&#8220; content_font=&#8220;Lato|300|||||||&#8220; content_font_size=&#8220;20px&#8220; content_line_height=&#8220;3em&#8220; subhead_font=&#8220;Nunito|700|||||||&#8220; subhead_font_size=&#8220;25px&#8220; subhead_line_height=&#8220;1.5em&#8220; background_color=&#8220;#afafaf&#8220; background_image=&#8220;https:\/\/clinicaergo.com\/wp-content\/uploads\/2021\/05\/cabecera-dobledonacion.jpg&#8220; custom_margin=&#8220;|||&#8220; custom_padding=&#8220;5vw||150px||false&#8220; animation_style=&#8220;slide&#8220; animation_direction=&#8220;top&#8220; animation_intensity_slide=&#8220;2%&#8220; title_font_size_tablet=&#8220;36px&#8220; title_font_size_phone=&#8220;&#8220; title_font_size_last_edited=&#8220;on|phone&#8220; global_colors_info=&#8220;{}&#8220; button_one_text_size__hover_enabled=&#8220;off&#8220; button_two_text_size__hover_enabled=&#8220;off&#8220; button_one_text_color__hover_enabled=&#8220;off&#8220; button_two_text_color__hover_enabled=&#8220;off&#8220; button_one_border_width__hover_enabled=&#8220;off&#8220; button_two_border_width__hover_enabled=&#8220;off&#8220; button_one_border_color__hover_enabled=&#8220;off&#8220; button_two_border_color__hover_enabled=&#8220;off&#8220; button_one_border_radius__hover_enabled=&#8220;off&#8220; button_two_border_radius__hover_enabled=&#8220;off&#8220; button_one_letter_spacing__hover_enabled=&#8220;off&#8220; button_two_letter_spacing__hover_enabled=&#8220;off&#8220; button_one_bg_color__hover_enabled=&#8220;off&#8220; button_two_bg_color__hover_enabled=&#8220;off&#8220;]<\/p>\n<p>Doppelte Spende in Gij\u00f3n, Asturien<\/p>\n<p>[\/et_pb_fullwidth_header][\/et_pb_section][et_pb_section fb_built=&#8220;1&#8243; next_background_color=&#8220;#ffffff&#8220; admin_label=&#8220;What is Coaching?&#8220; _builder_version=&#8220;4.16&#8243; background_color=&#8220;#ffffff&#8220; use_background_color_gradient=&#8220;on&#8220; background_color_gradient_stops=&#8220;#ffffff 0%|#f5f5f5 70%&#8220; background_color_gradient_overlays_image=&#8220;on&#8220; background_color_gradient_start=&#8220;#ffffff&#8220; background_color_gradient_end=&#8220;#f5f5f5&#8243; background_color_gradient_end_position=&#8220;70%&#8220; background_image=&#8220;https:\/\/clinicaergo.com\/wp-content\/uploads\/2021\/03\/life-coach-03.jpg&#8220; custom_margin=&#8220;|||&#8220; custom_padding=&#8220;0px||0px||true&#8220; top_divider_color=&#8220;#f5f5f5&#8243; top_divider_flip=&#8220;vertical&#8220; top_divider_arrangement=&#8220;above_content&#8220; bottom_divider_style=&#8220;slant&#8220; bottom_divider_flip=&#8220;vertical&#8220; bottom_divider_arrangement=&#8220;above_content&#8220; locked=&#8220;off&#8220; global_colors_info=&#8220;{}&#8220;][et_pb_row column_structure=&#8220;1_2,1_2&#8243; use_custom_gutter=&#8220;on&#8220; gutter_width=&#8220;1&#8243; make_equal=&#8220;on&#8220; padding_top_bottom_link_1=&#8220;false&#8220; padding_top_bottom_link_2=&#8220;false&#8220; padding_left_right_link_1=&#8220;true&#8220; padding_left_right_link_2=&#8220;true&#8220; module_class=&#8220; et_pb_row_fullwidth&#8220; _builder_version=&#8220;4.16&#8243; width=&#8220;100%&#8220; width_tablet=&#8220;100%&#8220; width_phone=&#8220;&#8220; width_last_edited=&#8220;on|desktop&#8220; max_width=&#8220;100%&#8220; max_width_tablet=&#8220;100%&#8220; max_width_phone=&#8220;&#8220; max_width_last_edited=&#8220;on|desktop&#8220; custom_padding=&#8220;0px|0|0px|0|true|false&#8220; make_fullwidth=&#8220;on&#8220; global_colors_info=&#8220;{}&#8220;][et_pb_column type=&#8220;1_2&#8243; _builder_version=&#8220;4.16&#8243; use_background_color_gradient=&#8220;on&#8220; background_color_gradient_stops=&#8220;rgba(0,0,0,0) 0%|rgba(0,0,0,0.07) 100%&#8220; background_color_gradient_start=&#8220;rgba(0,0,0,0)&#8220; background_color_gradient_end=&#8220;rgba(0,0,0,0.07)&#8220; custom_padding=&#8220;5%|6%|10%|6%&#8220; custom_padding_tablet=&#8220;&#8220; custom_padding_phone=&#8220;&#8220; custom_padding_last_edited=&#8220;on|tablet&#8220; global_colors_info=&#8220;{}&#8220; padding_last_edited=&#8220;on|tablet&#8220; custom_padding__hover=&#8220;|||&#8220;][et_pb_text admin_label=&#8220;Text&#8220; _builder_version=&#8220;4.16&#8243; text_font=&#8220;Poppins|300|||||||&#8220; text_font_size=&#8220;16px&#8220; header_2_font=&#8220;Nunito|700|||||||&#8220; header_2_font_size=&#8220;36px&#8220; locked=&#8220;off&#8220; global_colors_info=&#8220;{}&#8220;]<\/p>\n<h2>Denn es gibt immer eine weitere Option<\/h2>\n<p>Manchmal werden die Dinge kompliziert und man verliert die Hoffnung, aber das ist noch nicht alles. Die Option einer Doppelspende kann in Betracht gezogen werden und <strong>f\u00fchrt zu Schwangerschaftsraten von \u00fcber 70 %<\/strong>.<\/p>\n<p>Es handelt sich um eine Technik, die immer h\u00e4ufiger angewandt wird, und die Erfolgsquoten sind die h\u00f6chsten unter den m\u00f6glichen Behandlungsarten.<\/p>\n<p>Au\u00dferdem sind die <strong>Kosten viel niedriger<\/strong> als bei einer vollst\u00e4ndigen Eizellspende mit Spendersamen.<\/p>\n<p>&nbsp;<\/p>\n<p>[\/et_pb_text][\/et_pb_column][et_pb_column type=&#8220;1_2&#8243; _builder_version=&#8220;4.16&#8243; custom_padding=&#8220;5%|6%|10%|6%&#8220; custom_padding_tablet=&#8220;||150px|&#8220; custom_padding_phone=&#8220;&#8220; custom_padding_last_edited=&#8220;on|tablet&#8220; global_colors_info=&#8220;{}&#8220; padding_tablet=&#8220;||150px|&#8220; padding_last_edited=&#8220;on|tablet&#8220; custom_padding__hover=&#8220;|||&#8220; padding_phone=&#8220;||150px|&#8220;][et_pb_text admin_label=&#8220;Text&#8220; _builder_version=&#8220;4.16&#8243; text_font=&#8220;Poppins|300|||||||&#8220; text_font_size=&#8220;16px&#8220; header_2_font=&#8220;Nunito|700|||||||&#8220; header_2_font_size=&#8220;36px&#8220; locked=&#8220;off&#8220; global_colors_info=&#8220;{}&#8220;]<\/p>\n<h2> Was ist eine Doppelspende?<\/h2>\n<p>Sie besteht in der Verwendung einer Eizellspenderin mit einem Samenspender f\u00fcr die Erzeugung von Embryonen. Sobald der Embryo gewonnen wurde, kann er auf die Empf\u00e4ngerin \u00fcbertragen werden.<\/p>\n<p>Die Auswahl der Spender erfolgt nach strengen medizinischen und psychologischen Kriterien, die gesetzlich festgelegt sind, sowie nach Bluttests, medizinischen Untersuchungen und Gentests.<\/p>\n<p>Dar\u00fcber hinaus erm\u00f6glicht es die Auswahl der Kompatibilit\u00e4t zwischen Spendern dank der KIR-HLA-C-Auswahl, die gegebenenfalls auch mit der Empf\u00e4ngerin kompatibel ist.<\/p>\n<p>[\/et_pb_text][\/et_pb_column][\/et_pb_row][et_pb_row column_structure=&#8220;1_3,1_3,1_3&#8243; use_custom_gutter=&#8220;on&#8220; gutter_width=&#8220;1&#8243; make_equal=&#8220;on&#8220; padding_top_bottom_link_1=&#8220;false&#8220; padding_top_bottom_link_2=&#8220;false&#8220; padding_top_bottom_link_3=&#8220;false&#8220; padding_top_bottom_link_4=&#8220;false&#8220; padding_left_right_link_1=&#8220;true&#8220; padding_left_right_link_2=&#8220;true&#8220; padding_left_right_link_3=&#8220;true&#8220; padding_left_right_link_4=&#8220;true&#8220; module_class=&#8220; et_pb_row_fullwidth&#8220; _builder_version=&#8220;4.16&#8243; background_image=&#8220;https:\/\/clinicaergo.com\/wp-content\/uploads\/2021\/05\/cabecera-dobledonacion.jpg&#8220; width=&#8220;100%&#8220; width_tablet=&#8220;100%&#8220; width_phone=&#8220;&#8220; width_last_edited=&#8220;on|desktop&#8220; max_width=&#8220;100%&#8220; max_width_tablet=&#8220;100%&#8220; max_width_phone=&#8220;&#8220; max_width_last_edited=&#8220;on|desktop&#8220; min_height=&#8220;251px&#8220; custom_margin=&#8220;|||&#8220; custom_padding=&#8220;0px|0px|0|0px|false|false&#8220; make_fullwidth=&#8220;on&#8220; locked=&#8220;off&#8220; global_colors_info=&#8220;{}&#8220;][et_pb_column type=&#8220;1_3&#8243; _builder_version=&#8220;4.16&#8243; background_color=&#8220;rgba(122,78,54,0.2)&#8220; custom_padding=&#8220;80px|40px|150px|40px&#8220; custom_padding_tablet=&#8220;20px||60px|&#8220; custom_padding_phone=&#8220;60px||60px||true&#8220; custom_padding_last_edited=&#8220;on|phone&#8220; global_colors_info=&#8220;{}&#8220; padding_phone=&#8220;60px||60px||true&#8220; padding_tablet=&#8220;20px||60px|&#8220; padding_last_edited=&#8220;on|phone&#8220; custom_padding__hover=&#8220;|||&#8220;][et_pb_text _builder_version=&#8220;4.16&#8243; _module_preset=&#8220;default&#8220; text_font=&#8220;Nunito|700|||||||&#8220; text_text_color=&#8220;#FFFFFF&#8220; text_font_size=&#8220;22px&#8220; text_line_height=&#8220;1.4em&#8220; text_orientation=&#8220;center&#8220; custom_margin=&#8220;||||false|false&#8220; custom_padding=&#8220;||0px|||&#8220; global_colors_info=&#8220;{}&#8220;]<\/p>\n<p>Es gibt immer eine weitere Option<\/p>\n<p>[\/et_pb_text][\/et_pb_column][et_pb_column type=&#8220;1_3&#8243; _builder_version=&#8220;4.16&#8243; background_color=&#8220;rgba(122,78,54,0.4)&#8220; custom_padding=&#8220;70px|40px|150px|40px&#8220; custom_padding_tablet=&#8220;20px||60px|&#8220; custom_padding_phone=&#8220;60px||60px||true&#8220; custom_padding_last_edited=&#8220;on|phone&#8220; global_colors_info=&#8220;{}&#8220; padding_phone=&#8220;60px||60px||true&#8220; padding_tablet=&#8220;20px||60px|&#8220; padding_last_edited=&#8220;on|phone&#8220; custom_padding__hover=&#8220;|||&#8220;][et_pb_text _builder_version=&#8220;4.16&#8243; _module_preset=&#8220;default&#8220; text_font=&#8220;Nunito|700|||||||&#8220; text_text_color=&#8220;#FFFFFF&#8220; text_font_size=&#8220;22px&#8220; text_line_height=&#8220;1.4em&#8220; text_orientation=&#8220;center&#8220; custom_margin=&#8220;10px||||false|false&#8220; custom_padding=&#8220;||0px|||&#8220; global_colors_info=&#8220;{}&#8220;]<\/p>\n<p>Schwangerschaftsraten von \u00fcber 70 %.<\/p>\n<p>[\/et_pb_text][\/et_pb_column][et_pb_column type=&#8220;1_3&#8243; _builder_version=&#8220;4.16&#8243; background_color=&#8220;rgba(122,78,54,0.6)&#8220; custom_padding=&#8220;60px|40px|150px|40px&#8220; custom_padding_tablet=&#8220;60px|||&#8220; custom_padding_phone=&#8220;60px||60px||true&#8220; custom_padding_last_edited=&#8220;on|phone&#8220; global_colors_info=&#8220;{}&#8220; padding_phone=&#8220;60px||60px||true&#8220; padding_tablet=&#8220;60px|||&#8220; padding_last_edited=&#8220;on|phone&#8220; custom_padding__hover=&#8220;|||&#8220;][et_pb_text _builder_version=&#8220;4.16&#8243; _module_preset=&#8220;default&#8220; text_font=&#8220;Nunito|700|||||||&#8220; text_text_color=&#8220;#FFFFFF&#8220; text_font_size=&#8220;22px&#8220; text_line_height=&#8220;1.4em&#8220; text_orientation=&#8220;center&#8220; custom_margin=&#8220;20px||||false|false&#8220; custom_padding=&#8220;||0px|||&#8220; global_colors_info=&#8220;{}&#8220;]<\/p>\n<p>Verwirklichen Sie Ihren Traum<\/p>\n<p>[\/et_pb_text][\/et_pb_column][\/et_pb_row][\/et_pb_section][et_pb_section fb_built=&#8220;1&#8243; admin_label=&#8220;How It Works&#8220; _builder_version=&#8220;4.16&#8243; custom_padding=&#8220;|||&#8220; global_colors_info=&#8220;{}&#8220;][et_pb_row _builder_version=&#8220;4.16&#8243; custom_padding=&#8220;36px|||||&#8220; locked=&#8220;off&#8220; global_colors_info=&#8220;{}&#8220;][et_pb_column type=&#8220;4_4&#8243; _builder_version=&#8220;4.16&#8243; custom_padding=&#8220;|||&#8220; global_colors_info=&#8220;{}&#8220; custom_padding__hover=&#8220;|||&#8220;][et_pb_text admin_label=&#8220;Text&#8220; _builder_version=&#8220;4.16&#8243; header_2_font=&#8220;Nunito|700|||||||&#8220; header_2_text_color=&#8220;#7A4E36&#8243; text_orientation=&#8220;left&#8220; global_colors_info=&#8220;{}&#8220;]<\/p>\n<h2>In welchen F\u00e4llen ist sie angezeigt?<\/h2>\n<p>Die Situationen, die dazu f\u00fchren, dass eine Doppelspende als geeignete Behandlung in Betracht gezogen wird, sind sehr unterschiedlich. Als Beispiel und als h\u00e4ufigstes Beispiel:<\/p>\n<p>&nbsp;<\/p>\n<ul>\n<li>Frauen mit geringer Eierstockreserve und ohne m\u00e4nnlichen Partner.<\/li>\n<li>Genetische Ver\u00e4nderungen bei beiden Partnern.<\/li>\n<li>Fr\u00fchere Zyklen mit schlechter Eizellen- und Spermienqualit\u00e4t.<\/li>\n<li>Fr\u00fchere Zyklen mit PGD\/PGT, die zu aneuploiden Embryonen f\u00fchrten.<\/li>\n<li>Wiederholte Fehlgeburten aufgrund genetischer Ursachen.<\/li>\n<li>Risiko der \u00dcbertragung von rezessiven Erbkrankheiten.<\/li>\n<\/ul>\n<p>[\/et_pb_text][et_pb_text admin_label=&#8220;Text&#8220; _builder_version=&#8220;4.16&#8243; header_2_font=&#8220;Nunito|700|||||||&#8220; header_2_text_color=&#8220;#7A4E36&#8243; text_orientation=&#8220;left&#8220; global_colors_info=&#8220;{}&#8220;]<\/p>\n<h2>Wie werden die Spender ausgew\u00e4hlt?<\/h2>\n<p>Die Merkmale des Doppelspenderprogramms folgen denselben Regeln wie die anderen Behandlungen mit Ei- oder Samenzellen eines Spenders. Sie wird durch das Gesetz 14\/2006 \u00fcber assistierte Reproduktionstechniken geregelt, und dieses Gesetz legt die Mindestanforderungen f\u00fcr eine Spendert\u00e4tigkeit fest.<\/p>\n<p>In der ERGO-Klinik f\u00fchren wir jedoch eine sehr viel gr\u00fcndlichere Auswahl der Spender durch, um die besten Ergebnisse bei maximaler Sicherheit zu erzielen:<\/p>\n<ul>\n<li>Zwischen 18 und 35 Jahre alt.<\/li>\n<li>Gute k\u00f6rperliche und geistige Gesundheit durch psychologische und medizinische Studien.<\/li>\n<li>Ausf\u00fchrliche pers\u00f6nliche und famili\u00e4re Anamnese, um das Risiko der \u00dcbertragung von schweren Krankheiten auf die Nachkommen zu vermeiden.<\/li>\n<li>Gyn\u00e4kologische Untersuchung und Bewertung der Eierstockreserve der Eizellspenderin.<\/li>\n<li>Bewertung der Samenqualit\u00e4t sowohl frisch als auch nach dem Auftauen.<\/li>\n<li>Biochemische Analyse, H\u00e4matogramm und Gerinnung.<\/li>\n<li>Negative Serologie und Hormonstudien.<\/li>\n<li>Sexuell \u00fcbertragbare Krankheiten.<\/li>\n<li>Drogentests in verschiedenen Phasen des Spendeprozesses.<\/li>\n<li>Spezifische genetische Studien.<\/li>\n<li>Gentests f\u00fcr Tr\u00e4ger von rezessiven Krankheiten.<\/li>\n<li>Genetische \u00dcbereinstimmung zwischen den beiden Spendern.<\/li>\n<li>KIR-HLA-C immunologische Kompatibilit\u00e4t zwischen den Spendern und mit dem Empf\u00e4nger.<\/li>\n<\/ul>\n<h2>Aber wir k\u00f6nnen noch weiter gehen<\/h2>\n<p>Obwohl die Rate der Chromosomenver\u00e4nderungen in einem Embryo aus gespendeten Gameten sehr gering ist (in der Literatur wird sie mit etwa 15 % angegeben), m\u00fcssen wir die \u00c4ngste und die Vorgeschichte ber\u00fccksichtigen, die viele Patienten mitbringen, wenn sie zu uns kommen. Daher besteht die M\u00f6glichkeit, einen Embryo zu \u00fcbertragen, der zuvor genetisch analysiert wurde, z. B. mit Hilfe der nicht-invasiven <strong>EMBRACE-Studie<\/strong>.<\/p>\n<p>Und nat\u00fcrlich m\u00fcssen den Patientinnen die vorherigen medizinischen Tests wie Endometriumuntersuchungen, Gerinnung oder die Verwendung von <strong>EmbryoGlue<\/strong> beim Transfer zur Verf\u00fcgung gestellt werden, um die Erfolgschancen f\u00fcr den lang ersehnten Transfer zu maximieren.<\/p>\n<p>&nbsp;<\/p>\n<p>[\/et_pb_text][\/et_pb_column][\/et_pb_row][et_pb_row _builder_version=&#8220;4.16&#8243; _module_preset=&#8220;default&#8220; use_background_color_gradient=&#8220;on&#8220; background_color_gradient_stops=&#8220;rgba(122,78,54,0.2) 0%|#ffffff 100%&#8220; background_color_gradient_start=&#8220;rgba(122,78,54,0.2)&#8220; background_color_gradient_end=&#8220;#ffffff&#8220; custom_padding=&#8220;21px|20px|20px|20px|false|false&#8220; border_radii=&#8220;on|20px|20px|20px|20px&#8220; box_shadow_style=&#8220;preset1&#8243; locked=&#8220;off&#8220; global_colors_info=&#8220;{}&#8220;][et_pb_column type=&#8220;4_4&#8243; _builder_version=&#8220;4.16&#8243; _module_preset=&#8220;default&#8220; global_colors_info=&#8220;{}&#8220;][et_pb_text admin_label=&#8220;Text&#8220; _builder_version=&#8220;4.16&#8243; header_2_font=&#8220;Nunito|700|||||||&#8220; header_2_text_color=&#8220;#7A4E36&#8243; header_2_line_height=&#8220;1.2em&#8220; text_orientation=&#8220;left&#8220; header_2_font_tablet=&#8220;&#8220; header_2_font_phone=&#8220;&#8220; header_2_font_last_edited=&#8220;on|desktop&#8220; header_2_text_color_tablet=&#8220;&#8220; header_2_text_color_phone=&#8220;&#8220; header_2_text_color_last_edited=&#8220;on|desktop&#8220; header_2_letter_spacing_tablet=&#8220;&#8220; header_2_letter_spacing_phone=&#8220;&#8220; header_2_letter_spacing_last_edited=&#8220;on|desktop&#8220; header_2_line_height_tablet=&#8220;&#8220; header_2_line_height_phone=&#8220;&#8220; header_2_line_height_last_edited=&#8220;on|desktop&#8220; global_colors_info=&#8220;{}&#8220;]<\/p>\n<h2><strong>Warum die ERGO-Klinik?<\/strong><strong><\/strong><\/h2>\n<p>Denn die Qualit\u00e4t unserer Einrichtungen, die fortschrittlichste Technologie im Labor und die guten professionellen Ergebnisse unseres Teams erm\u00f6glichen es uns, bei diesen Behandlungen eine <strong>gute Qualit\u00e4t der Embryonen zu gew\u00e4hrleisten<\/strong>. Wir versichern Ihnen vertraglich, dass es sich um A- oder B-Qualit\u00e4t handelt, niemals um minderwertige Qualit\u00e4t. <\/p>\n<p>Weil wir die M\u00f6glichkeit bieten, <strong>genetische Kompatibilit\u00e4tsuntersuchungen<\/strong> zwischen den Spendern durchzuf\u00fchren, wodurch wir ausschlie\u00dfen k\u00f6nnen, dass das geborene Kind eine rezessive Krankheit aufgrund einer genetischen Vererbung entwickelt.<\/p>\n<p>Weil wir nur <strong>frische Spendereier<\/strong> verwenden, was bedeutet, dass die Ergebnisse besser sind, weil die Notwendigkeit, einen Embryo zu vitrifizieren und zu entglasen, entf\u00e4llt.<\/p>\n<p>Dank unserer umfangreichen Eizellen- und Samenspendenbank ist es sehr schnell m\u00f6glich, einen <strong>passenden Embryo zu finden, und es gibt keine Warteliste.<\/strong><\/p>\n<p>Denn wir verf\u00fcgen \u00fcber alle Techniken, die die Erfolgsquote erh\u00f6hen, wie <strong>EndomeTrio<\/strong> von Igenomix, <strong>EMBRACE<\/strong> oder <strong>EmbryoGlue<\/strong> f\u00fcr den Transfer.<\/p>\n<p>Weil <strong>wir unsere Arbeit mit Leidenschaft<\/strong> machen, und diese Hingabe spiegelt sich in den Ergebnissen wider.<\/p>\n<p>Denn wir m\u00f6chten, dass Sie sich <strong>w\u00e4hrend des gesamten Prozesses begleitet<\/strong> f\u00fchlen, und Sie k\u00f6nnen jederzeit auf unser Team z\u00e4hlen.<\/p>\n<p>[\/et_pb_text][\/et_pb_column][\/et_pb_row][\/et_pb_section][et_pb_section fb_built=&#8220;1&#8243; prev_background_color=&#8220;#ffffff&#8220; next_background_color=&#8220;#ffffff&#8220; admin_label=&#8220;Who Is Coaching For?&#8220; _builder_version=&#8220;4.16&#8243; background_color=&#8220;#345168&#8243; use_background_color_gradient=&#8220;on&#8220; background_color_gradient_stops=&#8220;#345168 5%|rgba(219,219,219,0) 100%&#8220; background_color_gradient_overlays_image=&#8220;on&#8220; background_color_gradient_start=&#8220;#345168&#8243; background_color_gradient_start_position=&#8220;5%&#8220; background_color_gradient_end=&#8220;rgba(219,219,219,0)&#8220; background_image=&#8220;https:\/\/clinicaergo.com\/wp-content\/uploads\/2021\/05\/life-coach-34.jpg&#8220; min_height=&#8220;89.3px&#8220; custom_padding=&#8220;0px||0px||true|false&#8220; top_divider_style=&#8220;slant&#8220; top_divider_flip=&#8220;horizontal&#8220; bottom_divider_style=&#8220;slant&#8220; bottom_divider_flip=&#8220;horizontal&#8220; saved_tabs=&#8220;all&#8220; locked=&#8220;off&#8220; global_colors_info=&#8220;{}&#8220;][et_pb_row column_structure=&#8220;3_5,2_5&#8243; _builder_version=&#8220;4.16&#8243; min_height=&#8220;485.4px&#8220; custom_margin=&#8220;|auto|0px|auto|false|false&#8220; custom_padding=&#8220;141px||0px||false|false&#8220; use_custom_width=&#8220;on&#8220; locked=&#8220;off&#8220; global_colors_info=&#8220;{}&#8220;][et_pb_column type=&#8220;3_5&#8243; _builder_version=&#8220;4.16&#8243; custom_padding=&#8220;|||&#8220; global_colors_info=&#8220;{}&#8220; custom_padding__hover=&#8220;|||&#8220;][et_pb_text admin_label=&#8220;Text&#8220; _builder_version=&#8220;4.16&#8243; text_font=&#8220;Poppins|300|||||||&#8220; text_font_size=&#8220;17px&#8220; header_2_font=&#8220;Nunito|900|||||||&#8220; background_layout=&#8220;dark&#8220; global_colors_info=&#8220;{}&#8220;]<\/p>\n<h2>Ben\u00f6tigen Sie weitere Informationen?<\/h2>\n<p>Wir sind ein Team von mehr als <strong>15 Fachleuten<\/strong>, die sich auf die assistierte Reproduktion und die Gesundheit der Frau spezialisiert haben. Haben Sie irgendwelche Zweifel? Wir laden Sie ein, uns kennen zu lernen, Ihr erster Besuch ist v\u00f6llig kostenlos.<\/p>\n<p>[\/et_pb_text][et_pb_button button_url=&#8220;https:\/\/clinicaergo.com\/de\/kontakt\/&#8220; button_text=&#8220;Vereinbaren Sie Ihren ersten Termin KOSTENLOS&#8220; button_alignment=&#8220;center&#8220; admin_label=&#8220;Get Started&#8220; _builder_version=&#8220;4.16&#8243; _module_preset=&#8220;default&#8220; custom_button=&#8220;on&#8220; button_text_size=&#8220;14px&#8220; button_text_color=&#8220;#ffffff&#8220; button_bg_color=&#8220;#4b2614&#8243; button_border_width=&#8220;1px&#8220; button_border_color=&#8220;RGBA(0,0,0,0)&#8220; button_border_radius=&#8220;50px&#8220; button_letter_spacing=&#8220;1px&#8220; button_font=&#8220;Poppins|600||on|||||&#8220; button_use_icon=&#8220;off&#8220; custom_margin=&#8220;20px|20px|||false|false&#8220; custom_margin_phone=&#8220;|20px|||false|false&#8220; custom_margin_last_edited=&#8220;off|desktop&#8220; custom_padding=&#8220;14px|50px|14px|50px|true|true&#8220; box_shadow_style=&#8220;preset3&#8243; box_shadow_color=&#8220;rgba(0,0,0,0.2)&#8220; locked=&#8220;off&#8220; global_colors_info=&#8220;{%22gcid-0b134dd3-bba5-4a0c-9138-44a2493e22ee%22:%91%22button_bg_color%22%93}&#8220; button_bg_color__hover_enabled=&#8220;on|desktop&#8220; button_bg_enable_color__hover=&#8220;on&#8220; button_text_color__hover_enabled=&#8220;off|hover&#8220; custom_padding__hover_enabled=&#8220;off|hover&#8220; button_bg_color__hover=&#8220;rgba(255,255,255,0.1)&#8220; button_border_color__hover_enabled=&#8220;on|hover&#8220; button_border_color__hover=&#8220;#ffffff&#8220;][\/et_pb_button][\/et_pb_column][et_pb_column type=&#8220;2_5&#8243; _builder_version=&#8220;4.16&#8243; custom_padding=&#8220;|||&#8220; global_colors_info=&#8220;{}&#8220; custom_padding__hover=&#8220;|||&#8220;][et_pb_image src=&#8220;https:\/\/clinicaergo.com\/wp-content\/uploads\/2021\/05\/barbara-alonso.jpg&#8220; title_text=&#8220;barbara-alonso&#8220; _builder_version=&#8220;4.20.4&#8243; _module_preset=&#8220;default&#8220; hover_enabled=&#8220;0&#8243; border_radii=&#8220;on|20px|20px|20px|20px&#8220; box_shadow_style=&#8220;preset2&#8243; global_colors_info=&#8220;{}&#8220; sticky_enabled=&#8220;0&#8243;][\/et_pb_image][\/et_pb_column][\/et_pb_row][\/et_pb_section][et_pb_section fb_built=&#8220;1&#8243; _builder_version=&#8220;4.16&#8243; _module_preset=&#8220;default&#8220; global_colors_info=&#8220;{}&#8220;][et_pb_row _builder_version=&#8220;4.16&#8243; _module_preset=&#8220;default&#8220; global_colors_info=&#8220;{}&#8220;][et_pb_column type=&#8220;4_4&#8243; _builder_version=&#8220;4.16&#8243; _module_preset=&#8220;default&#8220; global_colors_info=&#8220;{}&#8220;][\/et_pb_column][\/et_pb_row][\/et_pb_section]<\/p>\n","protected":false},"excerpt":{"rendered":"<p>Doppelte Spende in Gij\u00f3n, AsturienDenn es gibt immer eine weitere Option Manchmal werden die Dinge kompliziert und man verliert die Hoffnung, aber das ist noch nicht alles. Die Option einer Doppelspende kann in Betracht gezogen werden und f\u00fchrt zu Schwangerschaftsraten von \u00fcber 70 %. Es handelt sich um eine Technik, die immer h\u00e4ufiger angewandt wird, [&hellip;]<\/p>\n","protected":false},"author":1,"featured_media":0,"parent":0,"menu_order":0,"comment_status":"closed","ping_status":"closed","template":"","meta":{"_et_pb_use_builder":"on","_et_pb_old_content":"","_et_gb_content_width":"","_joinchat":[],"footnotes":""},"class_list":["post-335890","page","type-page","status-publish","hentry"],"_links":{"self":[{"href":"https:\/\/clinicaergo.com\/de\/wp-json\/wp\/v2\/pages\/335890","targetHints":{"allow":["GET"]}}],"collection":[{"href":"https:\/\/clinicaergo.com\/de\/wp-json\/wp\/v2\/pages"}],"about":[{"href":"https:\/\/clinicaergo.com\/de\/wp-json\/wp\/v2\/types\/page"}],"author":[{"embeddable":true,"href":"https:\/\/clinicaergo.com\/de\/wp-json\/wp\/v2\/users\/1"}],"replies":[{"embeddable":true,"href":"https:\/\/clinicaergo.com\/de\/wp-json\/wp\/v2\/comments?post=335890"}],"version-history":[{"count":0,"href":"https:\/\/clinicaergo.com\/de\/wp-json\/wp\/v2\/pages\/335890\/revisions"}],"wp:attachment":[{"href":"https:\/\/clinicaergo.com\/de\/wp-json\/wp\/v2\/media?parent=335890"}],"curies":[{"name":"wp","href":"https:\/\/api.w.org\/{rel}","templated":true}]}}