{"id":335930,"date":"2018-08-27T19:34:22","date_gmt":"2018-08-27T19:34:22","guid":{"rendered":"https:\/\/clinicaergo.com\/double-donor-embryonen-und-embryoadoption\/"},"modified":"2023-07-18T15:00:27","modified_gmt":"2023-07-18T15:00:27","slug":"double-donor-embryonen-und-embryoadoption","status":"publish","type":"page","link":"https:\/\/clinicaergo.com\/de\/double-donor-embryonen-und-embryoadoption\/","title":{"rendered":"DOUBLE DONOR-Embryonen und Embryoadoption"},"content":{"rendered":"<p>[et_pb_section fb_built=&#8220;1&#8243; fullwidth=&#8220;on&#8220; _builder_version=&#8220;4.9.4&#8243; bottom_divider_style=&#8220;slant&#8220; bottom_divider_color=&#8220;#FFFFFF&#8220; bottom_divider_flip=&#8220;horizontal&#8220; animation_direction=&#8220;top&#8220; locked=&#8220;off&#8220;][et_pb_fullwidth_header title=&#8220;Doppelspender-Embryonen&#8220; subhead=&#8220;Embryoadoption oder Embryotransfer mit zwei Spendern&#8220; text_orientation=&#8220;center&#8220; background_overlay_color=&#8220;rgba(53,38,35,0.67)&#8220; _builder_version=&#8220;4.9.4&#8243; title_font=&#8220;Nunito|700|||||||&#8220; title_font_size=&#8220;46px&#8220; title_line_height=&#8220;1.5em&#8220; content_font=&#8220;Lato|300|||||||&#8220; content_font_size=&#8220;20px&#8220; content_line_height=&#8220;3em&#8220; subhead_font=&#8220;Nunito|700|||||||&#8220; subhead_font_size=&#8220;25px&#8220; subhead_line_height=&#8220;1.5em&#8220; background_color=&#8220;#afafaf&#8220; background_image=&#8220;https:\/\/clinicaergo.com\/wp-content\/uploads\/2021\/05\/cabecera-dobledonante.jpg&#8220; custom_margin=&#8220;|||&#8220; custom_padding=&#8220;5vw||150px||false&#8220; animation_style=&#8220;slide&#8220; animation_direction=&#8220;top&#8220; animation_intensity_slide=&#8220;2%&#8220; hover_enabled=&#8220;0&#8243; title_font_size_tablet=&#8220;36px&#8220; title_font_size_phone=&#8220;&#8220; title_font_size_last_edited=&#8220;on|phone&#8220; button_one_text_size__hover_enabled=&#8220;off&#8220; button_two_text_size__hover_enabled=&#8220;off&#8220; button_one_text_color__hover_enabled=&#8220;off&#8220; button_two_text_color__hover_enabled=&#8220;off&#8220; button_one_border_width__hover_enabled=&#8220;off&#8220; button_two_border_width__hover_enabled=&#8220;off&#8220; button_one_border_color__hover_enabled=&#8220;off&#8220; button_two_border_color__hover_enabled=&#8220;off&#8220; button_one_border_radius__hover_enabled=&#8220;off&#8220; button_two_border_radius__hover_enabled=&#8220;off&#8220; button_one_letter_spacing__hover_enabled=&#8220;off&#8220; button_two_letter_spacing__hover_enabled=&#8220;off&#8220; button_one_bg_color__hover_enabled=&#8220;off&#8220; button_two_bg_color__hover_enabled=&#8220;off&#8220; title_text=&#8220;cabecera-dobledonante&#8220; sticky_enabled=&#8220;0&#8243;]<\/p>\n<p>Doppelspender-Embryonen in Gij\u00f3n, Asturien<\/p>\n<p>[\/et_pb_fullwidth_header][\/et_pb_section][et_pb_section fb_built=&#8220;1&#8243; next_background_color=&#8220;#ffffff&#8220; admin_label=&#8220;What is Coaching?&#8220; _builder_version=&#8220;3.22&#8243; background_color=&#8220;#ffffff&#8220; use_background_color_gradient=&#8220;on&#8220; background_color_gradient_start=&#8220;#ffffff&#8220; background_color_gradient_end=&#8220;#f5f5f5&#8243; background_color_gradient_end_position=&#8220;70%&#8220; background_color_gradient_overlays_image=&#8220;on&#8220; background_image=&#8220;https:\/\/clinicaergo.com\/wp-content\/uploads\/2021\/03\/life-coach-03.jpg&#8220; custom_margin=&#8220;|||&#8220; custom_padding=&#8220;0px||0px||true&#8220; top_divider_color=&#8220;#f5f5f5&#8243; top_divider_flip=&#8220;vertical&#8220; top_divider_arrangement=&#8220;above_content&#8220; bottom_divider_style=&#8220;slant&#8220; bottom_divider_flip=&#8220;vertical&#8220; bottom_divider_arrangement=&#8220;above_content&#8220; locked=&#8220;off&#8220;][et_pb_row column_structure=&#8220;1_2,1_2&#8243; use_custom_gutter=&#8220;on&#8220; gutter_width=&#8220;1&#8243; make_equal=&#8220;on&#8220; padding_top_bottom_link_1=&#8220;false&#8220; padding_top_bottom_link_2=&#8220;false&#8220; padding_left_right_link_1=&#8220;true&#8220; padding_left_right_link_2=&#8220;true&#8220; module_class=&#8220; et_pb_row_fullwidth&#8220; _builder_version=&#8220;3.25&#8243; width=&#8220;100%&#8220; width_tablet=&#8220;100%&#8220; width_phone=&#8220;&#8220; width_last_edited=&#8220;on|desktop&#8220; max_width=&#8220;100%&#8220; max_width_tablet=&#8220;100%&#8220; max_width_phone=&#8220;&#8220; max_width_last_edited=&#8220;on|desktop&#8220; custom_padding=&#8220;0px|0|0px|0|true|false&#8220; make_fullwidth=&#8220;on&#8220;][et_pb_column type=&#8220;1_2&#8243; _builder_version=&#8220;3.25&#8243; use_background_color_gradient=&#8220;on&#8220; background_color_gradient_start=&#8220;rgba(0,0,0,0)&#8220; background_color_gradient_end=&#8220;rgba(0,0,0,0.07)&#8220; custom_padding=&#8220;5%|6%|10%|6%&#8220; custom_padding_tablet=&#8220;&#8220; custom_padding_phone=&#8220;&#8220; custom_padding_last_edited=&#8220;on|tablet&#8220; padding_last_edited=&#8220;on|tablet&#8220; custom_padding__hover=&#8220;|||&#8220;][et_pb_text admin_label=&#8220;Text&#8220; _builder_version=&#8220;4.9.4&#8243; text_font=&#8220;Poppins|300|||||||&#8220; text_font_size=&#8220;16px&#8220; header_2_font=&#8220;Nunito|700|||||||&#8220; header_2_font_size=&#8220;36px&#8220; locked=&#8220;off&#8220;]<\/p>\n<h2>Was ist ein Doppelspender-Embryotransfer?<\/h2>\n<p>Eine Eizell- und Samenspenderin wird nach den gesetzlich festgelegten Zuteilungskriterien ausgew\u00e4hlt, genau wie bei den regul\u00e4ren Ei- und Samenspendeprogrammen. Die Embryonen werden befruchtet und kultiviert, und nur die hochwertigsten Embryonen werden auf die Empf\u00e4ngerin \u00fcbertragen, um sicherzustellen, dass die Embryonen die h\u00f6chste Einnistungswahrscheinlichkeit haben.<\/p>\n<p>Embrace, eine neuartige Technik der nicht-invasiven genetischen Pr\u00e4implantationsanalyse, erm\u00f6glicht es auch, sich zu vergewissern, dass der zu transferierende Embryo keine numerischen oder strukturellen chromosomalen genetischen Ver\u00e4nderungen aufweist (die normalerweise mit Einnistungsfehlern, wiederholten Fehlgeburten oder Pathologien wie dem Down-Syndrom oder dem Patau-Syndrom verbunden sind). ERGO hat daf\u00fcr eine weltweite Akkreditierung erhalten und erm\u00f6glicht es, die Embryonen nicht biopsieren zu m\u00fcssen, um ihren genetischen Status zu bestimmen, sondern einfach den Kulturtropfen zu analysieren, in dem sie gewachsen sind.<\/p>\n<p>[\/et_pb_text][\/et_pb_column][et_pb_column type=&#8220;1_2&#8243; _builder_version=&#8220;3.25&#8243; custom_padding=&#8220;5%|6%|10%|6%&#8220; custom_padding_tablet=&#8220;||150px|&#8220; custom_padding_phone=&#8220;&#8220; custom_padding_last_edited=&#8220;on|tablet&#8220; padding_tablet=&#8220;||150px|&#8220; padding_last_edited=&#8220;on|tablet&#8220; custom_padding__hover=&#8220;|||&#8220;][et_pb_text admin_label=&#8220;Text&#8220; _builder_version=&#8220;4.9.4&#8243; text_font=&#8220;Poppins|300|||||||&#8220; text_font_size=&#8220;16px&#8220; header_2_font=&#8220;Nunito|700|||||||&#8220; header_2_font_size=&#8220;36px&#8220; locked=&#8220;off&#8220;]<\/p>\n<h2>Was sind die Vorteile?<\/h2>\n<p>Es ist eine viel billigere Behandlung als eine komplette Eizellspende plus Spendersamen.<\/p>\n<p>Es gibt keine Wartezeiten, und der Beginn der Endometriumvorbereitung der Empf\u00e4ngerin kann mit dem von der Patientin gew\u00e4hlten Zyklus beginnen.<\/p>\n<p>Beim Transfer werden Embryonen von h\u00f6chster Qualit\u00e4t sichergestellt, so dass die Chancen auf eine Schwangerschaft maximiert werden, was zu den h\u00f6chsten beschriebenen Erfolgsraten (fast 85 %) f\u00fchrt, wenn zus\u00e4tzlich die Embrace-Analyse durchgef\u00fchrt wird.<\/p>\n<p>Zus\u00e4tzlich zu allen medizinischen, serologischen, psychologischen und genetischen Tests besteht die M\u00f6glichkeit einer genetischen Abstimmung zwischen den Spendern, wodurch die gesundheitliche Sicherheit des geborenen Kindes maximiert wird.<\/p>\n<p>[\/et_pb_text][\/et_pb_column][\/et_pb_row][et_pb_row column_structure=&#8220;1_3,1_3,1_3&#8243; use_custom_gutter=&#8220;on&#8220; gutter_width=&#8220;1&#8243; make_equal=&#8220;on&#8220; padding_top_bottom_link_1=&#8220;false&#8220; padding_top_bottom_link_2=&#8220;false&#8220; padding_top_bottom_link_3=&#8220;false&#8220; padding_top_bottom_link_4=&#8220;false&#8220; padding_left_right_link_1=&#8220;true&#8220; padding_left_right_link_2=&#8220;true&#8220; padding_left_right_link_3=&#8220;true&#8220; padding_left_right_link_4=&#8220;true&#8220; module_class=&#8220; et_pb_row_fullwidth&#8220; _builder_version=&#8220;4.9.4&#8243; background_image=&#8220;https:\/\/clinicaergo.com\/wp-content\/uploads\/2018\/12\/7042380_m6-0031766-0001ok_1000x625.jpg&#8220; width=&#8220;100%&#8220; width_tablet=&#8220;100%&#8220; width_phone=&#8220;&#8220; width_last_edited=&#8220;on|desktop&#8220; max_width=&#8220;100%&#8220; max_width_tablet=&#8220;100%&#8220; max_width_phone=&#8220;&#8220; max_width_last_edited=&#8220;on|desktop&#8220; min_height=&#8220;251px&#8220; custom_margin=&#8220;|||&#8220; custom_padding=&#8220;0px|0px|0|0px|false|false&#8220; make_fullwidth=&#8220;on&#8220;][et_pb_column type=&#8220;1_3&#8243; _builder_version=&#8220;4.9.4&#8243; background_color=&#8220;rgba(122,78,54,0.2)&#8220; custom_padding=&#8220;80px|40px|150px|40px&#8220; custom_padding_tablet=&#8220;20px||60px|&#8220; custom_padding_phone=&#8220;60px||60px||true&#8220; custom_padding_last_edited=&#8220;on|phone&#8220; padding_phone=&#8220;60px||60px||true&#8220; padding_tablet=&#8220;20px||60px|&#8220; padding_last_edited=&#8220;on|phone&#8220; custom_padding__hover=&#8220;|||&#8220;][et_pb_text _builder_version=&#8220;4.9.4&#8243; _module_preset=&#8220;default&#8220; text_font=&#8220;Nunito|700|||||||&#8220; text_text_color=&#8220;#FFFFFF&#8220; text_font_size=&#8220;22px&#8220; text_line_height=&#8220;1.4em&#8220; text_orientation=&#8220;center&#8220; custom_margin=&#8220;||||false|false&#8220; custom_padding=&#8220;||0px|||&#8220; hover_enabled=&#8220;0&#8243; sticky_enabled=&#8220;0&#8243;]<\/p>\n<p>Kosteng\u00fcnstige Behandlung ohne Wartezeit<\/p>\n<p>[\/et_pb_text][\/et_pb_column][et_pb_column type=&#8220;1_3&#8243; _builder_version=&#8220;4.9.4&#8243; background_color=&#8220;rgba(122,78,54,0.4)&#8220; custom_padding=&#8220;70px|40px|150px|40px&#8220; custom_padding_tablet=&#8220;20px||60px|&#8220; custom_padding_phone=&#8220;60px||60px||true&#8220; custom_padding_last_edited=&#8220;on|phone&#8220; padding_phone=&#8220;60px||60px||true&#8220; padding_tablet=&#8220;20px||60px|&#8220; padding_last_edited=&#8220;on|phone&#8220; custom_padding__hover=&#8220;|||&#8220;][et_pb_text _builder_version=&#8220;4.9.4&#8243; _module_preset=&#8220;default&#8220; text_font=&#8220;Nunito|700|||||||&#8220; text_text_color=&#8220;#FFFFFF&#8220; text_font_size=&#8220;22px&#8220; text_line_height=&#8220;1.4em&#8220; text_orientation=&#8220;center&#8220; custom_margin=&#8220;10px||||false|false&#8220; custom_padding=&#8220;||0px|||&#8220; hover_enabled=&#8220;0&#8243; sticky_enabled=&#8220;0&#8243;]<\/p>\n<p>Garantiert erstklassige Embryonen<\/p>\n<p>[\/et_pb_text][\/et_pb_column][et_pb_column type=&#8220;1_3&#8243; _builder_version=&#8220;4.9.4&#8243; background_color=&#8220;rgba(122,78,54,0.6)&#8220; custom_padding=&#8220;60px|40px|150px|40px&#8220; custom_padding_tablet=&#8220;60px|||&#8220; custom_padding_phone=&#8220;60px||60px||true&#8220; custom_padding_last_edited=&#8220;on|phone&#8220; padding_phone=&#8220;60px||60px||true&#8220; padding_tablet=&#8220;60px|||&#8220; padding_last_edited=&#8220;on|phone&#8220; custom_padding__hover=&#8220;|||&#8220;][et_pb_text _builder_version=&#8220;4.9.4&#8243; _module_preset=&#8220;default&#8220; text_font=&#8220;Nunito|700|||||||&#8220; text_text_color=&#8220;#FFFFFF&#8220; text_font_size=&#8220;22px&#8220; text_line_height=&#8220;1.4em&#8220; text_orientation=&#8220;center&#8220; custom_margin=&#8220;20px||||false|false&#8220; custom_padding=&#8220;||0px|||&#8220;]<\/p>\n<p>Erf\u00fcllen Sie sich den Traum, Mutter und Vater zu werden<\/p>\n<p>[\/et_pb_text][\/et_pb_column][\/et_pb_row][\/et_pb_section][et_pb_section fb_built=&#8220;1&#8243; admin_label=&#8220;How It Works&#8220; _builder_version=&#8220;3.22&#8243; custom_padding=&#8220;|||&#8220;][et_pb_row _builder_version=&#8220;3.25&#8243; locked=&#8220;off&#8220;][et_pb_column type=&#8220;4_4&#8243; _builder_version=&#8220;3.25&#8243; custom_padding=&#8220;|||&#8220; custom_padding__hover=&#8220;|||&#8220;][et_pb_text admin_label=&#8220;Text&#8220; _builder_version=&#8220;4.9.4&#8243; header_2_font=&#8220;Nunito|700|||||||&#8220; header_2_text_color=&#8220;#7A4E36&#8243; hover_enabled=&#8220;0&#8243; text_orientation=&#8220;left&#8220; sticky_enabled=&#8220;0&#8243;]<\/p>\n<h2>Warum eine Doppelspenderbehandlung in der ERGO-Klinik?<\/h2>\n<p>Denn unser Eizellen-, Samen- und Embryonenspendeprogramm wird nach den h\u00f6chsten Qualit\u00e4tsstandards durchgef\u00fchrt.<\/p>\n<p>Weil wir ein <strong>eigenes Ei- und Samenspendeprogramm<\/strong> haben, das bedeutet, dass jede Spenderin vom multidisziplin\u00e4ren Team von ERGO betreut wird.<\/p>\n<p>Denn die Qualit\u00e4t unseres Labors und unseres Teams von Embryologen gibt uns das Vertrauen in die <strong>guten Ergebnisse, die<\/strong> mit dieser Technik erzielt werden.<\/p>\n<p>Denn wir verf\u00fcgen \u00fcber alle <strong>Technologien im Labor<\/strong>, um Embryonen von h\u00f6chster Qualit\u00e4t zu erhalten, wie z. B. den \u00dcberdruck, den Takanome-Luftmikroinjektor oder den Geri Time-Lapse-Inkubator, um nur einige zu nennen.<\/p>\n<p>Denn ERGO war die <strong>zweite Klinik weltweit<\/strong>, die die Akkreditierung f\u00fcr die Durchf\u00fchrung von <strong>Embrace<\/strong> erhalten hat, wof\u00fcr sie strenge Qualit\u00e4tskriterien erf\u00fcllen muss.<\/p>\n<p>Denn unser Laborteam besteht ausschlie\u00dflich aus Embryologen mit umfassender Erfahrung und kontinuierlicher, spezifischer Ausbildung. Dar\u00fcber hinaus verf\u00fcgen beide \u00fcber die <strong>europ\u00e4ische Senior-Embryologie-Zertifizierung ESHRE<\/strong> (weltweit h\u00f6chste Qualifikation) und die Zertifizierung als klinische Embryologen auf nationaler Ebene.<\/p>\n<p>Denn jeder Fall ist f\u00fcr uns einzigartig und wir wissen, wie wichtig es ist, f\u00fcr jeden Patienten den <strong>idealen Embryo<\/strong> zu finden.<\/p>\n<p>Denn wir begleiten Sie w\u00e4hrend des gesamten Prozesses und wollen Ihnen das Gef\u00fchl geben, dass wir mit Ihnen dabei sind.<\/p>\n<p>[\/et_pb_text][\/et_pb_column][\/et_pb_row][et_pb_row _builder_version=&#8220;4.9.4&#8243; _module_preset=&#8220;default&#8220; use_background_color_gradient=&#8220;on&#8220; background_color_gradient_start=&#8220;rgba(122,78,54,0.2)&#8220; background_color_gradient_end=&#8220;#ffffff&#8220; custom_padding=&#8220;21px|20px|20px|20px|false|false&#8220; border_radii=&#8220;on|20px|20px|20px|20px&#8220; box_shadow_style=&#8220;preset1&#8243; locked=&#8220;off&#8220;][et_pb_column type=&#8220;4_4&#8243; _builder_version=&#8220;4.9.4&#8243; _module_preset=&#8220;default&#8220;][et_pb_text admin_label=&#8220;Text&#8220; _builder_version=&#8220;4.9.4&#8243; header_2_font=&#8220;Nunito|700|||||||&#8220; header_2_text_color=&#8220;#7A4E36&#8243; header_2_line_height=&#8220;1.2em&#8220; text_orientation=&#8220;left&#8220; header_2_font_tablet=&#8220;&#8220; header_2_font_phone=&#8220;&#8220; header_2_font_last_edited=&#8220;on|desktop&#8220; header_2_text_color_tablet=&#8220;&#8220; header_2_text_color_phone=&#8220;&#8220; header_2_text_color_last_edited=&#8220;on|desktop&#8220; header_2_letter_spacing_tablet=&#8220;&#8220; header_2_letter_spacing_phone=&#8220;&#8220; header_2_letter_spacing_last_edited=&#8220;on|desktop&#8220; header_2_line_height_tablet=&#8220;&#8220; header_2_line_height_phone=&#8220;&#8220; header_2_line_height_last_edited=&#8220;on|desktop&#8220;]<\/p>\n<h2>Adoption von Embryonen<\/h2>\n<p>[\/et_pb_text][\/et_pb_column][\/et_pb_row][et_pb_row _builder_version=&#8220;3.25&#8243; locked=&#8220;off&#8220;][et_pb_column type=&#8220;4_4&#8243; _builder_version=&#8220;3.25&#8243; custom_padding=&#8220;|||&#8220; custom_padding__hover=&#8220;|||&#8220;][et_pb_text admin_label=&#8220;Text&#8220; _builder_version=&#8220;4.9.4&#8243; header_2_font=&#8220;Nunito|700|||||||&#8220; header_2_text_color=&#8220;#7A4E36&#8243; hover_enabled=&#8220;0&#8243; text_orientation=&#8220;left&#8220; sticky_enabled=&#8220;0&#8243;]<\/p>\n<h2>Was ist eine Embryoadoption?<\/h2>\n<p>Diese Art der Behandlung besteht in der \u00dcbertragung eines verglasten Embryos, dessen Eltern beschlossen haben, ihn anderen Paaren zu spenden.<\/p>\n<p>Technisch gesehen handelt es sich um den gleichen Vorgang wie bei einem Transfer von verglasten Embryonen, mit dem Unterschied, dass in diesem Fall die Herkunft des Embryos nichts mit dem Paar zu tun hat, das ihn austragen wird.<\/p>\n<p>[\/et_pb_text][\/et_pb_column][\/et_pb_row][et_pb_row _builder_version=&#8220;3.25&#8243; locked=&#8220;off&#8220;][et_pb_column type=&#8220;4_4&#8243; _builder_version=&#8220;3.25&#8243; custom_padding=&#8220;|||&#8220; custom_padding__hover=&#8220;|||&#8220;][et_pb_text admin_label=&#8220;Text&#8220; _builder_version=&#8220;4.9.4&#8243; header_2_font=&#8220;Nunito|700|||||||&#8220; header_2_text_color=&#8220;#7A4E36&#8243; hover_enabled=&#8220;0&#8243; text_orientation=&#8220;left&#8220; sticky_enabled=&#8220;0&#8243;]<\/p>\n<h2>Woher stammen diese Embryonen?<\/h2>\n<p>Diese Embryonen stammen von gesunden Patienten unter 35 Jahren, die sich erfolgreich einer In-vitro-Fertilisationsbehandlung unterzogen haben und keinen Kinderwunsch mehr haben. In vielen F\u00e4llen stammen sie von Ei- und\/oder Samenspendern.<\/p>\n<p>Nach dem Gesetz \u00fcber die assistierte Reproduktion k\u00f6nnen Embryonen, die von Behandlungen \u00fcbrig geblieben sind, f\u00fcr eine der folgenden Optionen verwendet werden:<\/p>\n<ul>\n<li>Nutzung durch den eigenen Partner<\/li>\n<li>Reproduktive Spende (Embryoadoption)<\/li>\n<li>Spende f\u00fcr die Forschung<\/li>\n<li>Sie zerst\u00f6ren<\/li>\n<\/ul>\n<p>Wenn ein Paar Keimzellen zu Fortpflanzungszwecken spenden m\u00f6chte, m\u00fcssen wichtige Voraussetzungen erf\u00fcllt sein, n\u00e4mlich dass zumindest die Frau zum Zeitpunkt der Erzeugung der Keimzellen unter 35 Jahre alt war, dass das Risiko der \u00dcbertragung einer Erbkrankheit auf die Nachkommen minimiert ist oder dass die Keimzellen von einem Gametenspender stammen.<\/p>\n<p>[\/et_pb_text][\/et_pb_column][\/et_pb_row][et_pb_row _builder_version=&#8220;3.25&#8243; locked=&#8220;off&#8220;][et_pb_column type=&#8220;4_4&#8243; _builder_version=&#8220;3.25&#8243; custom_padding=&#8220;|||&#8220; custom_padding__hover=&#8220;|||&#8220;][et_pb_text admin_label=&#8220;Text&#8220; _builder_version=&#8220;4.9.4&#8243; header_2_font=&#8220;Nunito|700|||||||&#8220; header_2_text_color=&#8220;#7A4E36&#8243; hover_enabled=&#8220;0&#8243; text_orientation=&#8220;left&#8220; sticky_enabled=&#8220;0&#8243;]<\/p>\n<h2>Sie adoptieren Embryonen&#8230;<\/h2>\n<p>Sie stammen von gesunden Paaren und\/oder sind das Produkt von Gametenspendern.<\/p>\n<p>Wir wissen bereits, dass sie <strong>von guter Qualit\u00e4t<\/strong> sind, da dies eine Voraussetzung f\u00fcr die Verglasung ist.<\/p>\n<p>In dem Zyklus, in dem diese Embryonen erzeugt wurden, haben einer oder mehrere von ihnen ein gesundes Kind zur <strong>Welt gebracht<\/strong>, was die Chancen erh\u00f6ht, dass dies auch bei ihnen der Fall sein wird.<\/p>\n<p>Die <strong>Kosten f\u00fcr diese Behandlung sind viel niedriger<\/strong> als die einer Eizellspende mit Spendersamen, da der Embryo bereits hergestellt ist.<\/p>\n<p>[\/et_pb_text][\/et_pb_column][\/et_pb_row][et_pb_row _builder_version=&#8220;3.25&#8243; locked=&#8220;off&#8220;][et_pb_column type=&#8220;4_4&#8243; _builder_version=&#8220;3.25&#8243; custom_padding=&#8220;|||&#8220; custom_padding__hover=&#8220;|||&#8220;][et_pb_text admin_label=&#8220;Text&#8220; _builder_version=&#8220;4.9.4&#8243; header_2_font=&#8220;Nunito|700|||||||&#8220; header_2_text_color=&#8220;#7A4E36&#8243; hover_enabled=&#8220;0&#8243; text_orientation=&#8220;left&#8220; sticky_enabled=&#8220;0&#8243;]<\/p>\n<h2>Wie sieht das Verfahren aus?<\/h2>\n<p>Ganz einfach. Nachdem Ultraschall und Blutuntersuchungen ergeben haben, dass Ihre gyn\u00e4kologische Fitness ideal ist, beginnen Sie mit einer sanften Medikation, um die Geb\u00e4rmutterschleimhaut auf die richtige Dicke zu bringen. Wenn die Geb\u00e4rmutterschleimhaut eine ausreichende Dicke erreicht hat, werden die Embryonen entglast, und der Transfer wird durchgef\u00fchrt (v\u00f6llig schmerzfrei und in unserem Operationssaal, der an das Labor angrenzt).<\/p>\n<p>Nur 15 Tage sp\u00e4ter werden Sie wissen, ob der von Ihnen adoptierte Embryo zu einer Schwangerschaft gef\u00fchrt hat.<\/p>\n<p>&nbsp;<\/p>\n<p>[\/et_pb_text][\/et_pb_column][\/et_pb_row][et_pb_row _builder_version=&#8220;3.25&#8243; locked=&#8220;off&#8220;][et_pb_column type=&#8220;4_4&#8243; _builder_version=&#8220;3.25&#8243; custom_padding=&#8220;|||&#8220; custom_padding__hover=&#8220;|||&#8220;][et_pb_text admin_label=&#8220;Text&#8220; _builder_version=&#8220;4.9.4&#8243; header_2_font=&#8220;Nunito|700|||||||&#8220; header_2_text_color=&#8220;#7A4E36&#8243; hover_enabled=&#8220;0&#8243; text_orientation=&#8220;left&#8220; sticky_enabled=&#8220;0&#8243;]<\/p>\n<h2>Warum einen Embryo in der ERGO-Klinik adoptieren?<\/h2>\n<p>Denn wir engagieren uns f\u00fcr die Embryonen, weil wir ihnen eine Zukunft geben wollen, und f\u00fcr viele Paare ist das eine gute Option.<\/p>\n<p>&nbsp;<\/p>\n<p>[\/et_pb_text][\/et_pb_column][\/et_pb_row][\/et_pb_section][et_pb_section fb_built=&#8220;1&#8243; prev_background_color=&#8220;#ffffff&#8220; next_background_color=&#8220;#ffffff&#8220; admin_label=&#8220;Who Is Coaching For?&#8220; _builder_version=&#8220;4.9.4&#8243; background_color=&#8220;#345168&#8243; use_background_color_gradient=&#8220;on&#8220; background_color_gradient_start=&#8220;#345168&#8243; background_color_gradient_end=&#8220;rgba(219,219,219,0)&#8220; background_color_gradient_start_position=&#8220;5%&#8220; background_color_gradient_overlays_image=&#8220;on&#8220; background_image=&#8220;https:\/\/clinicaergo.com\/wp-content\/uploads\/2021\/05\/life-coach-34.jpg&#8220; min_height=&#8220;89.3px&#8220; custom_padding=&#8220;0px||0px||true|false&#8220; top_divider_style=&#8220;slant&#8220; top_divider_flip=&#8220;horizontal&#8220; bottom_divider_style=&#8220;slant&#8220; bottom_divider_flip=&#8220;horizontal&#8220; global_module=&#8220;332121&#8243; saved_tabs=&#8220;all&#8220; locked=&#8220;off&#8220;][et_pb_row column_structure=&#8220;3_5,2_5&#8243; _builder_version=&#8220;4.9.4&#8243; min_height=&#8220;485.4px&#8220; custom_margin=&#8220;|auto|0px|auto|false|false&#8220; custom_padding=&#8220;141px||0px||false|false&#8220; use_custom_width=&#8220;on&#8220; locked=&#8220;off&#8220;][et_pb_column type=&#8220;3_5&#8243; _builder_version=&#8220;3.25&#8243; custom_padding=&#8220;|||&#8220; custom_padding__hover=&#8220;|||&#8220;][et_pb_text admin_label=&#8220;Text&#8220; _builder_version=&#8220;4.9.4&#8243; text_font=&#8220;Poppins|300|||||||&#8220; text_font_size=&#8220;17px&#8220; header_2_font=&#8220;Nunito|900|||||||&#8220; background_layout=&#8220;dark&#8220;]<\/p>\n<h2>Ben\u00f6tigen Sie weitere Informationen?<\/h2>\n<p>Wir sind ein Team von mehr als <strong>15 Fachleuten<\/strong>, die sich auf die assistierte Reproduktion und die Gesundheit der Frau spezialisiert haben. Haben Sie irgendwelche Zweifel? Wir laden Sie ein, uns kennen zu lernen, Ihr erster Besuch ist v\u00f6llig kostenlos.<\/p>\n<p>[\/et_pb_text][et_pb_button button_url=&#8220;#&#8220; button_text=&#8220;Vereinbaren Sie Ihren ersten Termin KOSTENLOS&#8220; button_alignment=&#8220;center&#8220; admin_label=&#8220;Get Started&#8220; _builder_version=&#8220;4.9.4&#8243; _module_preset=&#8220;default&#8220; custom_button=&#8220;on&#8220; button_text_size=&#8220;14px&#8220; button_text_color=&#8220;#ffffff&#8220; button_bg_color=&#8220;gcid-0b134dd3-bba5-4a0c-9138-44a2493e22ee&#8220; button_border_width=&#8220;1px&#8220; button_border_color=&#8220;RGBA(0,0,0,0)&#8220; button_border_radius=&#8220;50px&#8220; button_letter_spacing=&#8220;1px&#8220; button_font=&#8220;Poppins|600||on|||||&#8220; button_use_icon=&#8220;off&#8220; custom_margin=&#8220;20px|20px|||false|false&#8220; custom_margin_phone=&#8220;|20px|||false|false&#8220; custom_margin_last_edited=&#8220;off|desktop&#8220; custom_padding=&#8220;14px|50px|14px|50px|true|true&#8220; box_shadow_style=&#8220;preset3&#8243; box_shadow_color=&#8220;rgba(0,0,0,0.2)&#8220; locked=&#8220;off&#8220; global_colors_info=&#8220;{%22gcid-0b134dd3-bba5-4a0c-9138-44a2493e22ee%22:%91%22button_bg_color%22%93}&#8220; button_bg_color__hover_enabled=&#8220;on|desktop&#8220; button_bg_enable_color__hover=&#8220;on&#8220; button_text_color__hover_enabled=&#8220;off|hover&#8220; custom_padding__hover_enabled=&#8220;off|hover&#8220; button_bg_color__hover=&#8220;rgba(255,255,255,0.1)&#8220; button_border_color__hover_enabled=&#8220;on|hover&#8220; button_border_color__hover=&#8220;#ffffff&#8220;][\/et_pb_button][\/et_pb_column][et_pb_column type=&#8220;2_5&#8243; _builder_version=&#8220;3.25&#8243; custom_padding=&#8220;|||&#8220; custom_padding__hover=&#8220;|||&#8220;][et_pb_image src=&#8220;https:\/\/clinicaergo.com\/wp-content\/uploads\/2021\/04\/equipo-maria.jpg&#8220; title_text=&#8220;team-maria&#8220; _builder_version=&#8220;4.9.4&#8243; _module_preset=&#8220;default&#8220; border_radii=&#8220;on|20px|20px|20px|20px&#8220; box_shadow_style=&#8220;preset2&#8243;][\/et_pb_image][\/et_pb_column][\/et_pb_row][\/et_pb_section][et_pb_section fb_built=&#8220;1&#8243; _builder_version=&#8220;4.9.4&#8243; _module_preset=&#8220;default&#8220;][et_pb_row _builder_version=&#8220;4.9.4&#8243; _module_preset=&#8220;default&#8220;][et_pb_column type=&#8220;4_4&#8243; _builder_version=&#8220;4.9.4&#8243; _module_preset=&#8220;default&#8220;][\/et_pb_column][\/et_pb_row][\/et_pb_section]<\/p>\n","protected":false},"excerpt":{"rendered":"<p>Doppelspender-Embryonen in Gij\u00f3n, AsturienWas ist ein Doppelspender-Embryotransfer? Eine Eizell- und Samenspenderin wird nach den gesetzlich festgelegten Zuteilungskriterien ausgew\u00e4hlt, genau wie bei den regul\u00e4ren Ei- und Samenspendeprogrammen. Die Embryonen werden befruchtet und kultiviert, und nur die hochwertigsten Embryonen werden auf die Empf\u00e4ngerin \u00fcbertragen, um sicherzustellen, dass die Embryonen die h\u00f6chste Einnistungswahrscheinlichkeit haben. Embrace, eine neuartige Technik [&hellip;]<\/p>\n","protected":false},"author":3,"featured_media":0,"parent":0,"menu_order":0,"comment_status":"closed","ping_status":"closed","template":"","meta":{"_et_pb_use_builder":"on","_et_pb_old_content":"","_et_gb_content_width":"","_joinchat":[],"footnotes":""},"class_list":["post-335930","page","type-page","status-publish","hentry"],"_links":{"self":[{"href":"https:\/\/clinicaergo.com\/de\/wp-json\/wp\/v2\/pages\/335930","targetHints":{"allow":["GET"]}}],"collection":[{"href":"https:\/\/clinicaergo.com\/de\/wp-json\/wp\/v2\/pages"}],"about":[{"href":"https:\/\/clinicaergo.com\/de\/wp-json\/wp\/v2\/types\/page"}],"author":[{"embeddable":true,"href":"https:\/\/clinicaergo.com\/de\/wp-json\/wp\/v2\/users\/3"}],"replies":[{"embeddable":true,"href":"https:\/\/clinicaergo.com\/de\/wp-json\/wp\/v2\/comments?post=335930"}],"version-history":[{"count":0,"href":"https:\/\/clinicaergo.com\/de\/wp-json\/wp\/v2\/pages\/335930\/revisions"}],"wp:attachment":[{"href":"https:\/\/clinicaergo.com\/de\/wp-json\/wp\/v2\/media?parent=335930"}],"curies":[{"name":"wp","href":"https:\/\/api.w.org\/{rel}","templated":true}]}}