{"id":335933,"date":"2017-12-18T17:20:10","date_gmt":"2017-12-18T17:20:10","guid":{"rendered":"https:\/\/clinicaergo.com\/endometriose\/"},"modified":"2023-07-18T15:02:17","modified_gmt":"2023-07-18T15:02:17","slug":"endometriose","status":"publish","type":"page","link":"https:\/\/clinicaergo.com\/de\/endometriose\/","title":{"rendered":"Endometriose"},"content":{"rendered":"<p>[et_pb_section fb_built=&#8220;1&#8243; fullwidth=&#8220;on&#8220; _builder_version=&#8220;4.16&#8243; bottom_divider_style=&#8220;slant&#8220; bottom_divider_color=&#8220;#FFFFFF&#8220; bottom_divider_flip=&#8220;horizontal&#8220; animation_direction=&#8220;top&#8220; locked=&#8220;off&#8220; global_colors_info=&#8220;{}&#8220;][et_pb_fullwidth_header title=&#8220;Endometriose&#8220; subhead=&#8220;Diagnose und Behandlung der Endometriose &#8220; text_orientation=&#8220;center&#8220; background_overlay_color=&#8220;rgba(53,38,35,0.67)&#8220; _builder_version=&#8220;4.16&#8243; title_font=&#8220;Nunito|700|||||||&#8220; title_font_size=&#8220;46px&#8220; title_line_height=&#8220;1.5em&#8220; content_font=&#8220;Lato|300|||||||&#8220; content_font_size=&#8220;20px&#8220; content_line_height=&#8220;3em&#8220; subhead_font=&#8220;Nunito|700|||||||&#8220; subhead_font_size=&#8220;25px&#8220; subhead_line_height=&#8220;1.5em&#8220; background_color=&#8220;#afafaf&#8220; background_image=&#8220;https:\/\/clinicaergo.com\/wp-content\/uploads\/2021\/05\/cabecera-endometriosis.jpg&#8220; custom_margin=&#8220;|||&#8220; custom_padding=&#8220;5vw||150px||false&#8220; animation_style=&#8220;slide&#8220; animation_direction=&#8220;top&#8220; animation_intensity_slide=&#8220;2%&#8220; title_font_size_tablet=&#8220;36px&#8220; title_font_size_phone=&#8220;&#8220; title_font_size_last_edited=&#8220;on|phone&#8220; global_colors_info=&#8220;{}&#8220; button_one_text_size__hover_enabled=&#8220;off&#8220; button_two_text_size__hover_enabled=&#8220;off&#8220; button_one_text_color__hover_enabled=&#8220;off&#8220; button_two_text_color__hover_enabled=&#8220;off&#8220; button_one_border_width__hover_enabled=&#8220;off&#8220; button_two_border_width__hover_enabled=&#8220;off&#8220; button_one_border_color__hover_enabled=&#8220;off&#8220; button_two_border_color__hover_enabled=&#8220;off&#8220; button_one_border_radius__hover_enabled=&#8220;off&#8220; button_two_border_radius__hover_enabled=&#8220;off&#8220; button_one_letter_spacing__hover_enabled=&#8220;off&#8220; button_two_letter_spacing__hover_enabled=&#8220;off&#8220; button_one_bg_color__hover_enabled=&#8220;off&#8220; button_two_bg_color__hover_enabled=&#8220;off&#8220;]<\/p>\n<p>Endometriose-Behandlung in Gijon, Asturien<\/p>\n<p>[\/et_pb_fullwidth_header][\/et_pb_section][et_pb_section fb_built=&#8220;1&#8243; next_background_color=&#8220;#ffffff&#8220; admin_label=&#8220;What is Coaching?&#8220; _builder_version=&#8220;4.16&#8243; background_color=&#8220;#ffffff&#8220; use_background_color_gradient=&#8220;on&#8220; background_color_gradient_stops=&#8220;#ffffff 0%|#f5f5f5 70%&#8220; background_color_gradient_overlays_image=&#8220;on&#8220; background_color_gradient_start=&#8220;#ffffff&#8220; background_color_gradient_end=&#8220;#f5f5f5&#8243; background_color_gradient_end_position=&#8220;70%&#8220; background_image=&#8220;https:\/\/clinicaergo.com\/wp-content\/uploads\/2021\/03\/life-coach-03.jpg&#8220; custom_margin=&#8220;|||&#8220; custom_padding=&#8220;0px||0px||true&#8220; top_divider_color=&#8220;#f5f5f5&#8243; top_divider_flip=&#8220;vertical&#8220; top_divider_arrangement=&#8220;above_content&#8220; bottom_divider_style=&#8220;slant&#8220; bottom_divider_flip=&#8220;vertical&#8220; bottom_divider_arrangement=&#8220;above_content&#8220; locked=&#8220;off&#8220; global_colors_info=&#8220;{}&#8220;][et_pb_row column_structure=&#8220;1_2,1_2&#8243; use_custom_gutter=&#8220;on&#8220; gutter_width=&#8220;1&#8243; make_equal=&#8220;on&#8220; padding_top_bottom_link_1=&#8220;false&#8220; padding_top_bottom_link_2=&#8220;false&#8220; padding_left_right_link_1=&#8220;true&#8220; padding_left_right_link_2=&#8220;true&#8220; module_class=&#8220; et_pb_row_fullwidth&#8220; _builder_version=&#8220;4.16&#8243; width=&#8220;100%&#8220; width_tablet=&#8220;100%&#8220; width_phone=&#8220;&#8220; width_last_edited=&#8220;on|desktop&#8220; max_width=&#8220;100%&#8220; max_width_tablet=&#8220;100%&#8220; max_width_phone=&#8220;&#8220; max_width_last_edited=&#8220;on|desktop&#8220; custom_padding=&#8220;0px|0|0px|0|true|false&#8220; make_fullwidth=&#8220;on&#8220; global_colors_info=&#8220;{}&#8220;][et_pb_column type=&#8220;1_2&#8243; _builder_version=&#8220;4.16&#8243; use_background_color_gradient=&#8220;on&#8220; background_color_gradient_stops=&#8220;rgba(0,0,0,0) 0%|rgba(0,0,0,0.07) 100%&#8220; background_color_gradient_start=&#8220;rgba(0,0,0,0)&#8220; background_color_gradient_end=&#8220;rgba(0,0,0,0.07)&#8220; custom_padding=&#8220;5%|6%|10%|6%&#8220; custom_padding_tablet=&#8220;&#8220; custom_padding_phone=&#8220;&#8220; custom_padding_last_edited=&#8220;on|tablet&#8220; global_colors_info=&#8220;{}&#8220; padding_last_edited=&#8220;on|tablet&#8220; custom_padding__hover=&#8220;|||&#8220;][et_pb_text admin_label=&#8220;Text&#8220; _builder_version=&#8220;4.16&#8243; text_font=&#8220;Poppins|300|||||||&#8220; text_font_size=&#8220;16px&#8220; header_2_font=&#8220;Nunito|700|||||||&#8220; header_2_font_size=&#8220;36px&#8220; locked=&#8220;off&#8220; global_colors_info=&#8220;{}&#8220;]<\/p>\n<h2>Was ist Endometriose?<\/h2>\n<p>Wenn Sie starke Regelblutungen oder starke Menstruationskr\u00e4mpfe haben, leiden Sie m\u00f6glicherweise an Endometriose. Eine fr\u00fchzeitige Diagnose ist f\u00fcr eine erfolgreiche Behandlung von entscheidender Bedeutung.<\/p>\n<p>[\/et_pb_text][\/et_pb_column][et_pb_column type=&#8220;1_2&#8243; _builder_version=&#8220;4.16&#8243; custom_padding=&#8220;5%|6%|10%|6%&#8220; custom_padding_tablet=&#8220;||150px|&#8220; custom_padding_phone=&#8220;&#8220; custom_padding_last_edited=&#8220;on|tablet&#8220; global_colors_info=&#8220;{}&#8220; padding_tablet=&#8220;||150px|&#8220; padding_last_edited=&#8220;on|tablet&#8220; custom_padding__hover=&#8220;|||&#8220; padding_phone=&#8220;||150px|&#8220;][et_pb_text admin_label=&#8220;Text&#8220; _builder_version=&#8220;4.16&#8243; text_font=&#8220;Poppins|300|||||||&#8220; text_font_size=&#8220;16px&#8220; header_2_font=&#8220;Nunito|700|||||||&#8220; header_2_font_size=&#8220;36px&#8220; locked=&#8220;off&#8220; global_colors_info=&#8220;{}&#8220;]<\/p>\n<h2>Gibt es eine L\u00f6sung f\u00fcr Endometriose?<\/h2>\n<p>Da jede Frau anders ist, sind auch die Diagnose und die Behandlung von Fall zu Fall unterschiedlich. Aus diesem Grund ist eine vollst\u00e4ndige Untersuchung unerl\u00e4sslich, um \u00fcber die Behandlung zu entscheiden, die von Faktoren wie Alter, Symptomen, Mutterschaftswunsch usw. abh\u00e4ngt.<\/p>\n<p>[\/et_pb_text][\/et_pb_column][\/et_pb_row][et_pb_row column_structure=&#8220;1_3,1_3,1_3&#8243; use_custom_gutter=&#8220;on&#8220; gutter_width=&#8220;1&#8243; make_equal=&#8220;on&#8220; padding_top_bottom_link_1=&#8220;false&#8220; padding_top_bottom_link_2=&#8220;false&#8220; padding_top_bottom_link_3=&#8220;false&#8220; padding_top_bottom_link_4=&#8220;false&#8220; padding_left_right_link_1=&#8220;true&#8220; padding_left_right_link_2=&#8220;true&#8220; padding_left_right_link_3=&#8220;true&#8220; padding_left_right_link_4=&#8220;true&#8220; module_class=&#8220; et_pb_row_fullwidth&#8220; _builder_version=&#8220;4.16&#8243; background_image=&#8220;https:\/\/clinicaergo.com\/wp-content\/uploads\/2021\/05\/dolores-mestruales.jpg&#8220; width=&#8220;100%&#8220; width_tablet=&#8220;100%&#8220; width_phone=&#8220;&#8220; width_last_edited=&#8220;on|desktop&#8220; max_width=&#8220;100%&#8220; max_width_tablet=&#8220;100%&#8220; max_width_phone=&#8220;&#8220; max_width_last_edited=&#8220;on|desktop&#8220; min_height=&#8220;251px&#8220; custom_margin=&#8220;|||&#8220; custom_padding=&#8220;0px|0px|0|0px|false|false&#8220; make_fullwidth=&#8220;on&#8220; global_colors_info=&#8220;{}&#8220;][et_pb_column type=&#8220;1_3&#8243; _builder_version=&#8220;4.16&#8243; background_color=&#8220;rgba(122,78,54,0.2)&#8220; custom_padding=&#8220;80px|40px|150px|40px&#8220; custom_padding_tablet=&#8220;20px||60px|&#8220; custom_padding_phone=&#8220;60px||60px||true&#8220; custom_padding_last_edited=&#8220;on|phone&#8220; global_colors_info=&#8220;{}&#8220; padding_phone=&#8220;60px||60px||true&#8220; padding_tablet=&#8220;20px||60px|&#8220; padding_last_edited=&#8220;on|phone&#8220; custom_padding__hover=&#8220;|||&#8220;][et_pb_text _builder_version=&#8220;4.16&#8243; _module_preset=&#8220;default&#8220; text_font=&#8220;Nunito|700|||||||&#8220; text_text_color=&#8220;#FFFFFF&#8220; text_font_size=&#8220;22px&#8220; text_line_height=&#8220;1.4em&#8220; text_orientation=&#8220;center&#8220; custom_margin=&#8220;||||false|false&#8220; custom_padding=&#8220;||0px|||&#8220; global_colors_info=&#8220;{}&#8220;]<\/p>\n<p>Haben Sie starke Menstruationsbeschwerden?<\/p>\n<p>[\/et_pb_text][\/et_pb_column][et_pb_column type=&#8220;1_3&#8243; _builder_version=&#8220;4.16&#8243; background_color=&#8220;rgba(122,78,54,0.4)&#8220; custom_padding=&#8220;70px|40px|150px|40px&#8220; custom_padding_tablet=&#8220;20px||60px|&#8220; custom_padding_phone=&#8220;60px||60px||true&#8220; custom_padding_last_edited=&#8220;on|phone&#8220; global_colors_info=&#8220;{}&#8220; padding_phone=&#8220;60px||60px||true&#8220; padding_tablet=&#8220;20px||60px|&#8220; padding_last_edited=&#8220;on|phone&#8220; custom_padding__hover=&#8220;|||&#8220;][et_pb_text _builder_version=&#8220;4.16&#8243; _module_preset=&#8220;default&#8220; text_font=&#8220;Nunito|700|||||||&#8220; text_text_color=&#8220;#FFFFFF&#8220; text_font_size=&#8220;22px&#8220; text_line_height=&#8220;1.4em&#8220; text_orientation=&#8220;center&#8220; custom_margin=&#8220;10px||||false|false&#8220; custom_padding=&#8220;||0px|||&#8220; global_colors_info=&#8220;{}&#8220;]<\/p>\n<p>Kontaktieren Sie uns unter<\/p>\n<p>[\/et_pb_text][\/et_pb_column][et_pb_column type=&#8220;1_3&#8243; _builder_version=&#8220;4.16&#8243; background_color=&#8220;rgba(122,78,54,0.6)&#8220; custom_padding=&#8220;60px|40px|150px|40px&#8220; custom_padding_tablet=&#8220;60px|||&#8220; custom_padding_phone=&#8220;60px||60px||true&#8220; custom_padding_last_edited=&#8220;on|phone&#8220; global_colors_info=&#8220;{}&#8220; padding_phone=&#8220;60px||60px||true&#8220; padding_tablet=&#8220;60px|||&#8220; padding_last_edited=&#8220;on|phone&#8220; custom_padding__hover=&#8220;|||&#8220;][et_pb_text _builder_version=&#8220;4.16&#8243; _module_preset=&#8220;default&#8220; text_font=&#8220;Nunito|700|||||||&#8220; text_text_color=&#8220;#FFFFFF&#8220; text_font_size=&#8220;22px&#8220; text_line_height=&#8220;1.4em&#8220; text_orientation=&#8220;center&#8220; custom_margin=&#8220;20px||||false|false&#8220; custom_padding=&#8220;||0px|||&#8220; global_colors_info=&#8220;{}&#8220;]<\/p>\n<p>Diagnose und Behandlung <\/p>\n<p>[\/et_pb_text][\/et_pb_column][\/et_pb_row][\/et_pb_section][et_pb_section fb_built=&#8220;1&#8243; admin_label=&#8220;How It Works&#8220; _builder_version=&#8220;4.16&#8243; custom_padding=&#8220;|||&#8220; global_colors_info=&#8220;{}&#8220;][et_pb_row _builder_version=&#8220;4.16&#8243; locked=&#8220;off&#8220; global_colors_info=&#8220;{}&#8220;][et_pb_column type=&#8220;4_4&#8243; _builder_version=&#8220;4.16&#8243; custom_padding=&#8220;|||&#8220; global_colors_info=&#8220;{}&#8220; custom_padding__hover=&#8220;|||&#8220;][et_pb_text admin_label=&#8220;Text&#8220; _builder_version=&#8220;4.16&#8243; header_2_font=&#8220;Nunito|700|||||||&#8220; header_2_text_color=&#8220;#7A4E36&#8243; text_orientation=&#8220;left&#8220; global_colors_info=&#8220;{}&#8220;]<\/p>\n<h2><strong>Was ist Endometriose?<\/strong><\/h2>\n<p>Viele Frauen erleben Ver\u00e4nderungen bei der Menstruation, die sie f\u00fcr &#8222;zyklusbedingt&#8220; halten, bei denen es sich aber um eine Erkrankung handeln k\u00f6nnte, die als Endometriose bekannt ist: Es handelt sich um eine gutartige Erkrankung, bei der die Geb\u00e4rmutterschleimhaut (Endometrium) an anderen Stellen des Unterleibs w\u00e4chst, wo sie nicht hingeh\u00f6rt, und sich dort zu Plaques oder Zysten ansiedelt, die starke Schmerzen verursachen und zu Schwierigkeiten beim Schwangerwerden f\u00fchren k\u00f6nnen.<\/p>\n<p>Endometriose ist eine Krankheit, von der mehr als 20 % der Frauen im geb\u00e4rf\u00e4higen Alter betroffen sind und die haupts\u00e4chlich zwei Probleme verursacht: Schmerzen und Unfruchtbarkeit. Man sch\u00e4tzt, dass 30-40 % der Frauen mit Endometriose Schwierigkeiten haben, spontan schwanger zu werden.<\/p>\n<p>Die Symptome der Endometriose sind sehr unterschiedlich, und in manchen F\u00e4llen treten \u00fcberhaupt keine Symptome auf. Daher ist es wichtig, dass Sie Ihren Arzt konsultieren, wenn Sie irgendwelche Probleme haben:<\/p>\n<p>&nbsp;<\/p>\n<ul>\n<li>Sie haben starke Menstruationskr\u00e4mpfe.<\/li>\n<li>Sie leiden unter Unterleibsschmerzen au\u00dferhalb des Menstruationszyklus.<\/li>\n<li>Sie haben Schmerzen beim Sex.<\/li>\n<li>Ihre Regelblutung ist st\u00e4rker ausgepr\u00e4gt.<\/li>\n<li>Sie haben Schmerzen, wenn Sie Stuhlgang haben.<\/li>\n<li>Sie haben Fruchtbarkeitsprobleme.<\/li>\n<li>Ihnen ist \u00fcbel oder Sie erbrechen.<\/li>\n<li>Sie f\u00fchlen sich schwach, m\u00fcde und schwindelig.<\/li>\n<\/ul>\n<p>[\/et_pb_text][\/et_pb_column][\/et_pb_row][et_pb_row _builder_version=&#8220;4.16&#8243; _module_preset=&#8220;default&#8220; use_background_color_gradient=&#8220;on&#8220; background_color_gradient_stops=&#8220;rgba(122,78,54,0.2) 0%|#ffffff 100%&#8220; background_color_gradient_start=&#8220;rgba(122,78,54,0.2)&#8220; background_color_gradient_end=&#8220;#ffffff&#8220; custom_padding=&#8220;21px|20px|20px|20px|false|false&#8220; border_radii=&#8220;on|20px|20px|20px|20px&#8220; box_shadow_style=&#8220;preset1&#8243; locked=&#8220;off&#8220; global_colors_info=&#8220;{}&#8220;][et_pb_column type=&#8220;4_4&#8243; _builder_version=&#8220;4.16&#8243; _module_preset=&#8220;default&#8220; global_colors_info=&#8220;{}&#8220;][et_pb_text admin_label=&#8220;Text&#8220; _builder_version=&#8220;4.16&#8243; header_2_font=&#8220;Nunito|700|||||||&#8220; header_2_text_color=&#8220;#7A4E36&#8243; header_2_line_height=&#8220;1.2em&#8220; text_orientation=&#8220;left&#8220; header_2_font_tablet=&#8220;&#8220; header_2_font_phone=&#8220;&#8220; header_2_font_last_edited=&#8220;on|desktop&#8220; header_2_text_color_tablet=&#8220;&#8220; header_2_text_color_phone=&#8220;&#8220; header_2_text_color_last_edited=&#8220;on|desktop&#8220; header_2_letter_spacing_tablet=&#8220;&#8220; header_2_letter_spacing_phone=&#8220;&#8220; header_2_letter_spacing_last_edited=&#8220;on|desktop&#8220; header_2_line_height_tablet=&#8220;&#8220; header_2_line_height_phone=&#8220;&#8220; header_2_line_height_last_edited=&#8220;on|desktop&#8220; global_colors_info=&#8220;{}&#8220;]<\/p>\n<h2><strong>Gibt es eine L\u00f6sung?<\/strong><strong><\/strong><\/h2>\n<div class=\"pre\">\n<div class=\"pre\">Da jede Frau anders ist, sind auch die Diagnose und die Behandlung von Fall zu Fall unterschiedlich. Aus diesem Grund ist eine vollst\u00e4ndige Untersuchung unerl\u00e4sslich, um \u00fcber die Behandlung zu entscheiden, die von Faktoren wie Alter, Symptomen, Mutterschaftswunsch usw. abh\u00e4ngt. In einigen F\u00e4llen kann die L\u00f6sung daher pharmakologisch sein, in anderen F\u00e4llen kann eine medizinische und\/oder chirurgische Behandlung erforderlich sein.<\/div>\n<div class=\"pre\">Wenn Sie eines dieser Symptome haben, z\u00f6gern Sie nicht und vereinbaren Sie einen Termin bei einem unserer Gyn\u00e4kologen.<\/div>\n<div class=\"pre\"><\/div>\n<div class=\"pre\"><\/div>\n<div class=\"pre\"><\/div>\n<div class=\"pre\"><\/div>\n<div class=\"pre\"><\/div>\n<div class=\"pre\"><\/div>\n<div class=\"pre\"><\/div>\n<div class=\"pre\"><\/div>\n<div class=\"pre\"><\/div>\n<div class=\"pre\"><\/div>\n<\/div>\n<div><\/div>\n<div class=\"pre\">\n<div><\/div>\n<div><\/div>\n<\/div>\n<p>[\/et_pb_text][\/et_pb_column][\/et_pb_row][\/et_pb_section][et_pb_section fb_built=&#8220;1&#8243; prev_background_color=&#8220;#ffffff&#8220; next_background_color=&#8220;#ffffff&#8220; admin_label=&#8220;Who Is Coaching For?&#8220; _builder_version=&#8220;4.16&#8243; background_color=&#8220;#345168&#8243; use_background_color_gradient=&#8220;on&#8220; background_color_gradient_stops=&#8220;#345168 5%|rgba(219,219,219,0) 100%&#8220; background_color_gradient_overlays_image=&#8220;on&#8220; background_color_gradient_start=&#8220;#345168&#8243; background_color_gradient_start_position=&#8220;5%&#8220; background_color_gradient_end=&#8220;rgba(219,219,219,0)&#8220; background_image=&#8220;https:\/\/clinicaergo.com\/wp-content\/uploads\/2021\/05\/life-coach-34.jpg&#8220; min_height=&#8220;89.3px&#8220; custom_padding=&#8220;0px||0px||true|false&#8220; top_divider_style=&#8220;slant&#8220; top_divider_flip=&#8220;horizontal&#8220; bottom_divider_style=&#8220;slant&#8220; bottom_divider_flip=&#8220;horizontal&#8220; saved_tabs=&#8220;all&#8220; locked=&#8220;off&#8220; global_colors_info=&#8220;{}&#8220;][et_pb_row column_structure=&#8220;3_5,2_5&#8243; _builder_version=&#8220;4.16&#8243; min_height=&#8220;485.4px&#8220; custom_margin=&#8220;|auto|0px|auto|false|false&#8220; custom_padding=&#8220;141px||0px||false|false&#8220; use_custom_width=&#8220;on&#8220; locked=&#8220;off&#8220; global_colors_info=&#8220;{}&#8220;][et_pb_column type=&#8220;3_5&#8243; _builder_version=&#8220;4.16&#8243; custom_padding=&#8220;|||&#8220; global_colors_info=&#8220;{}&#8220; custom_padding__hover=&#8220;|||&#8220;][et_pb_text admin_label=&#8220;Text&#8220; _builder_version=&#8220;4.16&#8243; text_font=&#8220;Poppins|300|||||||&#8220; text_font_size=&#8220;17px&#8220; header_2_font=&#8220;Nunito|900|||||||&#8220; background_layout=&#8220;dark&#8220; global_colors_info=&#8220;{}&#8220;]<\/p>\n<h2>Ben\u00f6tigen Sie weitere Informationen?<\/h2>\n<p>Wir sind ein Team von mehr als <strong>15 Fachleuten<\/strong>, die sich auf die assistierte Reproduktion und die Gesundheit der Frau spezialisiert haben. Haben Sie irgendwelche Zweifel? Wir laden Sie ein, uns kennen zu lernen, Ihr erster Besuch ist v\u00f6llig kostenlos.<\/p>\n<p>[\/et_pb_text][et_pb_button button_url=&#8220;https:\/\/clinicaergo.com\/de\/kontakt\/&#8220; button_text=&#8220;Vereinbaren Sie Ihren ersten Termin KOSTENLOS&#8220; button_alignment=&#8220;center&#8220; admin_label=&#8220;Get Started&#8220; _builder_version=&#8220;4.16&#8243; _module_preset=&#8220;default&#8220; custom_button=&#8220;on&#8220; button_text_size=&#8220;14px&#8220; button_text_color=&#8220;#ffffff&#8220; button_bg_color=&#8220;#4b2614&#8243; button_border_width=&#8220;1px&#8220; button_border_color=&#8220;RGBA(0,0,0,0)&#8220; button_border_radius=&#8220;50px&#8220; button_letter_spacing=&#8220;1px&#8220; button_font=&#8220;Poppins|600||on|||||&#8220; button_use_icon=&#8220;off&#8220; custom_margin=&#8220;20px|20px|||false|false&#8220; custom_margin_phone=&#8220;|20px|||false|false&#8220; custom_margin_last_edited=&#8220;off|desktop&#8220; custom_padding=&#8220;14px|50px|14px|50px|true|true&#8220; box_shadow_style=&#8220;preset3&#8243; box_shadow_color=&#8220;rgba(0,0,0,0.2)&#8220; locked=&#8220;off&#8220; global_colors_info=&#8220;{%22gcid-0b134dd3-bba5-4a0c-9138-44a2493e22ee%22:%91%22button_bg_color%22%93}&#8220; button_bg_color__hover_enabled=&#8220;on|desktop&#8220; button_bg_enable_color__hover=&#8220;on&#8220; button_text_color__hover_enabled=&#8220;off|hover&#8220; custom_padding__hover_enabled=&#8220;off|hover&#8220; button_bg_color__hover=&#8220;rgba(255,255,255,0.1)&#8220; button_border_color__hover_enabled=&#8220;on|hover&#8220; button_border_color__hover=&#8220;#ffffff&#8220;][\/et_pb_button][\/et_pb_column][et_pb_column type=&#8220;2_5&#8243; _builder_version=&#8220;4.16&#8243; custom_padding=&#8220;|||&#8220; global_colors_info=&#8220;{}&#8220; custom_padding__hover=&#8220;|||&#8220;][et_pb_image src=&#8220;https:\/\/clinicaergo.com\/wp-content\/uploads\/2021\/06\/paloma-lopez.jpg&#8220; title_text=&#8220;paloma-lopez&#8220; _builder_version=&#8220;4.16&#8243; _module_preset=&#8220;default&#8220; border_radii=&#8220;on|20px|20px|20px|20px&#8220; box_shadow_style=&#8220;preset2&#8243; global_colors_info=&#8220;{}&#8220;][\/et_pb_image][\/et_pb_column][\/et_pb_row][\/et_pb_section][et_pb_section fb_built=&#8220;1&#8243; _builder_version=&#8220;4.16&#8243; _module_preset=&#8220;default&#8220; global_colors_info=&#8220;{}&#8220;][et_pb_row _builder_version=&#8220;4.16&#8243; _module_preset=&#8220;default&#8220; global_colors_info=&#8220;{}&#8220;][et_pb_column type=&#8220;4_4&#8243; _builder_version=&#8220;4.16&#8243; _module_preset=&#8220;default&#8220; global_colors_info=&#8220;{}&#8220;][\/et_pb_column][\/et_pb_row][\/et_pb_section]<\/p>\n","protected":false},"excerpt":{"rendered":"<p>Endometriose-Behandlung in Gijon, AsturienWas ist Endometriose? Wenn Sie starke Regelblutungen oder starke Menstruationskr\u00e4mpfe haben, leiden Sie m\u00f6glicherweise an Endometriose. Eine fr\u00fchzeitige Diagnose ist f\u00fcr eine erfolgreiche Behandlung von entscheidender Bedeutung.Gibt es eine L\u00f6sung f\u00fcr Endometriose? Da jede Frau anders ist, sind auch die Diagnose und die Behandlung von Fall zu Fall unterschiedlich. Aus diesem Grund [&hellip;]<\/p>\n","protected":false},"author":1,"featured_media":0,"parent":0,"menu_order":0,"comment_status":"closed","ping_status":"closed","template":"","meta":{"_et_pb_use_builder":"on","_et_pb_old_content":"","_et_gb_content_width":"","_joinchat":[],"footnotes":""},"class_list":["post-335933","page","type-page","status-publish","hentry"],"_links":{"self":[{"href":"https:\/\/clinicaergo.com\/de\/wp-json\/wp\/v2\/pages\/335933","targetHints":{"allow":["GET"]}}],"collection":[{"href":"https:\/\/clinicaergo.com\/de\/wp-json\/wp\/v2\/pages"}],"about":[{"href":"https:\/\/clinicaergo.com\/de\/wp-json\/wp\/v2\/types\/page"}],"author":[{"embeddable":true,"href":"https:\/\/clinicaergo.com\/de\/wp-json\/wp\/v2\/users\/1"}],"replies":[{"embeddable":true,"href":"https:\/\/clinicaergo.com\/de\/wp-json\/wp\/v2\/comments?post=335933"}],"version-history":[{"count":0,"href":"https:\/\/clinicaergo.com\/de\/wp-json\/wp\/v2\/pages\/335933\/revisions"}],"wp:attachment":[{"href":"https:\/\/clinicaergo.com\/de\/wp-json\/wp\/v2\/media?parent=335933"}],"curies":[{"name":"wp","href":"https:\/\/api.w.org\/{rel}","templated":true}]}}