{"id":335942,"date":"2017-12-18T17:19:23","date_gmt":"2017-12-18T17:19:23","guid":{"rendered":"https:\/\/clinicaergo.com\/medizinische-fachgebiete\/"},"modified":"2023-07-18T15:05:52","modified_gmt":"2023-07-18T15:05:52","slug":"medizinische-fachgebiete","status":"publish","type":"page","link":"https:\/\/clinicaergo.com\/de\/medizinische-fachgebiete\/","title":{"rendered":"Medizinische Fachgebiete"},"content":{"rendered":"<p>[et_pb_section fb_built=&#8220;1&#8243; fullwidth=&#8220;on&#8220; _builder_version=&#8220;4.9.4&#8243; bottom_divider_style=&#8220;slant&#8220; bottom_divider_color=&#8220;#FFFFFF&#8220; bottom_divider_flip=&#8220;horizontal&#8220; animation_direction=&#8220;top&#8220; locked=&#8220;off&#8220; global_colors_info=&#8220;{}&#8220;][et_pb_fullwidth_header title=&#8220;Medizinische Fachgebiete&#8220; subhead=&#8220;Multidisziplin\u00e4res medizinisches Team&#8220; text_orientation=&#8220;center&#8220; background_overlay_color=&#8220;rgba(53,38,35,0.67)&#8220; _builder_version=&#8220;4.9.4&#8243; title_font=&#8220;Nunito|700|||||||&#8220; title_font_size=&#8220;46px&#8220; title_line_height=&#8220;1.5em&#8220; content_font=&#8220;Lato|300|||||||&#8220; content_font_size=&#8220;20px&#8220; content_line_height=&#8220;3em&#8220; subhead_font=&#8220;Nunito|700|||||||&#8220; subhead_font_size=&#8220;25px&#8220; subhead_line_height=&#8220;1.5em&#8220; background_color=&#8220;#afafaf&#8220; background_image=&#8220;https:\/\/clinicaergo.com\/wp-content\/uploads\/2021\/06\/cabecera-especialidadesmedicas.jpg&#8220; custom_margin=&#8220;|||&#8220; custom_padding=&#8220;5vw||150px||false&#8220; animation_style=&#8220;slide&#8220; animation_direction=&#8220;top&#8220; animation_intensity_slide=&#8220;2%&#8220; title_font_size_tablet=&#8220;36px&#8220; title_font_size_phone=&#8220;&#8220; title_font_size_last_edited=&#8220;on|phone&#8220; global_colors_info=&#8220;{}&#8220; button_one_text_size__hover_enabled=&#8220;off&#8220; button_two_text_size__hover_enabled=&#8220;off&#8220; button_one_text_color__hover_enabled=&#8220;off&#8220; button_two_text_color__hover_enabled=&#8220;off&#8220; button_one_border_width__hover_enabled=&#8220;off&#8220; button_two_border_width__hover_enabled=&#8220;off&#8220; button_one_border_color__hover_enabled=&#8220;off&#8220; button_two_border_color__hover_enabled=&#8220;off&#8220; button_one_border_radius__hover_enabled=&#8220;off&#8220; button_two_border_radius__hover_enabled=&#8220;off&#8220; button_one_letter_spacing__hover_enabled=&#8220;off&#8220; button_two_letter_spacing__hover_enabled=&#8220;off&#8220; button_one_bg_color__hover_enabled=&#8220;off&#8220; button_two_bg_color__hover_enabled=&#8220;off&#8220;]<\/p>\n<p>Medizinische Fachrichtungen in Gij\u00f3n, Asturien<\/p>\n<p>[\/et_pb_fullwidth_header][\/et_pb_section][et_pb_section fb_built=&#8220;1&#8243; admin_label=&#8220;How It Works&#8220; _builder_version=&#8220;3.22&#8243; custom_padding=&#8220;|||&#8220; global_colors_info=&#8220;{}&#8220;][et_pb_row _builder_version=&#8220;4.9.4&#8243; locked=&#8220;off&#8220; global_colors_info=&#8220;{}&#8220;][et_pb_column type=&#8220;4_4&#8243; _builder_version=&#8220;3.25&#8243; custom_padding=&#8220;|||&#8220; global_colors_info=&#8220;{}&#8220; custom_padding__hover=&#8220;|||&#8220;][et_pb_text admin_label=&#8220;Text&#8220; _builder_version=&#8220;4.9.4&#8243; header_2_font=&#8220;Nunito|700|||||||&#8220; header_2_text_color=&#8220;#7A4E36&#8243; text_orientation=&#8220;left&#8220; global_colors_info=&#8220;{}&#8220;]<\/p>\n<h2><strong>Ein Raum, verschiedene medizinische Fachrichtungen<br \/><\/strong><\/h2>\n<p>Die Grundlage der ERGO-Klinik ist ihr multidisziplin\u00e4res Team. Wir bieten alle medizinischen Disziplinen, die mit der Gesundheit von Frauen zu tun haben, in einem einzigen Raum an. F\u00fcr unsere Patienten ist das ein gro\u00dfer Trost, denn sie k\u00f6nnen sich bei fast jedem medizinischen Problem an ERGO wenden, indem sie ERGO zu ihrer Vertrauensstelle machen.<\/p>\n<p> Das Team der Urologie behandelt m\u00e4nnliche und weibliche Harnwegserkrankungen sowie Probleme des m\u00e4nnlichen Fortpflanzungssystems und befasst sich eingehend mit der Gesundheit des Mannes.<\/p>\n<p>Unsere Psychologen betreuen unsere Patienten im Bereich der k\u00fcnstlichen Befruchtung kontinuierlich, bieten aber auch spezialisierte Dienstleistungen in den Bereichen Familien-, Kinder-, Jugend- und Altenpsychologie an.<\/p>\n<p>Entdecken Sie alle Dienstleistungen, die die ERGO-Klinik Ihnen anbieten kann, und wenn Sie Fragen haben, wenden Sie sich bitte an uns. Wir helfen Ihnen gerne weiter. <\/p>\n<p>[\/et_pb_text][\/et_pb_column][\/et_pb_row][\/et_pb_section][et_pb_section fb_built=&#8220;1&#8243; prev_background_color=&#8220;#ffffff&#8220; next_background_color=&#8220;#ffffff&#8220; admin_label=&#8220;Who Is Coaching For?&#8220; _builder_version=&#8220;4.9.4&#8243; background_color=&#8220;#345168&#8243; use_background_color_gradient=&#8220;on&#8220; background_color_gradient_start=&#8220;#345168&#8243; background_color_gradient_end=&#8220;rgba(219,219,219,0)&#8220; background_color_gradient_start_position=&#8220;5%&#8220; background_color_gradient_overlays_image=&#8220;on&#8220; background_image=&#8220;https:\/\/clinicaergo.com\/wp-content\/uploads\/2021\/05\/life-coach-34.jpg&#8220; min_height=&#8220;89.3px&#8220; custom_padding=&#8220;0px||0px||true|false&#8220; top_divider_style=&#8220;slant&#8220; top_divider_flip=&#8220;horizontal&#8220; bottom_divider_style=&#8220;slant&#8220; bottom_divider_flip=&#8220;horizontal&#8220; global_module=&#8220;332121&#8243; saved_tabs=&#8220;all&#8220; locked=&#8220;off&#8220; global_colors_info=&#8220;{}&#8220;][et_pb_row column_structure=&#8220;3_5,2_5&#8243; _builder_version=&#8220;4.9.4&#8243; min_height=&#8220;485.4px&#8220; custom_margin=&#8220;|auto|0px|auto|false|false&#8220; custom_padding=&#8220;141px||0px||false|false&#8220; use_custom_width=&#8220;on&#8220; locked=&#8220;off&#8220; global_colors_info=&#8220;{}&#8220;][et_pb_column type=&#8220;3_5&#8243; _builder_version=&#8220;3.25&#8243; custom_padding=&#8220;|||&#8220; global_colors_info=&#8220;{}&#8220; custom_padding__hover=&#8220;|||&#8220;][et_pb_text admin_label=&#8220;Text&#8220; _builder_version=&#8220;4.9.4&#8243; text_font=&#8220;Poppins|300|||||||&#8220; text_font_size=&#8220;17px&#8220; header_2_font=&#8220;Nunito|900|||||||&#8220; background_layout=&#8220;dark&#8220; global_colors_info=&#8220;{}&#8220;]<\/p>\n<h2>Ben\u00f6tigen Sie weitere Informationen?<\/h2>\n<p>Wir sind ein Team von mehr als <strong>15 Fachleuten<\/strong>, die sich auf die assistierte Reproduktion und die Gesundheit der Frau spezialisiert haben. Haben Sie irgendwelche Zweifel? Wir laden Sie ein, uns kennen zu lernen, Ihr erster Besuch ist v\u00f6llig kostenlos.<\/p>\n<p>[\/et_pb_text][et_pb_button button_url=&#8220;https:\/\/clinicaergo.com\/de\/kontakt\/&#8220; button_text=&#8220;Vereinbaren Sie Ihren ersten Termin KOSTENLOS&#8220; button_alignment=&#8220;center&#8220; admin_label=&#8220;Get Started&#8220; _builder_version=&#8220;4.9.4&#8243; _module_preset=&#8220;default&#8220; custom_button=&#8220;on&#8220; button_text_size=&#8220;14px&#8220; button_text_color=&#8220;#ffffff&#8220; button_bg_color=&#8220;#4b2614&#8243; button_border_width=&#8220;1px&#8220; button_border_color=&#8220;RGBA(0,0,0,0)&#8220; button_border_radius=&#8220;50px&#8220; button_letter_spacing=&#8220;1px&#8220; button_font=&#8220;Poppins|600||on|||||&#8220; button_use_icon=&#8220;off&#8220; custom_margin=&#8220;20px|20px|||false|false&#8220; custom_margin_phone=&#8220;|20px|||false|false&#8220; custom_margin_last_edited=&#8220;off|desktop&#8220; custom_padding=&#8220;14px|50px|14px|50px|true|true&#8220; box_shadow_style=&#8220;preset3&#8243; box_shadow_color=&#8220;rgba(0,0,0,0.2)&#8220; locked=&#8220;off&#8220; global_colors_info=&#8220;{%22gcid-0b134dd3-bba5-4a0c-9138-44a2493e22ee%22:%91%22button_bg_color%22%93}&#8220; button_bg_color__hover_enabled=&#8220;on|desktop&#8220; button_bg_enable_color__hover=&#8220;on&#8220; button_text_color__hover_enabled=&#8220;off|hover&#8220; custom_padding__hover_enabled=&#8220;off|hover&#8220; button_bg_color__hover=&#8220;rgba(255,255,255,0.1)&#8220; button_border_color__hover_enabled=&#8220;on|hover&#8220; button_border_color__hover=&#8220;#ffffff&#8220;][\/et_pb_button][\/et_pb_column][et_pb_column type=&#8220;2_5&#8243; _builder_version=&#8220;3.25&#8243; custom_padding=&#8220;|||&#8220; global_colors_info=&#8220;{}&#8220; custom_padding__hover=&#8220;|||&#8220;][et_pb_image src=&#8220;https:\/\/clinicaergo.com\/wp-content\/uploads\/2021\/04\/equipo-maria.jpg&#8220; title_text=&#8220;team-maria&#8220; _builder_version=&#8220;4.9.4&#8243; _module_preset=&#8220;default&#8220; border_radii=&#8220;on|20px|20px|20px|20px&#8220; box_shadow_style=&#8220;preset2&#8243; global_colors_info=&#8220;{}&#8220;][\/et_pb_image][\/et_pb_column][\/et_pb_row][\/et_pb_section][et_pb_section fb_built=&#8220;1&#8243; _builder_version=&#8220;4.9.4&#8243; _module_preset=&#8220;default&#8220; global_colors_info=&#8220;{}&#8220;][et_pb_row _builder_version=&#8220;4.9.4&#8243; _module_preset=&#8220;default&#8220; global_colors_info=&#8220;{}&#8220;][et_pb_column type=&#8220;4_4&#8243; _builder_version=&#8220;4.9.4&#8243; _module_preset=&#8220;default&#8220; global_colors_info=&#8220;{}&#8220;][\/et_pb_column][\/et_pb_row][\/et_pb_section]<\/p>\n","protected":false},"excerpt":{"rendered":"<p>Medizinische Fachrichtungen in Gij\u00f3n, AsturienEin Raum, verschiedene medizinische Fachrichtungen Die Grundlage der ERGO-Klinik ist ihr multidisziplin\u00e4res Team. Wir bieten alle medizinischen Disziplinen, die mit der Gesundheit von Frauen zu tun haben, in einem einzigen Raum an. F\u00fcr unsere Patienten ist das ein gro\u00dfer Trost, denn sie k\u00f6nnen sich bei fast jedem medizinischen Problem an ERGO [&hellip;]<\/p>\n","protected":false},"author":1,"featured_media":0,"parent":0,"menu_order":0,"comment_status":"closed","ping_status":"closed","template":"","meta":{"_et_pb_use_builder":"on","_et_pb_old_content":"","_et_gb_content_width":"","_joinchat":[],"footnotes":""},"class_list":["post-335942","page","type-page","status-publish","hentry"],"_links":{"self":[{"href":"https:\/\/clinicaergo.com\/de\/wp-json\/wp\/v2\/pages\/335942","targetHints":{"allow":["GET"]}}],"collection":[{"href":"https:\/\/clinicaergo.com\/de\/wp-json\/wp\/v2\/pages"}],"about":[{"href":"https:\/\/clinicaergo.com\/de\/wp-json\/wp\/v2\/types\/page"}],"author":[{"embeddable":true,"href":"https:\/\/clinicaergo.com\/de\/wp-json\/wp\/v2\/users\/1"}],"replies":[{"embeddable":true,"href":"https:\/\/clinicaergo.com\/de\/wp-json\/wp\/v2\/comments?post=335942"}],"version-history":[{"count":0,"href":"https:\/\/clinicaergo.com\/de\/wp-json\/wp\/v2\/pages\/335942\/revisions"}],"wp:attachment":[{"href":"https:\/\/clinicaergo.com\/de\/wp-json\/wp\/v2\/media?parent=335942"}],"curies":[{"name":"wp","href":"https:\/\/api.w.org\/{rel}","templated":true}]}}