{"id":335960,"date":"2021-02-08T09:55:53","date_gmt":"2021-02-08T09:55:53","guid":{"rendered":"https:\/\/clinicaergo.com\/wahre-geschichten\/"},"modified":"2023-07-18T15:37:54","modified_gmt":"2023-07-18T15:37:54","slug":"wahre-geschichten","status":"publish","type":"page","link":"https:\/\/clinicaergo.com\/de\/wahre-geschichten\/","title":{"rendered":"Wahre Geschichten"},"content":{"rendered":"<p>[et_pb_section fb_built=&#8220;1&#8243; fullwidth=&#8220;on&#8220; _builder_version=&#8220;4.16&#8243; bottom_divider_style=&#8220;slant&#8220; bottom_divider_color=&#8220;#FFFFFF&#8220; bottom_divider_flip=&#8220;horizontal&#8220; animation_direction=&#8220;top&#8220; locked=&#8220;off&#8220; global_colors_info=&#8220;{}&#8220;][et_pb_fullwidth_header title=&#8220;Wahre Geschichten&#8220; subhead=&#8220;Nachrichten von einigen unserer Kunden&#8220; text_orientation=&#8220;center&#8220; background_overlay_color=&#8220;rgba(53,38,35,0.67)&#8220; _builder_version=&#8220;4.16&#8243; title_font=&#8220;Nunito|700|||||||&#8220; title_font_size=&#8220;46px&#8220; title_line_height=&#8220;1.5em&#8220; content_font=&#8220;Lato|300|||||||&#8220; content_font_size=&#8220;20px&#8220; content_line_height=&#8220;3em&#8220; subhead_font=&#8220;Nunito|700|||||||&#8220; subhead_font_size=&#8220;25px&#8220; subhead_line_height=&#8220;1.5em&#8220; background_color=&#8220;#afafaf&#8220; background_image=&#8220;https:\/\/clinicaergo.com\/wp-content\/uploads\/2021\/05\/cabecera-dobledonacion.jpg&#8220; custom_margin=&#8220;|||&#8220; custom_padding=&#8220;5vw||150px||false&#8220; animation_style=&#8220;slide&#8220; animation_direction=&#8220;top&#8220; animation_intensity_slide=&#8220;2%&#8220; title_font_size_tablet=&#8220;36px&#8220; title_font_size_phone=&#8220;&#8220; title_font_size_last_edited=&#8220;on|phone&#8220; global_colors_info=&#8220;{}&#8220; button_one_text_size__hover_enabled=&#8220;off&#8220; button_two_text_size__hover_enabled=&#8220;off&#8220; button_one_text_color__hover_enabled=&#8220;off&#8220; button_two_text_color__hover_enabled=&#8220;off&#8220; button_one_border_width__hover_enabled=&#8220;off&#8220; button_two_border_width__hover_enabled=&#8220;off&#8220; button_one_border_color__hover_enabled=&#8220;off&#8220; button_two_border_color__hover_enabled=&#8220;off&#8220; button_one_border_radius__hover_enabled=&#8220;off&#8220; button_two_border_radius__hover_enabled=&#8220;off&#8220; button_one_letter_spacing__hover_enabled=&#8220;off&#8220; button_two_letter_spacing__hover_enabled=&#8220;off&#8220; button_one_bg_color__hover_enabled=&#8220;off&#8220; button_two_bg_color__hover_enabled=&#8220;off&#8220;]<\/p>\n<p>Erfolgreiche F\u00e4lle von In-vitro-Fertilisation in Gij\u00f3n, Asturien<\/p>\n<p>[\/et_pb_fullwidth_header][\/et_pb_section][et_pb_section fb_built=&#8220;1&#8243; admin_label=&#8220;How It Works&#8220; _builder_version=&#8220;4.16&#8243; custom_padding=&#8220;|||&#8220; global_colors_info=&#8220;{}&#8220;][et_pb_row _builder_version=&#8220;4.16&#8243; custom_padding=&#8220;36px|||||&#8220; locked=&#8220;off&#8220; global_colors_info=&#8220;{}&#8220;][et_pb_column type=&#8220;4_4&#8243; _builder_version=&#8220;4.16&#8243; custom_padding=&#8220;|||&#8220; global_colors_info=&#8220;{}&#8220; custom_padding__hover=&#8220;|||&#8220;][et_pb_text admin_label=&#8220;Text&#8220; _builder_version=&#8220;4.16&#8243; header_2_font=&#8220;Nunito|700|||||||&#8220; header_2_text_color=&#8220;#7A4E36&#8243; header_3_font=&#8220;Nunito|700|||||||&#8220; header_3_text_color=&#8220;#7A4E36&#8243; text_orientation=&#8220;left&#8220; global_colors_info=&#8220;{}&#8220;]<\/p>\n<h3>Almudena und Jos\u00e9 Manuel &#8211; 10. Februar 2023<\/h3>\n<p><em>Danke, dass Sie uns geholfen haben, dass Sie uns endlich die Dinge erkl\u00e4rt haben und dass Sie verstanden haben, dass wir noch mehr Tests durchf\u00fchren k\u00f6nnen. Der Transfer unseres Embryos zu Ihnen war die beste Entscheidung, denn wir wussten, dass Sie sich um den Embryo k\u00fcmmern w\u00fcrden, als ob es Ihr eigener w\u00e4re. Wir sind gl\u00fccklich, danke, danke, danke, danke.<\/em><\/p>\n<h3><\/h3>\n<h3>Tamara und Lorena &#8211; 20. Januar 2023<\/h3>\n<p><i>Ist das nicht unglaublich? Im September haben wir Sie besucht und festgestellt, dass Sie uns die Sch\u00f6nheit von ROPA n\u00e4her gebracht haben. Und jetzt wollen wir mit Ihnen best\u00e4tigen, dass wir ein M\u00e4dchen haben werden!!!! Vielen Dank f\u00fcr alles, und k\u00fcmmern Sie sich um die Embryonen, die wir dort haben, wir werden uns f\u00fcr den Bruder entscheiden!!!<\/i><\/p>\n<h3><\/h3>\n<h3>Maria &#8211; 16. Januar 2023<\/h3>\n<p><em>Das ist Martin! Sie kam in der Nacht, eine nat\u00fcrliche Geburt, eine schnelle Stunde, wie Sie mir gesagt haben. Es geht uns beiden sehr gut, und ich bin sehr gl\u00fccklich. Ich hoffe, dass ich Sie bald besuchen und ihn kennenlernen kann. Du wirst immer ein Teil unserer Familie sein.<\/em> <\/p>\n<h3><\/h3>\n<h3>Susana und Vicente &#8211; 15. Dezember 2022<\/h3>\n<p><em>Ich w\u00fcnsche Ihnen ein frohes Weihnachtsfest und alles Gute f\u00fcr das neue Jahr. Einen dicken Kuss an meine ERGO-Familie (Catalina)<\/em><\/p>\n<h3><\/h3>\n<h3><\/h3>\n<h3>Ahinoa und Christian &#8211; 6. Oktober 2022<\/h3>\n<p><em>Wir k\u00f6nnen nur DANKE sagen! Nicht nur f\u00fcr die Erf\u00fcllung unseres Traums, sondern auch f\u00fcr die Zuneigung, mit der Sie uns immer behandeln. Bei Ihnen f\u00fchlen wir uns wie zu Hause<\/em><\/p>\n<h3><\/h3>\n<h3>Rebe und Mario &#8211; 24. August 2022<\/h3>\n<p><em>Vielen Dank, dass Sie uns geholfen haben, unseren Traum zu verwirklichen. Sie sind ein gro\u00dfartiges Team, und wir werden Ihnen immer dankbar sein f\u00fcr dieses Geschenk, das Sie uns gemacht haben. Ich danke Ihnen aus tiefstem Herzen. Thiago.<\/em><\/p>\n<h3><\/h3>\n<h3>\u00d3scar und Carmen- 9. Mai 2022<\/h3>\n<p><em>Ich danke Ihnen f\u00fcr alles! Ihr seid ein tolles Team. Wir haben Ihnen vertraut, weil wir wussten, dass wir es schaffen w\u00fcrden! Ich danke Ihnen!<\/em><\/p>\n<h3><\/h3>\n<h3>Susana und Dar\u00edo &#8211; 28. Februar 2022<\/h3>\n<p><em>Eine Arbeitskollegin sah mich nach meiner zweiten Fehlgeburt so traurig, dass sie mir riet, Abel aufzusuchen, einen Embryologen, der ihr vor Jahren geholfen hatte, und sie hatte absolut Recht. Schon nach 10 Minuten wussten wir, dass wir hier bleiben w\u00fcrden. Sie haben es uns so leicht gemacht, uns zu behandeln, und so leicht zu verstehen, wie kompliziert die Genetik ist, dass wir, wie Abel sagte, fast einen Master-Abschluss haben. M\u00e4dels, wisst ihr noch, wie wir das erste Mal hierher kamen? Jetzt schaue ich gerne zur\u00fcck und sehe, wie wir hierher gekommen sind. Ihr seid ein tolles Team. Wir freuen uns schon darauf, Mateo zu umarmen. Danke, dass Sie Teil unserer Geschichte sind, Sie sind perfekt. <\/em><\/p>\n<h3><\/h3>\n<h3>Paloma und Jos\u00e9 \u00c1ngel &#8211; 14. Januar 2022<\/h3>\n<p><em>Vielen Dank f\u00fcr Ihr Einf\u00fchlungsverm\u00f6gen, Ihre Liebe und Ihre Hingabe, mit der Sie unseren Traum verwirklicht haben. Einen dicken Kuss an das gesamte Team der ERGO-Klinik (K\u00fcsse von Paula).<\/em><\/p>\n<h3><\/h3>\n<h3><\/h3>\n<h3>Andrea und Angel &#8211; 22. Dezember 2021<\/h3>\n<p><em>Liebe ERGO-Familie. Besonders unserem lieben Abel w\u00fcnschen wir all das Gl\u00fcck, das du uns mit deiner Arbeit, deiner Professionalit\u00e4t und deinem Engagement geschenkt hast. Wir werden Ihnen nie daf\u00fcr danken k\u00f6nnen, wie gl\u00fccklich wir sind. Bald werden wir Sie zu Rodrigo bringen, um Sie zu treffen. Wir w\u00fcnschen Ihnen frohe Festtage und dass Sie noch lange Zeit viele Familien gl\u00fccklich machen werden.<\/em><\/p>\n<h3><\/h3>\n<h3>Tania und Rub\u00e9n &#8211; 14. Oktober 2021<\/h3>\n<p><em>Du bist unser Licht gewesen.<\/em><\/p>\n<h3><\/h3>\n<h3><\/h3>\n<h3>Barbara und Gael- 28. September 2021<\/h3>\n<p><em>Guten Morgen M\u00e4dels! Ich schreibe euch, um euch zu sagen, dass ich am Sonntag endlich auf &#8230;. gehe. Ich habe die Beta f\u00fcr den 15. angesetzt und werde euch von dort aus mit dem Ergebnis schreiben. Was auch immer passiert, wir m\u00f6chten euch f\u00fcr alles danken, was ihr getan habt. Wir haben uns ganz anders gef\u00fchlt als bei den beiden vorherigen Malen in Madrid, die Behandlung, die N\u00e4he, die F\u00fcrsorge, &#8230;. Wirklich, vielen Dank, denn obwohl man es jeden Tag sieht, sind diese Dinge f\u00fcr uns, die wir so etwas durchmachen, sehr wichtig. Eine herzliche Umarmung f\u00fcr alle, und wir lassen Sie wissen, wie das Ergebnis ausgefallen ist&#8230;.<\/em><\/p>\n<p><em>Und am 24. Mai 2022 wurde das kleine M\u00e4dchen geboren&#8230; zur\u00fcck in ihrem fernen Land. <\/em><\/p>\n<h3><\/h3>\n<h3><\/h3>\n<h3>Bea &#8211; 6. September 2021<\/h3>\n<p><em>Wir danken Maria und Abel von ganzem Herzen, dass sie uns w\u00e4hrend des gesamten Prozesses begleitet und unterst\u00fctzt haben. Genie\u00dfen Sie es in unserem Namen und im Namen derer, die noch kommen werden. Bss<\/em><\/p>\n<p>Eine sch\u00f6ne Karte mit Pralinen, Blumen und Champagner.<em><\/em><\/p>\n<h3><\/h3>\n<h3><\/h3>\n<h3>Antonio und Angela &#8211; 18. August 2021<\/h3>\n<p><em>Vielen Dank an das gesamte Team der ERGO-Klinik f\u00fcr die famili\u00e4re, herzliche und liebevolle Behandlung, die sie uns zuteil werden lie\u00dfen!!! Und vor allem f\u00fcr die gute Arbeit, die geleistet wurde. Ein dicker Kuss<\/em><\/p>\n<h3><strong><\/strong><\/h3>\n<h3><strong>Almudena und David<\/strong> &#8211; 24. Juni 2021<\/h3>\n<p><em>Ich bin gl\u00fccklich und traurig zugleich. Ich bin sehr traurig, dass es zu Ende geht, weil ich so gl\u00fccklich mit dir bin&#8230;.<\/em><\/p>\n<p>Das war die sch\u00f6ne Botschaft, die sie uns schickten, als wir sie mit ihrer sich entwickelnden Schwangerschaft entlie\u00dfen.<em><\/em><\/p>\n<p><strong><\/strong><\/p>\n<h3><strong><\/strong><\/h3>\n<h3><strong><\/strong><\/h3>\n<h3><strong><\/strong><\/h3>\n<h3><strong>Lorena und Carlos<\/strong> &#8211; 31. M\u00e4rz 2021<\/h3>\n<p><i>S\u00fc\u00dfe Blumen f\u00fcr das s\u00fc\u00dfeste Team der Welt. Ich danke Ihnen f\u00fcr Ihr Verst\u00e4ndnis und Ihre Liebe.<br \/><\/i><i><\/i><\/p>\n<p>Eine Karte, die ein s\u00fc\u00dfes Geschenk begleitet.<i><\/i><\/p>\n<h3><strong><\/strong><\/h3>\n<h3><strong><\/strong><\/h3>\n<h3><strong><\/strong><\/h3>\n<h3><strong><\/strong><\/h3>\n<h3><strong><\/strong><\/h3>\n<h3><strong><\/strong><\/h3>\n<h3><strong>Verona<\/strong> &#8211; 22. Januar 2021<\/h3>\n<p><em>Hallo zusammen!<\/em><br \/><em>Die Wahrheit ist, dass wir uns bisher nicht \u00fcber die Behandlung beschweren k\u00f6nnen, die wir erhalten haben, sehr aufmerksam sowohl pers\u00f6nlich als auch per Telefon oder Whatsapp und keine Probleme, Zweifel zu beseitigen. Sie versuchen, Termine au\u00dferhalb meiner Arbeitszeit zu vereinbaren, obwohl ich montags etwas fr\u00fcher gehen muss, um den Termin wahrnehmen zu k\u00f6nnen, denn es gibt Tage, an denen sehr viel los ist.<\/em><br \/><em>Gestern hatten wir unsere Bluttests und meine Kontrolluntersuchung, sie haben entschieden, dass alles in Ordnung ist, um mit der Behandlung zu beginnen, also nehme ich seit gestern Abend Gonal, ich habe am Montag eine Kontrolluntersuchung, um zu sehen, wie alles l\u00e4uft, aber nach den ungef\u00e4hren Daten, die sie mir gegeben haben&#8230;.<\/em><br \/><em>Ich bin, oder besser gesagt wir sind geschockt, dass alles so schnell gehen kann und der Tag der Entscheidung naht. Ich bin an einem Punkt, an dem ich aufgeregt dar\u00fcber bin, was passieren k\u00f6nnte, aber ich bin auch nicht zu \u00fcberschw\u00e4nglich \u00fcber das, was passieren k\u00f6nnte, ich m\u00f6chte diesen Schlag nicht einstecken. Ich denke, ich muss etwas Dampf ablassen, und diejenigen von uns, die sich damit besch\u00e4ftigen, verstehen einander besser als jeder andere.<\/em><br \/><em>Viel Gl\u00fcck!<\/em><\/p>\n<p>[\/et_pb_text][et_pb_divider color=&#8220;#7A4E36&#8243; divider_position=&#8220;center&#8220; _builder_version=&#8220;4.16&#8243; _module_preset=&#8220;default&#8220; custom_margin=&#8220;0px||||false|false&#8220; custom_padding=&#8220;0px||||false|false&#8220; global_colors_info=&#8220;{}&#8220;][\/et_pb_divider][et_pb_text admin_label=&#8220;Text&#8220; _builder_version=&#8220;4.16&#8243; header_2_font=&#8220;Nunito|700|||||||&#8220; header_2_text_color=&#8220;#7A4E36&#8243; header_3_font=&#8220;Nunito|700|||||||&#8220; header_3_text_color=&#8220;#7A4E36&#8243; text_orientation=&#8220;left&#8220; custom_margin=&#8220;0px||||false|false&#8220; custom_padding=&#8220;0px||||false|false&#8220; global_colors_info=&#8220;{}&#8220;]<\/p>\n<h3><strong>Neni26<\/strong> &#8211; 30. Oktober 2020<\/h3>\n<p><em>Guten Abend,<\/em><br \/><em>Wir haben eine k\u00fcnstliche Befruchtung mit Ellis durchgef\u00fchrt, und obwohl wir kein Gl\u00fcck hatten, sind wir sehr zufrieden mit der Behandlung, die wir erhalten haben. Wegen der Arbeit haben wir den zweiten Versuch verschoben, aber wir werden ihn bald wieder aufnehmen.<\/em><br \/><em>Ehrlich gesagt, k\u00f6nnen wir wegen der Sozialversicherung nicht gehen, weil wir zum Gl\u00fcck ein gemeinsames Kind haben, das zweite ist das, das es nicht schafft. Wir haben seit etwa 6 Jahren keinen Schutz mehr verwendet, und es gibt keine M\u00f6glichkeit.<\/em><em><\/em><\/p>\n<p>[\/et_pb_text][et_pb_divider color=&#8220;#7A4E36&#8243; divider_position=&#8220;center&#8220; _builder_version=&#8220;4.16&#8243; _module_preset=&#8220;default&#8220; custom_margin=&#8220;0px||||false|false&#8220; custom_padding=&#8220;0px||||false|false&#8220; global_colors_info=&#8220;{}&#8220;][\/et_pb_divider][et_pb_text admin_label=&#8220;Text&#8220; _builder_version=&#8220;4.16&#8243; header_2_font=&#8220;Nunito|700|||||||&#8220; header_2_text_color=&#8220;#7A4E36&#8243; header_3_font=&#8220;Nunito|700|||||||&#8220; header_3_text_color=&#8220;#7A4E36&#8243; text_orientation=&#8220;left&#8220; custom_margin=&#8220;0px||||false|false&#8220; custom_padding=&#8220;0px||||false|false&#8220; global_colors_info=&#8220;{}&#8220;]<\/p>\n<h3><strong>Jcaasturias<\/strong> &#8211; 26. November 2019<\/h3>\n<p><em>Ich habe es auch machen lassen, vor allem nach der PID, die uns empfohlen wurde, und Gott sei Dank, denn ich habe nicht viele gute K\u00e4fer bekommen und das Fenster war einen ganzen Tag lang verdr\u00e4ngt.<\/em><br \/><em>Der Test nennt sich Endometriumtest und tut bei der Entnahme der Probe etwas weh, dauert aber nur 5 Sekunden. Ich glaube, sie waren die ersten, die das in Asturien gemacht haben, denn Maria hat eine Doktorarbeit dar\u00fcber geschrieben. Das war eines der Dinge, die mir am meisten Sicherheit gegeben haben, weil sie die Aufnahmef\u00e4higkeit stark kontrollieren m\u00fcssen. Sie k\u00f6nnen sie fragen, ob es f\u00fcr Ihren Fall n\u00fctzlich w\u00e4re, sie ist sehr nett, sie erkl\u00e4rt alles sehr gut und obendrein berechnet sie Ihnen keine Kosten f\u00fcr den ersten Besuch&#8230;. <\/em><br \/><em>Wir unsererseits empfehlen dringend<\/em><\/p>\n<p><em><br \/><\/em><em><\/em><\/p>\n<p>[\/et_pb_text][\/et_pb_column][\/et_pb_row][\/et_pb_section][et_pb_section fb_built=&#8220;1&#8243; prev_background_color=&#8220;#ffffff&#8220; next_background_color=&#8220;#ffffff&#8220; admin_label=&#8220;Who Is Coaching For?&#8220; _builder_version=&#8220;4.16&#8243; background_color=&#8220;#345168&#8243; use_background_color_gradient=&#8220;on&#8220; background_color_gradient_stops=&#8220;#345168 5%|rgba(219,219,219,0) 100%&#8220; background_color_gradient_overlays_image=&#8220;on&#8220; background_color_gradient_start=&#8220;#345168&#8243; background_color_gradient_start_position=&#8220;5%&#8220; background_color_gradient_end=&#8220;rgba(219,219,219,0)&#8220; background_image=&#8220;https:\/\/clinicaergo.com\/wp-content\/uploads\/2021\/05\/life-coach-34.jpg&#8220; min_height=&#8220;89.3px&#8220; custom_padding=&#8220;0px||0px||true|false&#8220; top_divider_style=&#8220;slant&#8220; top_divider_flip=&#8220;horizontal&#8220; bottom_divider_style=&#8220;slant&#8220; bottom_divider_flip=&#8220;horizontal&#8220; background_color_gradient_stops_tablet=&#8220;#345168 5%|rgba(219,219,219,0) 100%&#8220; background_color_gradient_stops_phone=&#8220;#345168 5%|rgba(219,219,219,0) 100%&#8220; global_module=&#8220;332121&#8243; saved_tabs=&#8220;all&#8220; locked=&#8220;off&#8220; global_colors_info=&#8220;{}&#8220;][et_pb_row column_structure=&#8220;3_5,2_5&#8243; _builder_version=&#8220;4.16&#8243; min_height=&#8220;485.4px&#8220; custom_margin=&#8220;|auto|0px|auto|false|false&#8220; custom_padding=&#8220;141px||0px||false|false&#8220; use_custom_width=&#8220;on&#8220; locked=&#8220;off&#8220; global_colors_info=&#8220;{}&#8220;][et_pb_column type=&#8220;3_5&#8243; _builder_version=&#8220;4.16&#8243; custom_padding=&#8220;|||&#8220; global_colors_info=&#8220;{}&#8220; custom_padding__hover=&#8220;|||&#8220;][et_pb_text admin_label=&#8220;Text&#8220; _builder_version=&#8220;4.16&#8243; text_font=&#8220;Poppins|300|||||||&#8220; text_font_size=&#8220;17px&#8220; header_2_font=&#8220;Nunito|900|||||||&#8220; background_layout=&#8220;dark&#8220; global_colors_info=&#8220;{}&#8220;]<\/p>\n<h2>Ben\u00f6tigen Sie weitere Informationen?<\/h2>\n<p>Wir sind ein Team von mehr als <strong>15 Fachleuten<\/strong>, die sich auf die assistierte Reproduktion und die Gesundheit der Frau spezialisiert haben. Haben Sie irgendwelche Zweifel? Wir laden Sie ein, uns kennen zu lernen, Ihr erster Besuch ist v\u00f6llig kostenlos.<\/p>\n<p>[\/et_pb_text][et_pb_button button_url=&#8220;https:\/\/clinicaergo.com\/de\/kontakt\/&#8220; button_text=&#8220;Vereinbaren Sie Ihren ersten Termin KOSTENLOS&#8220; button_alignment=&#8220;center&#8220; admin_label=&#8220;Get Started&#8220; _builder_version=&#8220;4.16&#8243; _module_preset=&#8220;default&#8220; custom_button=&#8220;on&#8220; button_text_size=&#8220;14px&#8220; button_text_color=&#8220;#ffffff&#8220; button_bg_color=&#8220;#4b2614&#8243; button_border_width=&#8220;1px&#8220; button_border_color=&#8220;RGBA(0,0,0,0)&#8220; button_border_radius=&#8220;50px&#8220; button_letter_spacing=&#8220;1px&#8220; button_font=&#8220;Poppins|600||on|||||&#8220; button_use_icon=&#8220;off&#8220; custom_margin=&#8220;20px|20px|||false|false&#8220; custom_margin_phone=&#8220;|20px|||false|false&#8220; custom_margin_last_edited=&#8220;off|desktop&#8220; custom_padding=&#8220;14px|50px|14px|50px|true|true&#8220; box_shadow_style=&#8220;preset3&#8243; box_shadow_color=&#8220;rgba(0,0,0,0.2)&#8220; locked=&#8220;off&#8220; global_colors_info=&#8220;{%22gcid-0b134dd3-bba5-4a0c-9138-44a2493e22ee%22:%91%22button_bg_color%22%93}&#8220; button_bg_color__hover_enabled=&#8220;on|desktop&#8220; button_bg_enable_color__hover=&#8220;on&#8220; button_text_color__hover_enabled=&#8220;off|hover&#8220; custom_padding__hover_enabled=&#8220;off|hover&#8220; button_bg_color__hover=&#8220;rgba(255,255,255,0.1)&#8220; button_border_color__hover_enabled=&#8220;on|hover&#8220; button_border_color__hover=&#8220;#ffffff&#8220;][\/et_pb_button][\/et_pb_column][et_pb_column type=&#8220;2_5&#8243; _builder_version=&#8220;4.16&#8243; custom_padding=&#8220;|||&#8220; global_colors_info=&#8220;{}&#8220; custom_padding__hover=&#8220;|||&#8220;][et_pb_image src=&#8220;https:\/\/clinicaergo.com\/wp-content\/uploads\/2021\/04\/equipo-maria.jpg&#8220; alt=&#8220;Gesundheitspsychologe in Gij\u00f3n&#8220; title_text=&#8220;team-maria&#8220; _builder_version=&#8220;4.16&#8243; _module_preset=&#8220;default&#8220; border_radii=&#8220;on|20px|20px|20px|20px&#8220; box_shadow_style=&#8220;preset2&#8243; global_colors_info=&#8220;{}&#8220;][\/et_pb_image][\/et_pb_column][\/et_pb_row][\/et_pb_section][et_pb_section fb_built=&#8220;1&#8243; _builder_version=&#8220;4.16&#8243; _module_preset=&#8220;default&#8220; global_colors_info=&#8220;{}&#8220;][et_pb_row _builder_version=&#8220;4.16&#8243; _module_preset=&#8220;default&#8220; global_colors_info=&#8220;{}&#8220;][et_pb_column type=&#8220;4_4&#8243; _builder_version=&#8220;4.16&#8243; _module_preset=&#8220;default&#8220; global_colors_info=&#8220;{}&#8220;][\/et_pb_column][\/et_pb_row][\/et_pb_section]<\/p>\n","protected":false},"excerpt":{"rendered":"<p>Erfolgreiche F\u00e4lle von In-vitro-Fertilisation in Gij\u00f3n, AsturienAlmudena und Jos\u00e9 Manuel &#8211; 10. Februar 2023 Danke, dass Sie uns geholfen haben, dass Sie uns endlich die Dinge erkl\u00e4rt haben und dass Sie verstanden haben, dass wir noch mehr Tests durchf\u00fchren k\u00f6nnen. Der Transfer unseres Embryos zu Ihnen war die beste Entscheidung, denn wir wussten, dass Sie [&hellip;]<\/p>\n","protected":false},"author":1,"featured_media":0,"parent":0,"menu_order":0,"comment_status":"closed","ping_status":"closed","template":"","meta":{"_et_pb_use_builder":"on","_et_pb_old_content":"","_et_gb_content_width":"","_joinchat":[],"footnotes":""},"class_list":["post-335960","page","type-page","status-publish","hentry"],"_links":{"self":[{"href":"https:\/\/clinicaergo.com\/de\/wp-json\/wp\/v2\/pages\/335960","targetHints":{"allow":["GET"]}}],"collection":[{"href":"https:\/\/clinicaergo.com\/de\/wp-json\/wp\/v2\/pages"}],"about":[{"href":"https:\/\/clinicaergo.com\/de\/wp-json\/wp\/v2\/types\/page"}],"author":[{"embeddable":true,"href":"https:\/\/clinicaergo.com\/de\/wp-json\/wp\/v2\/users\/1"}],"replies":[{"embeddable":true,"href":"https:\/\/clinicaergo.com\/de\/wp-json\/wp\/v2\/comments?post=335960"}],"version-history":[{"count":0,"href":"https:\/\/clinicaergo.com\/de\/wp-json\/wp\/v2\/pages\/335960\/revisions"}],"wp:attachment":[{"href":"https:\/\/clinicaergo.com\/de\/wp-json\/wp\/v2\/media?parent=335960"}],"curies":[{"name":"wp","href":"https:\/\/api.w.org\/{rel}","templated":true}]}}