{"id":335976,"date":"2017-12-18T17:19:20","date_gmt":"2017-12-18T17:19:20","guid":{"rendered":"https:\/\/clinicaergo.com\/methoden-der-empfaengnisverhuetung\/"},"modified":"2026-03-17T11:27:14","modified_gmt":"2026-03-17T11:27:14","slug":"methoden-der-empfaengnisverhuetung","status":"publish","type":"page","link":"https:\/\/clinicaergo.com\/de\/methoden-der-empfaengnisverhuetung\/","title":{"rendered":"Methoden der Empf\u00e4ngnisverh\u00fctung"},"content":{"rendered":"<h3><em><strong>Was ist der Verh\u00fctungsbesuch?<\/strong><\/em><\/h3>\n<p>In der ERGO-Klinik bieten wir Ihnen die M\u00f6glichkeit, sich von einem unserer Gyn\u00e4kologen, einem Experten f\u00fcr Empf\u00e4ngnisverh\u00fctung, \u00fcber die vorhandenen Verh\u00fctungsmethoden informieren zu lassen.<\/p>\n<p>Wir beraten Sie \u00fcber die Alternativen, die die heutige Medizin bietet, und k\u00f6nnen je nach Ihrer pers\u00f6nlichen Situation entscheiden, welche Verh\u00fctungsmethode f\u00fcr Sie am besten geeignet ist.<\/p>\n<h3><strong><em>F\u00fcr wen?<\/em><\/strong><\/h3>\n<p>Dieser Besuch richtet sich an alle sexuell aktiven Frauen, die ihre Schwangerschaft mit der je nach Alter, Paarsituation, Kindern usw. am besten geeigneten Methode hinausz\u00f6gern m\u00f6chten. Jede Frau braucht je nach ihrer pers\u00f6nlichen Situation eine andere Methode der Empf\u00e4ngnisverh\u00fctung:<\/p>\n<ul>\n<li> Kein fester Partner: <strong>Barrieremethoden<\/strong><\/li>\n<li> Mit festen, m\u00f6glichst jungen Partnern: <strong>hormonelle Methoden<\/strong><\/li>\n<li> Mit festem Partner, oft mit fr\u00fcheren Schwangerschaften, die eine reversible Methode w\u00fcnschen: <strong>Intrauterinpessare<\/strong><\/li>\n<li> Mit fr\u00fcheren Schwangerschaften, die ihren Wunsch, Mutter zu werden, erf\u00fcllt haben: <strong>chirurgische Methoden<\/strong><\/li>\n<\/ul>\n<h3><em><strong>Welche Methoden der Empf\u00e4ngnisverh\u00fctung bieten wir an?<\/strong><\/em><\/h3>\n<p>Es gibt verschiedene Methoden der Empf\u00e4ngnisverh\u00fctung, die wir Ihnen im Folgenden vorstellen, um Ihnen einen \u00dcberblick \u00fcber alle M\u00f6glichkeiten zu verschaffen, die Ihnen zur Verf\u00fcgung stehen. Fragen Sie Ihren Gyn\u00e4kologen oder Ihre Gyn\u00e4kologin, welche Methode f\u00fcr Sie die richtige ist. In der ERGO-Klinik erhalten Sie <strong>die beste Beratung und die modernsten Techniken, um die Methode Ihrer Wahl anzuwenden<\/strong>.<strong> <\/strong><\/p>\n<ul>\n<li><strong>Barrieremethoden:<\/strong><\/li>\n<\/ul>\n<p><strong>Kondom f\u00fcr M\u00e4nner<\/strong>: Eine d\u00fcnne, elastische H\u00fclle, die vor der Penetration \u00fcber den erigierten Penis gezogen wird. Bei der Ejakulation bleiben die Spermien im Inneren und verhindern, dass der Samen in die Vagina gelangt. 97% Wirkungsgrad<\/p>\n<p><strong>Kondom f\u00fcr die Frau<\/strong>: Eine d\u00fcnne, durchsichtige H\u00fclle, die vor der Penetration in die Vagina eingef\u00fchrt wird, so dass der Penis w\u00e4hrend des Geschlechtsverkehrs bedeckt ist und die Samenfl\u00fcssigkeit gespeichert wird. Wirkungsgrad 95%.<\/p>\n<p><strong>Diaphragma<\/strong>: Eine weiche Latexkappe, die eine Frau vor dem Geschlechtsverkehr in ihre Vagina einf\u00fchrt, die \u00fcber den Geb\u00e4rmutterhals passt und als physische Barriere f\u00fcr Spermien dient. Wirkungsgrad 92-967% Wirkungsgrad 92-967% Wirkungsgrad 92-967% Wirkungsgrad 92-967% Wirkungsgrad<\/p>\n<p><strong>Kupferspirale<\/strong>: Das Intrauterinpessar (IUP) ist ein kleines Ger\u00e4t aus Kunststoff und Kupfer, das in der Regel die Form eines T hat. Es ist zwischen 2,5 und 3,5 cm lang und 1,5 cm breit. Sie wird durch den Geb\u00e4rmutterhals in die Geb\u00e4rmutterh\u00f6hle eingef\u00fchrt, um eine Schwangerschaft zu verhindern, und wird von der Frau st\u00e4ndig getragen. Wirkungsgrad 98-99%.<\/p>\n<ul>\n<li><strong>Barrieremethoden und hormonelle Methoden<\/strong><\/li>\n<\/ul>\n<p><strong>Hormondiu<\/strong>: Eine T-f\u00f6rmige Kunststoffvorrichtung, die ein Hormon namens Progesteron in die Geb\u00e4rmutter abgibt, wodurch die Befruchtung erschwert wird. Wirkungsgrad +99%.<\/p>\n<ul>\n<li><strong>Hormonelle Methoden<\/strong><\/li>\n<\/ul>\n<p><strong>Pflaster<\/strong>: Ein Pflaster, das \u00d6strogen und Gestagen freisetzt, um den Eisprung zu verhindern. Es wird drei Wochen lang jede Woche geklebt, wobei w\u00e4hrend der Menstruation eine Woche Pause gemacht wird. Wirkungsgrad 99%.<\/p>\n<p><strong>Vaginalring<\/strong>: Es handelt sich um einen weichen, flexiblen Kunststoffring mit einem Durchmesser von 5 cm, der drei Wochen lang in die Scheide eingef\u00fchrt wird, wobei w\u00e4hrend der Menstruation eine Woche Pause eingelegt wird. Wirkungsgrad 99%.<\/p>\n<p><strong>Injektionspr\u00e4parate<\/strong>: Alle zwei Monate wird eine Progesteron-Spritze in den Arm oder das Ges\u00e4\u00df der Frau verabreicht. Wirkungsgrad 99%.<\/p>\n<p><strong>Pille<\/strong>: Es gibt zwei Haupttypen von Antibabypillen: kombinierte \u00d6strogen-Progesteron-Pillen und reine Progesteron-Pillen. Beide setzen synthetische Hormone frei, die die Wahrscheinlichkeit einer Schwangerschaft verringern. Wirkungsgrad 99%.<\/p>\n<p><strong>Verh\u00fctungsimplantat<\/strong>: Es handelt sich um ein Implantat, das unter die Haut des Unterarms eingesetzt wird und durch die Freisetzung von Progesteron eine Befruchtung verhindert. Wirkungsgrad +99%.<\/p>\n<ul>\n<li><strong>Chirurgische Methoden:<\/strong><\/li>\n<\/ul>\n<p><strong>Tubenligatur<\/strong>: Hierbei werden die Eileiter durchtrennt oder verschlossen, um zu verhindern, dass die Eizelle in die Geb\u00e4rmutter gelangt und somit befruchtet werden kann. Er wird im Operationssaal unter Vollnarkose durchgef\u00fchrt und dauert etwa 15 Minuten. Wirkungsgrad 99%.<\/p>\n<h3><em><strong>Preise<\/strong><\/em><\/h3>\n<p>Beratung: \u20ac60<\/p>\n<p>Konsultation + Ultraschall: 80\u20ac.<\/p>\n<p>Ultraschall f\u00fcr IVF-Behandlungen: 80 \u20ac.<\/p>\n<p>Konsultation + Zytologie: 75 \u20ac.<\/p>\n<p>Beratung und Austausch der Spirale: 100 \u20ac (Spirale wird von der Patientin gestellt)<\/p>\n","protected":false},"excerpt":{"rendered":"<p>Was ist der Verh\u00fctungsbesuch? In der ERGO-Klinik bieten wir Ihnen die M\u00f6glichkeit, sich von einem unserer Gyn\u00e4kologen, einem Experten f\u00fcr Empf\u00e4ngnisverh\u00fctung, \u00fcber die vorhandenen Verh\u00fctungsmethoden informieren zu lassen. Wir beraten Sie \u00fcber die Alternativen, die die heutige Medizin bietet, und k\u00f6nnen je nach Ihrer pers\u00f6nlichen Situation entscheiden, welche Verh\u00fctungsmethode f\u00fcr Sie am besten geeignet ist. [&hellip;]<\/p>\n","protected":false},"author":1,"featured_media":0,"parent":0,"menu_order":0,"comment_status":"closed","ping_status":"closed","template":"","meta":{"_et_pb_use_builder":"","_et_pb_old_content":"","_et_gb_content_width":"","_joinchat":[],"footnotes":""},"class_list":["post-335976","page","type-page","status-publish","hentry"],"_links":{"self":[{"href":"https:\/\/clinicaergo.com\/de\/wp-json\/wp\/v2\/pages\/335976","targetHints":{"allow":["GET"]}}],"collection":[{"href":"https:\/\/clinicaergo.com\/de\/wp-json\/wp\/v2\/pages"}],"about":[{"href":"https:\/\/clinicaergo.com\/de\/wp-json\/wp\/v2\/types\/page"}],"author":[{"embeddable":true,"href":"https:\/\/clinicaergo.com\/de\/wp-json\/wp\/v2\/users\/1"}],"replies":[{"embeddable":true,"href":"https:\/\/clinicaergo.com\/de\/wp-json\/wp\/v2\/comments?post=335976"}],"version-history":[{"count":1,"href":"https:\/\/clinicaergo.com\/de\/wp-json\/wp\/v2\/pages\/335976\/revisions"}],"predecessor-version":[{"id":337614,"href":"https:\/\/clinicaergo.com\/de\/wp-json\/wp\/v2\/pages\/335976\/revisions\/337614"}],"wp:attachment":[{"href":"https:\/\/clinicaergo.com\/de\/wp-json\/wp\/v2\/media?parent=335976"}],"curies":[{"name":"wp","href":"https:\/\/api.w.org\/{rel}","templated":true}]}}