{"id":336004,"date":"2023-01-05T13:57:00","date_gmt":"2023-01-05T13:57:00","guid":{"rendered":"https:\/\/clinicaergo.com\/internationale-patienten\/"},"modified":"2023-07-18T16:24:07","modified_gmt":"2023-07-18T16:24:07","slug":"internationale-patienten","status":"publish","type":"page","link":"https:\/\/clinicaergo.com\/de\/internationale-patienten\/","title":{"rendered":"Internationale Patienten"},"content":{"rendered":"<p>[et_pb_section fb_built=&#8220;1&#8243; fullwidth=&#8220;on&#8220; _builder_version=&#8220;4.16&#8243; bottom_divider_style=&#8220;slant&#8220; bottom_divider_color=&#8220;#FFFFFF&#8220; bottom_divider_flip=&#8220;horizontal&#8220; animation_direction=&#8220;top&#8220; locked=&#8220;off&#8220; global_colors_info=&#8220;{}&#8220;][et_pb_fullwidth_header title=&#8220;Internationale Patienten&#8220; subhead=&#8220;Nachrichten von einigen unserer Kunden&#8220; text_orientation=&#8220;center&#8220; background_overlay_color=&#8220;rgba(53,38,35,0.67)&#8220; _builder_version=&#8220;4.19.4&#8243; title_font=&#8220;Nunito|700|||||||&#8220; title_font_size=&#8220;46px&#8220; title_line_height=&#8220;1.5em&#8220; content_font=&#8220;Lato|300|||||||&#8220; content_font_size=&#8220;20px&#8220; content_line_height=&#8220;3em&#8220; subhead_font=&#8220;Nunito|700|||||||&#8220; subhead_font_size=&#8220;25px&#8220; subhead_line_height=&#8220;1.5em&#8220; background_color=&#8220;#afafaf&#8220; background_image=&#8220;https:\/\/clinicaergo.com\/wp-content\/uploads\/2023\/01\/cabecera-pacientes-internacionales-embarazo.jpg&#8220; custom_margin=&#8220;|||&#8220; custom_padding=&#8220;5vw||150px||false&#8220; animation_style=&#8220;slide&#8220; animation_direction=&#8220;top&#8220; animation_intensity_slide=&#8220;2%&#8220; hover_enabled=&#8220;0&#8243; title_font_size_tablet=&#8220;36px&#8220; title_font_size_phone=&#8220;&#8220; title_font_size_last_edited=&#8220;on|phone&#8220; global_colors_info=&#8220;{}&#8220; button_one_text_size__hover_enabled=&#8220;off&#8220; button_two_text_size__hover_enabled=&#8220;off&#8220; button_one_text_color__hover_enabled=&#8220;off&#8220; button_two_text_color__hover_enabled=&#8220;off&#8220; button_one_border_width__hover_enabled=&#8220;off&#8220; button_two_border_width__hover_enabled=&#8220;off&#8220; button_one_border_color__hover_enabled=&#8220;off&#8220; button_two_border_color__hover_enabled=&#8220;off&#8220; button_one_border_radius__hover_enabled=&#8220;off&#8220; button_two_border_radius__hover_enabled=&#8220;off&#8220; button_one_letter_spacing__hover_enabled=&#8220;off&#8220; button_two_letter_spacing__hover_enabled=&#8220;off&#8220; button_one_bg_color__hover_enabled=&#8220;off&#8220; button_two_bg_color__hover_enabled=&#8220;off&#8220; alt=&#8220;Cabecera Pacientes Internacionales&#8220; sticky_enabled=&#8220;0&#8243;]<\/p>\n<p>Erfolgreiche F\u00e4lle von In-vitro-Fertilisation in Gij\u00f3n, Asturien<\/p>\n<p>[\/et_pb_fullwidth_header][\/et_pb_section][et_pb_section fb_built=&#8220;1&#8243; admin_label=&#8220;How It Works&#8220; _builder_version=&#8220;4.16&#8243; custom_padding=&#8220;|||&#8220; global_colors_info=&#8220;{}&#8220;][et_pb_row _builder_version=&#8220;4.16&#8243; custom_padding=&#8220;36px|||||&#8220; locked=&#8220;off&#8220; global_colors_info=&#8220;{}&#8220;][et_pb_column type=&#8220;4_4&#8243; _builder_version=&#8220;4.16&#8243; custom_padding=&#8220;|||&#8220; global_colors_info=&#8220;{}&#8220; custom_padding__hover=&#8220;|||&#8220;][et_pb_text admin_label=&#8220;Text&#8220; _builder_version=&#8220;4.19.4&#8243; header_2_font=&#8220;Nunito|700|||||||&#8220; header_2_text_color=&#8220;#7A4E36&#8243; text_orientation=&#8220;left&#8220; locked=&#8220;off&#8220; global_colors_info=&#8220;{}&#8220;]<\/p>\n<h2><strong>Internationale Patientenbetreuung<\/strong><em><\/em><\/h2>\n<p>[\/et_pb_text][et_pb_text admin_label=&#8220;Text&#8220; _builder_version=&#8220;4.19.4&#8243; header_2_font=&#8220;Nunito|700|||||||&#8220; header_2_text_color=&#8220;#7A4E36&#8243; header_3_font=&#8220;Nunito|700|||||||&#8220; header_3_text_color=&#8220;#7A4E36&#8243; text_orientation=&#8220;left&#8220; global_colors_info=&#8220;{}&#8220;]<\/p>\n<p>&nbsp;<\/p>\n<p><span style=\"text-decoration: underline;\"><strong>Wir erleichtern unsere Behandlungen f\u00fcr internationale Patienten.<\/strong><\/span><\/p>\n<p>Die steigende Zahl von Patienten aus dem Ausland ist eine Realit\u00e4t, und wir bei ERGO wollen, dass sie sich weiterhin wie zu Hause f\u00fchlen. Aus diesem Grund steht Ihnen unsere internationale Abteilung von der ersten Minute an zur Verf\u00fcgung.<\/p>\n<p><strong>Erste Besuche<\/strong><strong><\/strong><\/p>\n<p>Die Untersuchung der Vorgeschichte der Patientin und die Bewertung der durchgef\u00fchrten Tests und\/oder fr\u00fcheren Zyklen k\u00f6nnen per E-Mail oder Videokonferenz erfolgen. So k\u00f6nnen die Patienten alle Informationen und ihren pers\u00f6nlichen Behandlungsplan erhalten, ohne nach Gij\u00f3n reisen zu m\u00fcssen.<strong><\/strong><\/p>\n<p><strong>Vorl\u00e4ufige Analysen und Tests.<\/strong> <\/p>\n<p>Wir stellen Testhefte in mehreren Sprachen zur Verf\u00fcgung, so dass die Patienten die Tests in ihrem Heimatland durchf\u00fchren lassen und sie uns zur Auswertung zusenden k\u00f6nnen. Wenn Sie in Ihrem Land auch eine private Krankenversicherung haben, k\u00f6nnen Sie m\u00f6glicherweise einen Teil der Behandlungskosten sparen. <\/p>\n<p><strong>Individuell geplante Behandlung<\/strong> <\/p>\n<p>In den t\u00e4glichen klinischen Sitzungen der ERGO-Klinik werden die internationalen F\u00e4lle individuell beurteilt, so dass die Art der erg\u00e4nzenden Tests, die Behandlung und die zu ergreifenden Ma\u00dfnahmen ganz individuell festgelegt werden k\u00f6nnen. Diese Planung wird den Patienten in klarer Form mitgeteilt, so dass sie \u00fcber alle zu ergreifenden Ma\u00dfnahmen informiert sind.<\/p>\n<p><strong>Planung der genauen Tage Ihres Aufenthalts in Gij\u00f3n<\/strong><\/p>\n<p>In vielen F\u00e4llen gibt es auch kooperierende Gyn\u00e4kologen in verschiedenen L\u00e4ndern, zu denen die Patientinnen gehen k\u00f6nnen, um die notwendigen Ultraschalluntersuchungen vor der Reise nach Spanien durchzuf\u00fchren. Auf diese Weise k\u00f6nnen die Patientinnen je nach Behandlung direkt zur Eierstockpunktion oder zum Embryotransfer kommen. Wir wollen es f\u00fcr die Patienten bequem und erschwinglich machen.<\/p>\n<p><strong>Vorbereitete Reise<\/strong><\/p>\n<p><span style=\"background-color: #ffffff; font-size: 18px;\">Unser internationales Koordinationsteam k\u00fcmmert sich um die Flugdaten und die Unterbringung in Hotels in der N\u00e4he der Klinik, so dass Sie sich nur darum k\u00fcmmern m\u00fcssen, dass Sie Ihren Aufenthalt in unserer Stadt genie\u00dfen k\u00f6nnen und das Ergebnis der Behandlung optimal ist.<\/span><\/p>\n<p><strong>Kontaktieren Sie uns unter<\/strong><\/p>\n<p>Wenn Sie au\u00dferhalb Spaniens leben und eine Behandlung zur assistierten Reproduktion ben\u00f6tigen, k\u00f6nnen wir Ihnen bei ERGO auf einfache und bequeme Weise helfen. Die Kosten in unserem Land sind niedriger als in anderen L\u00e4ndern, was die Reisekosten ausgleicht. Au\u00dferdem k\u00f6nnen Sie in einer Region wie Asturien ein paar Tage abschalten und gleichzeitig die Illusion genie\u00dfen, dass Sie die Behandlung so durchf\u00fchren k\u00f6nnen, wie Sie es brauchen.<strong><\/strong><\/p>\n<p><strong><\/strong><\/p>\n<p>[\/et_pb_text][\/et_pb_column][\/et_pb_row][\/et_pb_section][et_pb_section fb_built=&#8220;1&#8243; prev_background_color=&#8220;#ffffff&#8220; next_background_color=&#8220;#ffffff&#8220; admin_label=&#8220;Who Is Coaching For?&#8220; _builder_version=&#8220;4.16&#8243; background_color=&#8220;#345168&#8243; use_background_color_gradient=&#8220;on&#8220; background_color_gradient_stops=&#8220;#345168 5%|rgba(219,219,219,0) 100%&#8220; background_color_gradient_overlays_image=&#8220;on&#8220; background_color_gradient_start=&#8220;#345168&#8243; background_color_gradient_start_position=&#8220;5%&#8220; background_color_gradient_end=&#8220;rgba(219,219,219,0)&#8220; background_image=&#8220;https:\/\/clinicaergo.com\/wp-content\/uploads\/2021\/05\/life-coach-34.jpg&#8220; min_height=&#8220;89.3px&#8220; custom_padding=&#8220;0px||0px||true|false&#8220; top_divider_style=&#8220;slant&#8220; top_divider_flip=&#8220;horizontal&#8220; bottom_divider_style=&#8220;slant&#8220; bottom_divider_flip=&#8220;horizontal&#8220; background_color_gradient_stops_tablet=&#8220;#345168 5%|rgba(219,219,219,0) 100%&#8220; background_color_gradient_stops_phone=&#8220;#345168 5%|rgba(219,219,219,0) 100%&#8220; global_module=&#8220;332121&#8243; saved_tabs=&#8220;all&#8220; locked=&#8220;off&#8220; global_colors_info=&#8220;{}&#8220;][et_pb_row column_structure=&#8220;3_5,2_5&#8243; _builder_version=&#8220;4.16&#8243; min_height=&#8220;485.4px&#8220; custom_margin=&#8220;|auto|0px|auto|false|false&#8220; custom_padding=&#8220;141px||0px||false|false&#8220; use_custom_width=&#8220;on&#8220; locked=&#8220;off&#8220; global_colors_info=&#8220;{}&#8220;][et_pb_column type=&#8220;3_5&#8243; _builder_version=&#8220;4.16&#8243; custom_padding=&#8220;|||&#8220; global_colors_info=&#8220;{}&#8220; custom_padding__hover=&#8220;|||&#8220;][et_pb_text admin_label=&#8220;Text&#8220; _builder_version=&#8220;4.16&#8243; text_font=&#8220;Poppins|300|||||||&#8220; text_font_size=&#8220;17px&#8220; header_2_font=&#8220;Nunito|900|||||||&#8220; background_layout=&#8220;dark&#8220; global_colors_info=&#8220;{}&#8220;]<\/p>\n<h2>Ben\u00f6tigen Sie weitere Informationen?<\/h2>\n<p>Wir sind ein Team von mehr als <strong>15 Fachleuten<\/strong>, die sich auf die assistierte Reproduktion und die Gesundheit der Frau spezialisiert haben. Haben Sie irgendwelche Zweifel? Wir laden Sie ein, uns kennen zu lernen, Ihr erster Besuch ist v\u00f6llig kostenlos.<\/p>\n<p>[\/et_pb_text][et_pb_button button_url=&#8220;https:\/\/clinicaergo.com\/de\/kontakt\/&#8220; button_text=&#8220;Vereinbaren Sie Ihren ersten Termin KOSTENLOS&#8220; button_alignment=&#8220;center&#8220; admin_label=&#8220;Get Started&#8220; _builder_version=&#8220;4.16&#8243; _module_preset=&#8220;default&#8220; custom_button=&#8220;on&#8220; button_text_size=&#8220;14px&#8220; button_text_color=&#8220;#ffffff&#8220; button_bg_color=&#8220;#4b2614&#8243; button_border_width=&#8220;1px&#8220; button_border_color=&#8220;RGBA(0,0,0,0)&#8220; button_border_radius=&#8220;50px&#8220; button_letter_spacing=&#8220;1px&#8220; button_font=&#8220;Poppins|600||on|||||&#8220; button_use_icon=&#8220;off&#8220; custom_margin=&#8220;20px|20px|||false|false&#8220; custom_margin_phone=&#8220;|20px|||false|false&#8220; custom_margin_last_edited=&#8220;off|desktop&#8220; custom_padding=&#8220;14px|50px|14px|50px|true|true&#8220; box_shadow_style=&#8220;preset3&#8243; box_shadow_color=&#8220;rgba(0,0,0,0.2)&#8220; locked=&#8220;off&#8220; global_colors_info=&#8220;{%22gcid-0b134dd3-bba5-4a0c-9138-44a2493e22ee%22:%91%22button_bg_color%22%93}&#8220; button_bg_color__hover_enabled=&#8220;on|desktop&#8220; button_bg_enable_color__hover=&#8220;on&#8220; button_text_color__hover_enabled=&#8220;off|hover&#8220; custom_padding__hover_enabled=&#8220;off|hover&#8220; button_bg_color__hover=&#8220;rgba(255,255,255,0.1)&#8220; button_border_color__hover_enabled=&#8220;on|hover&#8220; button_border_color__hover=&#8220;#ffffff&#8220;][\/et_pb_button][\/et_pb_column][et_pb_column type=&#8220;2_5&#8243; _builder_version=&#8220;4.16&#8243; custom_padding=&#8220;|||&#8220; global_colors_info=&#8220;{}&#8220; custom_padding__hover=&#8220;|||&#8220;][et_pb_image src=&#8220;https:\/\/clinicaergo.com\/wp-content\/uploads\/2021\/04\/equipo-maria.jpg&#8220; alt=&#8220;Gesundheitspsychologe in Gij\u00f3n&#8220; title_text=&#8220;team-maria&#8220; _builder_version=&#8220;4.16&#8243; _module_preset=&#8220;default&#8220; border_radii=&#8220;on|20px|20px|20px|20px&#8220; box_shadow_style=&#8220;preset2&#8243; global_colors_info=&#8220;{}&#8220;][\/et_pb_image][\/et_pb_column][\/et_pb_row][\/et_pb_section][et_pb_section fb_built=&#8220;1&#8243; _builder_version=&#8220;4.16&#8243; _module_preset=&#8220;default&#8220; global_colors_info=&#8220;{}&#8220;][et_pb_row _builder_version=&#8220;4.16&#8243; _module_preset=&#8220;default&#8220; global_colors_info=&#8220;{}&#8220;][et_pb_column type=&#8220;4_4&#8243; _builder_version=&#8220;4.16&#8243; _module_preset=&#8220;default&#8220; global_colors_info=&#8220;{}&#8220;][\/et_pb_column][\/et_pb_row][\/et_pb_section]<\/p>\n","protected":false},"excerpt":{"rendered":"<p>Erfolgreiche F\u00e4lle von In-vitro-Fertilisation in Gij\u00f3n, AsturienInternationale Patientenbetreuung&nbsp; Wir erleichtern unsere Behandlungen f\u00fcr internationale Patienten. Die steigende Zahl von Patienten aus dem Ausland ist eine Realit\u00e4t, und wir bei ERGO wollen, dass sie sich weiterhin wie zu Hause f\u00fchlen. Aus diesem Grund steht Ihnen unsere internationale Abteilung von der ersten Minute an zur Verf\u00fcgung. Erste [&hellip;]<\/p>\n","protected":false},"author":1,"featured_media":0,"parent":0,"menu_order":0,"comment_status":"closed","ping_status":"closed","template":"","meta":{"_et_pb_use_builder":"on","_et_pb_old_content":"","_et_gb_content_width":"","_joinchat":[],"footnotes":""},"class_list":["post-336004","page","type-page","status-publish","hentry"],"_links":{"self":[{"href":"https:\/\/clinicaergo.com\/de\/wp-json\/wp\/v2\/pages\/336004","targetHints":{"allow":["GET"]}}],"collection":[{"href":"https:\/\/clinicaergo.com\/de\/wp-json\/wp\/v2\/pages"}],"about":[{"href":"https:\/\/clinicaergo.com\/de\/wp-json\/wp\/v2\/types\/page"}],"author":[{"embeddable":true,"href":"https:\/\/clinicaergo.com\/de\/wp-json\/wp\/v2\/users\/1"}],"replies":[{"embeddable":true,"href":"https:\/\/clinicaergo.com\/de\/wp-json\/wp\/v2\/comments?post=336004"}],"version-history":[{"count":0,"href":"https:\/\/clinicaergo.com\/de\/wp-json\/wp\/v2\/pages\/336004\/revisions"}],"wp:attachment":[{"href":"https:\/\/clinicaergo.com\/de\/wp-json\/wp\/v2\/media?parent=336004"}],"curies":[{"name":"wp","href":"https:\/\/api.w.org\/{rel}","templated":true}]}}