{"id":336019,"date":"2017-12-26T16:18:34","date_gmt":"2017-12-26T16:18:34","guid":{"rendered":"https:\/\/clinicaergo.com\/warum-ergo-waehlen\/"},"modified":"2023-07-19T14:22:48","modified_gmt":"2023-07-19T14:22:48","slug":"warum-ergo-waehlen","status":"publish","type":"page","link":"https:\/\/clinicaergo.com\/de\/warum-ergo-waehlen\/","title":{"rendered":"Warum ERGO w\u00e4hlen?"},"content":{"rendered":"<p>[et_pb_section fb_built=&#8220;1&#8243; fullwidth=&#8220;on&#8220; _builder_version=&#8220;4.16&#8243; bottom_divider_style=&#8220;slant&#8220; bottom_divider_color=&#8220;#FFFFFF&#8220; bottom_divider_flip=&#8220;horizontal&#8220; animation_direction=&#8220;top&#8220; locked=&#8220;off&#8220; global_colors_info=&#8220;{}&#8220;][et_pb_fullwidth_header title=&#8220;Warum ERGO w\u00e4hlen?&#8220; subhead=&#8220;Erfahrung, medizinische Ausr\u00fcstung und Einrichtungen&#8220; text_orientation=&#8220;center&#8220; background_overlay_color=&#8220;rgba(53,38,35,0.67)&#8220; _builder_version=&#8220;4.16&#8243; title_font=&#8220;Nunito|700|||||||&#8220; title_font_size=&#8220;46px&#8220; title_line_height=&#8220;1.5em&#8220; content_font=&#8220;Lato|300|||||||&#8220; content_font_size=&#8220;20px&#8220; content_line_height=&#8220;3em&#8220; subhead_font=&#8220;Nunito|700|||||||&#8220; subhead_font_size=&#8220;25px&#8220; subhead_line_height=&#8220;1.5em&#8220; background_color=&#8220;#afafaf&#8220; background_image=&#8220;https:\/\/clinicaergo.com\/wp-content\/uploads\/2021\/05\/cabecera-porqueergo.jpg&#8220; custom_margin=&#8220;|||&#8220; custom_padding=&#8220;5vw||150px||false&#8220; animation_style=&#8220;slide&#8220; animation_direction=&#8220;top&#8220; animation_intensity_slide=&#8220;2%&#8220; title_font_size_tablet=&#8220;36px&#8220; title_font_size_phone=&#8220;&#8220; title_font_size_last_edited=&#8220;on|phone&#8220; global_colors_info=&#8220;{}&#8220; button_one_text_size__hover_enabled=&#8220;off&#8220; button_two_text_size__hover_enabled=&#8220;off&#8220; button_one_text_color__hover_enabled=&#8220;off&#8220; button_two_text_color__hover_enabled=&#8220;off&#8220; button_one_border_width__hover_enabled=&#8220;off&#8220; button_two_border_width__hover_enabled=&#8220;off&#8220; button_one_border_color__hover_enabled=&#8220;off&#8220; button_two_border_color__hover_enabled=&#8220;off&#8220; button_one_border_radius__hover_enabled=&#8220;off&#8220; button_two_border_radius__hover_enabled=&#8220;off&#8220; button_one_letter_spacing__hover_enabled=&#8220;off&#8220; button_two_letter_spacing__hover_enabled=&#8220;off&#8220; button_one_bg_color__hover_enabled=&#8220;off&#8220; button_two_bg_color__hover_enabled=&#8220;off&#8220;]<\/p>\n<p>Die Entscheidung f\u00fcr ERGO in Gij\u00f3n, Asturien<\/p>\n<p>[\/et_pb_fullwidth_header][\/et_pb_section][et_pb_section fb_built=&#8220;1&#8243; admin_label=&#8220;How It Works&#8220; _builder_version=&#8220;4.16&#8243; custom_padding=&#8220;|||&#8220; global_colors_info=&#8220;{}&#8220;][et_pb_row _builder_version=&#8220;4.16&#8243; custom_padding=&#8220;27px|||||&#8220; locked=&#8220;off&#8220; global_colors_info=&#8220;{}&#8220;][et_pb_column type=&#8220;4_4&#8243; _builder_version=&#8220;4.16&#8243; custom_padding=&#8220;|||&#8220; global_colors_info=&#8220;{}&#8220; custom_padding__hover=&#8220;|||&#8220;][et_pb_text _builder_version=&#8220;4.21.0&#8243; _module_preset=&#8220;default&#8220; hover_enabled=&#8220;0&#8243; sticky_enabled=&#8220;0&#8243; text_orientation=&#8220;left&#8220;]<\/p>\n<p>Die Wahl der Klinik, in der Sie sich Ihren Traum erf\u00fcllen wollen, ist ein sehr wichtiger Prozess, und wir empfehlen Ihnen, sie nach Ihrem Herzen zu w\u00e4hlen. W\u00e4hlen Sie den Ort, der Ihnen das Gef\u00fchl von <strong>Ruhe, Professionalit\u00e4t und F\u00fcrsorge<\/strong> vermittelt; wo Sie das Gef\u00fchl haben, dass man sich um Sie k\u00fcmmert, als w\u00e4re es f\u00fcr Sie selbst. Und zweifelsohne, wo die <strong>menschliche<\/strong> Seite die Transparenz, Aufrichtigkeit, Ehrlichkeit und Menschlichkeit vermittelt, die dieser Prozess und vor allem Sie verdient haben.<\/p>\n<p>[\/et_pb_text][et_pb_image src=&#8220;https:\/\/clinicaergo.com\/wp-content\/uploads\/2023\/05\/clinica-ergo-atencion.jpg&#8220; _builder_version=&#8220;4.21.0&#8243; _module_preset=&#8220;default&#8220; alt=&#8220;Cl\u00ednia Ergo Gij\u00f3n | Patientenbetreuung&#8220; hover_enabled=&#8220;0&#8243; sticky_enabled=&#8220;0&#8243;][\/et_pb_image][et_pb_text admin_label=&#8220;Text&#8220; _builder_version=&#8220;4.16&#8243; header_2_font=&#8220;Nunito|700|||||||&#8220; header_2_text_color=&#8220;#7A4E36&#8243; header_2_line_height=&#8220;1.2em&#8220; text_orientation=&#8220;left&#8220; header_2_font_tablet=&#8220;&#8220; header_2_font_phone=&#8220;&#8220; header_2_font_last_edited=&#8220;on|desktop&#8220; header_2_text_color_tablet=&#8220;&#8220; header_2_text_color_phone=&#8220;&#8220; header_2_text_color_last_edited=&#8220;on|desktop&#8220; header_2_letter_spacing_tablet=&#8220;&#8220; header_2_letter_spacing_phone=&#8220;&#8220; header_2_letter_spacing_last_edited=&#8220;on|desktop&#8220; header_2_line_height_tablet=&#8220;&#8220; header_2_line_height_phone=&#8220;&#8220; header_2_line_height_last_edited=&#8220;on|desktop&#8220; global_colors_info=&#8220;{}&#8220;]<\/p>\n<h2><span style=\"color: #666666; font-family: Lato, Helvetica, Arial, Lucida, sans-serif; font-size: 18px; font-weight: 500; letter-spacing: normal; background-color: #ffffff;\"> <\/span>Warum ERGO w\u00e4hlen?<\/h2>\n<h2><\/h2>\n<p>Wir lieben unseren Beruf, und deshalb verbringen wir unser Leben damit, mit unseren Patienten voranzukommen. <strong>Ihr Erfolg ist unser Erfolg<\/strong>, und es ist unsere Berufung zu helfen. Jeder einzelne unserer Schritte ist so konzipiert, dass das Ergebnis beim ersten Versuch optimal ist. Dabei achten wir stets auf die Sicherheit der Patienten und sind stets ehrlich. <\/p>\n<p> Wenn Sie ein <strong>komplettes medizinisches Team<\/strong> suchen, das Ihnen zur Verf\u00fcgung steht, sind wir in der ERGO-Klinik ein multidisziplin\u00e4res Team, das zusammenarbeitet und jeden Fall in eine individuelle Medizin verwandelt.<\/p>\n<p>Denn wenn Sie ein <strong>auf Frauengesundheit spezialisiertes Zentrum<\/strong> br\u00e4uchten, haben wir in der ERGO-Klinik alle notwendigen medizinischen Leistungen, um Sie durch alle Lebensabschnitte zu begleiten.<\/p>\n<p>Denn wenn Sie <strong>Ihre Privatsph\u00e4re sch\u00fctzen<\/strong> wollen, bedeutet das breite Portfolio medizinischer Dienstleistungen von ERGO, dass Ihre Privatsph\u00e4re in Bezug auf das medizinische Fachgebiet, das Sie aufsuchen, stets gesch\u00fctzt ist.<\/p>\n<p>Denn wenn Sie Wert auf eine <strong>Klinik legen, die sich der wissenschaftlichen Forschung verpflichtet f\u00fchlt<\/strong>, f\u00fchren wir bei ERGO mehr als 5 Studien in der Grundlagen- und angewandten Medizin durch.<\/p>\n<p>Denn wenn Sie einen <strong>Facharzt suchen, der sich st\u00e4ndig weiterbildet<\/strong>, nehmen alle unsere Fachleute jedes Jahr an mindestens einem internationalen Kongress und einer Fortbildung zu ihrem Spezialgebiet teil, die sie dann mit den \u00fcbrigen ERGO-Kollegen teilen.<\/p>\n<p>Denn wenn Sie Wert auf die <strong>hervorragende Ausbildung des \u00c4rzteteams<\/strong> legen, haben die Embryologen der ERGO-Klinik die h\u00f6chste Zertifizierung in klinischer Embryologie (Senior Embryologist ESHRE) auf europ\u00e4ischer und nationaler Ebene (Association for the Study of Reproductive Biology ASEBIR).<\/p>\n<p>Denn wenn Sie bisher von Apotheke zu Apotheke laufen mussten, um <strong>Ihre Medikamente zu bekommen<\/strong>, m\u00fcssen Sie das bei ERGO nicht mehr. Damit Ihnen das nicht passiert, verf\u00fcgen wir \u00fcber eine eigene Apotheke neben der Klinik, die alle Medikamente t\u00e4glich, auch am Wochenende, vorr\u00e4tig hat.<\/p>\n<p>Wenn Sie Wert auf <strong>Spitzentechnologie<\/strong> legen, sind die ERGO-Labore f\u00fcr assistierte Reproduktion mit den neuesten technologischen Fortschritten wie Time-Lapse- und Double-Witness-Sicherheitssystemen ausgestattet.<\/p>\n<p>Denn wenn Sie sie brauchen , <strong>um sie in Ihren engen Zeitplan einz<\/strong>upassen, k\u00f6nnen die ersten Beratungen zur assistierten Reproduktion per Videokonferenz durchgef\u00fchrt werden, und sie sind immer noch kostenlos.<\/p>\n<p>Denn wenn <strong>der wirtschaftliche Aspekt ein wichtiger Punkt ist<\/strong>, sind unsere Budgets so aufgeschl\u00fcsselt, dass Sie nur f\u00fcr die Prozesse zahlen m\u00fcssen, die tats\u00e4chlich f\u00fcr Sie durchgef\u00fchrt werden. Dar\u00fcber hinaus besteht die M\u00f6glichkeit, <strong>die Behandlungen mit 0 % Zinsen zu finanzieren<\/strong>, diese Kosten \u00fcbernimmt ERGO.<\/p>\n<p>Denn wenn Sie <strong>die psychologische Betreuung w\u00e4hrend Ihrer assistierten Reproduktionsbehandlungen<\/strong> vermisst haben, steht Ihnen in der ERGO-Klinik ein Team von Psychologen w\u00e4hrend des gesamten Prozesses zur Verf\u00fcgung.<\/p>\n<p>Denn wenn Sie <strong>sich begleitet und verstanden f\u00fchlen<\/strong> wollen, h\u00f6ren wir Ihnen zu, kl\u00e4ren alle Ihre Zweifel und stehen Ihnen w\u00e4hrend der gesamten Behandlung zur Seite.<\/p>\n<p>Weil wir<strong> Reproduktion + Mensch<\/strong> machen wollen.<\/p>\n<p>Denn wenn <strong>Sie sich einen anderen Ort vorstellen k\u00f6nnen<\/strong>, dann ist dieser Ort die ERGO-Klinik.<\/p>\n<p>[\/et_pb_text][\/et_pb_column][\/et_pb_row][et_pb_row column_structure=&#8220;1_4,1_4,1_4,1_4&#8243; _builder_version=&#8220;4.16&#8243; _module_preset=&#8220;default&#8220; locked=&#8220;off&#8220; global_colors_info=&#8220;{}&#8220;][et_pb_column type=&#8220;1_4&#8243; _builder_version=&#8220;4.16&#8243; _module_preset=&#8220;default&#8220; global_colors_info=&#8220;{}&#8220;][et_pb_image src=&#8220;https:\/\/clinicaergo.com\/wp-content\/uploads\/2020\/09\/ri-witness.jpg&#8220; title_text=&#8220;ri-Zeuge&#8220; align=&#8220;center&#8220; _builder_version=&#8220;4.16&#8243; _module_preset=&#8220;default&#8220; global_colors_info=&#8220;{}&#8220;][\/et_pb_image][\/et_pb_column][et_pb_column type=&#8220;1_4&#8243; _builder_version=&#8220;4.16&#8243; _module_preset=&#8220;default&#8220; global_colors_info=&#8220;{}&#8220;][et_pb_image src=&#8220;https:\/\/clinicaergo.com\/wp-content\/uploads\/2021\/11\/merck.jpg&#8220; alt=&#8220;Merck&#8220; title_text=&#8220;merck&#8220; url=&#8220;https:\/\/www.merckgroup.com\/es-es&#8220; url_new_window=&#8220;on&#8220; align=&#8220;center&#8220; _builder_version=&#8220;4.16&#8243; _module_preset=&#8220;default&#8220; global_colors_info=&#8220;{}&#8220;][\/et_pb_image][\/et_pb_column][et_pb_column type=&#8220;1_4&#8243; _builder_version=&#8220;4.16&#8243; _module_preset=&#8220;default&#8220; global_colors_info=&#8220;{}&#8220;][et_pb_image src=&#8220;https:\/\/clinicaergo.com\/wp-content\/uploads\/2022\/09\/sello-asebir.jpg&#8220; alt=&#8220;Teilnehmendes Zentrum Asebir 2022&#8243; title_text=&#8220;seal-asebir&#8220; url=&#8220;https:\/\/clinicaergo.com\/wp-content\/uploads\/2022\/09\/certificado-asebir-2022.pdf&#8220; url_new_window=&#8220;on&#8220; _builder_version=&#8220;4.18.0&#8243; _module_preset=&#8220;default&#8220; global_colors_info=&#8220;{}&#8220;][\/et_pb_image][\/et_pb_column][et_pb_column type=&#8220;1_4&#8243; _builder_version=&#8220;4.16&#8243; _module_preset=&#8220;default&#8220; global_colors_info=&#8220;{}&#8220;][et_pb_image src=&#8220;https:\/\/clinicaergo.com\/wp-content\/uploads\/2022\/07\/Sello_SEF2020_Centro_Colaborador.png&#8220; alt=&#8220;SEF-Kollaborationszentrum&#8220; title_text=&#8220;Siegel_SEF2020_Zusammenarbeitendes_Zentrum_Zentrum&#8220; align=&#8220;center&#8220; _builder_version=&#8220;4.17.5&#8243; _module_preset=&#8220;default&#8220; global_colors_info=&#8220;{}&#8220;][\/et_pb_image][\/et_pb_column][\/et_pb_row][\/et_pb_section][et_pb_section fb_built=&#8220;1&#8243; prev_background_color=&#8220;#ffffff&#8220; next_background_color=&#8220;#ffffff&#8220; admin_label=&#8220;Who Is Coaching For?&#8220; _builder_version=&#8220;4.16&#8243; background_color=&#8220;#345168&#8243; use_background_color_gradient=&#8220;on&#8220; background_color_gradient_stops=&#8220;#345168 5%|rgba(219,219,219,0) 100%&#8220; background_color_gradient_overlays_image=&#8220;on&#8220; background_color_gradient_start=&#8220;#345168&#8243; background_color_gradient_start_position=&#8220;5%&#8220; background_color_gradient_end=&#8220;rgba(219,219,219,0)&#8220; background_image=&#8220;https:\/\/clinicaergo.com\/wp-content\/uploads\/2021\/05\/life-coach-34.jpg&#8220; min_height=&#8220;89.3px&#8220; custom_padding=&#8220;0px||0px||true|false&#8220; top_divider_style=&#8220;slant&#8220; top_divider_flip=&#8220;horizontal&#8220; bottom_divider_style=&#8220;slant&#8220; bottom_divider_flip=&#8220;horizontal&#8220; background_color_gradient_stops_tablet=&#8220;#345168 5%|rgba(219,219,219,0) 100%&#8220; background_color_gradient_stops_phone=&#8220;#345168 5%|rgba(219,219,219,0) 100%&#8220; global_module=&#8220;332121&#8243; saved_tabs=&#8220;all&#8220; locked=&#8220;off&#8220; global_colors_info=&#8220;{}&#8220;][et_pb_row column_structure=&#8220;3_5,2_5&#8243; _builder_version=&#8220;4.16&#8243; min_height=&#8220;485.4px&#8220; custom_margin=&#8220;|auto|0px|auto|false|false&#8220; custom_padding=&#8220;141px||0px||false|false&#8220; use_custom_width=&#8220;on&#8220; locked=&#8220;off&#8220; global_colors_info=&#8220;{}&#8220;][et_pb_column type=&#8220;3_5&#8243; _builder_version=&#8220;4.16&#8243; custom_padding=&#8220;|||&#8220; global_colors_info=&#8220;{}&#8220; custom_padding__hover=&#8220;|||&#8220;][et_pb_text admin_label=&#8220;Text&#8220; _builder_version=&#8220;4.16&#8243; text_font=&#8220;Poppins|300|||||||&#8220; text_font_size=&#8220;17px&#8220; header_2_font=&#8220;Nunito|900|||||||&#8220; background_layout=&#8220;dark&#8220; global_colors_info=&#8220;{}&#8220;]<\/p>\n<h2>Ben\u00f6tigen Sie weitere Informationen?<\/h2>\n<p>Wir sind ein Team von mehr als <strong>15 Fachleuten<\/strong>, die sich auf die assistierte Reproduktion und die Gesundheit der Frau spezialisiert haben. Haben Sie irgendwelche Zweifel? Wir laden Sie ein, uns kennen zu lernen, Ihr erster Besuch ist v\u00f6llig kostenlos.<\/p>\n<p>[\/et_pb_text][et_pb_button button_url=&#8220;https:\/\/clinicaergo.com\/de\/kontakt\/&#8220; button_text=&#8220;Vereinbaren Sie Ihren ersten Termin KOSTENLOS&#8220; button_alignment=&#8220;center&#8220; admin_label=&#8220;Get Started&#8220; _builder_version=&#8220;4.16&#8243; _module_preset=&#8220;default&#8220; custom_button=&#8220;on&#8220; button_text_size=&#8220;14px&#8220; button_text_color=&#8220;#ffffff&#8220; button_bg_color=&#8220;#4b2614&#8243; button_border_width=&#8220;1px&#8220; button_border_color=&#8220;RGBA(0,0,0,0)&#8220; button_border_radius=&#8220;50px&#8220; button_letter_spacing=&#8220;1px&#8220; button_font=&#8220;Poppins|600||on|||||&#8220; button_use_icon=&#8220;off&#8220; custom_margin=&#8220;20px|20px|||false|false&#8220; custom_margin_phone=&#8220;|20px|||false|false&#8220; custom_margin_last_edited=&#8220;off|desktop&#8220; custom_padding=&#8220;14px|50px|14px|50px|true|true&#8220; box_shadow_style=&#8220;preset3&#8243; box_shadow_color=&#8220;rgba(0,0,0,0.2)&#8220; locked=&#8220;off&#8220; global_colors_info=&#8220;{%22gcid-0b134dd3-bba5-4a0c-9138-44a2493e22ee%22:%91%22button_bg_color%22%93}&#8220; button_bg_color__hover_enabled=&#8220;on|desktop&#8220; button_bg_enable_color__hover=&#8220;on&#8220; button_text_color__hover_enabled=&#8220;off|hover&#8220; custom_padding__hover_enabled=&#8220;off|hover&#8220; button_bg_color__hover=&#8220;rgba(255,255,255,0.1)&#8220; button_border_color__hover_enabled=&#8220;on|hover&#8220; button_border_color__hover=&#8220;#ffffff&#8220;][\/et_pb_button][\/et_pb_column][et_pb_column type=&#8220;2_5&#8243; _builder_version=&#8220;4.16&#8243; custom_padding=&#8220;|||&#8220; global_colors_info=&#8220;{}&#8220; custom_padding__hover=&#8220;|||&#8220;][et_pb_image src=&#8220;https:\/\/clinicaergo.com\/wp-content\/uploads\/2021\/04\/equipo-maria.jpg&#8220; alt=&#8220;Gesundheitspsychologe in Gij\u00f3n&#8220; title_text=&#8220;team-maria&#8220; _builder_version=&#8220;4.16&#8243; _module_preset=&#8220;default&#8220; border_radii=&#8220;on|20px|20px|20px|20px&#8220; box_shadow_style=&#8220;preset2&#8243; global_colors_info=&#8220;{}&#8220;][\/et_pb_image][\/et_pb_column][\/et_pb_row][\/et_pb_section][et_pb_section fb_built=&#8220;1&#8243; _builder_version=&#8220;4.16&#8243; _module_preset=&#8220;default&#8220; global_colors_info=&#8220;{}&#8220;][et_pb_row _builder_version=&#8220;4.16&#8243; _module_preset=&#8220;default&#8220; global_colors_info=&#8220;{}&#8220;][et_pb_column type=&#8220;4_4&#8243; _builder_version=&#8220;4.16&#8243; _module_preset=&#8220;default&#8220; global_colors_info=&#8220;{}&#8220;][\/et_pb_column][\/et_pb_row][\/et_pb_section]<\/p>\n","protected":false},"excerpt":{"rendered":"<p>Die Entscheidung f\u00fcr ERGO in Gij\u00f3n, AsturienDie Wahl der Klinik, in der Sie sich Ihren Traum erf\u00fcllen wollen, ist ein sehr wichtiger Prozess, und wir empfehlen Ihnen, sie nach Ihrem Herzen zu w\u00e4hlen. W\u00e4hlen Sie den Ort, der Ihnen das Gef\u00fchl von Ruhe, Professionalit\u00e4t und F\u00fcrsorge vermittelt; wo Sie das Gef\u00fchl haben, dass man sich [&hellip;]<\/p>\n","protected":false},"author":1,"featured_media":0,"parent":0,"menu_order":0,"comment_status":"closed","ping_status":"closed","template":"","meta":{"_et_pb_use_builder":"on","_et_pb_old_content":"","_et_gb_content_width":"","_joinchat":[],"footnotes":""},"class_list":["post-336019","page","type-page","status-publish","hentry"],"_links":{"self":[{"href":"https:\/\/clinicaergo.com\/de\/wp-json\/wp\/v2\/pages\/336019","targetHints":{"allow":["GET"]}}],"collection":[{"href":"https:\/\/clinicaergo.com\/de\/wp-json\/wp\/v2\/pages"}],"about":[{"href":"https:\/\/clinicaergo.com\/de\/wp-json\/wp\/v2\/types\/page"}],"author":[{"embeddable":true,"href":"https:\/\/clinicaergo.com\/de\/wp-json\/wp\/v2\/users\/1"}],"replies":[{"embeddable":true,"href":"https:\/\/clinicaergo.com\/de\/wp-json\/wp\/v2\/comments?post=336019"}],"version-history":[{"count":0,"href":"https:\/\/clinicaergo.com\/de\/wp-json\/wp\/v2\/pages\/336019\/revisions"}],"wp:attachment":[{"href":"https:\/\/clinicaergo.com\/de\/wp-json\/wp\/v2\/media?parent=336019"}],"curies":[{"name":"wp","href":"https:\/\/api.w.org\/{rel}","templated":true}]}}