{"id":336028,"date":"2021-09-21T11:56:00","date_gmt":"2021-09-21T11:56:00","guid":{"rendered":"https:\/\/clinicaergo.com\/prgf-mit-wachstumsfaktoren-angereichertes-plasma-old\/"},"modified":"2023-07-19T14:28:25","modified_gmt":"2023-07-19T14:28:25","slug":"prgf-mit-wachstumsfaktoren-angereichertes-plasma-old","status":"publish","type":"page","link":"https:\/\/clinicaergo.com\/de\/prgf-mit-wachstumsfaktoren-angereichertes-plasma-old\/","title":{"rendered":"PRGF Mit Wachstumsfaktoren angereichertes Plasma &#8211; OLD"},"content":{"rendered":"<p>[et_pb_section fb_built=&#8220;1&#8243; admin_label=&#8220;section&#8220; _builder_version=&#8220;3.22&#8243; global_colors_info=&#8220;{}&#8220;][et_pb_row admin_label=&#8220;Zeile&#8220; _builder_version=&#8220;3.25&#8243; background_size=&#8220;initial&#8220; background_position=&#8220;top_left&#8220; background_repeat=&#8220;repeat&#8220; global_colors_info=&#8220;{}&#8220;][et_pb_column type=&#8220;4_4&#8243; _builder_version=&#8220;3.25&#8243; custom_padding=&#8220;|||&#8220; global_colors_info=&#8220;{}&#8220; custom_padding__hover=&#8220;|||&#8220;][et_pb_text admin_label=&#8220;Text&#8220; _builder_version=&#8220;3.27.4&#8243; background_size=&#8220;initial&#8220; background_position=&#8220;top_left&#8220; background_repeat=&#8220;repeat&#8220; global_colors_info=&#8220;{}&#8220;]<\/p>\n<h2><em><strong>PRGF (mit Wachstumsfaktoren angereichertes Plasma): neue autologe Technologie <\/strong><\/em><\/h2>\n<p>In der ERGO-Klinik sind wir immer auf dem neuesten Stand der Technik, und deshalb integrieren wir<\/p>\n<p>Behandlung mit Plasma, das mit Wachstumsfaktoren angereichert ist. Wir sagen Ihnen, woraus sie besteht und welche Anwendungen sie hat.<\/p>\n<h2><em><strong>Was ist PRGF-Plasma, das mit Wachstumsfaktoren angereichert ist?<\/strong><\/em><\/h2>\n<p>Mit Thrombozyten angereichertes Plasma ist eine Technik, die in anderen medizinischen Fachbereichen wie der Traumatologie, der Augenheilkunde usw. weit verbreitet ist. Diese Technik wird nun weiterentwickelt und dient der assistierten Reproduktion.<\/p>\n<p><span style=\"font-size: revert;\">Diese neue Technologie basiert auf der <strong>Verwendung des mit Wachstumsfaktoren angereicherten Eigenplasmas der Patientin<\/strong>. Es handelt sich um autologes Plasma, d. h. von der Patientin selbst, und durch dessen Aufbereitung werden die Wachstumsfaktoren konzentriert und dann im Endometrium der Frau eingesetzt.<\/span><\/p>\n<h2><em><strong>Der Nutzen der PRGF<\/strong><\/em><\/h2>\n<p>Eine einfache und leichte Technik f\u00fcr alle Patienten.<\/p>\n<ul>\n<li>Sicherheit: Es kommt in die klinische Versorgung, nachdem viele Studien seinen Nutzen gezeigt haben.<\/li>\n<li><strong>Vielseitigkeit<\/strong>: Die Anwendungsm\u00f6glichkeiten sind vielf\u00e4ltig und werden im Folgenden beschrieben.<\/li>\n<li><strong>Einfachheit<\/strong>: Es ist nur eine Blutentnahme erforderlich, und die gewonnene Menge kann f\u00fcr mehrere Dosen verwendet werden und ist bis zu einem Jahr haltbar.<\/li>\n<li><strong>Schmerzlos<\/strong>: Nach der Blutentnahme wird das Plasma aufbereitet und dann wie bei der k\u00fcnstlichen Befruchtung mit einer Kan\u00fcle in die Geb\u00e4rmutterschleimhaut eingebracht (an den angegebenen Tagen). Sie ist schmerzlos und unauff\u00e4llig, dauert nur wenige Minuten und wird im Sprechzimmer durchgef\u00fchrt.<\/li>\n<li><strong>Biokompatibilit\u00e4t<\/strong>: Es gibt keine allergischen Reaktionen, Absto\u00dfungsreaktionen oder Nebenwirkungen, da es sich um das eigene Plasma des Patienten handelt. Das eigene Plasma des Patienten.<\/li>\n<\/ul>\n<h2><strong><em>PRGF-Anwendungen in der assistierten Reproduktion<\/em><\/strong><\/h2>\n<ul>\n<li><strong>Endometrien, die nicht wachsen<\/strong>. Die Dicke der Geb\u00e4rmutterschleimhaut ist f\u00fcr die Einnistung des Embryos entscheidend. Sie ist nicht immer medikamentenabh\u00e4ngig, so dass sie auch in den F\u00e4llen anwendbar ist, in denen die Dicke keine ausreichenden Werte erreicht.<\/li>\n<li><strong>Die Umsetzung ist gescheitert<\/strong>. Wenn mindestens ein Transfer fehlgeschlagen ist, verbessern sich die Implantationsraten nach dieser Technik.<\/li>\n<li><strong>Wiederholte Fehlgeburten<\/strong>. Die Daten unterst\u00fctzen die Anwendung von PRGF zur Verbesserung der endometrialen Vaskularisierung, die eine Ursache f\u00fcr fr\u00fche Fehlgeburten sein kann.<\/li>\n<\/ul>\n<h2><em><strong>Wie wird die PRGF-Technik durchgef\u00fchrt?<\/strong><\/em><\/h2>\n<p>Der erste Schritt ist die Vereinbarung eines Termins zur <strong>Blutentnahme <\/strong>(eine normale Blutentnahme); am selben Tag, an dem die Probe behandelt wird, wird das Plasma durch Verarbeitung und Zentrifugation mit Wachstumsfaktoren angereichert. Diese Probe kann zur sp\u00e4teren Verwendung eingefroren werden.<\/p>\n<p>In der Woche vor dem Embryotransfer werden <strong>3 Impfungen im Abstand von 2-3 Tagen<\/strong> durchgef\u00fchrt. Eine Transferkan\u00fcle, wie sie beim Embryotransfer verwendet wird, wird durch den Geb\u00e4rmutterhals eingef\u00fchrt und erfordert weder eine Sedierung noch eine An\u00e4sthesie.<\/p>\n<p>Es handelt sich um ein <strong>v\u00f6llig schmerzfreies<\/strong> Verfahren, das fast routinem\u00e4\u00dfig und mit gro\u00dfem Erfolg durchgef\u00fchrt wird.<\/p>\n<p>In der ERGO-Klinik stellen wir stets die neueste Technologie in den Dienst unserer Patienten. Fragen Sie uns nach Ihrem Fall und wir werden Ihnen sagen, was notwendig ist, um Ihren Traum zu verwirklichen.<\/p>\n<p>[\/et_pb_text][\/et_pb_column][\/et_pb_row][\/et_pb_section]<\/p>\n","protected":false},"excerpt":{"rendered":"<p>PRGF (mit Wachstumsfaktoren angereichertes Plasma): neue autologe Technologie In der ERGO-Klinik sind wir immer auf dem neuesten Stand der Technik, und deshalb integrieren wir Behandlung mit Plasma, das mit Wachstumsfaktoren angereichert ist. Wir sagen Ihnen, woraus sie besteht und welche Anwendungen sie hat. Was ist PRGF-Plasma, das mit Wachstumsfaktoren angereichert ist? Mit Thrombozyten angereichertes Plasma [&hellip;]<\/p>\n","protected":false},"author":1,"featured_media":0,"parent":0,"menu_order":0,"comment_status":"closed","ping_status":"closed","template":"","meta":{"_et_pb_use_builder":"on","_et_pb_old_content":"","_et_gb_content_width":"","_joinchat":[],"footnotes":""},"class_list":["post-336028","page","type-page","status-publish","hentry"],"_links":{"self":[{"href":"https:\/\/clinicaergo.com\/de\/wp-json\/wp\/v2\/pages\/336028","targetHints":{"allow":["GET"]}}],"collection":[{"href":"https:\/\/clinicaergo.com\/de\/wp-json\/wp\/v2\/pages"}],"about":[{"href":"https:\/\/clinicaergo.com\/de\/wp-json\/wp\/v2\/types\/page"}],"author":[{"embeddable":true,"href":"https:\/\/clinicaergo.com\/de\/wp-json\/wp\/v2\/users\/1"}],"replies":[{"embeddable":true,"href":"https:\/\/clinicaergo.com\/de\/wp-json\/wp\/v2\/comments?post=336028"}],"version-history":[{"count":0,"href":"https:\/\/clinicaergo.com\/de\/wp-json\/wp\/v2\/pages\/336028\/revisions"}],"wp:attachment":[{"href":"https:\/\/clinicaergo.com\/de\/wp-json\/wp\/v2\/media?parent=336028"}],"curies":[{"name":"wp","href":"https:\/\/api.w.org\/{rel}","templated":true}]}}