{"id":336031,"date":"2021-09-21T12:39:21","date_gmt":"2021-09-21T12:39:21","guid":{"rendered":"https:\/\/clinicaergo.com\/prgf-mit-wachstumsfaktoren-angereichertes-plasma-autologe-technologie\/"},"modified":"2023-07-19T14:29:15","modified_gmt":"2023-07-19T14:29:15","slug":"prgf-mit-wachstumsfaktoren-angereichertes-plasma-autologe-technologie","status":"publish","type":"page","link":"https:\/\/clinicaergo.com\/de\/prgf-mit-wachstumsfaktoren-angereichertes-plasma-autologe-technologie\/","title":{"rendered":"PRGF Mit Wachstumsfaktoren angereichertes Plasma. Autologe Technologie"},"content":{"rendered":"\n[et_pb_section fb_built=&#8220;1&#8243; fullwidth=&#8220;on&#8220; _builder_version=&#8220;4.10.8&#8243; bottom_divider_style=&#8220;slant&#8220; bottom_divider_color=&#8220;#FFFFFF&#8220; bottom_divider_flip=&#8220;horizontal&#8220; animation_direction=&#8220;top&#8220; locked=&#8220;off&#8220; global_colors_info=&#8220;{}&#8220;][et_pb_fullwidth_header title=&#8220;PRGF&#8220; subhead=&#8220;Mit Wachstumsfaktoren angereichertes Plasma: neue autologe Technologie &#8220; text_orientation=&#8220;center&#8220; background_overlay_color=&#8220;rgba(53,38,35,0.67)&#8220; _builder_version=&#8220;4.10.8&#8243; title_font=&#8220;Nunito|700|||||||&#8220; title_font_size=&#8220;46px&#8220; title_line_height=&#8220;1.5em&#8220; content_font=&#8220;Lato|300|||||||&#8220; content_font_size=&#8220;20px&#8220; content_line_height=&#8220;3em&#8220; subhead_font=&#8220;Nunito|700|||||||&#8220; subhead_font_size=&#8220;25px&#8220; subhead_line_height=&#8220;1.5em&#8220; background_color=&#8220;#afafaf&#8220; background_image=&#8220;https:\/\/clinicaergo.com\/wp-content\/uploads\/2021\/09\/cabecera-endoret.jpg&#8220; custom_margin=&#8220;|||&#8220; custom_padding=&#8220;5vw||150px||false&#8220; animation_style=&#8220;slide&#8220; animation_direction=&#8220;top&#8220; animation_intensity_slide=&#8220;2%&#8220; title_font_size_tablet=&#8220;36px&#8220; title_font_size_phone=&#8220;&#8220; title_font_size_last_edited=&#8220;on|phone&#8220; global_colors_info=&#8220;{}&#8220; button_one_text_size__hover_enabled=&#8220;off&#8220; button_two_text_size__hover_enabled=&#8220;off&#8220; button_one_text_color__hover_enabled=&#8220;off&#8220; button_two_text_color__hover_enabled=&#8220;off&#8220; button_one_border_width__hover_enabled=&#8220;off&#8220; button_two_border_width__hover_enabled=&#8220;off&#8220; button_one_border_color__hover_enabled=&#8220;off&#8220; button_two_border_color__hover_enabled=&#8220;off&#8220; button_one_border_radius__hover_enabled=&#8220;off&#8220; button_two_border_radius__hover_enabled=&#8220;off&#8220; button_one_letter_spacing__hover_enabled=&#8220;off&#8220; button_two_letter_spacing__hover_enabled=&#8220;off&#8220; button_one_bg_color__hover_enabled=&#8220;off&#8220; button_two_bg_color__hover_enabled=&#8220;off&#8220;]<p>PRGF in Gij\u00f3n, Asturien<\/p>[\/et_pb_fullwidth_header][\/et_pb_section][et_pb_section fb_built=&#8220;1&#8243; next_background_color=&#8220;#ffffff&#8220; admin_label=&#8220;What is Coaching?&#8220; _builder_version=&#8220;3.22&#8243; background_color=&#8220;#ffffff&#8220; use_background_color_gradient=&#8220;on&#8220; background_color_gradient_start=&#8220;#ffffff&#8220; background_color_gradient_end=&#8220;#f5f5f5&#8243; background_color_gradient_end_position=&#8220;70%&#8220; background_color_gradient_overlays_image=&#8220;on&#8220; background_image=&#8220;https:\/\/clinicaergo.com\/wp-content\/uploads\/2021\/03\/life-coach-03.jpg&#8220; custom_margin=&#8220;|||&#8220; custom_padding=&#8220;0px||0px||true&#8220; top_divider_color=&#8220;#f5f5f5&#8243; top_divider_flip=&#8220;vertical&#8220; top_divider_arrangement=&#8220;above_content&#8220; bottom_divider_style=&#8220;slant&#8220; bottom_divider_flip=&#8220;vertical&#8220; bottom_divider_arrangement=&#8220;above_content&#8220; locked=&#8220;off&#8220; global_colors_info=&#8220;{}&#8220;][et_pb_row column_structure=&#8220;1_2,1_2&#8243; use_custom_gutter=&#8220;on&#8220; gutter_width=&#8220;1&#8243; make_equal=&#8220;on&#8220; padding_top_bottom_link_1=&#8220;false&#8220; padding_top_bottom_link_2=&#8220;false&#8220; padding_left_right_link_1=&#8220;true&#8220; padding_left_right_link_2=&#8220;true&#8220; module_class=&#8220; et_pb_row_fullwidth&#8220; _builder_version=&#8220;3.25&#8243; width=&#8220;100%&#8220; width_tablet=&#8220;100%&#8220; width_phone=&#8220;&#8220; width_last_edited=&#8220;on|desktop&#8220; max_width=&#8220;100%&#8220; max_width_tablet=&#8220;100%&#8220; max_width_phone=&#8220;&#8220; max_width_last_edited=&#8220;on|desktop&#8220; custom_padding=&#8220;0px|0|0px|0|true|false&#8220; make_fullwidth=&#8220;on&#8220; global_colors_info=&#8220;{}&#8220;][et_pb_column type=&#8220;1_2&#8243; _builder_version=&#8220;3.25&#8243; use_background_color_gradient=&#8220;on&#8220; background_color_gradient_start=&#8220;rgba(0,0,0,0)&#8220; background_color_gradient_end=&#8220;rgba(0,0,0,0.07)&#8220; custom_padding=&#8220;5%|6%|10%|6%&#8220; custom_padding_tablet=&#8220;&#8220; custom_padding_phone=&#8220;&#8220; custom_padding_last_edited=&#8220;on|tablet&#8220; global_colors_info=&#8220;{}&#8220; padding_last_edited=&#8220;on|tablet&#8220; custom_padding__hover=&#8220;|||&#8220;][et_pb_text admin_label=&#8220;Text&#8220; _builder_version=&#8220;4.9.4&#8243; text_font=&#8220;Poppins|300|||||||&#8220; text_font_size=&#8220;16px&#8220; header_2_font=&#8220;Nunito|700|||||||&#8220; header_2_font_size=&#8220;36px&#8220; locked=&#8220;off&#8220; global_colors_info=&#8220;{}&#8220;]<h2><em><strong>Was ist PRGF-Plasma, das mit Wachstumsfaktoren angereichert ist?<\/strong><\/em><\/h2>\n<p>Ein Implantationsversagen liegt vor, wenn nach mindestens zwei Embryotransfers guter Qualit\u00e4t (mit eigenen Eizellen) oder einem Transfer bei Verwendung von Spendereizellen kein positiver Schwangerschaftstest erzielt wird.<\/p>[\/et_pb_text][\/et_pb_column][et_pb_column type=&#8220;1_2&#8243; _builder_version=&#8220;3.25&#8243; custom_padding=&#8220;5%|6%|10%|6%&#8220; custom_padding_tablet=&#8220;||150px|&#8220; custom_padding_phone=&#8220;&#8220; custom_padding_last_edited=&#8220;on|tablet&#8220; global_colors_info=&#8220;{}&#8220; padding_tablet=&#8220;||150px|&#8220; padding_last_edited=&#8220;on|tablet&#8220; custom_padding__hover=&#8220;|||&#8220; padding_phone=&#8220;||150px|&#8220;][et_pb_text admin_label=&#8220;Text&#8220; _builder_version=&#8220;4.9.4&#8243; text_font=&#8220;Poppins|300|||||||&#8220; text_font_size=&#8220;16px&#8220; header_2_font=&#8220;Nunito|700|||||||&#8220; header_2_font_size=&#8220;36px&#8220; locked=&#8220;off&#8220; global_colors_info=&#8220;{}&#8220;]<h2><em><strong>Mit Wachstumsfaktoren angereichertes Plasma: neue autologe Technologie<\/strong><\/em><\/h2>\n<h2><em><strong> <\/strong><\/em><\/h2>\n<p>In der ERGO-Klinik sind wir immer auf dem neuesten Stand der Technik, und deshalb integrieren wir<\/p>\n<p>Behandlung mit Plasma, das mit Wachstumsfaktoren angereichert ist. Wir sagen Ihnen, woraus sie besteht und welche Anwendungen sie hat.<\/p>\n<p>&nbsp;<\/p>\n<p>.<\/p>[\/et_pb_text][\/et_pb_column][\/et_pb_row][et_pb_row column_structure=&#8220;1_3,1_3,1_3&#8243; use_custom_gutter=&#8220;on&#8220; gutter_width=&#8220;1&#8243; make_equal=&#8220;on&#8220; padding_top_bottom_link_1=&#8220;false&#8220; padding_top_bottom_link_2=&#8220;false&#8220; padding_top_bottom_link_3=&#8220;false&#8220; padding_top_bottom_link_4=&#8220;false&#8220; padding_left_right_link_1=&#8220;true&#8220; padding_left_right_link_2=&#8220;true&#8220; padding_left_right_link_3=&#8220;true&#8220; padding_left_right_link_4=&#8220;true&#8220; module_class=&#8220; et_pb_row_fullwidth&#8220; _builder_version=&#8220;4.9.4&#8243; background_image=&#8220;https:\/\/clinicaergo.com\/wp-content\/uploads\/2018\/12\/7042380_m6-0031766-0001ok_1000x625.jpg&#8220; width=&#8220;100%&#8220; width_tablet=&#8220;100%&#8220; width_phone=&#8220;&#8220; width_last_edited=&#8220;on|desktop&#8220; max_width=&#8220;100%&#8220; max_width_tablet=&#8220;100%&#8220; max_width_phone=&#8220;&#8220; max_width_last_edited=&#8220;on|desktop&#8220; min_height=&#8220;251px&#8220; custom_margin=&#8220;|||&#8220; custom_padding=&#8220;0px|0px|0|0px|false|false&#8220; make_fullwidth=&#8220;on&#8220; global_colors_info=&#8220;{}&#8220;][et_pb_column type=&#8220;1_3&#8243; _builder_version=&#8220;4.9.4&#8243; background_color=&#8220;rgba(122,78,54,0.2)&#8220; custom_padding=&#8220;80px|40px|150px|40px&#8220; custom_padding_tablet=&#8220;20px||60px|&#8220; custom_padding_phone=&#8220;60px||60px||true&#8220; custom_padding_last_edited=&#8220;on|phone&#8220; global_colors_info=&#8220;{}&#8220; padding_phone=&#8220;60px||60px||true&#8220; padding_tablet=&#8220;20px||60px|&#8220; padding_last_edited=&#8220;on|phone&#8220; custom_padding__hover=&#8220;|||&#8220;][et_pb_text _builder_version=&#8220;4.10.8&#8243; _module_preset=&#8220;default&#8220; text_font=&#8220;Nunito|700|||||||&#8220; text_text_color=&#8220;#FFFFFF&#8220; text_font_size=&#8220;22px&#8220; text_line_height=&#8220;1.4em&#8220; text_orientation=&#8220;center&#8220; custom_margin=&#8220;||||false|false&#8220; custom_padding=&#8220;||0px|||&#8220; global_colors_info=&#8220;{}&#8220;]<p>Angereichertes Patientenplasma<\/p>[\/et_pb_text][\/et_pb_column][et_pb_column type=&#8220;1_3&#8243; _builder_version=&#8220;4.9.4&#8243; background_color=&#8220;rgba(122,78,54,0.4)&#8220; custom_padding=&#8220;70px|40px|150px|40px&#8220; custom_padding_tablet=&#8220;20px||60px|&#8220; custom_padding_phone=&#8220;60px||60px||true&#8220; custom_padding_last_edited=&#8220;on|phone&#8220; global_colors_info=&#8220;{}&#8220; padding_phone=&#8220;60px||60px||true&#8220; padding_tablet=&#8220;20px||60px|&#8220; padding_last_edited=&#8220;on|phone&#8220; custom_padding__hover=&#8220;|||&#8220;][et_pb_text _builder_version=&#8220;4.10.8&#8243; _module_preset=&#8220;default&#8220; text_font=&#8220;Nunito|700|||||||&#8220; text_text_color=&#8220;#FFFFFF&#8220; text_font_size=&#8220;22px&#8220; text_line_height=&#8220;1.4em&#8220; text_orientation=&#8220;center&#8220; custom_margin=&#8220;10px||||false|false&#8220; custom_padding=&#8220;||0px|||&#8220; global_colors_info=&#8220;{}&#8220;]<p>Erfahren Sie mehr \u00fcber die Vorteile von PRGF<\/p>[\/et_pb_text][\/et_pb_column][et_pb_column type=&#8220;1_3&#8243; _builder_version=&#8220;4.9.4&#8243; background_color=&#8220;rgba(122,78,54,0.6)&#8220; custom_padding=&#8220;60px|40px|150px|40px&#8220; custom_padding_tablet=&#8220;60px|||&#8220; custom_padding_phone=&#8220;60px||60px||true&#8220; custom_padding_last_edited=&#8220;on|phone&#8220; global_colors_info=&#8220;{}&#8220; padding_phone=&#8220;60px||60px||true&#8220; padding_tablet=&#8220;60px|||&#8220; padding_last_edited=&#8220;on|phone&#8220; custom_padding__hover=&#8220;|||&#8220;][et_pb_text _builder_version=&#8220;4.9.4&#8243; _module_preset=&#8220;default&#8220; text_font=&#8220;Nunito|700|||||||&#8220; text_text_color=&#8220;#FFFFFF&#8220; text_font_size=&#8220;22px&#8220; text_line_height=&#8220;1.4em&#8220; text_orientation=&#8220;center&#8220; custom_margin=&#8220;20px||||false|false&#8220; custom_padding=&#8220;||0px|||&#8220; global_colors_info=&#8220;{}&#8220;]<p>Ein ganzes Team zu Ihren Diensten<\/p>[\/et_pb_text][\/et_pb_column][\/et_pb_row][\/et_pb_section][et_pb_section fb_built=&#8220;1&#8243; admin_label=&#8220;How It Works&#8220; _builder_version=&#8220;3.22&#8243; custom_padding=&#8220;|||&#8220; global_colors_info=&#8220;{}&#8220;][et_pb_row _builder_version=&#8220;3.25&#8243; locked=&#8220;off&#8220; global_colors_info=&#8220;{}&#8220;][et_pb_column type=&#8220;4_4&#8243; _builder_version=&#8220;3.25&#8243; custom_padding=&#8220;|||&#8220; global_colors_info=&#8220;{}&#8220; custom_padding__hover=&#8220;|||&#8220;][et_pb_text admin_label=&#8220;Text&#8220; _builder_version=&#8220;4.10.8&#8243; header_2_font=&#8220;Nunito|700|||||||&#8220; header_2_text_color=&#8220;#7A4E36&#8243; text_orientation=&#8220;left&#8220; global_colors_info=&#8220;{}&#8220;]<h2><em><strong>Was ist PRGF-Plasma, das mit Wachstumsfaktoren angereichert ist?<\/strong><\/em><\/h2>\n<p>Mit Thrombozyten angereichertes Plasma ist eine Technik, die in anderen medizinischen Fachbereichen wie der Traumatologie, der Augenheilkunde usw. weit verbreitet ist. Diese Technik wird nun weiterentwickelt und dient der assistierten Reproduktion.<\/p>\n<p><span style=\"font-size: revert;\">Diese neue Technologie basiert auf der <strong>Verwendung des mit Wachstumsfaktoren angereicherten Eigenplasmas der Patientin<\/strong>. Es handelt sich um autologes Plasma, d. h. von der Patientin selbst, und durch dessen Aufbereitung werden die Wachstumsfaktoren konzentriert und dann im Endometrium der Frau eingesetzt.<\/span><\/p>\n<h2><em><strong>Der Nutzen der PRGF<\/strong><\/em><\/h2>\n<p>Eine einfache und leichte Technik f\u00fcr alle Patienten.<\/p>\n<ul>\n<li><strong>Sicherheit<\/strong>: Es kommt in die klinische Versorgung, nachdem viele Studien seinen Nutzen gezeigt haben.<\/li>\n<li><strong>Vielseitigkeit<\/strong>: Die Anwendungsm\u00f6glichkeiten sind vielf\u00e4ltig und werden im Folgenden beschrieben.<\/li>\n<li><strong>Einfachheit<\/strong>: Es ist nur eine Blutentnahme erforderlich, und die gewonnene Menge kann f\u00fcr mehrere Dosen verwendet werden und ist bis zu einem Jahr haltbar.<\/li>\n<li><strong>Schmerzlos<\/strong>: Nach der Blutentnahme wird das Plasma aufbereitet und dann wie bei der k\u00fcnstlichen Befruchtung mit einer Kan\u00fcle in die Geb\u00e4rmutterschleimhaut eingebracht (an den angegebenen Tagen). Sie ist schmerzlos und unauff\u00e4llig, dauert nur wenige Minuten und wird im Sprechzimmer durchgef\u00fchrt.<\/li>\n<li><strong>Biokompatibilit\u00e4t<\/strong>: Es gibt keine allergischen Reaktionen, Absto\u00dfungsreaktionen oder Nebenwirkungen, da es sich um das eigene Plasma des Patienten handelt. Das eigene Plasma des Patienten.<\/li>\n<\/ul>\n<h2><strong><em>PRGF-Anwendungen in der assistierten Reproduktion<\/em><\/strong><\/h2>\n<ul>\n<li><strong>Endometrien, die nicht wachsen<\/strong>. Die Dicke der Geb\u00e4rmutterschleimhaut ist f\u00fcr die Einnistung des Embryos entscheidend. Sie ist nicht immer medikamentenabh\u00e4ngig, so dass sie auch in den F\u00e4llen anwendbar ist, in denen die Dicke keine ausreichenden Werte erreicht.<\/li>\n<li><strong>Die Umsetzung ist gescheitert<\/strong>. Wenn mindestens ein Transfer fehlgeschlagen ist, verbessern sich die Implantationsraten nach dieser Technik.<\/li>\n<li><strong>Wiederholte Fehlgeburten<\/strong>. Die Daten unterst\u00fctzen die Anwendung von PRGF zur Verbesserung der endometrialen Vaskularisierung, die eine Ursache f\u00fcr fr\u00fche Fehlgeburten sein kann.<\/li>\n<\/ul>\n<p>&nbsp;<\/p>[\/et_pb_text][\/et_pb_column][\/et_pb_row][et_pb_row _builder_version=&#8220;4.9.4&#8243; _module_preset=&#8220;default&#8220; use_background_color_gradient=&#8220;on&#8220; background_color_gradient_start=&#8220;rgba(122,78,54,0.2)&#8220; background_color_gradient_end=&#8220;#ffffff&#8220; custom_padding=&#8220;21px|20px|20px|20px|false|false&#8220; border_radii=&#8220;on|20px|20px|20px|20px&#8220; box_shadow_style=&#8220;preset1&#8243; locked=&#8220;off&#8220; global_colors_info=&#8220;{}&#8220;][et_pb_column type=&#8220;4_4&#8243; _builder_version=&#8220;4.9.4&#8243; _module_preset=&#8220;default&#8220; global_colors_info=&#8220;{}&#8220;][et_pb_text admin_label=&#8220;Text&#8220; _builder_version=&#8220;4.9.4&#8243; header_2_font=&#8220;Nunito|700|||||||&#8220; header_2_text_color=&#8220;#7A4E36&#8243; header_2_line_height=&#8220;1.2em&#8220; text_orientation=&#8220;left&#8220; header_2_font_tablet=&#8220;&#8220; header_2_font_phone=&#8220;&#8220; header_2_font_last_edited=&#8220;on|desktop&#8220; header_2_text_color_tablet=&#8220;&#8220; header_2_text_color_phone=&#8220;&#8220; header_2_text_color_last_edited=&#8220;on|desktop&#8220; header_2_letter_spacing_tablet=&#8220;&#8220; header_2_letter_spacing_phone=&#8220;&#8220; header_2_letter_spacing_last_edited=&#8220;on|desktop&#8220; header_2_line_height_tablet=&#8220;&#8220; header_2_line_height_phone=&#8220;&#8220; header_2_line_height_last_edited=&#8220;on|desktop&#8220; global_colors_info=&#8220;{}&#8220;]<h2><em><strong>Wie wird die PRGF-Technik durchgef\u00fchrt?<\/strong><\/em><\/h2>\n<p>Der erste Schritt ist die Vereinbarung eines Termins zur <strong>Blutentnahme <\/strong>(eine normale Blutentnahme); am selben Tag, an dem die Probe behandelt wird, wird das Plasma durch Verarbeitung und Zentrifugation mit Wachstumsfaktoren angereichert. Diese Probe kann zur sp\u00e4teren Verwendung eingefroren werden.<\/p>\n<p>In der Woche vor dem Embryotransfer werden <strong>3 Impfungen im Abstand von 2-3 Tagen<\/strong> durchgef\u00fchrt. Eine Transferkan\u00fcle, wie sie beim Embryotransfer verwendet wird, wird durch den Geb\u00e4rmutterhals eingef\u00fchrt und erfordert weder eine Sedierung noch eine An\u00e4sthesie.<\/p>\n<p>Es handelt sich um ein <strong>v\u00f6llig schmerzfreies<\/strong> Verfahren, das fast routinem\u00e4\u00dfig und mit gro\u00dfem Erfolg durchgef\u00fchrt wird.<\/p>\n<p>In der ERGO-Klinik stellen wir stets die neueste Technologie in den Dienst unserer Patienten. Fragen Sie uns nach Ihrem Fall und wir werden Ihnen sagen, was notwendig ist, um Ihren Traum zu verwirklichen.<\/p>[\/et_pb_text][\/et_pb_column][\/et_pb_row][\/et_pb_section][et_pb_section fb_built=&#8220;1&#8243; prev_background_color=&#8220;#ffffff&#8220; next_background_color=&#8220;#ffffff&#8220; admin_label=&#8220;Who Is Coaching For?&#8220; _builder_version=&#8220;4.9.4&#8243; background_color=&#8220;#345168&#8243; use_background_color_gradient=&#8220;on&#8220; background_color_gradient_start=&#8220;#345168&#8243; background_color_gradient_end=&#8220;rgba(219,219,219,0)&#8220; background_color_gradient_start_position=&#8220;5%&#8220; background_color_gradient_overlays_image=&#8220;on&#8220; background_image=&#8220;https:\/\/clinicaergo.com\/wp-content\/uploads\/2021\/05\/life-coach-34.jpg&#8220; min_height=&#8220;89.3px&#8220; custom_padding=&#8220;0px||0px||true|false&#8220; top_divider_style=&#8220;slant&#8220; top_divider_flip=&#8220;horizontal&#8220; bottom_divider_style=&#8220;slant&#8220; bottom_divider_flip=&#8220;horizontal&#8220; global_module=&#8220;332121&#8243; saved_tabs=&#8220;all&#8220; locked=&#8220;off&#8220; global_colors_info=&#8220;{}&#8220;][et_pb_row column_structure=&#8220;3_5,2_5&#8243; _builder_version=&#8220;4.9.4&#8243; min_height=&#8220;485.4px&#8220; custom_margin=&#8220;|auto|0px|auto|false|false&#8220; custom_padding=&#8220;141px||0px||false|false&#8220; use_custom_width=&#8220;on&#8220; locked=&#8220;off&#8220; global_colors_info=&#8220;{}&#8220;][et_pb_column type=&#8220;3_5&#8243; _builder_version=&#8220;3.25&#8243; custom_padding=&#8220;|||&#8220; global_colors_info=&#8220;{}&#8220; custom_padding__hover=&#8220;|||&#8220;][et_pb_text admin_label=&#8220;Text&#8220; _builder_version=&#8220;4.9.4&#8243; text_font=&#8220;Poppins|300|||||||&#8220; text_font_size=&#8220;17px&#8220; header_2_font=&#8220;Nunito|900|||||||&#8220; background_layout=&#8220;dark&#8220; global_colors_info=&#8220;{}&#8220;]<h2>Ben\u00f6tigen Sie weitere Informationen?<\/h2>\n<p>Wir sind ein Team von mehr als <strong>15 Fachleuten<\/strong>, die sich auf die assistierte Reproduktion und die Gesundheit der Frau spezialisiert haben. Haben Sie irgendwelche Zweifel? Wir laden Sie ein, uns kennen zu lernen, Ihr erster Besuch ist v\u00f6llig kostenlos.<\/p>[\/et_pb_text][et_pb_button button_url=&#8220;https:\/\/clinicaergo.com\/de\/kontakt\/&#8220; button_text=&#8220;Vereinbaren Sie Ihren ersten Termin KOSTENLOS&#8220; button_alignment=&#8220;center&#8220; admin_label=&#8220;Get Started&#8220; _builder_version=&#8220;4.9.4&#8243; _module_preset=&#8220;default&#8220; custom_button=&#8220;on&#8220; button_text_size=&#8220;14px&#8220; button_text_color=&#8220;#ffffff&#8220; button_bg_color=&#8220;#4b2614&#8243; button_border_width=&#8220;1px&#8220; button_border_color=&#8220;RGBA(0,0,0,0)&#8220; button_border_radius=&#8220;50px&#8220; button_letter_spacing=&#8220;1px&#8220; button_font=&#8220;Poppins|600||on|||||&#8220; button_use_icon=&#8220;off&#8220; custom_margin=&#8220;20px|20px|||false|false&#8220; custom_margin_phone=&#8220;|20px|||false|false&#8220; custom_margin_last_edited=&#8220;off|desktop&#8220; custom_padding=&#8220;14px|50px|14px|50px|true|true&#8220; box_shadow_style=&#8220;preset3&#8243; box_shadow_color=&#8220;rgba(0,0,0,0.2)&#8220; locked=&#8220;off&#8220; global_colors_info=&#8220;{%22gcid-0b134dd3-bba5-4a0c-9138-44a2493e22ee%22:%91%22button_bg_color%22%93}&#8220; button_bg_color__hover_enabled=&#8220;on|desktop&#8220; button_bg_enable_color__hover=&#8220;on&#8220; button_text_color__hover_enabled=&#8220;off|hover&#8220; custom_padding__hover_enabled=&#8220;off|hover&#8220; button_bg_color__hover=&#8220;rgba(255,255,255,0.1)&#8220; button_border_color__hover_enabled=&#8220;on|hover&#8220; button_border_color__hover=&#8220;#ffffff&#8220;][\/et_pb_button][\/et_pb_column][et_pb_column type=&#8220;2_5&#8243; _builder_version=&#8220;3.25&#8243; custom_padding=&#8220;|||&#8220; global_colors_info=&#8220;{}&#8220; custom_padding__hover=&#8220;|||&#8220;][et_pb_image src=&#8220;https:\/\/clinicaergo.com\/wp-content\/uploads\/2021\/04\/equipo-maria.jpg&#8220; alt=&#8220;Gesundheitspsychologe in Gij\u00f3n&#8220; title_text=&#8220;team-maria&#8220; _builder_version=&#8220;4.14.6&#8243; _module_preset=&#8220;default&#8220; border_radii=&#8220;on|20px|20px|20px|20px&#8220; box_shadow_style=&#8220;preset2&#8243; global_colors_info=&#8220;{}&#8220;][\/et_pb_image][\/et_pb_column][\/et_pb_row][\/et_pb_section][et_pb_section fb_built=&#8220;1&#8243; _builder_version=&#8220;4.9.4&#8243; _module_preset=&#8220;default&#8220; global_colors_info=&#8220;{}&#8220;][et_pb_row _builder_version=&#8220;4.9.4&#8243; _module_preset=&#8220;default&#8220; global_colors_info=&#8220;{}&#8220;][et_pb_column type=&#8220;4_4&#8243; _builder_version=&#8220;4.9.4&#8243; _module_preset=&#8220;default&#8220; global_colors_info=&#8220;{}&#8220;][\/et_pb_column][\/et_pb_row][\/et_pb_section]\n","protected":false},"excerpt":{"rendered":"<p>PRGF in Gij\u00f3n, AsturienWas ist PRGF-Plasma, das mit Wachstumsfaktoren angereichert ist? Ein Implantationsversagen liegt vor, wenn nach mindestens zwei Embryotransfers guter Qualit\u00e4t (mit eigenen Eizellen) oder einem Transfer bei Verwendung von Spendereizellen kein positiver Schwangerschaftstest erzielt wird.Mit Wachstumsfaktoren angereichertes Plasma: neue autologe Technologie In der ERGO-Klinik sind wir immer auf dem neuesten Stand der Technik, [&hellip;]<\/p>\n","protected":false},"author":1,"featured_media":0,"parent":0,"menu_order":0,"comment_status":"closed","ping_status":"closed","template":"","meta":{"_et_pb_use_builder":"on","_et_pb_old_content":"","_et_gb_content_width":"","_joinchat":[],"footnotes":""},"class_list":["post-336031","page","type-page","status-publish","hentry"],"_links":{"self":[{"href":"https:\/\/clinicaergo.com\/de\/wp-json\/wp\/v2\/pages\/336031","targetHints":{"allow":["GET"]}}],"collection":[{"href":"https:\/\/clinicaergo.com\/de\/wp-json\/wp\/v2\/pages"}],"about":[{"href":"https:\/\/clinicaergo.com\/de\/wp-json\/wp\/v2\/types\/page"}],"author":[{"embeddable":true,"href":"https:\/\/clinicaergo.com\/de\/wp-json\/wp\/v2\/users\/1"}],"replies":[{"embeddable":true,"href":"https:\/\/clinicaergo.com\/de\/wp-json\/wp\/v2\/comments?post=336031"}],"version-history":[{"count":0,"href":"https:\/\/clinicaergo.com\/de\/wp-json\/wp\/v2\/pages\/336031\/revisions"}],"wp:attachment":[{"href":"https:\/\/clinicaergo.com\/de\/wp-json\/wp\/v2\/media?parent=336031"}],"curies":[{"name":"wp","href":"https:\/\/api.w.org\/{rel}","templated":true}]}}