{"id":336043,"date":"2017-12-18T17:22:46","date_gmt":"2017-12-18T17:22:46","guid":{"rendered":"https:\/\/clinicaergo.com\/assistierte-reproduktion\/"},"modified":"2023-07-19T14:35:40","modified_gmt":"2023-07-19T14:35:40","slug":"assistierte-reproduktion","status":"publish","type":"page","link":"https:\/\/clinicaergo.com\/de\/assistierte-reproduktion\/","title":{"rendered":"Assistierte Reproduktion"},"content":{"rendered":"<p>[et_pb_section fb_built=&#8220;1&#8243; fullwidth=&#8220;on&#8220; _builder_version=&#8220;4.16&#8243; bottom_divider_style=&#8220;slant&#8220; bottom_divider_color=&#8220;#FFFFFF&#8220; bottom_divider_flip=&#8220;horizontal&#8220; animation_direction=&#8220;top&#8220; locked=&#8220;off&#8220; global_colors_info=&#8220;{}&#8220;][et_pb_fullwidth_header title=&#8220;Unterst\u00fctzte Fortpflanzung&#8220; subhead=&#8220;K\u00f6nnen Sie sich eine andere Klinik vorstellen?&#8220; text_orientation=&#8220;center&#8220; background_overlay_color=&#8220;rgba(53,38,35,0.67)&#8220; _builder_version=&#8220;4.16&#8243; title_font=&#8220;Nunito|700|||||||&#8220; title_font_size=&#8220;46px&#8220; title_line_height=&#8220;1.5em&#8220; content_font=&#8220;Lato|300|||||||&#8220; content_font_size=&#8220;20px&#8220; content_line_height=&#8220;3em&#8220; subhead_font=&#8220;Nunito|700|||||||&#8220; subhead_font_size=&#8220;25px&#8220; subhead_line_height=&#8220;1.5em&#8220; background_color=&#8220;#afafaf&#8220; background_image=&#8220;https:\/\/clinicaergo.com\/wp-content\/uploads\/2021\/05\/cabecera-reproduccionasistida.jpg&#8220; custom_margin=&#8220;|||&#8220; custom_padding=&#8220;5vw||150px||false&#8220; animation_style=&#8220;slide&#8220; animation_direction=&#8220;top&#8220; animation_intensity_slide=&#8220;2%&#8220; title_font_size_tablet=&#8220;36px&#8220; title_font_size_phone=&#8220;&#8220; title_font_size_last_edited=&#8220;on|phone&#8220; global_colors_info=&#8220;{}&#8220; button_one_text_size__hover_enabled=&#8220;off&#8220; button_two_text_size__hover_enabled=&#8220;off&#8220; button_one_text_color__hover_enabled=&#8220;off&#8220; button_two_text_color__hover_enabled=&#8220;off&#8220; button_one_border_width__hover_enabled=&#8220;off&#8220; button_two_border_width__hover_enabled=&#8220;off&#8220; button_one_border_color__hover_enabled=&#8220;off&#8220; button_two_border_color__hover_enabled=&#8220;off&#8220; button_one_border_radius__hover_enabled=&#8220;off&#8220; button_two_border_radius__hover_enabled=&#8220;off&#8220; button_one_letter_spacing__hover_enabled=&#8220;off&#8220; button_two_letter_spacing__hover_enabled=&#8220;off&#8220; button_one_bg_color__hover_enabled=&#8220;off&#8220; button_two_bg_color__hover_enabled=&#8220;off&#8220;]<\/p>\n<p>Klinik f\u00fcr k\u00fcnstliche Befruchtung in Gij\u00f3n, Asturien<\/p>\n<p>[\/et_pb_fullwidth_header][\/et_pb_section][et_pb_section fb_built=&#8220;1&#8243; next_background_color=&#8220;#ffffff&#8220; admin_label=&#8220;What is Coaching?&#8220; _builder_version=&#8220;4.16&#8243; background_color=&#8220;#ffffff&#8220; use_background_color_gradient=&#8220;on&#8220; background_color_gradient_stops=&#8220;#ffffff 0%|#f5f5f5 70%&#8220; background_color_gradient_overlays_image=&#8220;on&#8220; background_color_gradient_start=&#8220;#ffffff&#8220; background_color_gradient_end=&#8220;#f5f5f5&#8243; background_color_gradient_end_position=&#8220;70%&#8220; background_image=&#8220;https:\/\/clinicaergo.com\/wp-content\/uploads\/2021\/03\/life-coach-03.jpg&#8220; custom_margin=&#8220;|||&#8220; custom_padding=&#8220;0px||0px||true&#8220; top_divider_color=&#8220;#f5f5f5&#8243; top_divider_flip=&#8220;vertical&#8220; top_divider_arrangement=&#8220;above_content&#8220; bottom_divider_style=&#8220;slant&#8220; bottom_divider_flip=&#8220;vertical&#8220; bottom_divider_arrangement=&#8220;above_content&#8220; locked=&#8220;off&#8220; global_colors_info=&#8220;{}&#8220;][et_pb_row column_structure=&#8220;1_2,1_2&#8243; use_custom_gutter=&#8220;on&#8220; gutter_width=&#8220;1&#8243; make_equal=&#8220;on&#8220; padding_top_bottom_link_1=&#8220;false&#8220; padding_top_bottom_link_2=&#8220;false&#8220; padding_left_right_link_1=&#8220;true&#8220; padding_left_right_link_2=&#8220;true&#8220; module_class=&#8220; et_pb_row_fullwidth&#8220; _builder_version=&#8220;4.16&#8243; width=&#8220;100%&#8220; width_tablet=&#8220;100%&#8220; width_phone=&#8220;&#8220; width_last_edited=&#8220;on|desktop&#8220; max_width=&#8220;100%&#8220; max_width_tablet=&#8220;100%&#8220; max_width_phone=&#8220;&#8220; max_width_last_edited=&#8220;on|desktop&#8220; custom_padding=&#8220;0px|0|0px|0|true|false&#8220; make_fullwidth=&#8220;on&#8220; global_colors_info=&#8220;{}&#8220;][et_pb_column type=&#8220;1_2&#8243; _builder_version=&#8220;4.16&#8243; use_background_color_gradient=&#8220;on&#8220; background_color_gradient_stops=&#8220;rgba(0,0,0,0) 0%|rgba(0,0,0,0.07) 100%&#8220; background_color_gradient_start=&#8220;rgba(0,0,0,0)&#8220; background_color_gradient_end=&#8220;rgba(0,0,0,0.07)&#8220; custom_padding=&#8220;5%|6%|10%|6%&#8220; custom_padding_tablet=&#8220;&#8220; custom_padding_phone=&#8220;&#8220; custom_padding_last_edited=&#8220;on|tablet&#8220; global_colors_info=&#8220;{}&#8220; padding_last_edited=&#8220;on|tablet&#8220; custom_padding__hover=&#8220;|||&#8220;][et_pb_text admin_label=&#8220;Text&#8220; _builder_version=&#8220;4.16&#8243; text_font=&#8220;Poppins|300|||||||&#8220; text_font_size=&#8220;16px&#8220; header_2_font=&#8220;Nunito|700|||||||&#8220; header_2_font_size=&#8220;36px&#8220; locked=&#8220;off&#8220; global_colors_info=&#8220;{}&#8220;]<\/p>\n<h2>K\u00f6nnen Sie sich eine andere Klinik vorstellen?<\/h2>\n<p>Sie waren auf der Suche nach einem Zentrum f\u00fcr k\u00fcnstliche Befruchtung in Asturien, haben andere Kliniken besucht und in keiner das gefunden, was Sie gesucht haben? Wir verstehen Sie. Deshalb haben wir die ERGO-Klinik in Gij\u00f3n gegr\u00fcndet, als Antwort auf die Bed\u00fcrfnisse, die wir in den letzten Jahren in der Gesellschaft festgestellt haben.<\/p>\n<p>[\/et_pb_text][\/et_pb_column][et_pb_column type=&#8220;1_2&#8243; _builder_version=&#8220;4.16&#8243; custom_padding=&#8220;5%|6%|10%|6%&#8220; custom_padding_tablet=&#8220;||150px|&#8220; custom_padding_phone=&#8220;&#8220; custom_padding_last_edited=&#8220;on|tablet&#8220; global_colors_info=&#8220;{}&#8220; padding_tablet=&#8220;||150px|&#8220; padding_last_edited=&#8220;on|tablet&#8220; custom_padding__hover=&#8220;|||&#8220; padding_phone=&#8220;||150px|&#8220;][et_pb_text admin_label=&#8220;Text&#8220; _builder_version=&#8220;4.16&#8243; text_font=&#8220;Poppins|300|||||||&#8220; text_font_size=&#8220;16px&#8220; header_2_font=&#8220;Nunito|700|||||||&#8220; header_2_font_size=&#8220;36px&#8220; locked=&#8220;off&#8220; global_colors_info=&#8220;{}&#8220;]<\/p>\n<h2>Ein ganzes Team zu Ihren Diensten<\/h2>\n<p>Wir haben ein multidisziplin\u00e4res Team gebildet, bei dem Teamarbeit die Grundlage ist. Jeder Fall, der in unsere Klinik kommt, wird von allen medizinischen Fachkr\u00e4ften bei ERGO in einer klinischen Sitzung analysiert und untersucht.<\/p>\n<p>[\/et_pb_text][\/et_pb_column][\/et_pb_row][et_pb_row column_structure=&#8220;1_3,1_3,1_3&#8243; use_custom_gutter=&#8220;on&#8220; gutter_width=&#8220;1&#8243; make_equal=&#8220;on&#8220; padding_top_bottom_link_1=&#8220;false&#8220; padding_top_bottom_link_2=&#8220;false&#8220; padding_top_bottom_link_3=&#8220;false&#8220; padding_top_bottom_link_4=&#8220;false&#8220; padding_left_right_link_1=&#8220;true&#8220; padding_left_right_link_2=&#8220;true&#8220; padding_left_right_link_3=&#8220;true&#8220; padding_left_right_link_4=&#8220;true&#8220; module_class=&#8220; et_pb_row_fullwidth&#8220; _builder_version=&#8220;4.16&#8243; background_image=&#8220;https:\/\/clinicaergo.com\/wp-content\/uploads\/2018\/12\/7042380_m6-0031766-0001ok_1000x625.jpg&#8220; width=&#8220;100%&#8220; width_tablet=&#8220;100%&#8220; width_phone=&#8220;&#8220; width_last_edited=&#8220;on|desktop&#8220; max_width=&#8220;100%&#8220; max_width_tablet=&#8220;100%&#8220; max_width_phone=&#8220;&#8220; max_width_last_edited=&#8220;on|desktop&#8220; min_height=&#8220;251px&#8220; custom_margin=&#8220;|||&#8220; custom_padding=&#8220;0px|0px|0|0px|false|false&#8220; make_fullwidth=&#8220;on&#8220; global_colors_info=&#8220;{}&#8220;][et_pb_column type=&#8220;1_3&#8243; _builder_version=&#8220;4.16&#8243; background_color=&#8220;rgba(122,78,54,0.2)&#8220; custom_padding=&#8220;80px|40px|150px|40px&#8220; custom_padding_tablet=&#8220;20px||60px|&#8220; custom_padding_phone=&#8220;60px||60px||true&#8220; custom_padding_last_edited=&#8220;on|phone&#8220; global_colors_info=&#8220;{}&#8220; padding_phone=&#8220;60px||60px||true&#8220; padding_tablet=&#8220;20px||60px|&#8220; padding_last_edited=&#8220;on|phone&#8220; custom_padding__hover=&#8220;|||&#8220;][et_pb_text _builder_version=&#8220;4.16&#8243; _module_preset=&#8220;default&#8220; text_font=&#8220;Nunito|700|||||||&#8220; text_text_color=&#8220;#FFFFFF&#8220; text_font_size=&#8220;22px&#8220; text_line_height=&#8220;1.4em&#8220; text_orientation=&#8220;center&#8220; custom_margin=&#8220;||||false|false&#8220; custom_padding=&#8220;||0px|||&#8220; global_colors_info=&#8220;{}&#8220;]<\/p>\n<p>Kostenloser erster Besuch<\/p>\n<p>[\/et_pb_text][\/et_pb_column][et_pb_column type=&#8220;1_3&#8243; _builder_version=&#8220;4.16&#8243; background_color=&#8220;rgba(122,78,54,0.4)&#8220; custom_padding=&#8220;70px|40px|150px|40px&#8220; custom_padding_tablet=&#8220;20px||60px|&#8220; custom_padding_phone=&#8220;60px||60px||true&#8220; custom_padding_last_edited=&#8220;on|phone&#8220; global_colors_info=&#8220;{}&#8220; padding_phone=&#8220;60px||60px||true&#8220; padding_tablet=&#8220;20px||60px|&#8220; padding_last_edited=&#8220;on|phone&#8220; custom_padding__hover=&#8220;|||&#8220;][et_pb_text _builder_version=&#8220;4.16&#8243; _module_preset=&#8220;default&#8220; text_font=&#8220;Nunito|700|||||||&#8220; text_text_color=&#8220;#FFFFFF&#8220; text_font_size=&#8220;22px&#8220; text_line_height=&#8220;1.4em&#8220; text_orientation=&#8220;center&#8220; custom_margin=&#8220;10px||||false|false&#8220; custom_padding=&#8220;||0px|||&#8220; global_colors_info=&#8220;{}&#8220;]<\/p>\n<p>Freie Finanzierung<\/p>\n<p>[\/et_pb_text][\/et_pb_column][et_pb_column type=&#8220;1_3&#8243; _builder_version=&#8220;4.16&#8243; background_color=&#8220;rgba(122,78,54,0.6)&#8220; custom_padding=&#8220;60px|40px|150px|40px&#8220; custom_padding_tablet=&#8220;60px|||&#8220; custom_padding_phone=&#8220;60px||60px||true&#8220; custom_padding_last_edited=&#8220;on|phone&#8220; global_colors_info=&#8220;{}&#8220; padding_phone=&#8220;60px||60px||true&#8220; padding_tablet=&#8220;60px|||&#8220; padding_last_edited=&#8220;on|phone&#8220; custom_padding__hover=&#8220;|||&#8220;][et_pb_text _builder_version=&#8220;4.16&#8243; _module_preset=&#8220;default&#8220; text_font=&#8220;Nunito|700|||||||&#8220; text_text_color=&#8220;#FFFFFF&#8220; text_font_size=&#8220;22px&#8220; text_line_height=&#8220;1.4em&#8220; text_orientation=&#8220;center&#8220; custom_margin=&#8220;20px||||false|false&#8220; custom_padding=&#8220;||0px|||&#8220; global_colors_info=&#8220;{}&#8220;]<\/p>\n<p>Personalisierte Behandlungen<\/p>\n<p>[\/et_pb_text][\/et_pb_column][\/et_pb_row][\/et_pb_section][et_pb_section fb_built=&#8220;1&#8243; admin_label=&#8220;How It Works&#8220; _builder_version=&#8220;4.16&#8243; custom_padding=&#8220;|||&#8220; global_colors_info=&#8220;{}&#8220;][et_pb_row _builder_version=&#8220;4.16&#8243; _module_preset=&#8220;default&#8220; global_colors_info=&#8220;{}&#8220;][et_pb_column type=&#8220;4_4&#8243; _builder_version=&#8220;4.16&#8243; _module_preset=&#8220;default&#8220; global_colors_info=&#8220;{}&#8220;][et_pb_text _builder_version=&#8220;4.16&#8243; _module_preset=&#8220;default&#8220; text_orientation=&#8220;left&#8220; global_colors_info=&#8220;{}&#8220;]<\/p>\n<p>Wir sind seit langem in der <strong>Kinderwunschbehandlung<\/strong> t\u00e4tig und wissen daher nicht nur aus Erfahrung, sondern auch aus erster Hand, was Patienten bei diesen Behandlungen vermissen.<\/p>\n<p>Die Beteiligung des Laborteams ist von grundlegender Bedeutung, da die Leiter der <strong>ERGO-Klinik<\/strong> selbst Embryologen sind. Da wir viele Jahre im embryologischen und andrologischen Labor mit Tausenden von Keimzellen und Embryonen gearbeitet haben, kennen wir die Bed\u00fcrfnisse jedes einzelnen Falles sehr viel genauer. Daher werden die ersten Besuche zur assistierten Reproduktion, die v\u00f6llig <strong>KOSTENLOS<\/strong> sind, <strong>von den Direktoren der ERGO-Klinik begleitet<\/strong>. Sie erm\u00f6glicht eine viel detailliertere Erl\u00e4uterung der Techniken, die von denjenigen, die sie zu Beginn der Behandlung durchf\u00fchren werden, genau erkl\u00e4rt werden.<\/p>\n<p>Von dort aus beginnt auch der direkte Kontakt mit dem<strong> gyn\u00e4kologischen Team<\/strong>, \u00c4rzten mit gro\u00dfer Erfahrung und einer engen Beziehung, die die gesamte Behandlung viel ertr\u00e4glicher macht. Gemeinsam mit ihnen begleitet das Pflegeteam die Patienten w\u00e4hrend des gesamten Prozesses, beantwortet Fragen und k\u00fcmmert sich jederzeit um jedes Problem. Au\u00dferdem k\u00f6nnen Sie in der <strong>ERGO-Klinik Ihre Medikamente gleich mitnehmen<\/strong>, wenn der Arzt sie Ihnen verschreibt, denn neben der Klinik befindet sich unsere Garantie-Apotheke, in der Sie alle Medikamente finden, die wir normalerweise verwenden. Obwohl der Preis nat\u00fcrlich derselbe ist wie in jeder anderen Apotheke, wollen wir es Ihnen auf diese Weise leichter machen, das Medikament zu bekommen, und vermeiden, dass Sie von Apotheke zu Apotheke gehen m\u00fcssen, um das Medikament zu bekommen, ein Prozess, der manchmal schwierig sein und zus\u00e4tzlichen Stress verursachen kann.<\/p>\n<p>W\u00e4hrend der gesamten Behandlung steht unser Psychologenteam zur Verf\u00fcgung, um die Patienten vor, w\u00e4hrend und nach dem Zyklus zu unterst\u00fctzen und zu begleiten.<\/p>\n<p>Erg\u00e4nzend dazu stehen die \u00fcbrigen medizinischen Fachkr\u00e4fte den Patienten der assistierten Reproduktion bei Bedarf zur Verf\u00fcgung, wie z. B. das urologische Team mit Konsultationen in unseren Einrichtungen durch auf Reproduktionsurologie spezialisierte Fachkr\u00e4fte.<\/p>\n<p>Dank dieses gro\u00dfartigen Teams und der<strong> speziell f\u00fcr die assistierte Reproduktion konzipierten Einrichtungen <\/strong>sowie der fortschrittlichsten<strong> Labortechnik<\/strong> k\u00f6nnen wir in der <strong>ERGO-Klinik<\/strong> unseren Patienten alle derzeit in Spanien gesetzlich zugelassenen Fruchtbarkeitstechniken anbieten. Von einer ersten Fruchtbarkeitsstudie zur Ermittlung des Reproduktionsstatus des Paares bis hin zu komplexer genetischer Pr\u00e4implantationsdiagnostik, In-vitro-Fertilisation, k\u00fcnstlicher Befruchtung, der ROPA-Methode, Eizellspenderinnen, usw.<\/p>\n<p>Diese hohe Qualit\u00e4t erm\u00f6glicht es uns auch, Pionierarbeit zu leisten, wenn es darum geht, bei Eizellspende-Behandlungen <strong>eine gute Qualit\u00e4t der Embryonen zu garantieren<\/strong>, denn wir sind von unseren Einrichtungen und Ger\u00e4ten sowie von der Professionalit\u00e4t unseres Embryologenteams so \u00fcberzeugt, dass wir 3 von 3 und 3 von 5 Behandlungen anbieten.<\/p>\n<p>[\/et_pb_text][\/et_pb_column][\/et_pb_row][et_pb_row _builder_version=&#8220;4.16&#8243; custom_padding=&#8220;36px|||||&#8220; locked=&#8220;off&#8220; global_colors_info=&#8220;{}&#8220;][et_pb_column type=&#8220;4_4&#8243; _builder_version=&#8220;4.16&#8243; custom_padding=&#8220;|||&#8220; global_colors_info=&#8220;{}&#8220; custom_padding__hover=&#8220;|||&#8220;][et_pb_text admin_label=&#8220;Text&#8220; _builder_version=&#8220;4.16&#8243; header_2_font=&#8220;Nunito|700|||||||&#8220; header_2_text_color=&#8220;#7A4E36&#8243; text_orientation=&#8220;left&#8220; global_colors_info=&#8220;{}&#8220;]<\/p>\n<h2>Was bietet die ERGO Klinik f\u00fcr assistierte Reproduktion?<\/h2>\n<p>An erster Stelle steht eine enge und individuelle Behandlung. Lernen Sie Ihr vertrautes \u00c4rzteteam kennen, das Sie bei diesem Prozess begleiten wird.<\/p>\n<p><strong>Fruchtbarkeitsstudie<\/strong>: f\u00fcr die Frau und das Paar. <a href=\"\/estudio-de-fertilidad\/\">Mehr Informationen<\/a>.<em><\/em><\/p>\n<p><strong>K\u00fcnstliche Befruchtung<\/strong>: mit dem Sperma des Partners oder eines Spenders. <a href=\"https:\/\/clinicaergo.com\/de\/kuenstliche-befruchtung\/\">Weitere Informationen<\/a>. <\/p>\n<p><strong>In-vitro-Fertilisation<\/strong>: Befruchtung durch klassische IVF oder ICSI dank des modernsten Mikromanipulators auf dem Markt mit Luftsystem. <a href=\"https:\/\/clinicaergo.com\/de\/in-vitro-fertilisation-ivf-icsi\/\">F\u00fcr weitere Informationen<\/a> nehmen Sie bitte Kontakt mit uns auf.<em><\/em><\/p>\n<p><strong>Genetische Pr\u00e4implantationsdiagnostik<\/strong>: Jeder Fall wird von unserem auf Genetik spezialisierten Team untersucht und von unseren Embryologen mit spezieller Ausbildung in Embryobiopsie durchgef\u00fchrt. <a href=\"\/diagnostico-genetico-preimplantacional\/\">F\u00fcr weitere Informationen<\/a> nehmen Sie bitte Kontakt mit uns auf. <em><a href=\"http:\/\/clinicaergo.com\/diagnostico-genetico-preimplantacional\/\"><\/a><\/em><\/p>\n<p><strong>Eizell- und Samenspende<\/strong>: Wir k\u00fcmmern uns liebevoll um unsere Spenderinnen, die sich zahlreichen medizinischen Tests unterziehen. <a href=\"https:\/\/clinicaergo.com\/de\/eizellspenderinnen\/\">F\u00fcr weitere Informationen<\/a> nehmen Sie bitte Kontakt mit uns auf<em>.<\/em><a href=\"http:\/\/clinicaergo.com\/donantes-ovulos\/\"><em><\/em><\/a><\/p>\n<p><strong>Ovodonation<\/strong>: Wir garantieren Embryonen von guter Qualit\u00e4t. <a href=\"https:\/\/clinicaergo.com\/de\/ovodonation-und-mini-ovo\/\">F\u00fcr weitere Informationen<\/a> kontaktieren Sie uns bitte.<em><\/em><\/p>\n<p><strong>Frauen ohne m\u00e4nnlichen Partner<\/strong>: Sie sind nicht allein, wir begleiten Sie mit den besten Garantien bei der Auswahl Ihres Spenders. <a href=\"https:\/\/clinicaergo.com\/de\/frauen-ohne-maennlichen-partner\/\">Mehr Informationen<\/a>.<\/p>\n<p><strong>ROPA-Methode<\/strong>: Eizellentnahme durch den Partner zwischen legal verheirateten lesbischen Frauen. <a href=\"https:\/\/clinicaergo.com\/de\/ropa-methode\/\">Mehr Informationen<\/a>.<\/p>\n<p><strong>Fertilit\u00e4tskonservierung<\/strong>: Wir k\u00f6nnen Ihre Eizellen oder Ihr Sperma einfrieren, damit Sie sie zu einem sp\u00e4teren Zeitpunkt verwenden k\u00f6nnen. <a href=\"https:\/\/clinicaergo.com\/de\/erhaltung-der-fruchtbarkeit\/\">Erfahren Sie mehr<\/a>.<em><\/em><\/p>\n<p><strong>Transfer von vitrifizierten Embryonen<\/strong>: Wenn Sie in anderen Kliniken vitrifizierte Embryonen haben und m\u00f6chten, dass wir den Transfer durchf\u00fchren, k\u00f6nnen Sie diese mitbringen, wir k\u00fcmmern uns um alles. <a href=\"https:\/\/clinicaergo.com\/transferencia-de-embriones-vitrificados\/\">F\u00fcr weitere Informationen<\/a> nehmen Sie bitte Kontakt mit uns auf.<\/p>\n<p><strong>Embryo-Adoption<\/strong>: Viele zur Adoption freigegebene Embryonen warten auf eine Chance. <a href=\"https:\/\/clinicaergo.com\/de\/double-donor-embryonen-und-embryoadoption\/\">Weitere Informationen \u00fcber<\/a> Embryonen zur Adoption.<em><\/em><\/p>\n<p><strong>Abteilung f\u00fcr Implantationsst\u00f6rungen und wiederholte Fehlgeburten<\/strong>: die neuesten Diagnosetechniken, um Ihnen eine Erkl\u00e4rung und vor allem eine L\u00f6sung f\u00fcr Ihr Problem zu geben<em>. <\/em><a href=\"https:\/\/clinicaergo.com\/de\/implantationsversagen-und-wiederholte-fehlgeburten-spezialeinheit\/\">Mehr Informationen<\/a>.<a href=\"http:\/\/clinicaergo.com\/unidad-de-abortos-de-repeticion\/\"><em><\/em><\/a><\/p>\n<p>Die Gesundheit des Mannes: Spezifische Studien zu den Samen, um Antworten zu finden. <a href=\"https:\/\/clinicaergo.com\/salud-del-varon\/\">Lesen Sie mehr<\/a>.<em><\/em><\/p>\n<p><strong>Analysen:<\/strong> hormonell, seminal, genetisch&#8230; Unser Pflegeteam steht Ihnen zur Verf\u00fcgung. <a href=\"https:\/\/clinicaergo.com\/de\/analyse\/\">F\u00fcr weitere Informationen<\/a> nehmen Sie bitte Kontakt mit uns auf.<\/p>\n<p>&nbsp;<\/p>\n<p>Wenn Sie Hilfe suchen, um schwanger zu werden, oder daran interessiert sind, Spender zu werden, wenden Sie sich bitte an uns. Denken Sie daran, dass die erste Beratung <strong>KOSTENLOS<\/strong> ist und dass wir sie auch per <strong>Videokonferenz<\/strong> durchf\u00fchren k\u00f6nnen, damit Sie nicht nach Gij\u00f3n reisen m\u00fcssen, wenn es Ihnen nicht passt.<\/p>\n<p>Wir warten auf Sie.<\/p>\n<p><strong><\/strong><\/p>\n<p>[\/et_pb_text][\/et_pb_column][\/et_pb_row][\/et_pb_section][et_pb_section fb_built=&#8220;1&#8243; prev_background_color=&#8220;#ffffff&#8220; next_background_color=&#8220;#ffffff&#8220; admin_label=&#8220;Who Is Coaching For?&#8220; _builder_version=&#8220;4.16&#8243; background_color=&#8220;#345168&#8243; use_background_color_gradient=&#8220;on&#8220; background_color_gradient_stops=&#8220;#345168 5%|rgba(219,219,219,0) 100%&#8220; background_color_gradient_overlays_image=&#8220;on&#8220; background_color_gradient_start=&#8220;#345168&#8243; background_color_gradient_start_position=&#8220;5%&#8220; background_color_gradient_end=&#8220;rgba(219,219,219,0)&#8220; background_image=&#8220;https:\/\/clinicaergo.com\/wp-content\/uploads\/2021\/05\/life-coach-34.jpg&#8220; min_height=&#8220;89.3px&#8220; custom_padding=&#8220;0px||0px||true|false&#8220; top_divider_style=&#8220;slant&#8220; top_divider_flip=&#8220;horizontal&#8220; bottom_divider_style=&#8220;slant&#8220; bottom_divider_flip=&#8220;horizontal&#8220; background_color_gradient_stops_tablet=&#8220;#345168 5%|rgba(219,219,219,0) 100%&#8220; background_color_gradient_stops_phone=&#8220;#345168 5%|rgba(219,219,219,0) 100%&#8220; global_module=&#8220;332121&#8243; saved_tabs=&#8220;all&#8220; locked=&#8220;off&#8220; global_colors_info=&#8220;{}&#8220;][et_pb_row column_structure=&#8220;3_5,2_5&#8243; _builder_version=&#8220;4.16&#8243; min_height=&#8220;485.4px&#8220; custom_margin=&#8220;|auto|0px|auto|false|false&#8220; custom_padding=&#8220;141px||0px||false|false&#8220; use_custom_width=&#8220;on&#8220; locked=&#8220;off&#8220; global_colors_info=&#8220;{}&#8220;][et_pb_column type=&#8220;3_5&#8243; _builder_version=&#8220;4.16&#8243; custom_padding=&#8220;|||&#8220; global_colors_info=&#8220;{}&#8220; custom_padding__hover=&#8220;|||&#8220;][et_pb_text admin_label=&#8220;Text&#8220; _builder_version=&#8220;4.16&#8243; text_font=&#8220;Poppins|300|||||||&#8220; text_font_size=&#8220;17px&#8220; header_2_font=&#8220;Nunito|900|||||||&#8220; background_layout=&#8220;dark&#8220; global_colors_info=&#8220;{}&#8220;]<\/p>\n<h2>Ben\u00f6tigen Sie weitere Informationen?<\/h2>\n<p>Wir sind ein Team von mehr als <strong>15 Fachleuten<\/strong>, die sich auf die assistierte Reproduktion und die Gesundheit der Frau spezialisiert haben. Haben Sie irgendwelche Zweifel? Wir laden Sie ein, uns kennen zu lernen, Ihr erster Besuch ist v\u00f6llig kostenlos.<\/p>\n<p>[\/et_pb_text][et_pb_button button_url=&#8220;https:\/\/clinicaergo.com\/de\/kontakt\/&#8220; button_text=&#8220;Vereinbaren Sie Ihren ersten Termin KOSTENLOS&#8220; button_alignment=&#8220;center&#8220; admin_label=&#8220;Get Started&#8220; _builder_version=&#8220;4.16&#8243; _module_preset=&#8220;default&#8220; custom_button=&#8220;on&#8220; button_text_size=&#8220;14px&#8220; button_text_color=&#8220;#ffffff&#8220; button_bg_color=&#8220;#4b2614&#8243; button_border_width=&#8220;1px&#8220; button_border_color=&#8220;RGBA(0,0,0,0)&#8220; button_border_radius=&#8220;50px&#8220; button_letter_spacing=&#8220;1px&#8220; button_font=&#8220;Poppins|600||on|||||&#8220; button_use_icon=&#8220;off&#8220; custom_margin=&#8220;20px|20px|||false|false&#8220; custom_margin_phone=&#8220;|20px|||false|false&#8220; custom_margin_last_edited=&#8220;off|desktop&#8220; custom_padding=&#8220;14px|50px|14px|50px|true|true&#8220; box_shadow_style=&#8220;preset3&#8243; box_shadow_color=&#8220;rgba(0,0,0,0.2)&#8220; locked=&#8220;off&#8220; global_colors_info=&#8220;{%22gcid-0b134dd3-bba5-4a0c-9138-44a2493e22ee%22:%91%22button_bg_color%22%93}&#8220; button_bg_color__hover_enabled=&#8220;on|desktop&#8220; button_bg_enable_color__hover=&#8220;on&#8220; button_text_color__hover_enabled=&#8220;off|hover&#8220; custom_padding__hover_enabled=&#8220;off|hover&#8220; button_bg_color__hover=&#8220;rgba(255,255,255,0.1)&#8220; button_border_color__hover_enabled=&#8220;on|hover&#8220; button_border_color__hover=&#8220;#ffffff&#8220;][\/et_pb_button][\/et_pb_column][et_pb_column type=&#8220;2_5&#8243; _builder_version=&#8220;4.16&#8243; custom_padding=&#8220;|||&#8220; global_colors_info=&#8220;{}&#8220; custom_padding__hover=&#8220;|||&#8220;][et_pb_image src=&#8220;https:\/\/clinicaergo.com\/wp-content\/uploads\/2021\/04\/equipo-maria.jpg&#8220; alt=&#8220;Gesundheitspsychologe in Gij\u00f3n&#8220; title_text=&#8220;team-maria&#8220; _builder_version=&#8220;4.16&#8243; _module_preset=&#8220;default&#8220; border_radii=&#8220;on|20px|20px|20px|20px&#8220; box_shadow_style=&#8220;preset2&#8243; global_colors_info=&#8220;{}&#8220;][\/et_pb_image][\/et_pb_column][\/et_pb_row][\/et_pb_section][et_pb_section fb_built=&#8220;1&#8243; _builder_version=&#8220;4.16&#8243; _module_preset=&#8220;default&#8220; global_colors_info=&#8220;{}&#8220;][et_pb_row _builder_version=&#8220;4.16&#8243; _module_preset=&#8220;default&#8220; global_colors_info=&#8220;{}&#8220;][et_pb_column type=&#8220;4_4&#8243; _builder_version=&#8220;4.16&#8243; _module_preset=&#8220;default&#8220; global_colors_info=&#8220;{}&#8220;][\/et_pb_column][\/et_pb_row][\/et_pb_section]<\/p>\n","protected":false},"excerpt":{"rendered":"<p>Klinik f\u00fcr k\u00fcnstliche Befruchtung in Gij\u00f3n, AsturienK\u00f6nnen Sie sich eine andere Klinik vorstellen? Sie waren auf der Suche nach einem Zentrum f\u00fcr k\u00fcnstliche Befruchtung in Asturien, haben andere Kliniken besucht und in keiner das gefunden, was Sie gesucht haben? Wir verstehen Sie. Deshalb haben wir die ERGO-Klinik in Gij\u00f3n gegr\u00fcndet, als Antwort auf die Bed\u00fcrfnisse, [&hellip;]<\/p>\n","protected":false},"author":1,"featured_media":0,"parent":0,"menu_order":0,"comment_status":"closed","ping_status":"closed","template":"","meta":{"_et_pb_use_builder":"on","_et_pb_old_content":"","_et_gb_content_width":"","_joinchat":[],"footnotes":""},"class_list":["post-336043","page","type-page","status-publish","hentry"],"_links":{"self":[{"href":"https:\/\/clinicaergo.com\/de\/wp-json\/wp\/v2\/pages\/336043","targetHints":{"allow":["GET"]}}],"collection":[{"href":"https:\/\/clinicaergo.com\/de\/wp-json\/wp\/v2\/pages"}],"about":[{"href":"https:\/\/clinicaergo.com\/de\/wp-json\/wp\/v2\/types\/page"}],"author":[{"embeddable":true,"href":"https:\/\/clinicaergo.com\/de\/wp-json\/wp\/v2\/users\/1"}],"replies":[{"embeddable":true,"href":"https:\/\/clinicaergo.com\/de\/wp-json\/wp\/v2\/comments?post=336043"}],"version-history":[{"count":0,"href":"https:\/\/clinicaergo.com\/de\/wp-json\/wp\/v2\/pages\/336043\/revisions"}],"wp:attachment":[{"href":"https:\/\/clinicaergo.com\/de\/wp-json\/wp\/v2\/media?parent=336043"}],"curies":[{"name":"wp","href":"https:\/\/api.w.org\/{rel}","templated":true}]}}