{"id":336052,"date":"2020-08-02T19:39:43","date_gmt":"2020-08-02T19:39:43","guid":{"rendered":"https:\/\/clinicaergo.com\/assistierte-reproduktion\/hysteroskopie\/"},"modified":"2020-08-02T19:39:43","modified_gmt":"2020-08-02T19:39:43","slug":"hysteroskopie","status":"publish","type":"page","link":"https:\/\/clinicaergo.com\/de\/assistierte-reproduktion\/hysteroskopie\/","title":{"rendered":"Hysteroskopie"},"content":{"rendered":"<p><img decoding=\"async\" class=\"aligncenter wp-image-1353 size-medium\" src=\"https:\/\/clinicaergo.com\/wp-content\/uploads\/2020\/08\/IMG_20200802_160619-300x246.jpg\" alt=\"\" width=\"300\" height=\"246\" srcset=\"https:\/\/clinicaergo.com\/wp-content\/uploads\/2020\/08\/IMG_20200802_160619-300x246.jpg 300w, https:\/\/clinicaergo.com\/wp-content\/uploads\/2020\/08\/IMG_20200802_160619-768x631.jpg 768w, https:\/\/clinicaergo.com\/wp-content\/uploads\/2020\/08\/IMG_20200802_160619.jpg 784w\" sizes=\"(max-width: 300px) 100vw, 300px\" \/><\/p>\n<p>Die ERGO-Klinik w\u00e4chst weiter, und wir tun dies, um Ihnen den besten und umfassendsten Service zu bieten. Wir haben unser umfassendes Angebot im Bereich der Frauengesundheit um die diagnostische Hysteroskopie erweitert.<\/p>\n<p>&nbsp;<\/p>\n<h2><em>Was ist eine diagnostische Hysteroskopie?<\/em><\/h2>\n<p>Die diagnostische Hysteroskopie ist heute eine Routineuntersuchung sowohl in der Gyn\u00e4kologie als auch bei der assistierten Reproduktion.<\/p>\n<p>Bei der diagnostischen Hysteroskopie wird das Innere der Geb\u00e4rmutter direkt untersucht, um Informationen zu erhalten, die durch andere externe Untersuchungen wie k\u00f6rperliche Untersuchung, Ultraschall, Radiologie oder molekulare Studien nicht immer zuverl\u00e4ssig gewonnen werden k\u00f6nnen.<\/p>\n<p>Der Einsatz dieser Technik zu diagnostischen Zwecken in einer voll ausgestatteten Gesundheitseinrichtung gew\u00e4hrleistet ein H\u00f6chstma\u00df an Leistung und Zuverl\u00e4ssigkeit bei der Bildauswertung und minimiert gleichzeitig das Risiko von Komplikationen.<\/p>\n<p>&nbsp;<\/p>\n<h2><em>Wann ist sie angezeigt?<\/em><\/h2>\n<p>Zu den Indikationen f\u00fcr eine diagnostische Hysteroskopie geh\u00f6ren Frauen mit Menstruationsst\u00f6rungen (starke Periode oder Ausbleiben der Regelblutung), Unfruchtbarkeit oder Sterilit\u00e4tsproblemen. Sie ist auch anwendbar, wenn andere Untersuchungen, wie gyn\u00e4kologischer Ultraschall, Zytologie oder Endometriumbiopsie, auf eine Pathologie an dieser Stelle hinweisen.<\/p>\n<p>Die h\u00e4ufigsten Befunde sind:<\/p>\n<ul>\n<li>Polypen<\/li>\n<li>Myome oder intrauterine Myome<\/li>\n<li>Geb\u00e4rmutterfehlbildungen wie Septum oder Uterusseptum<\/li>\n<li>Hypertrophie oder \u00dcberwucherung der Geb\u00e4rmutterschleimhaut (verursacht \u00fcberm\u00e4\u00dfige Menstruation)<\/li>\n<li>Asherman-Syndrom (Bildung von Narbengewebe in der Geb\u00e4rmutterh\u00f6hle)<\/li>\n<\/ul>\n<h2><em>Wie wird das gemacht?<\/em><\/h2>\n<p>Dabei wird eine kleine Optik mit einem Durchmesser von 3-4 mm durch die Vagina und den Geb\u00e4rmutterhals eingef\u00fchrt.<\/p>\n<p>Mit der Kamera werden die Form des Inneren der Geb\u00e4rmutter und die Menstruationsschleimhaut (Endometrium) untersucht. Sie sollte immer zu einem Zeitpunkt durchgef\u00fchrt werden, der nicht mit der Menstruation zusammenf\u00e4llt, und eine Schwangerschaft sollte in diesem Zyklus vermieden werden.<\/p>\n<p>Das erhaltene Bild des Hohlraums ist sehr gut und hilfreich f\u00fcr die Diagnose. Einer der gro\u00dfen Vorteile dieser Methode besteht darin, dass bei Bedarf gezielte Biopsien zur mikroskopischen Untersuchung des repr\u00e4sentativsten Bereichs der Endometriumschleimhaut entnommen werden k\u00f6nnen.<\/p>\n<p>&nbsp;<\/p>\n<h2><em>Ist es schmerzhaft?<\/em><\/h2>\n<p>Sie kann ohne Narkose durchgef\u00fchrt werden, ist aber oft unangenehm und wird von manchen Patienten nicht vertragen. Deshalb f\u00fchren wir in der ERGO-Klinik den Eingriff immer unter Narkose durch. Unsere Einrichtungen, die f\u00fcr die Durchf\u00fchrung gr\u00f6\u00dferer Operationen vorbereitet sind, erm\u00f6glichen es uns, An\u00e4sthesiedienstleistungen anzubieten, wodurch die Untersuchung viel einfacher und f\u00fcr den Patienten v\u00f6llig schmerzfrei wird.<\/p>\n<p>&nbsp;<\/p>\n<p>Kontaktieren Sie uns unverbindlich. Wir werden Ihnen alle Informationen zur Verf\u00fcgung stellen.<\/p>\n<p>&nbsp;<\/p>\n","protected":false},"excerpt":{"rendered":"<p>Die ERGO-Klinik w\u00e4chst weiter, und wir tun dies, um Ihnen den besten und umfassendsten Service zu bieten. Wir haben unser umfassendes Angebot im Bereich der Frauengesundheit um die diagnostische Hysteroskopie erweitert. &nbsp; Was ist eine diagnostische Hysteroskopie? Die diagnostische Hysteroskopie ist heute eine Routineuntersuchung sowohl in der Gyn\u00e4kologie als auch bei der assistierten Reproduktion. Bei [&hellip;]<\/p>\n","protected":false},"author":3,"featured_media":0,"parent":336043,"menu_order":14,"comment_status":"closed","ping_status":"closed","template":"","meta":{"_et_pb_use_builder":"","_et_pb_old_content":"","_et_gb_content_width":"","_joinchat":[],"footnotes":""},"class_list":["post-336052","page","type-page","status-publish","hentry"],"_links":{"self":[{"href":"https:\/\/clinicaergo.com\/de\/wp-json\/wp\/v2\/pages\/336052","targetHints":{"allow":["GET"]}}],"collection":[{"href":"https:\/\/clinicaergo.com\/de\/wp-json\/wp\/v2\/pages"}],"about":[{"href":"https:\/\/clinicaergo.com\/de\/wp-json\/wp\/v2\/types\/page"}],"author":[{"embeddable":true,"href":"https:\/\/clinicaergo.com\/de\/wp-json\/wp\/v2\/users\/3"}],"replies":[{"embeddable":true,"href":"https:\/\/clinicaergo.com\/de\/wp-json\/wp\/v2\/comments?post=336052"}],"version-history":[{"count":0,"href":"https:\/\/clinicaergo.com\/de\/wp-json\/wp\/v2\/pages\/336052\/revisions"}],"up":[{"embeddable":true,"href":"https:\/\/clinicaergo.com\/de\/wp-json\/wp\/v2\/pages\/336043"}],"wp:attachment":[{"href":"https:\/\/clinicaergo.com\/de\/wp-json\/wp\/v2\/media?parent=336052"}],"curies":[{"name":"wp","href":"https:\/\/api.w.org\/{rel}","templated":true}]}}