{"id":336075,"date":"2016-09-26T02:08:58","date_gmt":"2016-09-26T02:08:58","guid":{"rendered":"https:\/\/clinicaergo.com\/ueber-uns\/"},"modified":"2023-07-19T14:53:16","modified_gmt":"2023-07-19T14:53:16","slug":"ueber-uns","status":"publish","type":"page","link":"https:\/\/clinicaergo.com\/de\/ueber-uns\/","title":{"rendered":"\u00dcber uns"},"content":{"rendered":"<p>[et_pb_section fb_built=&#8220;1&#8243; fullwidth=&#8220;on&#8220; _builder_version=&#8220;4.9.4&#8243; bottom_divider_style=&#8220;slant&#8220; bottom_divider_color=&#8220;#FFFFFF&#8220; bottom_divider_flip=&#8220;horizontal&#8220; animation_direction=&#8220;top&#8220; locked=&#8220;off&#8220;][et_pb_fullwidth_header title=&#8220;\u00dcber uns&#8220; subhead=&#8220;Das Gesundheitszentrum f\u00fcr Frauen, auf das Sie gewartet haben&#8220; text_orientation=&#8220;center&#8220; background_overlay_color=&#8220;rgba(53,38,35,0.67)&#8220; _builder_version=&#8220;4.9.4&#8243; title_font=&#8220;Nunito|700|||||||&#8220; title_font_size=&#8220;46px&#8220; title_line_height=&#8220;1.5em&#8220; content_font=&#8220;Lato|300|||||||&#8220; content_font_size=&#8220;20px&#8220; content_line_height=&#8220;3em&#8220; subhead_font=&#8220;Nunito|700|||||||&#8220; subhead_font_size=&#8220;25px&#8220; subhead_line_height=&#8220;1.5em&#8220; background_color=&#8220;#afafaf&#8220; background_image=&#8220;https:\/\/clinicaergo.com\/wp-content\/uploads\/2021\/05\/cabecera-nosotros.jpg&#8220; custom_margin=&#8220;|||&#8220; custom_padding=&#8220;5vw||150px||false&#8220; animation_style=&#8220;slide&#8220; animation_direction=&#8220;top&#8220; animation_intensity_slide=&#8220;2%&#8220; hover_enabled=&#8220;0&#8243; title_font_size_tablet=&#8220;36px&#8220; title_font_size_phone=&#8220;&#8220; title_font_size_last_edited=&#8220;on|phone&#8220; button_one_text_size__hover_enabled=&#8220;off&#8220; button_two_text_size__hover_enabled=&#8220;off&#8220; button_one_text_color__hover_enabled=&#8220;off&#8220; button_two_text_color__hover_enabled=&#8220;off&#8220; button_one_border_width__hover_enabled=&#8220;off&#8220; button_two_border_width__hover_enabled=&#8220;off&#8220; button_one_border_color__hover_enabled=&#8220;off&#8220; button_two_border_color__hover_enabled=&#8220;off&#8220; button_one_border_radius__hover_enabled=&#8220;off&#8220; button_two_border_radius__hover_enabled=&#8220;off&#8220; button_one_letter_spacing__hover_enabled=&#8220;off&#8220; button_two_letter_spacing__hover_enabled=&#8220;off&#8220; button_one_bg_color__hover_enabled=&#8220;off&#8220; button_two_bg_color__hover_enabled=&#8220;off&#8220; title_text=&#8220;cabecera-nosotros&#8220; sticky_enabled=&#8220;0&#8243;]<\/p>\n<p>ERGO-Klinik in Gij\u00f3n, Asturien<\/p>\n<p>[\/et_pb_fullwidth_header][\/et_pb_section][et_pb_section fb_built=&#8220;1&#8243; admin_label=&#8220;How It Works&#8220; _builder_version=&#8220;3.22&#8243; custom_padding=&#8220;|||&#8220;][et_pb_row _builder_version=&#8220;4.9.4&#8243; locked=&#8220;off&#8220;][et_pb_column type=&#8220;4_4&#8243; _builder_version=&#8220;3.25&#8243; custom_padding=&#8220;|||&#8220; custom_padding__hover=&#8220;|||&#8220;][et_pb_text admin_label=&#8220;Text&#8220; _builder_version=&#8220;4.9.4&#8243; header_2_font=&#8220;Nunito|700|||||||&#8220; header_2_text_color=&#8220;#7A4E36&#8243; text_orientation=&#8220;left&#8220;]<\/p>\n<h2><strong>Wenn Sie eine andere Klinik suchen, gibt es ERGO bereits in Gij\u00f3n.<br \/><\/strong><\/h2>\n<div class=\"wpb_text_column wpb_content_element \">\n<div class=\"wpb_wrapper\">\n<p>Wir k\u00fcmmern uns um Sie. Wir wissen, wie wichtig es ist, sich in jeder Phase um die Gesundheit der Frauen zu k\u00fcmmern, und wie schwierig es ist, einen Ort zu finden, an dem alle Disziplinen zusammenkommen. Bei ERGO steht Ihnen ein gro\u00dfes Team von Fachleuten aus dem Gesundheitswesen zur Verf\u00fcgung (Embryologen, Gyn\u00e4kologen, Urologen, An\u00e4sthesisten, Allgemeinmediziner&#8230;), die ein gemeinsames Ziel verfolgen: die Bereitstellung einer qualitativ hochwertigen medizinischen Behandlung durch Teamarbeit unter Einsatz der modernsten Technologien, die zur Verf\u00fcgung stehen, um jeden Fall individuell zu gestalten.<\/p>\n<p>Das Herzst\u00fcck der <strong>ERGO-Klinik<\/strong> ist die assistierte Reproduktion. Als Experten f\u00fcr menschliche Reproduktionstechniken bieten wir Ihnen von der ersten Minute an eine sorgf\u00e4ltige und professionelle Behandlung an und begleiten und beraten Sie in jedem schwierigen Moment dieses Prozesses. Wir bieten Ihnen die neueste Technologie f\u00fcr die In-vitro-Fertilisation IVF, die intrazytoplasmatische Mikroinjektion ICSI und die genetische Pr\u00e4implantationsdiagnostik PGD. Die gr\u00f6\u00dfte Sicherheit bieten die Behandlungen zur Gametenspende (Ovodonation und Samenspende) und die Programme, die speziell f\u00fcr Frauen ohne m\u00e4nnlichen Partner entwickelt wurden (ROPA-Technik oder alleinstehende Frau).<\/p>\n<p>Unser Labor f\u00fcr assistierte Reproduktion ist mit den besten technologischen und menschlichen Fortschritten ausgestattet, und unsere Embryologen verf\u00fcgen \u00fcber die nationale ASEBIR-Zertifizierung und die europ\u00e4ische ESHRE-Senior-Zertifizierung, so dass sie die neuesten wissenschaftlichen Erkenntnisse und die beste Technologie in den Dienst der Patienten stellen.<\/p>\n<p>Die Einrichtungen der ERGO-Klinik sind speziell f\u00fcr die Behandlung von Frauen konzipiert und angepasst, mit Labors, die mit \u00dcberdruck, Klimaanlage und Anti-VOC-Beschichtungen gem\u00e4\u00df den europ\u00e4ischen Empfehlungen ausgestattet sind, einem Operationssaal vom Typ B und Einzelzimmern f\u00fcr die Erholung unserer Patienten.<\/p>\n<p>Kommen Sie und lernen Sie uns kennen, wir helfen Ihnen gerne weiter.<\/p>\n<\/div>\n<\/div>\n<p>[\/et_pb_text][\/et_pb_column][\/et_pb_row][\/et_pb_section][et_pb_section fb_built=&#8220;1&#8243; prev_background_color=&#8220;#ffffff&#8220; next_background_color=&#8220;#ffffff&#8220; admin_label=&#8220;Who Is Coaching For?&#8220; _builder_version=&#8220;4.9.4&#8243; background_color=&#8220;#345168&#8243; use_background_color_gradient=&#8220;on&#8220; background_color_gradient_start=&#8220;#345168&#8243; background_color_gradient_end=&#8220;rgba(219,219,219,0)&#8220; background_color_gradient_start_position=&#8220;5%&#8220; background_color_gradient_overlays_image=&#8220;on&#8220; background_image=&#8220;https:\/\/clinicaergo.com\/wp-content\/uploads\/2021\/05\/life-coach-34.jpg&#8220; min_height=&#8220;89.3px&#8220; custom_padding=&#8220;0px||0px||true|false&#8220; top_divider_style=&#8220;slant&#8220; top_divider_flip=&#8220;horizontal&#8220; bottom_divider_style=&#8220;slant&#8220; bottom_divider_flip=&#8220;horizontal&#8220; global_module=&#8220;332121&#8243; saved_tabs=&#8220;all&#8220; locked=&#8220;off&#8220;][et_pb_row column_structure=&#8220;3_5,2_5&#8243; _builder_version=&#8220;4.9.4&#8243; min_height=&#8220;485.4px&#8220; custom_margin=&#8220;|auto|0px|auto|false|false&#8220; custom_padding=&#8220;141px||0px||false|false&#8220; use_custom_width=&#8220;on&#8220; locked=&#8220;off&#8220;][et_pb_column type=&#8220;3_5&#8243; _builder_version=&#8220;3.25&#8243; custom_padding=&#8220;|||&#8220; custom_padding__hover=&#8220;|||&#8220;][et_pb_text admin_label=&#8220;Text&#8220; _builder_version=&#8220;4.9.4&#8243; text_font=&#8220;Poppins|300|||||||&#8220; text_font_size=&#8220;17px&#8220; header_2_font=&#8220;Nunito|900|||||||&#8220; background_layout=&#8220;dark&#8220;]<\/p>\n<h2>Ben\u00f6tigen Sie weitere Informationen?<\/h2>\n<p>Wir sind ein Team von mehr als <strong>15 Fachleuten<\/strong>, die sich auf die assistierte Reproduktion und die Gesundheit der Frau spezialisiert haben. Haben Sie irgendwelche Zweifel? Wir laden Sie ein, uns kennen zu lernen, Ihr erster Besuch ist v\u00f6llig kostenlos.<\/p>\n<p>[\/et_pb_text][et_pb_button button_url=&#8220;#&#8220; button_text=&#8220;Vereinbaren Sie Ihren ersten Termin KOSTENLOS&#8220; button_alignment=&#8220;center&#8220; admin_label=&#8220;Get Started&#8220; _builder_version=&#8220;4.9.4&#8243; _module_preset=&#8220;default&#8220; custom_button=&#8220;on&#8220; button_text_size=&#8220;14px&#8220; button_text_color=&#8220;#ffffff&#8220; button_bg_color=&#8220;gcid-0b134dd3-bba5-4a0c-9138-44a2493e22ee&#8220; button_border_width=&#8220;1px&#8220; button_border_color=&#8220;RGBA(0,0,0,0)&#8220; button_border_radius=&#8220;50px&#8220; button_letter_spacing=&#8220;1px&#8220; button_font=&#8220;Poppins|600||on|||||&#8220; button_use_icon=&#8220;off&#8220; custom_margin=&#8220;20px|20px|||false|false&#8220; custom_margin_phone=&#8220;|20px|||false|false&#8220; custom_margin_last_edited=&#8220;off|desktop&#8220; custom_padding=&#8220;14px|50px|14px|50px|true|true&#8220; box_shadow_style=&#8220;preset3&#8243; box_shadow_color=&#8220;rgba(0,0,0,0.2)&#8220; locked=&#8220;off&#8220; global_colors_info=&#8220;{%22gcid-0b134dd3-bba5-4a0c-9138-44a2493e22ee%22:%91%22button_bg_color%22%93}&#8220; button_bg_color__hover_enabled=&#8220;on|desktop&#8220; button_bg_enable_color__hover=&#8220;on&#8220; button_text_color__hover_enabled=&#8220;off|hover&#8220; custom_padding__hover_enabled=&#8220;off|hover&#8220; button_bg_color__hover=&#8220;rgba(255,255,255,0.1)&#8220; button_border_color__hover_enabled=&#8220;on|hover&#8220; button_border_color__hover=&#8220;#ffffff&#8220;][\/et_pb_button][\/et_pb_column][et_pb_column type=&#8220;2_5&#8243; _builder_version=&#8220;3.25&#8243; custom_padding=&#8220;|||&#8220; custom_padding__hover=&#8220;|||&#8220;][et_pb_image src=&#8220;https:\/\/clinicaergo.com\/wp-content\/uploads\/2021\/04\/equipo-maria.jpg&#8220; title_text=&#8220;team-maria&#8220; _builder_version=&#8220;4.9.4&#8243; _module_preset=&#8220;default&#8220; border_radii=&#8220;on|20px|20px|20px|20px&#8220; box_shadow_style=&#8220;preset2&#8243;][\/et_pb_image][\/et_pb_column][\/et_pb_row][\/et_pb_section][et_pb_section fb_built=&#8220;1&#8243; _builder_version=&#8220;4.9.4&#8243; _module_preset=&#8220;default&#8220;][et_pb_row _builder_version=&#8220;4.9.4&#8243; _module_preset=&#8220;default&#8220;][et_pb_column type=&#8220;4_4&#8243; _builder_version=&#8220;4.9.4&#8243; _module_preset=&#8220;default&#8220;][\/et_pb_column][\/et_pb_row][\/et_pb_section]<\/p>\n","protected":false},"excerpt":{"rendered":"<p>ERGO-Klinik in Gij\u00f3n, AsturienWenn Sie eine andere Klinik suchen, gibt es ERGO bereits in Gij\u00f3n. Wir k\u00fcmmern uns um Sie. Wir wissen, wie wichtig es ist, sich in jeder Phase um die Gesundheit der Frauen zu k\u00fcmmern, und wie schwierig es ist, einen Ort zu finden, an dem alle Disziplinen zusammenkommen. Bei ERGO steht Ihnen [&hellip;]<\/p>\n","protected":false},"author":1,"featured_media":0,"parent":0,"menu_order":0,"comment_status":"closed","ping_status":"closed","template":"","meta":{"_et_pb_use_builder":"on","_et_pb_old_content":"","_et_gb_content_width":"","_joinchat":[],"footnotes":""},"class_list":["post-336075","page","type-page","status-publish","hentry"],"_links":{"self":[{"href":"https:\/\/clinicaergo.com\/de\/wp-json\/wp\/v2\/pages\/336075","targetHints":{"allow":["GET"]}}],"collection":[{"href":"https:\/\/clinicaergo.com\/de\/wp-json\/wp\/v2\/pages"}],"about":[{"href":"https:\/\/clinicaergo.com\/de\/wp-json\/wp\/v2\/types\/page"}],"author":[{"embeddable":true,"href":"https:\/\/clinicaergo.com\/de\/wp-json\/wp\/v2\/users\/1"}],"replies":[{"embeddable":true,"href":"https:\/\/clinicaergo.com\/de\/wp-json\/wp\/v2\/comments?post=336075"}],"version-history":[{"count":0,"href":"https:\/\/clinicaergo.com\/de\/wp-json\/wp\/v2\/pages\/336075\/revisions"}],"wp:attachment":[{"href":"https:\/\/clinicaergo.com\/de\/wp-json\/wp\/v2\/media?parent=336075"}],"curies":[{"name":"wp","href":"https:\/\/api.w.org\/{rel}","templated":true}]}}