{"id":336078,"date":"2016-09-24T01:55:27","date_gmt":"2016-09-24T01:55:27","guid":{"rendered":"https:\/\/clinicaergo.com\/hochmoderne-technologie\/"},"modified":"2023-07-19T14:54:37","modified_gmt":"2023-07-19T14:54:37","slug":"hochmoderne-technologie","status":"publish","type":"page","link":"https:\/\/clinicaergo.com\/de\/hochmoderne-technologie\/","title":{"rendered":"Hochmoderne Technologie"},"content":{"rendered":"<p>[et_pb_section fb_built=&#8220;1&#8243; fullwidth=&#8220;on&#8220; _builder_version=&#8220;4.9.4&#8243; bottom_divider_style=&#8220;slant&#8220; bottom_divider_color=&#8220;#FFFFFF&#8220; bottom_divider_flip=&#8220;horizontal&#8220; animation_direction=&#8220;top&#8220; locked=&#8220;off&#8220; global_colors_info=&#8220;{}&#8220;][et_pb_fullwidth_header title=&#8220;Hochmoderne Technologie&#8220; subhead=&#8220;Jedes gute Team braucht die beste Ausr\u00fcstung&#8220; text_orientation=&#8220;center&#8220; background_overlay_color=&#8220;rgba(53,38,35,0.67)&#8220; _builder_version=&#8220;4.9.4&#8243; title_font=&#8220;Nunito|700|||||||&#8220; title_font_size=&#8220;46px&#8220; title_line_height=&#8220;1.5em&#8220; content_font=&#8220;Lato|300|||||||&#8220; content_font_size=&#8220;20px&#8220; content_line_height=&#8220;3em&#8220; subhead_font=&#8220;Nunito|700|||||||&#8220; subhead_font_size=&#8220;25px&#8220; subhead_line_height=&#8220;1.5em&#8220; background_color=&#8220;#afafaf&#8220; background_image=&#8220;https:\/\/clinicaergo.com\/wp-content\/uploads\/2021\/05\/cabecera-tecnologia.jpg&#8220; custom_margin=&#8220;|||&#8220; custom_padding=&#8220;5vw||150px||false&#8220; animation_style=&#8220;slide&#8220; animation_direction=&#8220;top&#8220; animation_intensity_slide=&#8220;2%&#8220; title_font_size_tablet=&#8220;36px&#8220; title_font_size_phone=&#8220;&#8220; title_font_size_last_edited=&#8220;on|phone&#8220; global_colors_info=&#8220;{}&#8220; button_one_text_size__hover_enabled=&#8220;off&#8220; button_two_text_size__hover_enabled=&#8220;off&#8220; button_one_text_color__hover_enabled=&#8220;off&#8220; button_two_text_color__hover_enabled=&#8220;off&#8220; button_one_border_width__hover_enabled=&#8220;off&#8220; button_two_border_width__hover_enabled=&#8220;off&#8220; button_one_border_color__hover_enabled=&#8220;off&#8220; button_two_border_color__hover_enabled=&#8220;off&#8220; button_one_border_radius__hover_enabled=&#8220;off&#8220; button_two_border_radius__hover_enabled=&#8220;off&#8220; button_one_letter_spacing__hover_enabled=&#8220;off&#8220; button_two_letter_spacing__hover_enabled=&#8220;off&#8220; button_one_bg_color__hover_enabled=&#8220;off&#8220; button_two_bg_color__hover_enabled=&#8220;off&#8220;]<\/p>\n<p>Technologie im Dienste der assistierten Reproduktion und der Gesundheit von Frauen<\/p>\n<p>[\/et_pb_fullwidth_header][\/et_pb_section][et_pb_section fb_built=&#8220;1&#8243; admin_label=&#8220;What is Coaching?&#8220; _builder_version=&#8220;4.9.4&#8243; background_color=&#8220;#ffffff&#8220; use_background_color_gradient=&#8220;on&#8220; background_color_gradient_start=&#8220;#ffffff&#8220; background_color_gradient_end=&#8220;#f5f5f5&#8243; background_color_gradient_end_position=&#8220;70%&#8220; background_color_gradient_overlays_image=&#8220;on&#8220; background_image=&#8220;https:\/\/clinicaergo.com\/wp-content\/uploads\/2021\/03\/life-coach-03.jpg&#8220; custom_margin=&#8220;|||&#8220; custom_padding=&#8220;0px||0px||true&#8220; top_divider_color=&#8220;#f5f5f5&#8243; top_divider_flip=&#8220;vertical&#8220; top_divider_arrangement=&#8220;above_content&#8220; bottom_divider_style=&#8220;slant&#8220; bottom_divider_color=&#8220;#FFFFFF&#8220; bottom_divider_flip=&#8220;vertical&#8220; bottom_divider_arrangement=&#8220;above_content&#8220; locked=&#8220;off&#8220; global_colors_info=&#8220;{}&#8220;][et_pb_row use_custom_gutter=&#8220;on&#8220; gutter_width=&#8220;1&#8243; make_equal=&#8220;on&#8220; padding_top_bottom_link_1=&#8220;false&#8220; padding_top_bottom_link_2=&#8220;false&#8220; padding_left_right_link_1=&#8220;true&#8220; padding_left_right_link_2=&#8220;true&#8220; module_class=&#8220; et_pb_row_fullwidth&#8220; _builder_version=&#8220;3.25&#8243; width=&#8220;100%&#8220; width_tablet=&#8220;100%&#8220; width_phone=&#8220;&#8220; width_last_edited=&#8220;on|desktop&#8220; max_width=&#8220;100%&#8220; max_width_tablet=&#8220;100%&#8220; max_width_phone=&#8220;&#8220; max_width_last_edited=&#8220;on|desktop&#8220; custom_padding=&#8220;0px|0|0px|0|true|false&#8220; make_fullwidth=&#8220;on&#8220; global_colors_info=&#8220;{}&#8220;][et_pb_column type=&#8220;4_4&#8243; _builder_version=&#8220;3.25&#8243; use_background_color_gradient=&#8220;on&#8220; background_color_gradient_start=&#8220;rgba(0,0,0,0)&#8220; background_color_gradient_end=&#8220;rgba(0,0,0,0.07)&#8220; custom_padding=&#8220;5%|6%|10%|6%&#8220; custom_padding_tablet=&#8220;&#8220; custom_padding_phone=&#8220;&#8220; custom_padding_last_edited=&#8220;on|tablet&#8220; global_colors_info=&#8220;{}&#8220; padding_last_edited=&#8220;on|tablet&#8220; custom_padding__hover=&#8220;|||&#8220;][et_pb_text admin_label=&#8220;Text&#8220; _builder_version=&#8220;4.9.4&#8243; header_2_font=&#8220;Nunito|700|||||||&#8220; header_2_text_color=&#8220;#7A4E36&#8243; text_orientation=&#8220;left&#8220; locked=&#8220;off&#8220; global_colors_info=&#8220;{}&#8220;]<\/p>\n<h2>Auf der Suche nach Spitzenleistungen<\/h2>\n<p>Ein guter Fachmann braucht ein gutes Team, und in der ERGO-Klinik sind wir mit dieser Pr\u00e4misse einverstanden. Aus diesem Grund setzen wir auf Spitzentechnologie, die es uns erm\u00f6glicht, das Qu\u00e4ntchen Qualit\u00e4t zu erreichen, das f\u00fcr einen <strong>exzellenten Service<\/strong> notwendig ist.<\/p>\n<p>&nbsp;<\/p>\n<p>[\/et_pb_text][\/et_pb_column][\/et_pb_row][\/et_pb_section][et_pb_section fb_built=&#8220;1&#8243; admin_label=&#8220;How It Works&#8220; _builder_version=&#8220;3.22&#8243; custom_padding=&#8220;|||&#8220; global_colors_info=&#8220;{}&#8220;][et_pb_row _builder_version=&#8220;3.25&#8243; locked=&#8220;off&#8220; global_colors_info=&#8220;{}&#8220;][et_pb_column type=&#8220;4_4&#8243; _builder_version=&#8220;3.25&#8243; custom_padding=&#8220;|||&#8220; global_colors_info=&#8220;{}&#8220; custom_padding__hover=&#8220;|||&#8220;][et_pb_text admin_label=&#8220;Text&#8220; _builder_version=&#8220;4.9.4&#8243; header_2_font=&#8220;Nunito|700|||||||&#8220; header_2_text_color=&#8220;#7A4E36&#8243; header_3_font=&#8220;Nunito|600|||||||&#8220; header_3_text_color=&#8220;#7A4E36&#8243; text_orientation=&#8220;left&#8220; custom_margin=&#8220;||||false|false&#8220; custom_padding=&#8220;||||false|false&#8220; global_colors_info=&#8220;{}&#8220;]<\/p>\n<h2>Sanit\u00e4res Gesetzbuch<\/h2>\n<h3>Schl\u00fcsselgenehmigung zur Durchf\u00fchrung von Behandlungen<\/h3>\n<p>Der erste wichtige Unterschied besteht in der Art der von der Consejer\u00eda de Sanidad del Principado de Asturias erteilten Genehmigung. Es gibt Codes, die eine Einrichtung des Gesundheitswesens identifizieren und somit Auskunft \u00fcber die Art der Gesundheitsversorgung geben, die sie erbringen darf. So bezieht sich beispielsweise der Code <strong>C.2.1<\/strong> nur auf <strong>\u00e4rztliche Konsultationen<\/strong>, nicht aber auf die Genehmigung von chirurgischen Eingriffen, komplexen Behandlungen oder \u00c4hnlichem, sondern nur auf \u00e4rztliche Konsultationen. Der Code <strong>C.2.5.2<\/strong> f\u00e4llt jedoch unter die spezifische Kategorie der spezialisierten Zentren, insbesondere der <strong>Zentren f\u00fcr assistierte menschliche Reproduktion<\/strong>. <strong>Techniken der assistierten menschlichen Reproduktion sind nur in diesen F\u00e4llen erlaubt<\/strong>, und das ist nat\u00fcrlich der Kodex, den wir in der ERGO-Klinik vom ersten Tag an hatten.<\/p>\n<p>Es ist wichtig, dass vor der Wahl einer Klinik, in der die Behandlungen durchgef\u00fchrt werden sollen, <strong>eindeutig festgestellt wird, welchen Gesundheitscode sie haben<\/strong>, da dies Transparenz und Sicherheit im gesamten Prozess bedeutet.<\/p>\n<p>[\/et_pb_text][et_pb_text admin_label=&#8220;Text&#8220; _builder_version=&#8220;4.9.4&#8243; header_2_font=&#8220;Nunito|700|||||||&#8220; header_2_text_color=&#8220;#7A4E36&#8243; header_2_line_height=&#8220;1.2em&#8220; text_orientation=&#8220;left&#8220; global_colors_info=&#8220;{}&#8220;]<\/p>\n<h2>Spezielle Einrichtungen f\u00fcr die assistierte Reproduktion beim Menschen<\/h2>\n<h2><\/h2>\n<p>Wissen Sie, wie empfindlich menschliche Embryonen sind? Wir arbeiten seit vielen Jahren mit ihnen zusammen, und unsere Erfahrung und Ausbildung haben uns gezeigt, wie kritisch die Umweltbedingungen sind. Alle Materialien, die beim Bau der Embryologie- und Andrologielabors sowie des Operationssaals verwendet wurden, sind frei von fl\u00fcchtigen organischen Verbindungen (VOC) und antibakteriell, um diese R\u00e4ume als Reinr\u00e4ume zu behandeln.<\/p>\n<p>Die speziellen Klimaanlagen sorgen f\u00fcr eine konstante Temperatur in den Laboratorien, damit die Embryonen in einer geeigneten Umgebung aufwachsen k\u00f6nnen, und alle verwendeten Filter sind vom h\u00f6chsten Filtertyp (HEPA H14), der die in den R\u00e4umen zirkulierende Luft maximal reinigt.<\/p>\n<p>[\/et_pb_text][\/et_pb_column][\/et_pb_row][et_pb_row _builder_version=&#8220;4.9.4&#8243; _module_preset=&#8220;default&#8220; use_background_color_gradient=&#8220;on&#8220; background_color_gradient_start=&#8220;rgba(122,78,54,0.2)&#8220; background_color_gradient_end=&#8220;#ffffff&#8220; custom_padding=&#8220;21px|20px|20px|20px|false|false&#8220; border_radii=&#8220;on|20px|20px|20px|20px&#8220; locked=&#8220;off&#8220; global_colors_info=&#8220;{}&#8220;][et_pb_column type=&#8220;4_4&#8243; _builder_version=&#8220;4.9.4&#8243; _module_preset=&#8220;default&#8220; global_colors_info=&#8220;{}&#8220;][et_pb_text admin_label=&#8220;Text&#8220; _builder_version=&#8220;4.12.1&#8243; header_2_font=&#8220;Nunito|700|||||||&#8220; header_2_text_color=&#8220;#7A4E36&#8243; header_2_line_height=&#8220;1.2em&#8220; text_orientation=&#8220;left&#8220; hover_enabled=&#8220;0&#8243; header_2_font_tablet=&#8220;&#8220; header_2_font_phone=&#8220;&#8220; header_2_font_last_edited=&#8220;on|desktop&#8220; header_2_text_color_tablet=&#8220;&#8220; header_2_text_color_phone=&#8220;&#8220; header_2_text_color_last_edited=&#8220;on|desktop&#8220; header_2_letter_spacing_tablet=&#8220;&#8220; header_2_letter_spacing_phone=&#8220;&#8220; header_2_letter_spacing_last_edited=&#8220;on|desktop&#8220; header_2_line_height_tablet=&#8220;&#8220; header_2_line_height_phone=&#8220;&#8220; header_2_line_height_last_edited=&#8220;on|desktop&#8220; global_colors_info=&#8220;{}&#8220; sticky_enabled=&#8220;0&#8243;]<\/p>\n<h2>Qualit\u00e4tsnorm <em>UNE 179007<\/em><\/h2>\n<p>Obwohl Qualit\u00e4tsmanagementsysteme in anderen Gesch\u00e4ftsbereichen in der Regel nicht obligatorisch sind, sind sie es in der assistierten Reproduktion. Die ISO 9001-Norm wird in der Regel mit allgemeinen Richtlinien umgesetzt, die unabh\u00e4ngig von der T\u00e4tigkeit an das Unternehmen angepasst werden.<\/p>\n<p>Die Norm <strong>UNE 179007<\/strong> bezieht sich jedoch speziell auf die Verwaltung von Laboratorien f\u00fcr k\u00fcnstliche Befruchtung. Sie ergibt sich aus dem Bed\u00fcrfnis der Laboratorien f\u00fcr menschliche Reproduktion, die Anforderungen der ISO 9001 auf die spezifischen Anforderungen ihres Sektors auszuweiten. Mehr Kontrolle, mehr Aufzeichnungen, bessere Arbeit und damit bessere Ergebnisse. So beginnt die ERGO-Klinik auf der Grundlage des besten Qualit\u00e4tsmanagementsystems f\u00fcr ihre T\u00e4tigkeit.<\/p>\n<p>&nbsp;<\/p>\n<p>[\/et_pb_text][\/et_pb_column][\/et_pb_row][et_pb_row column_structure=&#8220;2_5,3_5&#8243; _builder_version=&#8220;4.9.4&#8243; _module_preset=&#8220;default&#8220; custom_padding=&#8220;24px|||||&#8220; global_colors_info=&#8220;{}&#8220;][et_pb_column type=&#8220;2_5&#8243; _builder_version=&#8220;4.9.4&#8243; _module_preset=&#8220;default&#8220; global_colors_info=&#8220;{}&#8220;][et_pb_image src=&#8220;https:\/\/clinicaergo.com\/wp-content\/uploads\/2021\/05\/clinica-ergo-gijon-10-1024&#215;891.jpg&#8220; title_text=&#8220;klinik-ergo-gijon-10&#8243; _builder_version=&#8220;4.9.4&#8243; _module_preset=&#8220;default&#8220; border_radii=&#8220;on|20px|20px|20px|20px&#8220; global_colors_info=&#8220;{}&#8220;][\/et_pb_image][et_pb_image src=&#8220;https:\/\/clinicaergo.com\/wp-content\/uploads\/2021\/05\/cultivo-time-lapse-geri.jpg&#8220; title_text=&#8220;anbau-zeitraffer-geri&#8220; _builder_version=&#8220;4.9.4&#8243; _module_preset=&#8220;default&#8220; border_radii=&#8220;on|20px|20px|20px|20px&#8220; global_colors_info=&#8220;{}&#8220;][\/et_pb_image][\/et_pb_column][et_pb_column type=&#8220;3_5&#8243; _builder_version=&#8220;4.9.4&#8243; _module_preset=&#8220;default&#8220; global_colors_info=&#8220;{}&#8220;][et_pb_text admin_label=&#8220;Text&#8220; _builder_version=&#8220;4.12.1&#8243; header_2_font=&#8220;Nunito|700|||||||&#8220; header_2_text_color=&#8220;#7A4E36&#8243; header_2_line_height=&#8220;1.2em&#8220; text_orientation=&#8220;left&#8220; hover_enabled=&#8220;0&#8243; global_colors_info=&#8220;{}&#8220; sticky_enabled=&#8220;0&#8243;]<\/p>\n<h2><strong>Inkubationssystem<\/strong><em><strong> Zeitraffer: <\/strong><\/em><strong>GERI<\/strong><\/h2>\n<h2><\/h2>\n<p>Bis vor kurzem <em>(vor nicht mehr als 5 Jahren)<\/em> beschr\u00e4nkten sich Inkubatoren auf die Aufrechterhaltung einer f\u00fcr das Embryonenwachstum geeigneten Temperatur und Gaskonzentration. Und sie funktionieren immer noch hervorragend! Dank des technologischen Fortschritts gibt es heute jedoch <strong>Zeitraffer-Brutk\u00e4sten<\/strong>, die nicht nur genauso gut (oder sogar besser) funktionieren, sondern es uns auch erm\u00f6glichen, das Wachstum der Embryonen kontinuierlich zu verfolgen.<\/p>\n<p>Dieses Geri-System fotografiert jeden Embryo alle 5 Minuten und in bis zu 11 H\u00f6henebenen, so dass die Embryologen jederzeit das gesamte Wachstum sehen k\u00f6nnen und sehr wichtige Informationen f\u00fcr die Auswahl der besten Embryonen erhalten.<\/p>\n<p>Durch seine Verwendung wird vermieden, dass die Embryonen t\u00e4glich zur Visualisierung entnommen werden m\u00fcssen, so dass ihre Kultur nicht unterbrochen wird. Alle optimalen Kulturbedingungen sind besser kontrolliert und die Schwangerschaftsraten pro Transfer sind h\u00f6her.<\/p>\n<p>Au\u00dferdem ist sie besonders bei Patienten mit einer hohen Anzahl von Embryonen angezeigt (sie hilft bei der Auswahl des Embryos mit der h\u00f6chsten Einnistungswahrscheinlichkeit) und bei zweiten und weiteren In-vitro-Fertilisationszyklen (um die Embryonen genauer beobachten zu k\u00f6nnen und zu versuchen, die Vorg\u00e4nge zu kl\u00e4ren).<\/p>\n<p>[\/et_pb_text][\/et_pb_column][\/et_pb_row][et_pb_row _builder_version=&#8220;4.9.4&#8243; _module_preset=&#8220;default&#8220; custom_padding=&#8220;24px|||||&#8220; global_colors_info=&#8220;{}&#8220;][et_pb_column type=&#8220;4_4&#8243; _builder_version=&#8220;4.9.4&#8243; _module_preset=&#8220;default&#8220; global_colors_info=&#8220;{}&#8220;][et_pb_text admin_label=&#8220;Text&#8220; _builder_version=&#8220;4.9.4&#8243; header_2_font=&#8220;Nunito|700|||||||&#8220; header_2_text_color=&#8220;#7A4E36&#8243; header_2_line_height=&#8220;1.2em&#8220; text_orientation=&#8220;left&#8220; global_colors_info=&#8220;{}&#8220;]<\/p>\n<h2><strong>Dual <em>Witness<\/em> System<\/strong><\/h2>\n<h2><\/h2>\n<p>In den europ\u00e4ischen und weltweiten Leitlinien f\u00fcr die gute Praxis wird empfohlen, dass immer mindestens zwei Embryologen gleichzeitig in einem Labor f\u00fcr assistierte Reproduktion beim Menschen arbeiten sollten. Der Grund daf\u00fcr ist, dass das Risiko einer m\u00f6glichen Verwechslung von Gameten und Embryonen eines Patienten mit denen eines anderen Patienten minimiert werden soll.<\/p>\n<p>Aber bei ERGO geben wir uns nicht damit zufrieden, dass unsere Embryologen zusammenarbeiten, sondern wir wollen unseren Patienten ein <strong>H\u00f6chstma\u00df an Sicherheit<\/strong> bieten. Daher umfasst das Witness-System die gesamte Klinik, vom ersten Tag an, an dem der Patient in die Klinik kommt, und erm\u00f6glicht es, das <strong>gesamte Material des Patienten von Anfang bis Ende perfekt zu identifizieren.<\/strong><\/p>\n<p>[\/et_pb_text][\/et_pb_column][\/et_pb_row][\/et_pb_section]<\/p>\n","protected":false},"excerpt":{"rendered":"<p>Technologie im Dienste der assistierten Reproduktion und der Gesundheit von FrauenAuf der Suche nach Spitzenleistungen Ein guter Fachmann braucht ein gutes Team, und in der ERGO-Klinik sind wir mit dieser Pr\u00e4misse einverstanden. Aus diesem Grund setzen wir auf Spitzentechnologie, die es uns erm\u00f6glicht, das Qu\u00e4ntchen Qualit\u00e4t zu erreichen, das f\u00fcr einen exzellenten Service notwendig ist. [&hellip;]<\/p>\n","protected":false},"author":1,"featured_media":0,"parent":0,"menu_order":0,"comment_status":"closed","ping_status":"closed","template":"","meta":{"_et_pb_use_builder":"on","_et_pb_old_content":"","_et_gb_content_width":"","_joinchat":[],"footnotes":""},"class_list":["post-336078","page","type-page","status-publish","hentry"],"_links":{"self":[{"href":"https:\/\/clinicaergo.com\/de\/wp-json\/wp\/v2\/pages\/336078","targetHints":{"allow":["GET"]}}],"collection":[{"href":"https:\/\/clinicaergo.com\/de\/wp-json\/wp\/v2\/pages"}],"about":[{"href":"https:\/\/clinicaergo.com\/de\/wp-json\/wp\/v2\/types\/page"}],"author":[{"embeddable":true,"href":"https:\/\/clinicaergo.com\/de\/wp-json\/wp\/v2\/users\/1"}],"replies":[{"embeddable":true,"href":"https:\/\/clinicaergo.com\/de\/wp-json\/wp\/v2\/comments?post=336078"}],"version-history":[{"count":0,"href":"https:\/\/clinicaergo.com\/de\/wp-json\/wp\/v2\/pages\/336078\/revisions"}],"wp:attachment":[{"href":"https:\/\/clinicaergo.com\/de\/wp-json\/wp\/v2\/media?parent=336078"}],"curies":[{"name":"wp","href":"https:\/\/api.w.org\/{rel}","templated":true}]}}