{"id":336160,"date":"2017-12-18T17:20:07","date_gmt":"2017-12-18T17:20:07","guid":{"rendered":"https:\/\/clinicaergo.com\/3d-und-4d-ultraschalluntersuchungen\/"},"modified":"2017-12-18T17:20:07","modified_gmt":"2017-12-18T17:20:07","slug":"3d-und-4d-ultraschalluntersuchungen","status":"publish","type":"page","link":"https:\/\/clinicaergo.com\/de\/3d-und-4d-ultraschalluntersuchungen\/","title":{"rendered":"3D- und 4D-Ultraschalluntersuchungen"},"content":{"rendered":"<p><strong><img decoding=\"async\" class=\"aligncenter size-full wp-image-671\" src=\"https:\/\/clinicaergo.com\/wp-content\/uploads\/2018\/02\/ecografias-4d.jpg\" alt=\"\" width=\"880\" height=\"462\" srcset=\"https:\/\/clinicaergo.com\/wp-content\/uploads\/2018\/02\/ecografias-4d.jpg 880w, https:\/\/clinicaergo.com\/wp-content\/uploads\/2018\/02\/ecografias-4d-300x158.jpg 300w, https:\/\/clinicaergo.com\/wp-content\/uploads\/2018\/02\/ecografias-4d-768x403.jpg 768w\" sizes=\"(max-width: 880px) 100vw, 880px\" \/><\/strong><\/p>\n<p>&nbsp;<\/p>\n<h3><em><strong>M\u00f6chten Sie das Gesicht Ihres Babys sehen, bevor es geboren wird? Sie leistet viel mehr<\/strong><\/em><\/h3>\n<p>Mit 3D\/4D-Ultraschall k\u00f6nnen Sie bei allen Schwangerschaftsultraschalluntersuchungen dreidimensional und in Bewegung sehen, wie Ihr Kind in Ihnen w\u00e4chst und sich entwickelt. Eine einzigartige und aufregende Erfahrung f\u00fcr diesen besonderen und unwiederholbaren Moment.<\/p>\n<p>Aber das Beste ist, dass man das Foto nicht nur mit nach Hause nehmen kann (was auch m\u00f6glich ist), sondern dass es den Gyn\u00e4kologen auch helfen kann, die biometrischen Daten des Babys zu vervollst\u00e4ndigen.<\/p>\n<p>&nbsp;<\/p>\n<h3><em><strong>Wer macht es?<\/strong><\/em><\/h3>\n<p>In der ERGO-Klinik wollen wir unseren Patientinnen die gr\u00f6\u00dftm\u00f6gliche Sicherheit bieten, deshalb werden 3D\/4D-Ultraschalluntersuchungen ausschlie\u00dflich von unseren Gyn\u00e4kologen durchgef\u00fchrt. Dies erm\u00f6glicht diagnostische Ultraschalluntersuchungen, die dem aufregenden Moment, in dem Sie Ihr Baby zum ersten Mal sehen, eine zus\u00e4tzliche Qualit\u00e4t verleihen.<\/p>\n<p>Einer der gro\u00dfen Vorteile des Ultraschalls als diagnostischer Test w\u00e4hrend der Schwangerschaft ist, dass er nicht gef\u00e4hrlich ist, da w\u00e4hrend des Verfahrens keine Strahlung abgegeben wird, sondern nur Ultraschall. Dies ist ein v\u00f6llig sicheres Verfahren, sowohl f\u00fcr die Patientin als auch f\u00fcr den F\u00f6tus.<\/p>\n<p>&nbsp;<\/p>\n<h3><em><strong>Woraus besteht sie?<\/strong><\/em><\/h3>\n<p>Der Kreislauf besteht aus einem 3D\/4D-Ultraschall nach jedem geplanten geburtshilflichen Ultraschall (in 2D) und wird durch unser medizinisches Protokoll festgelegt:<\/p>\n<ul>\n<li>Woche 8-9: 3\/4D-Ultraschalluntersuchung im ersten Trimester<\/li>\n<li>Woche 11-13: 3\/4D-Ultraschall nach Eba-Screening (kombinierte Ultraschall- und Analyseuntersuchung).<\/li>\n<li>Woche 20-22: Zweites Trimester 3\/4D-Ultraschalluntersuchung<\/li>\n<li>Woche 32-34: 3. Trimester 3\/4D-Ultraschalluntersuchung<\/li>\n<\/ul>\n<p>Wenn Sie sich vor der 16. Schwangerschaftswoche bei uns anmelden, f\u00fchren wir zwischen der 14. und 17. Woche eine zus\u00e4tzliche Ultraschalluntersuchung in 3D\/4D durch, um das Geschlecht Ihres Babys zu bestimmen.<\/p>\n<p>&nbsp;<\/p>\n<p><strong>Einzelpreis f\u00fcr 3D\/4D-Ultraschall: 150\u20ac.<\/strong><\/p>\n<p><strong>3D\/4D-Schaltungspaket: 550\u20ac.<\/strong><\/p>\n","protected":false},"excerpt":{"rendered":"<p>&nbsp; M\u00f6chten Sie das Gesicht Ihres Babys sehen, bevor es geboren wird? Sie leistet viel mehr Mit 3D\/4D-Ultraschall k\u00f6nnen Sie bei allen Schwangerschaftsultraschalluntersuchungen dreidimensional und in Bewegung sehen, wie Ihr Kind in Ihnen w\u00e4chst und sich entwickelt. Eine einzigartige und aufregende Erfahrung f\u00fcr diesen besonderen und unwiederholbaren Moment. Aber das Beste ist, dass man das [&hellip;]<\/p>\n","protected":false},"author":1,"featured_media":0,"parent":0,"menu_order":0,"comment_status":"closed","ping_status":"closed","template":"","meta":{"_et_pb_use_builder":"","_et_pb_old_content":"","_et_gb_content_width":"","_joinchat":[],"footnotes":""},"class_list":["post-336160","page","type-page","status-publish","hentry"],"_links":{"self":[{"href":"https:\/\/clinicaergo.com\/de\/wp-json\/wp\/v2\/pages\/336160","targetHints":{"allow":["GET"]}}],"collection":[{"href":"https:\/\/clinicaergo.com\/de\/wp-json\/wp\/v2\/pages"}],"about":[{"href":"https:\/\/clinicaergo.com\/de\/wp-json\/wp\/v2\/types\/page"}],"author":[{"embeddable":true,"href":"https:\/\/clinicaergo.com\/de\/wp-json\/wp\/v2\/users\/1"}],"replies":[{"embeddable":true,"href":"https:\/\/clinicaergo.com\/de\/wp-json\/wp\/v2\/comments?post=336160"}],"version-history":[{"count":0,"href":"https:\/\/clinicaergo.com\/de\/wp-json\/wp\/v2\/pages\/336160\/revisions"}],"wp:attachment":[{"href":"https:\/\/clinicaergo.com\/de\/wp-json\/wp\/v2\/media?parent=336160"}],"curies":[{"name":"wp","href":"https:\/\/api.w.org\/{rel}","templated":true}]}}