{"id":334068,"date":"2021-06-06T10:54:11","date_gmt":"2021-06-06T10:54:11","guid":{"rendered":"https:\/\/clinicaergo.com\/avviso-legale\/"},"modified":"2022-08-11T18:44:36","modified_gmt":"2022-08-11T18:44:36","slug":"avviso-legale","status":"publish","type":"page","link":"https:\/\/clinicaergo.com\/it\/avviso-legale\/","title":{"rendered":"Avviso legale"},"content":{"rendered":"\n[et_pb_section fb_built=&#8221;1&#8243; fullwidth=&#8221;on&#8221; _builder_version=&#8221;4.9.4&#8243; bottom_divider_style=&#8221;slant&#8221; bottom_divider_color=&#8221;#FFFFFF&#8221; bottom_divider_flip=&#8221;horizontal&#8221; animation_direction=&#8221;top&#8221; locked=&#8221;off&#8221;][et_pb_fullwidth_header title=&#8221;Avviso legale&#8221; subhead=&#8221;Testi legali e protezione dei dati&#8221; text_orientation=&#8221;center&#8221; background_overlay_color=&#8221;rgba(53,38,35,0.67)&#8221; _builder_version=&#8221;4.9.4&#8243; title_font=&#8221;Nunito|700|||||||&#8221; title_font_size=&#8221;46px&#8221; title_line_height=&#8221;1.5em&#8221; content_font=&#8221;Lato|300|||||||&#8221; content_font_size=&#8221;20px&#8221; content_line_height=&#8221;3em&#8221; subhead_font=&#8221;Nunito|700|||||||&#8221; subhead_font_size=&#8221;25px&#8221; subhead_line_height=&#8221;1.5em&#8221; background_color=&#8221;#afafaf&#8221; background_image=&#8221;https:\/\/clinicaergo.com\/wp-content\/uploads\/2021\/06\/cabecera-especialidadesmedicas.jpg&#8221; custom_margin=&#8221;|||&#8221; custom_padding=&#8221;5vw||150px||false&#8221; animation_style=&#8221;slide&#8221; animation_direction=&#8221;top&#8221; animation_intensity_slide=&#8221;2%&#8221; title_font_size_tablet=&#8221;36px&#8221; title_font_size_phone=&#8221;&#8221; title_font_size_last_edited=&#8221;on|phone&#8221; button_one_text_size__hover_enabled=&#8221;off&#8221; button_two_text_size__hover_enabled=&#8221;off&#8221; button_one_text_color__hover_enabled=&#8221;off&#8221; button_two_text_color__hover_enabled=&#8221;off&#8221; button_one_border_width__hover_enabled=&#8221;off&#8221; button_two_border_width__hover_enabled=&#8221;off&#8221; button_one_border_color__hover_enabled=&#8221;off&#8221; button_two_border_color__hover_enabled=&#8221;off&#8221; button_one_border_radius__hover_enabled=&#8221;off&#8221; button_two_border_radius__hover_enabled=&#8221;off&#8221; button_one_letter_spacing__hover_enabled=&#8221;off&#8221; button_two_letter_spacing__hover_enabled=&#8221;off&#8221; button_one_bg_color__hover_enabled=&#8221;off&#8221; button_two_bg_color__hover_enabled=&#8221;off&#8221;]<p>Specialit\u00e0 mediche a Gij\u00f3n, Asturie<\/p>[\/et_pb_fullwidth_header][\/et_pb_section][et_pb_section fb_built=&#8221;1&#8243; admin_label=&#8221;How It Works&#8221; _builder_version=&#8221;3.22&#8243; custom_padding=&#8221;|||&#8221;][et_pb_row _builder_version=&#8221;4.9.4&#8243; locked=&#8221;off&#8221;][et_pb_column type=&#8221;4_4&#8243; _builder_version=&#8221;3.25&#8243; custom_padding=&#8221;|||&#8221; custom_padding__hover=&#8221;|||&#8221;][et_pb_text admin_label=&#8221;Text&#8221; _builder_version=&#8221;4.9.4&#8243; header_2_font=&#8221;Nunito|700|||||||&#8221; header_2_text_color=&#8221;#7A4E36&#8243; text_orientation=&#8221;left&#8221; hover_enabled=&#8221;0&#8243; sticky_enabled=&#8221;0&#8243;]<p><strong>1.<\/strong> <strong>INFORMAZIONI SULL&#8217;UTENTE<\/strong><\/p>\n<p><strong>ERGO Biotech S.L.<\/strong>in qualit\u00e0 di Titolare del trattamento, La informa che, in conformit\u00e0 alle disposizioni del Regolamento (UE) 2016\/679, del 27 aprile, (RGPD) e della L.O. 3\/2018, del 5 dicembre, in materia di protezione dei dati e garanzia dei diritti digitali (LOPDGDD), tratteremo i Suoi dati come riportato nella presente Informativa.<\/p>\n<p>In questa Informativa sulla privacy descriviamo come raccogliamo i vostri dati personali e perch\u00e9 li raccogliamo, cosa ne facciamo, con chi li condividiamo, come li proteggiamo e le vostre scelte su come trattiamo i vostri dati personali.<\/p>\n<p>La presente Informativa si applica al trattamento dei vostri dati personali raccolti dall&#8217;azienda per la fornitura dei propri servizi. Se accettate le misure contenute nella presente Informativa, acconsentite al trattamento dei vostri dati personali da parte nostra come definito nella presente Informativa.<\/p>\n<p><strong>2. CONTATTO<\/strong><\/p>\n<p>Nome della societ\u00e0: <strong>ERGO Biotech S.L.<\/strong> <br>Nome commerciale: <strong>ERGO Clinic<\/strong><br>PARTITA IVA: <strong>B52554656<\/strong><br>Indirizzo: <strong>Avenida de Portugal, 96-98-100 33207, Gij\u00f3n. Asturie<\/strong><br>e-mail: <strong>info@clinicaergo.com<\/strong><\/p>\n<p><strong>3. PRINCIPI CHIAVE<\/strong><\/p>\n<p>Da sempre ci impegniamo a fornire i nostri servizi con il massimo livello di qualit\u00e0, il che include il trattamento dei vostri dati in modo sicuro e trasparente. I nostri principi sono:<\/p>\n<ul>\n<li><strong>Legalit\u00e0<\/strong>: raccoglieremo i vostri Dati personali solo per scopi specifici, espliciti e legittimi.<\/li>\n<li><strong>Minimizzazione dei dati<\/strong>: Limitiamo la raccolta dei dati personali a quanto strettamente pertinente e necessario per gli scopi per cui sono stati raccolti.<\/li>\n<li><strong>Limitazione degli scopi<\/strong>: raccoglieremo i vostri dati personali solo per gli scopi dichiarati e solo in conformit\u00e0 ai vostri desideri.<\/li>\n<li><strong>Accuratezza<\/strong>: i vostri dati personali saranno accurati e aggiornati.<\/li>\n<li><strong>Sicurezza dei dati<\/strong>: Implementiamo misure tecniche e organizzative adeguate e proporzionate ai rischi per garantire che i vostri dati non vengano danneggiati, come ad esempio la divulgazione o l&#8217;accesso non autorizzati, la distruzione accidentale o illegale o la perdita o l&#8217;alterazione accidentale e qualsiasi altra forma di trattamento illegale.<\/li>\n<li><strong>Accesso e rettifica<\/strong>: disponiamo dei mezzi per consentire all&#8217;utente di accedere o rettificare i propri dati ogni qualvolta lo ritenga opportuno.<\/li>\n<li><strong>Conservazione<\/strong>: conserviamo i vostri dati personali in modo lecito e appropriato e solo per il tempo necessario agli scopi per cui sono stati raccolti.<\/li>\n<li><strong>Trasferimenti internazionali<\/strong>: qualora i vostri dati debbano essere trasferiti al di fuori dell&#8217;UE\/SEE, saranno adeguatamente protetti.<\/li>\n<li><strong>Terzi<\/strong>: l&#8217;accesso e il trasferimento dei dati personali a terzi avviene in conformit\u00e0 alle leggi e ai regolamenti vigenti e con adeguate garanzie contrattuali.<\/li>\n<li><strong>Marketing diretto e cookie<\/strong>: Rispettiamo la normativa vigente in materia di pubblicit\u00e0 e cookie.<\/li>\n<\/ul>\n<p><strong>4. RACCOLTA E TRATTAMENTO DEI VOSTRI DATI PERSONALI<\/strong><br>I tipi di dati che possono essere richiesti e trattati sono:<\/p>\n<ul>\n<li>Dati di natura identificativa.<\/li>\n<\/ul>\n<p>Raccogliamo inoltre automaticamente i dati relativi alla vostra visita al nostro sito web, come descritto nella politica sui cookie.<\/p>\n<p>Ogni volta che richiediamo i vostri dati personali, vi informeremo chiaramente su quali dati personali raccogliamo e per quale scopo. In generale, raccogliamo e trattiamo i vostri dati personali allo scopo di:<\/p>\n<ul>\n<li>Fornire informazioni, servizi, prodotti, informazioni rilevanti e notizie nel settore.<\/li>\n<li>Invio di comunicazioni.<\/li>\n<\/ul>\n<p><strong>5. LEGITTIMIT\u00c0<\/strong><\/p>\n<p>In conformit\u00e0 con la legislazione applicabile in materia di protezione dei dati, i vostri dati personali possono essere trattati nella misura in cui:<\/p>\n<ul>\n<li>L&#8217;utente ci ha fornito il proprio consenso ai fini del trattamento. Naturalmente l&#8217;utente pu\u00f2 revocare il proprio consenso in qualsiasi momento.<\/li>\n<li>Per obbligo di legge.<\/li>\n<li>Se esiste un interesse legittimo che non \u00e8 compromesso dai diritti alla privacy dell&#8217;utente, come ad esempio l&#8217;invio di informazioni commerciali in seguito all&#8217;iscrizione alla nostra newsletter o al suo status di cliente.<\/li>\n<li>Perch\u00e9 \u00e8 necessario per la fornitura di uno dei nostri servizi attraverso un rapporto contrattuale tra voi e noi.<\/li>\n<\/ul>\n<p><strong>6. COMUNICAZIONE DEI DATI PERSONALI<\/strong><\/p>\n<p>I dati potranno essere comunicati a societ\u00e0 collegate a <strong>ERGO Biotech S.L<\/strong>. per la fornitura di vari servizi in qualit\u00e0 di Responsabili del trattamento. L&#8217;azienda non effettuer\u00e0 alcun trasferimento, se non per obbligo di legge.<\/p>\n<p><strong>7. I TUOI DIRITTI<\/strong><\/p>\n<p>In relazione alla raccolta e al trattamento dei vostri dati personali, potete contattarci in qualsiasi momento per:<\/p>\n<ul>\n<li>Accedere ai propri dati personali e a qualsiasi altra informazione di cui all&#8217;articolo 15.1 del GDPR.<\/li>\n<li>Rettificare i vostri dati personali inesatti o incompleti ai sensi dell&#8217;articolo 16 del GDPR.<\/li>\n<li>Cancellare i vostri dati personali ai sensi dell&#8217;articolo 17 del GDPR.<\/li>\n<li>Limitare il trattamento dei vostri dati personali ai sensi dell&#8217;articolo 18 del GDPR.<\/li>\n<li>Richiedere la portabilit\u00e0 dei propri dati ai sensi dell&#8217;articolo 20 del GDPR. <a href=\"https:\/\/presencialismo.com\" class=\"rank-math-link\" target=\"_blank\" rel=\"noopener\"><span class=\"has-inline-color has-black-color\">GDPR<\/span><\/a>.<\/li>\n<li>opporsi al trattamento dei propri dati personali ai sensi dell&#8217;articolo 21 del GDPR.<\/li>\n<\/ul>\n<p>Se avete dato il vostro consenso per una finalit\u00e0 specifica, avete il diritto di revocare il vostro consenso in qualsiasi momento, senza pregiudicare la liceit\u00e0 del trattamento basato sul vostro consenso prima della revoca. <a href=\"https:\/\/presencialismo.com\" class=\"rank-math-link\" target=\"_blank\" rel=\"noopener\"><span class=\"has-inline-color has-black-color\">rrhh<\/span><\/a>.<\/p>\n<p>\u00c8 possibile esercitare tali diritti inviando una comunicazione motivata e accreditata a info@clinicaergo.com.<\/p>\n<p>Ha inoltre il diritto di proporre reclamo all&#8217;autorit\u00e0 di controllo competente<a href=\"https:\/\/aepd.es\" class=\"rank-math-link\" target=\"_blank\" rel=\"noopener\">(www.aepd.es)<\/a> qualora ritenga che il trattamento non sia conforme alla normativa vigente.<\/p>\n<p><strong>8. INFORMAZIONI LEGALI<\/strong><br>I requisiti della presente Informativa integrano, e non sostituiscono, qualsiasi altro requisito esistente ai sensi della legge applicabile in materia di protezione dei dati, che prevarr\u00e0 in ogni caso.<\/p>\n<p>La presente Politica \u00e8 soggetta a revisione periodica e pu\u00f2 essere modificata dalla Societ\u00e0 in qualsiasi momento. In tal caso, vi informeremo di eventuali modifiche e vi chiederemo di rileggere la versione pi\u00f9 recente della nostra Informativa e di confermare la vostra accettazione.<\/p>[\/et_pb_text][\/et_pb_column][\/et_pb_row][\/et_pb_section][et_pb_section fb_built=&#8221;1&#8243; prev_background_color=&#8221;#ffffff&#8221; next_background_color=&#8221;#ffffff&#8221; admin_label=&#8221;Who Is Coaching For?&#8221; _builder_version=&#8221;4.9.4&#8243; background_color=&#8221;#345168&#8243; use_background_color_gradient=&#8221;on&#8221; background_color_gradient_start=&#8221;#345168&#8243; background_color_gradient_end=&#8221;rgba(219,219,219,0)&#8221; background_color_gradient_start_position=&#8221;5%&#8221; background_color_gradient_overlays_image=&#8221;on&#8221; background_image=&#8221;https:\/\/clinicaergo.com\/wp-content\/uploads\/2021\/05\/life-coach-34.jpg&#8221; min_height=&#8221;89.3px&#8221; custom_padding=&#8221;0px||0px||true|false&#8221; top_divider_style=&#8221;slant&#8221; top_divider_flip=&#8221;horizontal&#8221; bottom_divider_style=&#8221;slant&#8221; bottom_divider_flip=&#8221;horizontal&#8221; global_module=&#8221;332121&#8243; saved_tabs=&#8221;all&#8221; locked=&#8221;off&#8221;][et_pb_row column_structure=&#8221;3_5,2_5&#8243; _builder_version=&#8221;4.9.4&#8243; min_height=&#8221;485.4px&#8221; custom_margin=&#8221;|auto|0px|auto|false|false&#8221; custom_padding=&#8221;141px||0px||false|false&#8221; use_custom_width=&#8221;on&#8221; locked=&#8221;off&#8221;][et_pb_column type=&#8221;3_5&#8243; _builder_version=&#8221;3.25&#8243; custom_padding=&#8221;|||&#8221; custom_padding__hover=&#8221;|||&#8221;][et_pb_text admin_label=&#8221;Text&#8221; _builder_version=&#8221;4.9.4&#8243; text_font=&#8221;Poppins|300|||||||&#8221; text_font_size=&#8221;17px&#8221; header_2_font=&#8221;Nunito|900|||||||&#8221; background_layout=&#8221;dark&#8221;]<h2>Avete bisogno di ulteriori informazioni?<\/h2>\n<p>Siamo un team di oltre <strong>15 professionisti<\/strong> specializzati nella riproduzione assistita e nella salute delle donne. Avete dei dubbi? Vi invitiamo a conoscerci, la vostra prima visita \u00e8 totalmente GRATUITA.<\/p>[\/et_pb_text][et_pb_button button_url=&#8221;https:\/\/clinicaergo.com\/contactar\/&#8221; button_text=&#8221;Fissate il vostro primo appuntamento GRATUITO&#8221; button_alignment=&#8221;center&#8221; admin_label=&#8221;Get Started&#8221; _builder_version=&#8221;4.9.4&#8243; _module_preset=&#8221;default&#8221; custom_button=&#8221;on&#8221; button_text_size=&#8221;14px&#8221; button_text_color=&#8221;#ffffff&#8221; button_bg_color=&#8221;gcid-0b134dd3-bba5-4a0c-9138-44a2493e22ee&#8221; button_border_width=&#8221;1px&#8221; button_border_color=&#8221;RGBA(0,0,0,0)&#8221; button_border_radius=&#8221;50px&#8221; button_letter_spacing=&#8221;1px&#8221; button_font=&#8221;Poppins|600||on|||||&#8221; button_use_icon=&#8221;off&#8221; custom_margin=&#8221;20px|20px|||false|false&#8221; custom_margin_phone=&#8221;|20px|||false|false&#8221; custom_margin_last_edited=&#8221;off|desktop&#8221; custom_padding=&#8221;14px|50px|14px|50px|true|true&#8221; box_shadow_style=&#8221;preset3&#8243; box_shadow_color=&#8221;rgba(0,0,0,0.2)&#8221; locked=&#8221;off&#8221; global_colors_info=&#8221;{%22gcid-0b134dd3-bba5-4a0c-9138-44a2493e22ee%22:%91%22button_bg_color%22%93}&#8221; button_bg_color__hover_enabled=&#8221;on|desktop&#8221; button_bg_enable_color__hover=&#8221;on&#8221; button_text_color__hover_enabled=&#8221;off|hover&#8221; custom_padding__hover_enabled=&#8221;off|hover&#8221; button_bg_color__hover=&#8221;rgba(255,255,255,0.1)&#8221; button_border_color__hover_enabled=&#8221;on|hover&#8221; button_border_color__hover=&#8221;#ffffff&#8221;][\/et_pb_button][\/et_pb_column][et_pb_column type=&#8221;2_5&#8243; _builder_version=&#8221;3.25&#8243; custom_padding=&#8221;|||&#8221; custom_padding__hover=&#8221;|||&#8221;][et_pb_image src=&#8221;https:\/\/clinicaergo.com\/wp-content\/uploads\/2021\/04\/equipo-maria.jpg&#8221; title_text=&#8221;squadra-maria&#8221; _builder_version=&#8221;4.9.4&#8243; _module_preset=&#8221;default&#8221; border_radii=&#8221;on|20px|20px|20px|20px&#8221; box_shadow_style=&#8221;preset2&#8243;][\/et_pb_image][\/et_pb_column][\/et_pb_row][\/et_pb_section][et_pb_section fb_built=&#8221;1&#8243; _builder_version=&#8221;4.9.4&#8243; _module_preset=&#8221;default&#8221;][et_pb_row _builder_version=&#8221;4.9.4&#8243; _module_preset=&#8221;default&#8221;][et_pb_column type=&#8221;4_4&#8243; _builder_version=&#8221;4.9.4&#8243; _module_preset=&#8221;default&#8221;][\/et_pb_column][\/et_pb_row][\/et_pb_section]\n","protected":false},"excerpt":{"rendered":"<p>Specialit\u00e0 mediche a Gij\u00f3n, Asturie1. INFORMAZIONI SULL&#8217;UTENTE ERGO Biotech S.L.in qualit\u00e0 di Titolare del trattamento, La informa che, in conformit\u00e0 alle disposizioni del Regolamento (UE) 2016\/679, del 27 aprile, (RGPD) e della L.O. 3\/2018, del 5 dicembre, in materia di protezione dei dati e garanzia dei diritti digitali (LOPDGDD), tratteremo i Suoi dati come riportato [&hellip;]<\/p>\n","protected":false},"author":1,"featured_media":0,"parent":0,"menu_order":0,"comment_status":"closed","ping_status":"closed","template":"","meta":{"_et_pb_use_builder":"on","_et_pb_old_content":"","_et_gb_content_width":"","_joinchat":[],"footnotes":""},"class_list":["post-334068","page","type-page","status-publish","hentry"],"_links":{"self":[{"href":"https:\/\/clinicaergo.com\/it\/wp-json\/wp\/v2\/pages\/334068","targetHints":{"allow":["GET"]}}],"collection":[{"href":"https:\/\/clinicaergo.com\/it\/wp-json\/wp\/v2\/pages"}],"about":[{"href":"https:\/\/clinicaergo.com\/it\/wp-json\/wp\/v2\/types\/page"}],"author":[{"embeddable":true,"href":"https:\/\/clinicaergo.com\/it\/wp-json\/wp\/v2\/users\/1"}],"replies":[{"embeddable":true,"href":"https:\/\/clinicaergo.com\/it\/wp-json\/wp\/v2\/comments?post=334068"}],"version-history":[{"count":0,"href":"https:\/\/clinicaergo.com\/it\/wp-json\/wp\/v2\/pages\/334068\/revisions"}],"wp:attachment":[{"href":"https:\/\/clinicaergo.com\/it\/wp-json\/wp\/v2\/media?parent=334068"}],"curies":[{"name":"wp","href":"https:\/\/api.w.org\/{rel}","templated":true}]}}