{"id":334070,"date":"2016-09-26T02:12:27","date_gmt":"2016-09-26T02:12:27","guid":{"rendered":"https:\/\/clinicaergo.com\/contatto\/"},"modified":"2024-06-10T07:00:04","modified_gmt":"2024-06-10T07:00:04","slug":"contatto","status":"publish","type":"page","link":"https:\/\/clinicaergo.com\/it\/contatto\/","title":{"rendered":"Contatto"},"content":{"rendered":"<p>[et_pb_section fb_built=&#8221;1&#8243; fullwidth=&#8221;on&#8221; _builder_version=&#8221;4.16&#8243; bottom_divider_style=&#8221;slant&#8221; bottom_divider_color=&#8221;#FFFFFF&#8221; bottom_divider_flip=&#8221;horizontal&#8221; animation_direction=&#8221;top&#8221; locked=&#8221;off&#8221; global_colors_info=&#8221;{}&#8221;][et_pb_fullwidth_header title=&#8221;Contatto&#8221; subhead=&#8221;Contattateci e scoprite cosa possiamo offrirvi&#8221; text_orientation=&#8221;center&#8221; background_overlay_color=&#8221;rgba(53,38,35,0.67)&#8221; admin_label=&#8221;T\u00edtulo de anchura completa&#8221; _builder_version=&#8221;4.16&#8243; title_font=&#8221;Nunito|700|||||||&#8221; title_font_size=&#8221;46px&#8221; title_line_height=&#8221;1.5em&#8221; content_font=&#8221;Lato|300|||||||&#8221; content_font_size=&#8221;20px&#8221; content_line_height=&#8221;3em&#8221; subhead_font=&#8221;Nunito|700|||||||&#8221; subhead_font_size=&#8221;25px&#8221; subhead_line_height=&#8221;1.5em&#8221; background_color=&#8221;#afafaf&#8221; background_image=&#8221;https:\/\/clinicaergo.com\/wp-content\/uploads\/2021\/05\/cabecera-contacta.jpg&#8221; custom_margin=&#8221;|||&#8221; custom_padding=&#8221;5vw||150px||false&#8221; animation_style=&#8221;slide&#8221; animation_direction=&#8221;top&#8221; animation_intensity_slide=&#8221;2%&#8221; title_font_size_tablet=&#8221;36px&#8221; title_font_size_phone=&#8221;&#8221; title_font_size_last_edited=&#8221;on|phone&#8221; global_colors_info=&#8221;{}&#8221; button_one_text_size__hover_enabled=&#8221;off&#8221; button_two_text_size__hover_enabled=&#8221;off&#8221; button_one_text_color__hover_enabled=&#8221;off&#8221; button_two_text_color__hover_enabled=&#8221;off&#8221; button_one_border_width__hover_enabled=&#8221;off&#8221; button_two_border_width__hover_enabled=&#8221;off&#8221; button_one_border_color__hover_enabled=&#8221;off&#8221; button_two_border_color__hover_enabled=&#8221;off&#8221; button_one_border_radius__hover_enabled=&#8221;off&#8221; button_two_border_radius__hover_enabled=&#8221;off&#8221; button_one_letter_spacing__hover_enabled=&#8221;off&#8221; button_two_letter_spacing__hover_enabled=&#8221;off&#8221; button_one_bg_color__hover_enabled=&#8221;off&#8221; button_two_bg_color__hover_enabled=&#8221;off&#8221;]<\/p>\n<p>ERGO, en Gij\u00f3n, Asturias <br \/>Y ahora tambi\u00e9n, en Le\u00f3n.<\/p>\n<p>&nbsp;<\/p>\n<p>&nbsp;<\/p>\n<p>[\/et_pb_fullwidth_header][\/et_pb_section][et_pb_section fb_built=&#8221;1&#8243; admin_label=&#8221;What is Coaching?&#8221; _builder_version=&#8221;4.16&#8243; background_color=&#8221;#ffffff&#8221; use_background_color_gradient=&#8221;on&#8221; background_color_gradient_stops=&#8221;#ffffff 0%|#f5f5f5 70%&#8221; background_color_gradient_overlays_image=&#8221;on&#8221; background_color_gradient_start=&#8221;#ffffff&#8221; background_color_gradient_end=&#8221;#f5f5f5&#8243; background_color_gradient_end_position=&#8221;70%&#8221; background_image=&#8221;https:\/\/clinicaergo.com\/wp-content\/uploads\/2021\/03\/life-coach-03.jpg&#8221; custom_margin=&#8221;|||&#8221; custom_padding=&#8221;0px||0px||true&#8221; top_divider_color=&#8221;#f5f5f5&#8243; top_divider_flip=&#8221;vertical&#8221; top_divider_arrangement=&#8221;above_content&#8221; bottom_divider_style=&#8221;slant&#8221; bottom_divider_color=&#8221;#FFFFFF&#8221; bottom_divider_flip=&#8221;vertical&#8221; bottom_divider_arrangement=&#8221;above_content&#8221; locked=&#8221;off&#8221; global_colors_info=&#8221;{}&#8221;][et_pb_row column_structure=&#8221;1_3,1_3,1_3&#8243; use_custom_gutter=&#8221;on&#8221; gutter_width=&#8221;1&#8243; make_equal=&#8221;on&#8221; padding_top_bottom_link_1=&#8221;false&#8221; padding_top_bottom_link_2=&#8221;false&#8221; padding_left_right_link_1=&#8221;true&#8221; padding_left_right_link_2=&#8221;true&#8221; module_class=&#8221; et_pb_row_fullwidth&#8221; _builder_version=&#8221;4.16&#8243; width=&#8221;100%&#8221; width_tablet=&#8221;100%&#8221; width_phone=&#8221;&#8221; width_last_edited=&#8221;on|desktop&#8221; max_width=&#8221;100%&#8221; max_width_tablet=&#8221;100%&#8221; max_width_phone=&#8221;&#8221; max_width_last_edited=&#8221;on|desktop&#8221; custom_padding=&#8221;0px|0|0px|0|true|false&#8221; make_fullwidth=&#8221;on&#8221; global_colors_info=&#8221;{}&#8221;][et_pb_column type=&#8221;1_3&#8243; _builder_version=&#8221;4.16&#8243; use_background_color_gradient=&#8221;on&#8221; background_color_gradient_stops=&#8221;rgba(0,0,0,0) 0%|rgba(0,0,0,0.07) 100%&#8221; background_color_gradient_start=&#8221;rgba(0,0,0,0)&#8221; background_color_gradient_end=&#8221;rgba(0,0,0,0.07)&#8221; custom_padding=&#8221;5%|6%|10%|6%&#8221; custom_padding_tablet=&#8221;&#8221; custom_padding_phone=&#8221;&#8221; custom_padding_last_edited=&#8221;on|tablet&#8221; global_colors_info=&#8221;{}&#8221; padding_last_edited=&#8221;on|tablet&#8221; custom_padding__hover=&#8221;|||&#8221;][dnxte_blurb blurb_heading=&#8221;Direcciones&#8221; blurb_description=&#8221;<\/p>\n<p>Avda. de Portugal, 96-98-100 33207 Gij\u00f3n<br \/>Plaza San Marcos, 2, 24001 Le\u00f3n<\/p>\n<p>&#8221; dnxt_use_icon=&#8221;on&#8221; dnxt_font_icon=&#8221;&#xe081;||divi||400&#8243; font_icon_placement=&#8221;dnxt-blurb-wrapper-two-top-center&#8221; font_icon_color=&#8221;#7A4E36&#8243; font_icon_size=&#8221;50px&#8221; dnxt_img_margin=&#8221;||||false|false&#8221; dnxt_img_padding=&#8221;||||false|false&#8221; _builder_version=&#8221;4.23.1&#8243; _module_preset=&#8221;default&#8221; dnxt_pre_header_font=&#8221;Nunito||||||||&#8221; dnxt_pre_header_text_color=&#8221;#7A4E36&#8243; dnxt_heading_font=&#8221;Nunito||||||||&#8221; dnxt_heading_text_align=&#8221;center&#8221; dnxt_heading_text_color=&#8221;#7A4E36&#8243; dnxt_body_text_align=&#8221;center&#8221; dnxt_body_font_size=&#8221;15px&#8221; global_colors_info=&#8221;{}&#8221;][\/dnxte_blurb][\/et_pb_column][et_pb_column type=&#8221;1_3&#8243; _builder_version=&#8221;4.16&#8243; use_background_color_gradient=&#8221;on&#8221; background_color_gradient_stops=&#8221;rgba(0,0,0,0) 0%|rgba(0,0,0,0.07) 100%&#8221; background_color_gradient_start=&#8221;rgba(0,0,0,0)&#8221; background_color_gradient_end=&#8221;rgba(0,0,0,0.07)&#8221; custom_padding=&#8221;5%|6%|10%|6%&#8221; custom_padding_tablet=&#8221;&#8221; custom_padding_phone=&#8221;&#8221; custom_padding_last_edited=&#8221;on|tablet&#8221; global_colors_info=&#8221;{}&#8221; padding_last_edited=&#8221;on|tablet&#8221; custom_padding__hover=&#8221;|||&#8221;][dnxte_blurb blurb_heading=&#8221;Tel\u00e9fono&#8221; blurb_description=&#8221; <\/p>\n<p>984 83 30 03 \u2013 684 60 79 19<\/p>\n<p> &#8221; dnxt_use_icon=&#8221;on&#8221; dnxt_font_icon=&#8221;\ue090||divi||400&#8243; font_icon_placement=&#8221;dnxt-blurb-wrapper-two-top-center&#8221; font_icon_color=&#8221;#7A4E36&#8243; font_icon_size=&#8221;50px&#8221; _builder_version=&#8221;4.16&#8243; _module_preset=&#8221;default&#8221; dnxt_pre_header_font=&#8221;Nunito||||||||&#8221; dnxt_pre_header_text_color=&#8221;#7A4E36&#8243; dnxt_heading_font=&#8221;Nunito||||||||&#8221; dnxt_heading_text_align=&#8221;center&#8221; dnxt_heading_text_color=&#8221;#7A4E36&#8243; dnxt_body_text_align=&#8221;center&#8221; dnxt_body_font_size=&#8221;15px&#8221; global_colors_info=&#8221;{}&#8221;][\/dnxte_blurb][\/et_pb_column][et_pb_column type=&#8221;1_3&#8243; _builder_version=&#8221;4.16&#8243; use_background_color_gradient=&#8221;on&#8221; background_color_gradient_stops=&#8221;rgba(0,0,0,0) 0%|rgba(0,0,0,0.07) 100%&#8221; background_color_gradient_start=&#8221;rgba(0,0,0,0)&#8221; background_color_gradient_end=&#8221;rgba(0,0,0,0.07)&#8221; custom_padding=&#8221;5%|6%|10%|6%&#8221; custom_padding_tablet=&#8221;&#8221; custom_padding_phone=&#8221;&#8221; custom_padding_last_edited=&#8221;on|tablet&#8221; global_colors_info=&#8221;{}&#8221; padding_last_edited=&#8221;on|tablet&#8221; custom_padding__hover=&#8221;|||&#8221;][dnxte_blurb blurb_heading=&#8221;Correo electr\u00f3nico&#8221; blurb_description=&#8221; <\/p>\n<p>info@clinicaergo.com<\/p>\n<p> &#8221; dnxt_use_icon=&#8221;on&#8221; dnxt_font_icon=&#8221;\ue076||divi||400&#8243; font_icon_placement=&#8221;dnxt-blurb-wrapper-two-top-center&#8221; font_icon_color=&#8221;#7A4E36&#8243; font_icon_size=&#8221;50px&#8221; admin_label=&#8221;Next Blurb&#8221; _builder_version=&#8221;4.16&#8243; _module_preset=&#8221;default&#8221; dnxt_pre_header_font=&#8221;Nunito||||||||&#8221; dnxt_pre_header_text_color=&#8221;#7A4E36&#8243; dnxt_heading_font=&#8221;Nunito||||||||&#8221; dnxt_heading_text_align=&#8221;center&#8221; dnxt_heading_text_color=&#8221;#7A4E36&#8243; dnxt_body_text_align=&#8221;center&#8221; dnxt_body_font_size=&#8221;15px&#8221; global_colors_info=&#8221;{}&#8221;][\/dnxte_blurb][\/et_pb_column][\/et_pb_row][\/et_pb_section][et_pb_section fb_built=&#8221;1&#8243; admin_label=&#8221;How It Works&#8221; _builder_version=&#8221;4.16&#8243; custom_padding=&#8221;|||&#8221; global_colors_info=&#8221;{}&#8221;][et_pb_row column_structure=&#8221;2_5,3_5&#8243; _builder_version=&#8221;4.16&#8243; _module_preset=&#8221;default&#8221; global_colors_info=&#8221;{}&#8221;][et_pb_column type=&#8221;2_5&#8243; admin_label=&#8221;Colonna&#8221; _builder_version=&#8221;4.16&#8243; _module_preset=&#8221;default&#8221; global_colors_info=&#8221;{}&#8221;][et_pb_map address=&#8221;Av. de Portugal, 96, 33207 Gij\u00f3n, Asturias, Espa\u00f1a&#8221; address_lat=&#8221;43.317269084189&#8243; address_lng=&#8221;-5.723206383631&#8243; _builder_version=&#8221;4.23.1&#8243; _module_preset=&#8221;default&#8221; min_height=&#8221;500px&#8221; animation_style=&#8221;slide&#8221; hover_enabled=&#8221;0&#8243; global_colors_info=&#8221;{}&#8221; zoom_level=&#8221;8&#8243; sticky_enabled=&#8221;0&#8243;][et_pb_map_pin title=&#8221;Clinica ERGO&#8221; pin_address=&#8221;Av. de Portugal, 96, 33207 Gij\u00f3n, Asturias, Espa\u00f1a&#8221; pin_address_lat=&#8221;43.53501&#8243; pin_address_lng=&#8221;-5.67832&#8243; _builder_version=&#8221;4.23.1&#8243; _module_preset=&#8221;default&#8221; global_colors_info=&#8221;{}&#8221; hover_enabled=&#8221;0&#8243; sticky_enabled=&#8221;0&#8243;]<\/p>\n<p>Av. de Portugal 96<br \/>33207 Gij\u00f3n, Asturie<\/p>\n<p>[\/et_pb_map_pin][et_pb_map_pin _builder_version=&#8221;4.23.1&#8243; _module_preset=&#8221;default&#8221; title=&#8221;Cl\u00ednica ERGO Le\u00f3n&#8221; pin_address=&#8221;Plaza San Marcos, 2, 24001 Le\u00f3n, Espa\u00f1a&#8221; pin_address_lat=&#8221;42.6009609&#8243; pin_address_lng=&#8221;-5.5813815&#8243; hover_enabled=&#8221;0&#8243; sticky_enabled=&#8221;0&#8243;]<\/p>\n<p><span>Plaza San Marcos, 2<br \/>24001 Le\u00f3n<\/span><\/p>\n<p>[\/et_pb_map_pin][\/et_pb_map][\/et_pb_column][et_pb_column type=&#8221;3_5&#8243; _builder_version=&#8221;4.16&#8243; _module_preset=&#8221;default&#8221; global_colors_info=&#8221;{}&#8221;][et_pb_contact_form use_spam_service=&#8221;on&#8221; recaptcha_list=&#8221;Cl\u00ednica Ergo-0&#8243; email=&#8221;info@clinicaergo.com&#8221; success_message=&#8221;&lt;p&gt;Grazie mille per il suo messaggio! Vi risponderemo il prima possibile.&lt;\/p&gt;&#8221; submit_button_text=&#8221;Inviare&#8221; _builder_version=&#8221;4.19.2&#8243; _module_preset=&#8221;default&#8221; _unique_id=&#8221;formulario-contacto-ergo&#8221; form_field_focus_background_color=&#8221;rgba(122,78,54,0.26)&#8221; form_field_focus_text_color=&#8221;#494949&#8243; custom_button=&#8221;on&#8221; button_text_color=&#8221;#7A4E36&#8243; admin_email_subject=&#8221;Formulario de Contacto&#8221; admin_email_bcc=&#8221;mariafernandez@clinicaergo.com&#8221; success_message_heading_color=&#8221;#7A4E36&#8243; success_message_heading_size=&#8221;14px&#8221; success_message_heading_alignment=&#8221;center&#8221; success_message_font_color=&#8221;#7A4E36&#8243; success_message_font_size=&#8221;18px&#8221; errormessage_fill_fontcolor=&#8221;#7A4E36&#8243; errormessage_fill_fontsize=&#8221;18px&#8221; errormessage_fill_alignment=&#8221;center&#8221; global_colors_info=&#8221;{}&#8221;][et_pb_contact_field field_id=&#8221;Nombre&#8221; field_title=&#8221;Nome&#8221; _builder_version=&#8221;4.19.2&#8243; border_radii=&#8221;on|12px|12px|12px|12px&#8221; global_colors_info=&#8221;{}&#8221; button_text_size__hover_enabled=&#8221;off&#8221; button_one_text_size__hover_enabled=&#8221;off&#8221; button_two_text_size__hover_enabled=&#8221;off&#8221; button_text_color__hover_enabled=&#8221;off&#8221; button_one_text_color__hover_enabled=&#8221;off&#8221; button_two_text_color__hover_enabled=&#8221;off&#8221; button_border_width__hover_enabled=&#8221;off&#8221; button_one_border_width__hover_enabled=&#8221;off&#8221; button_two_border_width__hover_enabled=&#8221;off&#8221; button_border_color__hover_enabled=&#8221;off&#8221; button_one_border_color__hover_enabled=&#8221;off&#8221; button_two_border_color__hover_enabled=&#8221;off&#8221; button_border_radius__hover_enabled=&#8221;off&#8221; button_one_border_radius__hover_enabled=&#8221;off&#8221; button_two_border_radius__hover_enabled=&#8221;off&#8221; button_letter_spacing__hover_enabled=&#8221;off&#8221; button_one_letter_spacing__hover_enabled=&#8221;off&#8221; button_two_letter_spacing__hover_enabled=&#8221;off&#8221; button_bg_color__hover_enabled=&#8221;off&#8221; button_one_bg_color__hover_enabled=&#8221;off&#8221; button_two_bg_color__hover_enabled=&#8221;off&#8221;][\/et_pb_contact_field][et_pb_contact_field field_id=&#8221;Correo&#8221; field_title=&#8221;Indirizzo e-mail&#8221; field_type=&#8221;email&#8221; _builder_version=&#8221;4.19.2&#8243; border_radii=&#8221;on|12px|12px|12px|12px&#8221; global_colors_info=&#8221;{}&#8221; button_text_size__hover_enabled=&#8221;off&#8221; button_one_text_size__hover_enabled=&#8221;off&#8221; button_two_text_size__hover_enabled=&#8221;off&#8221; button_text_color__hover_enabled=&#8221;off&#8221; button_one_text_color__hover_enabled=&#8221;off&#8221; button_two_text_color__hover_enabled=&#8221;off&#8221; button_border_width__hover_enabled=&#8221;off&#8221; button_one_border_width__hover_enabled=&#8221;off&#8221; button_two_border_width__hover_enabled=&#8221;off&#8221; button_border_color__hover_enabled=&#8221;off&#8221; button_one_border_color__hover_enabled=&#8221;off&#8221; button_two_border_color__hover_enabled=&#8221;off&#8221; button_border_radius__hover_enabled=&#8221;off&#8221; button_one_border_radius__hover_enabled=&#8221;off&#8221; button_two_border_radius__hover_enabled=&#8221;off&#8221; button_letter_spacing__hover_enabled=&#8221;off&#8221; button_one_letter_spacing__hover_enabled=&#8221;off&#8221; button_two_letter_spacing__hover_enabled=&#8221;off&#8221; button_bg_color__hover_enabled=&#8221;off&#8221; button_one_bg_color__hover_enabled=&#8221;off&#8221; button_two_bg_color__hover_enabled=&#8221;off&#8221;][\/et_pb_contact_field][et_pb_contact_field field_id=&#8221;Telefono&#8221; field_title=&#8221;Telefono&#8221; allowed_symbols=&#8221;numbers&#8221; fullwidth_field=&#8221;on&#8221; _builder_version=&#8221;4.19.2&#8243; _module_preset=&#8221;default&#8221; border_radii=&#8221;on|12px|12px|12px|12px&#8221; global_colors_info=&#8221;{}&#8221;][\/et_pb_contact_field][et_pb_contact_field field_id=&#8221;Asunto&#8221; field_title=&#8221;Oggetto&#8221; fullwidth_field=&#8221;on&#8221; _builder_version=&#8221;4.19.2&#8243; _module_preset=&#8221;default&#8221; border_radii=&#8221;on|12px|12px|12px|12px&#8221; global_colors_info=&#8221;{}&#8221;][\/et_pb_contact_field][et_pb_contact_field field_id=&#8221;Mensaje&#8221; field_title=&#8221;Messaggio&#8221; field_type=&#8221;text&#8221; fullwidth_field=&#8221;on&#8221; _builder_version=&#8221;4.19.2&#8243; form_field_focus_text_color=&#8221;#515151&#8243; border_radii=&#8221;on|12px|12px|12px|12px&#8221; global_colors_info=&#8221;{}&#8221; button_text_size__hover_enabled=&#8221;off&#8221; button_one_text_size__hover_enabled=&#8221;off&#8221; button_two_text_size__hover_enabled=&#8221;off&#8221; button_text_color__hover_enabled=&#8221;off&#8221; button_one_text_color__hover_enabled=&#8221;off&#8221; button_two_text_color__hover_enabled=&#8221;off&#8221; button_border_width__hover_enabled=&#8221;off&#8221; button_one_border_width__hover_enabled=&#8221;off&#8221; button_two_border_width__hover_enabled=&#8221;off&#8221; button_border_color__hover_enabled=&#8221;off&#8221; button_one_border_color__hover_enabled=&#8221;off&#8221; button_two_border_color__hover_enabled=&#8221;off&#8221; button_border_radius__hover_enabled=&#8221;off&#8221; button_one_border_radius__hover_enabled=&#8221;off&#8221; button_two_border_radius__hover_enabled=&#8221;off&#8221; button_letter_spacing__hover_enabled=&#8221;off&#8221; button_one_letter_spacing__hover_enabled=&#8221;off&#8221; button_two_letter_spacing__hover_enabled=&#8221;off&#8221; button_bg_color__hover_enabled=&#8221;off&#8221; button_one_bg_color__hover_enabled=&#8221;off&#8221; button_two_bg_color__hover_enabled=&#8221;off&#8221;][\/et_pb_contact_field][et_pb_contact_field field_id=&#8221;LOPD&#8221; field_title=&#8221;Informativa sulla privacy&#8221; field_type=&#8221;checkbox&#8221; checkbox_options=&#8221;%91{%22value%22:%22Ho letto e accetto l&apos;informativa sulla privacy e la LOPD.%22,%22checked%22:0,%22dragID%22:-1}%93&#8243; fullwidth_field=&#8221;on&#8221; _builder_version=&#8221;4.16&#8243; _module_preset=&#8221;default&#8221; global_colors_info=&#8221;{}&#8221;][\/et_pb_contact_field][\/et_pb_contact_form][et_pb_code _builder_version=&#8221;4.16&#8243; _module_preset=&#8221;default&#8221; global_colors_info=&#8221;{}&#8221;]<!-- Event snippet for Vista de una p\u00e1gina conversion page --><!-- [et_pb_line_break_holder] --><script><!-- [et_pb_line_break_holder] -->  gtag('event', 'conversion', {'send_to': 'AW-790764833\/v1egCIO3-6cDEKG6iPkC'});<!-- [et_pb_line_break_holder] --><\/script><!-- [et_pb_line_break_holder] -->[\/et_pb_code][\/et_pb_column][\/et_pb_row][\/et_pb_section]<\/p>\n","protected":false},"excerpt":{"rendered":"<p>ERGO, en Gij\u00f3n, Asturias Y ahora tambi\u00e9n, en Le\u00f3n. &nbsp; &nbsp;<div class=\"et_pb_module dnxte_blurb dnxte_blurb_0\">\n\t\t\t\t\n\t\t\t\t\n\t\t\t\t\n\t\t\t\t\n\t\t\t\t\n\t\t\t\t\n\t\t\t\t<div class=\"et_pb_module_inner\">\n\t\t\t\t\t<div class=\"dnxt-blurb-wrapper-outer \"    >\r\n\t\t\t\t<div class=\"dnxt-blurb-wrapper dnxt-blurb-wrapper-one_image_placement_top-left\">\r\n\t\t\t\t\t<div class=\"dnxt-blurb-image dnxt-blurb-image_image_placement_top-left\" data-svg-shape=\"\" data-shape-size=\"contain\" data-use-upload=\"off\" data-uploaded-mask=\"\"><\/div>\r\n\t\t\t\t\t<div class=\"dnxt-blurb-wrapper-two-top-center\">\r\n\t\t\t\t\t\t<div class=\"dnxt-blurb-icon dnxt-blurb-icon-top-center\"><span class=\"et-pb-icon\">\ue081<\/span><\/div>\r\n\t\t\t\t\t\t<div class=\"dnxt-blurb-container\">\r\n\t\t\t\t\t\t\t<div class=\"dnxt-blurb-heading-wrapper\">\r\n\t\t\t\t\t\t\t\t\r\n\t\t\t\t\t\t\t\t<h2 class=\"dnxt-blurb-heading\">Direcciones<\/h2>\r\n\t\t\t\t\t\t\t\t\r\n\t\t\t\t\t\t\t<\/div>\r\n\t\t\t\t\t\t\t<div class=\"dnxt-blurb-description\">Avda. de Portugal, 96-98-100 33207 Gij\u00f3nPlaza San Marcos, 2, 24001 Le\u00f3n<\/div>\n\r\n\t\t\t\t\t\t\t\r\n\t\t\t\t\t\t<\/div>\r\n\t\t\t\t\t<\/div>\r\n\t\t\t\t<\/div>\r\n\t\t\t<\/div>\n\t\t\t\t<\/div>\n\t\t\t<\/div><div class=\"et_pb_module dnxte_blurb dnxte_blurb_1\">\n\t\t\t\t\n\t\t\t\t\n\t\t\t\t\n\t\t\t\t\n\t\t\t\t\n\t\t\t\t\n\t\t\t\t<div class=\"et_pb_module_inner\">\n\t\t\t\t\t<div class=\"dnxt-blurb-wrapper-outer \"    >\r\n\t\t\t\t<div class=\"dnxt-blurb-wrapper dnxt-blurb-wrapper-one_image_placement_top-left\">\r\n\t\t\t\t\t<div class=\"dnxt-blurb-image dnxt-blurb-image_image_placement_top-left\" data-svg-shape=\"\" data-shape-size=\"contain\" data-use-upload=\"off\" data-uploaded-mask=\"\"><\/div>\r\n\t\t\t\t\t<div class=\"\">\r\n\t\t\t\t\t\t<div class=\"dnxt-blurb-icon \"><span class=\"et-pb-icon\"><\/span><\/div>\r\n\t\t\t\t\t\t<div class=\"dnxt-blurb-container\">\r\n\t\t\t\t\t\t\t<div class=\"dnxt-blurb-heading-wrapper\">\r\n\t\t\t\t\t\t\t\t\r\n\t\t\t\t\t\t\t\t<h2 class=\"dnxt-blurb-heading\">&#8221;Tel\u00e9fono&#8221;<\/h2>\r\n\t\t\t\t\t\t\t\t\r\n\t\t\t\t\t\t\t<\/div>\r\n\t\t\t\t\t\t\t<div class=\"dnxt-blurb-description\">&#8221;<\/div>\n\r\n\t\t\t\t\t\t\t\r\n\t\t\t\t\t\t<\/div>\r\n\t\t\t\t\t<\/div>\r\n\t\t\t\t<\/div>\r\n\t\t\t<\/div>\n\t\t\t\t<\/div>\n\t\t\t<\/div><\/p>\n","protected":false},"author":1,"featured_media":0,"parent":0,"menu_order":0,"comment_status":"closed","ping_status":"closed","template":"","meta":{"_et_pb_use_builder":"on","_et_pb_old_content":"","_et_gb_content_width":"","_joinchat":[],"footnotes":""},"class_list":["post-334070","page","type-page","status-publish","hentry"],"_links":{"self":[{"href":"https:\/\/clinicaergo.com\/it\/wp-json\/wp\/v2\/pages\/334070","targetHints":{"allow":["GET"]}}],"collection":[{"href":"https:\/\/clinicaergo.com\/it\/wp-json\/wp\/v2\/pages"}],"about":[{"href":"https:\/\/clinicaergo.com\/it\/wp-json\/wp\/v2\/types\/page"}],"author":[{"embeddable":true,"href":"https:\/\/clinicaergo.com\/it\/wp-json\/wp\/v2\/users\/1"}],"replies":[{"embeddable":true,"href":"https:\/\/clinicaergo.com\/it\/wp-json\/wp\/v2\/comments?post=334070"}],"version-history":[{"count":3,"href":"https:\/\/clinicaergo.com\/it\/wp-json\/wp\/v2\/pages\/334070\/revisions"}],"predecessor-version":[{"id":336881,"href":"https:\/\/clinicaergo.com\/it\/wp-json\/wp\/v2\/pages\/334070\/revisions\/336881"}],"wp:attachment":[{"href":"https:\/\/clinicaergo.com\/it\/wp-json\/wp\/v2\/media?parent=334070"}],"curies":[{"name":"wp","href":"https:\/\/api.w.org\/{rel}","templated":true}]}}