{"id":334073,"date":"2017-12-18T17:20:07","date_gmt":"2017-12-18T17:20:07","guid":{"rendered":"https:\/\/clinicaergo.com\/ecografie-3d-e-4d\/"},"modified":"2017-12-18T17:20:07","modified_gmt":"2017-12-18T17:20:07","slug":"ecografie-3d-e-4d","status":"publish","type":"page","link":"https:\/\/clinicaergo.com\/it\/ecografie-3d-e-4d\/","title":{"rendered":"Ecografie 3D e 4D"},"content":{"rendered":"<p><strong><img decoding=\"async\" class=\"aligncenter size-full wp-image-671\" src=\"https:\/\/clinicaergo.com\/wp-content\/uploads\/2018\/02\/ecografias-4d.jpg\" alt=\"\" width=\"880\" height=\"462\" srcset=\"https:\/\/clinicaergo.com\/wp-content\/uploads\/2018\/02\/ecografias-4d.jpg 880w, https:\/\/clinicaergo.com\/wp-content\/uploads\/2018\/02\/ecografias-4d-300x158.jpg 300w, https:\/\/clinicaergo.com\/wp-content\/uploads\/2018\/02\/ecografias-4d-768x403.jpg 768w\" sizes=\"(max-width: 880px) 100vw, 880px\" \/><\/strong><\/p>\n<p>&nbsp;<\/p>\n<h3><em><strong>Volete vedere il volto del vostro bambino prima che nasca? Fa molto di pi\u00f9<\/strong><\/em><\/h3>\n<p>Con l&#8217;ecografia 3D\/4D potrete vedere come il vostro bambino cresce e si forma dentro di voi in tre dimensioni e in movimento in tutte le vostre ecografie di gravidanza. Un&#8217;esperienza unica ed emozionante per questo momento speciale e irripetibile.<\/p>\n<p>Ma la cosa migliore \u00e8 che non si tratta solo di portare la foto a casa (cosa possibile), ma pu\u00f2 anche aiutare i ginecologi a completare i dati biometrici del bambino.<\/p>\n<p>&nbsp;<\/p>\n<h3><em><strong>Chi lo fa?<\/strong><\/em><\/h3>\n<p>Alla Clinica ERGO cerchiamo la massima sicurezza e tranquillit\u00e0 per le nostre pazienti; pertanto, le ecografie 3D\/4D vengono eseguite esclusivamente dai nostri ginecologi. Questo permette di essere ecografie diagnostiche, un tocco di qualit\u00e0 in pi\u00f9 al momento emozionante di vedere il proprio bambino per la prima volta.<\/p>\n<p>Uno dei grandi vantaggi dell&#8217;ecografia come test diagnostico in gravidanza \u00e8 che non \u00e8 pericolosa, poich\u00e9 durante la procedura non vengono emesse radiazioni, ma solo ultrasuoni. Si tratta di un processo completamente sicuro, sia per la paziente che per il feto.<\/p>\n<p>&nbsp;<\/p>\n<h3><em><strong>In cosa consiste?<\/strong><\/em><\/h3>\n<p>Il circuito consiste in un&#8217;ecografia 3D\/4D dopo ogni ecografia ostetrica programmata (in 2D) e stabilita dal nostro protocollo medico:<\/p>\n<ul>\n<li>Settimana 8-9: ecografia 3\/4D del primo trimestre<\/li>\n<li>Settimana 11-13: ecografia 3\/4D dopo Eba-Screening (ecografia e analisi combinate).<\/li>\n<li>Settimana 20-22: ecografia del secondo trimestre 3\/4D<\/li>\n<li>Settimana 32-34: ecografia 3\/4D del 3\u00b0 trimestre<\/li>\n<\/ul>\n<p>Se prenotate il nostro circuito prima delle 16 settimane di gravidanza, effettueremo un&#8217;ecografia supplementare (tra le 14 e le 17 settimane) in 3D\/4D per scoprire il sesso del vostro bambino.<\/p>\n<p>&nbsp;<\/p>\n<p><strong>Prezzo individuale dell&#8217;ecografia 3D\/4D: 150\u20ac.<\/strong><\/p>\n<p><strong>Confezione circuito 3D\/4D: 550\u20ac.<\/strong><\/p>\n","protected":false},"excerpt":{"rendered":"<p>&nbsp; Volete vedere il volto del vostro bambino prima che nasca? Fa molto di pi\u00f9 Con l&#8217;ecografia 3D\/4D potrete vedere come il vostro bambino cresce e si forma dentro di voi in tre dimensioni e in movimento in tutte le vostre ecografie di gravidanza. Un&#8217;esperienza unica ed emozionante per questo momento speciale e irripetibile. Ma [&hellip;]<\/p>\n","protected":false},"author":1,"featured_media":0,"parent":0,"menu_order":0,"comment_status":"closed","ping_status":"closed","template":"","meta":{"_et_pb_use_builder":"","_et_pb_old_content":"","_et_gb_content_width":"","_joinchat":[],"footnotes":""},"class_list":["post-334073","page","type-page","status-publish","hentry"],"_links":{"self":[{"href":"https:\/\/clinicaergo.com\/it\/wp-json\/wp\/v2\/pages\/334073","targetHints":{"allow":["GET"]}}],"collection":[{"href":"https:\/\/clinicaergo.com\/it\/wp-json\/wp\/v2\/pages"}],"about":[{"href":"https:\/\/clinicaergo.com\/it\/wp-json\/wp\/v2\/types\/page"}],"author":[{"embeddable":true,"href":"https:\/\/clinicaergo.com\/it\/wp-json\/wp\/v2\/users\/1"}],"replies":[{"embeddable":true,"href":"https:\/\/clinicaergo.com\/it\/wp-json\/wp\/v2\/comments?post=334073"}],"version-history":[{"count":0,"href":"https:\/\/clinicaergo.com\/it\/wp-json\/wp\/v2\/pages\/334073\/revisions"}],"wp:attachment":[{"href":"https:\/\/clinicaergo.com\/it\/wp-json\/wp\/v2\/media?parent=334073"}],"curies":[{"name":"wp","href":"https:\/\/api.w.org\/{rel}","templated":true}]}}