{"id":334074,"date":"2021-11-18T12:54:45","date_gmt":"2021-11-18T12:54:45","guid":{"rendered":"https:\/\/clinicaergo.com\/ecografie-4d-emozionali\/"},"modified":"2022-08-11T18:50:04","modified_gmt":"2022-08-11T18:50:04","slug":"ecografie-4d-emozionali","status":"publish","type":"page","link":"https:\/\/clinicaergo.com\/it\/ecografie-4d-emozionali\/","title":{"rendered":"Ecografie 4D emozionali"},"content":{"rendered":"<p>[et_pb_section fb_built=&#8221;1&#8243; fullwidth=&#8221;on&#8221; _builder_version=&#8221;4.9.4&#8243; bottom_divider_style=&#8221;slant&#8221; bottom_divider_color=&#8221;#FFFFFF&#8221; bottom_divider_flip=&#8221;horizontal&#8221; animation_direction=&#8221;top&#8221; locked=&#8221;off&#8221; global_colors_info=&#8221;{}&#8221;][et_pb_fullwidth_header title=&#8221;Ecografie 4D emozionali&#8221; subhead=&#8221;Un modo emozionante per vedere il vostro futuro bambino &#8221; text_orientation=&#8221;center&#8221; background_overlay_color=&#8221;rgba(53,38,35,0.67)&#8221; _builder_version=&#8221;4.13.1&#8243; title_font=&#8221;Nunito|700|||||||&#8221; title_font_size=&#8221;46px&#8221; title_line_height=&#8221;1.5em&#8221; content_font=&#8221;Lato|300|||||||&#8221; content_font_size=&#8221;20px&#8221; content_line_height=&#8221;3em&#8221; subhead_font=&#8221;Nunito|700|||||||&#8221; subhead_font_size=&#8221;25px&#8221; subhead_line_height=&#8221;1.5em&#8221; background_color=&#8221;#afafaf&#8221; background_image=&#8221;https:\/\/clinicaergo.com\/wp-content\/uploads\/2021\/11\/ecografia-4d-gijon-asturias.jpg&#8221; custom_margin=&#8221;|||&#8221; custom_padding=&#8221;5vw||150px||false&#8221; animation_style=&#8221;slide&#8221; animation_direction=&#8221;top&#8221; animation_intensity_slide=&#8221;2%&#8221; title_font_size_tablet=&#8221;36px&#8221; title_font_size_phone=&#8221;&#8221; title_font_size_last_edited=&#8221;on|phone&#8221; global_colors_info=&#8221;{}&#8221; button_one_text_size__hover_enabled=&#8221;off&#8221; button_two_text_size__hover_enabled=&#8221;off&#8221; button_one_text_color__hover_enabled=&#8221;off&#8221; button_two_text_color__hover_enabled=&#8221;off&#8221; button_one_border_width__hover_enabled=&#8221;off&#8221; button_two_border_width__hover_enabled=&#8221;off&#8221; button_one_border_color__hover_enabled=&#8221;off&#8221; button_two_border_color__hover_enabled=&#8221;off&#8221; button_one_border_radius__hover_enabled=&#8221;off&#8221; button_two_border_radius__hover_enabled=&#8221;off&#8221; button_one_letter_spacing__hover_enabled=&#8221;off&#8221; button_two_letter_spacing__hover_enabled=&#8221;off&#8221; button_one_bg_color__hover_enabled=&#8221;off&#8221; button_two_bg_color__hover_enabled=&#8221;off&#8221;]<\/p>\n<p>Ecografia 4D a Gij\u00f3n, Asturie<\/p>\n<p>[\/et_pb_fullwidth_header][\/et_pb_section][et_pb_section fb_built=&#8221;1&#8243; next_background_color=&#8221;#ffffff&#8221; admin_label=&#8221;What is Coaching?&#8221; _builder_version=&#8221;3.22&#8243; background_color=&#8221;#ffffff&#8221; use_background_color_gradient=&#8221;on&#8221; background_color_gradient_start=&#8221;#ffffff&#8221; background_color_gradient_end=&#8221;#f5f5f5&#8243; background_color_gradient_end_position=&#8221;70%&#8221; background_color_gradient_overlays_image=&#8221;on&#8221; background_image=&#8221;https:\/\/clinicaergo.com\/wp-content\/uploads\/2021\/03\/life-coach-03.jpg&#8221; custom_margin=&#8221;|||&#8221; custom_padding=&#8221;0px||0px||true&#8221; top_divider_color=&#8221;#f5f5f5&#8243; top_divider_flip=&#8221;vertical&#8221; top_divider_arrangement=&#8221;above_content&#8221; bottom_divider_style=&#8221;slant&#8221; bottom_divider_flip=&#8221;vertical&#8221; bottom_divider_arrangement=&#8221;above_content&#8221; locked=&#8221;off&#8221; global_colors_info=&#8221;{}&#8221;][et_pb_row column_structure=&#8221;1_2,1_2&#8243; use_custom_gutter=&#8221;on&#8221; gutter_width=&#8221;1&#8243; make_equal=&#8221;on&#8221; padding_top_bottom_link_1=&#8221;false&#8221; padding_top_bottom_link_2=&#8221;false&#8221; padding_left_right_link_1=&#8221;true&#8221; padding_left_right_link_2=&#8221;true&#8221; module_class=&#8221; et_pb_row_fullwidth&#8221; _builder_version=&#8221;3.25&#8243; width=&#8221;100%&#8221; width_tablet=&#8221;100%&#8221; width_phone=&#8221;&#8221; width_last_edited=&#8221;on|desktop&#8221; max_width=&#8221;100%&#8221; max_width_tablet=&#8221;100%&#8221; max_width_phone=&#8221;&#8221; max_width_last_edited=&#8221;on|desktop&#8221; custom_padding=&#8221;0px|0|0px|0|true|false&#8221; make_fullwidth=&#8221;on&#8221; global_colors_info=&#8221;{}&#8221;][et_pb_column type=&#8221;1_2&#8243; _builder_version=&#8221;3.25&#8243; use_background_color_gradient=&#8221;on&#8221; background_color_gradient_start=&#8221;rgba(0,0,0,0)&#8221; background_color_gradient_end=&#8221;rgba(0,0,0,0.07)&#8221; custom_padding=&#8221;5%|6%|10%|6%&#8221; custom_padding_tablet=&#8221;&#8221; custom_padding_phone=&#8221;&#8221; custom_padding_last_edited=&#8221;on|tablet&#8221; global_colors_info=&#8221;{}&#8221; padding_last_edited=&#8221;on|tablet&#8221; custom_padding__hover=&#8221;|||&#8221;][et_pb_text admin_label=&#8221;Text&#8221; _builder_version=&#8221;4.13.1&#8243; text_font=&#8221;Poppins|300|||||||&#8221; text_font_size=&#8221;16px&#8221; header_2_font=&#8221;Nunito|700|||||||&#8221; header_2_font_size=&#8221;36px&#8221; locked=&#8221;off&#8221; global_colors_info=&#8221;{}&#8221;]<\/p>\n<p><span><\/span>Una tecnica non invasiva con la quale, attraverso gli ultrasuoni e senza alcun rischio per il bambino o la madre, si pu\u00f2 vedere il bambino muoversi in tre dimensioni in tempo reale.<\/p>\n<p>[\/et_pb_text][\/et_pb_column][et_pb_column type=&#8221;1_2&#8243; _builder_version=&#8221;3.25&#8243; custom_padding=&#8221;5%|6%|10%|6%&#8221; custom_padding_tablet=&#8221;||150px|&#8221; custom_padding_phone=&#8221;&#8221; custom_padding_last_edited=&#8221;on|tablet&#8221; global_colors_info=&#8221;{}&#8221; padding_tablet=&#8221;||150px|&#8221; padding_last_edited=&#8221;on|tablet&#8221; custom_padding__hover=&#8221;|||&#8221; padding_phone=&#8221;||150px|&#8221;][et_pb_text admin_label=&#8221;Text&#8221; _builder_version=&#8221;4.13.1&#8243; text_font=&#8221;Poppins|300|||||||&#8221; text_font_size=&#8221;16px&#8221; header_2_font=&#8221;Nunito|700|||||||&#8221; header_2_font_size=&#8221;36px&#8221; locked=&#8221;off&#8221; global_colors_info=&#8221;{}&#8221;]<\/p>\n<p>Vi mostreremo le caratteristiche e i gesti del bambino nel grembo materno. Queste ecografie non sostituiscono in alcun modo le ecografie diagnostiche raccomandate durante il follow-up.<\/p>\n<p><span> <\/span><\/p>\n<p>[\/et_pb_text][\/et_pb_column][\/et_pb_row][et_pb_row column_structure=&#8221;1_3,1_3,1_3&#8243; use_custom_gutter=&#8221;on&#8221; gutter_width=&#8221;1&#8243; make_equal=&#8221;on&#8221; padding_top_bottom_link_1=&#8221;false&#8221; padding_top_bottom_link_2=&#8221;false&#8221; padding_top_bottom_link_3=&#8221;false&#8221; padding_top_bottom_link_4=&#8221;false&#8221; padding_left_right_link_1=&#8221;true&#8221; padding_left_right_link_2=&#8221;true&#8221; padding_left_right_link_3=&#8221;true&#8221; padding_left_right_link_4=&#8221;true&#8221; module_class=&#8221; et_pb_row_fullwidth&#8221; _builder_version=&#8221;4.13.1&#8243; background_image=&#8221;https:\/\/clinicaergo.com\/wp-content\/uploads\/2021\/11\/eco-4d-gijon.jpg&#8221; width=&#8221;100%&#8221; width_tablet=&#8221;100%&#8221; width_phone=&#8221;&#8221; width_last_edited=&#8221;on|desktop&#8221; max_width=&#8221;100%&#8221; max_width_tablet=&#8221;100%&#8221; max_width_phone=&#8221;&#8221; max_width_last_edited=&#8221;on|desktop&#8221; min_height=&#8221;251px&#8221; custom_margin=&#8221;|||&#8221; custom_padding=&#8221;0px|0px|0|0px|false|false&#8221; make_fullwidth=&#8221;on&#8221; global_colors_info=&#8221;{}&#8221;][et_pb_column type=&#8221;1_3&#8243; _builder_version=&#8221;4.9.4&#8243; background_color=&#8221;rgba(122,78,54,0.2)&#8221; custom_padding=&#8221;80px|40px|150px|40px&#8221; custom_padding_tablet=&#8221;20px||60px|&#8221; custom_padding_phone=&#8221;60px||60px||true&#8221; custom_padding_last_edited=&#8221;on|phone&#8221; global_colors_info=&#8221;{}&#8221; padding_phone=&#8221;60px||60px||true&#8221; padding_tablet=&#8221;20px||60px|&#8221; padding_last_edited=&#8221;on|phone&#8221; custom_padding__hover=&#8221;|||&#8221;][et_pb_text _builder_version=&#8221;4.13.1&#8243; _module_preset=&#8221;default&#8221; text_font=&#8221;Nunito|700|||||||&#8221; text_text_color=&#8221;#FFFFFF&#8221; text_font_size=&#8221;22px&#8221; text_line_height=&#8221;1.4em&#8221; text_orientation=&#8221;center&#8221; custom_margin=&#8221;||||false|false&#8221; custom_padding=&#8221;||0px|||&#8221; global_colors_info=&#8221;{}&#8221;]<\/p>\n<p>L&#8217;ecografia 4D a Gij\u00f3n<\/p>\n<p>[\/et_pb_text][\/et_pb_column][et_pb_column type=&#8221;1_3&#8243; _builder_version=&#8221;4.9.4&#8243; background_color=&#8221;rgba(122,78,54,0.4)&#8221; custom_padding=&#8221;70px|40px|150px|40px&#8221; custom_padding_tablet=&#8221;20px||60px|&#8221; custom_padding_phone=&#8221;60px||60px||true&#8221; custom_padding_last_edited=&#8221;on|phone&#8221; global_colors_info=&#8221;{}&#8221; padding_phone=&#8221;60px||60px||true&#8221; padding_tablet=&#8221;20px||60px|&#8221; padding_last_edited=&#8221;on|phone&#8221; custom_padding__hover=&#8221;|||&#8221;][et_pb_text _builder_version=&#8221;4.13.1&#8243; _module_preset=&#8221;default&#8221; text_font=&#8221;Nunito|700|||||||&#8221; text_text_color=&#8221;#FFFFFF&#8221; text_font_size=&#8221;22px&#8221; text_line_height=&#8221;1.4em&#8221; text_orientation=&#8221;center&#8221; custom_margin=&#8221;10px||||false|false&#8221; custom_padding=&#8221;||0px|||&#8221; global_colors_info=&#8221;{}&#8221;]<\/p>\n<p>Totalmente sicuro<\/p>\n<p>[\/et_pb_text][\/et_pb_column][et_pb_column type=&#8221;1_3&#8243; _builder_version=&#8221;4.9.4&#8243; background_color=&#8221;rgba(122,78,54,0.6)&#8221; custom_padding=&#8221;60px|40px|150px|40px&#8221; custom_padding_tablet=&#8221;60px|||&#8221; custom_padding_phone=&#8221;60px||60px||true&#8221; custom_padding_last_edited=&#8221;on|phone&#8221; global_colors_info=&#8221;{}&#8221; padding_phone=&#8221;60px||60px||true&#8221; padding_tablet=&#8221;60px|||&#8221; padding_last_edited=&#8221;on|phone&#8221; custom_padding__hover=&#8221;|||&#8221;][et_pb_text _builder_version=&#8221;4.13.1&#8243; _module_preset=&#8221;default&#8221; text_font=&#8221;Nunito|700|||||||&#8221; text_text_color=&#8221;#FFFFFF&#8221; text_font_size=&#8221;22px&#8221; text_line_height=&#8221;1.4em&#8221; text_orientation=&#8221;center&#8221; custom_margin=&#8221;20px||||false|false&#8221; custom_padding=&#8221;||0px|||&#8221; global_colors_info=&#8221;{}&#8221;]<\/p>\n<p>Ecografie emozionali<\/p>\n<p>[\/et_pb_text][\/et_pb_column][\/et_pb_row][\/et_pb_section][et_pb_section fb_built=&#8221;1&#8243; admin_label=&#8221;How It Works&#8221; _builder_version=&#8221;3.22&#8243; custom_padding=&#8221;|||&#8221; global_colors_info=&#8221;{}&#8221;][et_pb_row _builder_version=&#8221;3.25&#8243; locked=&#8221;off&#8221; global_colors_info=&#8221;{}&#8221;][et_pb_column type=&#8221;4_4&#8243; _builder_version=&#8221;3.25&#8243; custom_padding=&#8221;|||&#8221; global_colors_info=&#8221;{}&#8221; custom_padding__hover=&#8221;|||&#8221;][et_pb_text admin_label=&#8221;Text&#8221; _builder_version=&#8221;4.13.1&#8243; header_2_font=&#8221;Nunito|700|||||||&#8221; header_2_text_color=&#8221;#7A4E36&#8243; header_2_line_height=&#8221;1.2em&#8221; text_orientation=&#8221;left&#8221; header_2_font_tablet=&#8221;&#8221; header_2_font_phone=&#8221;&#8221; header_2_font_last_edited=&#8221;on|desktop&#8221; header_2_text_color_tablet=&#8221;&#8221; header_2_text_color_phone=&#8221;&#8221; header_2_text_color_last_edited=&#8221;on|desktop&#8221; header_2_letter_spacing_tablet=&#8221;&#8221; header_2_letter_spacing_phone=&#8221;&#8221; header_2_letter_spacing_last_edited=&#8221;on|desktop&#8221; header_2_line_height_tablet=&#8221;&#8221; header_2_line_height_phone=&#8221;&#8221; header_2_line_height_last_edited=&#8221;on|desktop&#8221; global_colors_info=&#8221;{}&#8221;]<\/p>\n<h2><b>Che cos&#8217;\u00e8 un&#8217;ecografia 4D?<\/b><\/h2>\n<p>Le classiche ecografie 2D sono immagini che mostrano fette o sezioni del feto su un unico piano. Combinando molte di queste immagini 2D, \u00e8 possibile effettuare una ricostruzione dettagliata della superficie fetale, ottenendo un&#8217;immagine 3D.<\/p>\n<p>L&#8217;<strong>ecografia 4D \u00e8 una tecnica non invasiva<\/strong> che permette di vedere, attraverso gli ultrasuoni e senza alcun rischio per il bambino o la madre, il bambino che si muove in tre dimensioni in tempo reale. In altre parole, la dimensione &#8220;tempo&#8221; \u00e8 inclusa in queste ecografie.<\/p>\n<p><span>Questo tipo di ecografia, nota anche come <strong>&#8220;ecografia emozionale&#8221;,<\/strong> viene eseguita con un&#8217;apparecchiatura diagnostica e si concentra sulla visualizzazione dei tratti e dei gesti del bambino all&#8217;interno dell&#8217;utero. In altre parole, queste ecografie non sostituiscono le ecografie diagnostiche raccomandate durante il follow-up. <br \/><\/span><\/p>\n<p>[\/et_pb_text][\/et_pb_column][\/et_pb_row][et_pb_row _builder_version=&#8221;3.25&#8243; locked=&#8221;off&#8221; global_colors_info=&#8221;{}&#8221;][et_pb_column type=&#8221;4_4&#8243; _builder_version=&#8221;3.25&#8243; custom_padding=&#8221;|||&#8221; global_colors_info=&#8221;{}&#8221; custom_padding__hover=&#8221;|||&#8221;][et_pb_text admin_label=&#8221;Text&#8221; _builder_version=&#8221;4.13.1&#8243; header_2_font=&#8221;Nunito|700|||||||&#8221; header_2_text_color=&#8221;#7A4E36&#8243; header_2_line_height=&#8221;1.2em&#8221; text_orientation=&#8221;left&#8221; header_2_font_tablet=&#8221;&#8221; header_2_font_phone=&#8221;&#8221; header_2_font_last_edited=&#8221;on|desktop&#8221; header_2_text_color_tablet=&#8221;&#8221; header_2_text_color_phone=&#8221;&#8221; header_2_text_color_last_edited=&#8221;on|desktop&#8221; header_2_letter_spacing_tablet=&#8221;&#8221; header_2_letter_spacing_phone=&#8221;&#8221; header_2_letter_spacing_last_edited=&#8221;on|desktop&#8221; header_2_line_height_tablet=&#8221;&#8221; header_2_line_height_phone=&#8221;&#8221; header_2_line_height_last_edited=&#8221;on|desktop&#8221; global_colors_info=&#8221;{}&#8221;]<\/p>\n<h2><b>Quando \u00e8 possibile eseguire l&#8217;ecografia 4D?<\/b><\/h2>\n<p>Le ecografie 4D possono essere eseguite tra le 10 e le 30 settimane di gravidanza, anche se le caratteristiche non sono completamente visibili prima delle 22-24<strong>settimane di gestazione.<\/strong> La qualit\u00e0 delle immagini dipende principalmente dalla quantit\u00e0 di liquido amniotico che circonda il bambino, in quanto \u00e8 il mezzo che trasmette le onde ecografiche che permettono la formazione dell&#8217;immagine, motivo per cui questo tipo di ecografia non \u00e8 consigliato dopo la 30a settimana.<\/p>\n<p>Altri fattori che possono influenzare le immagini sono la posizione del bambino e il grasso addominale materno. <\/p>\n<p>[\/et_pb_text][\/et_pb_column][\/et_pb_row][et_pb_row _builder_version=&#8221;3.25&#8243; locked=&#8221;off&#8221; global_colors_info=&#8221;{}&#8221;][et_pb_column type=&#8221;4_4&#8243; _builder_version=&#8221;3.25&#8243; custom_padding=&#8221;|||&#8221; global_colors_info=&#8221;{}&#8221; custom_padding__hover=&#8221;|||&#8221;][et_pb_text admin_label=&#8221;Text&#8221; _builder_version=&#8221;4.13.1&#8243; header_2_font=&#8221;Nunito|700|||||||&#8221; header_2_text_color=&#8221;#7A4E36&#8243; header_2_line_height=&#8221;1.2em&#8221; text_orientation=&#8221;left&#8221; header_2_font_tablet=&#8221;&#8221; header_2_font_phone=&#8221;&#8221; header_2_font_last_edited=&#8221;on|desktop&#8221; header_2_text_color_tablet=&#8221;&#8221; header_2_text_color_phone=&#8221;&#8221; header_2_text_color_last_edited=&#8221;on|desktop&#8221; header_2_letter_spacing_tablet=&#8221;&#8221; header_2_letter_spacing_phone=&#8221;&#8221; header_2_letter_spacing_last_edited=&#8221;on|desktop&#8221; header_2_line_height_tablet=&#8221;&#8221; header_2_line_height_phone=&#8221;&#8221; header_2_line_height_last_edited=&#8221;on|desktop&#8221; global_colors_info=&#8221;{}&#8221;]<\/p>\n<h2><b>Cosa succede se non lo si lascia vedere?<br \/><\/b><\/h2>\n<p>In alcuni casi, la posizione del feto non permette di vedere facilmente i tratti del viso, ma in questi casi torneremo da voi un altro giorno per ottenere il profilo migliore del feto. E naturalmente senza costi aggiuntivi.<span><\/span><\/p>\n<p>[\/et_pb_text][\/et_pb_column][\/et_pb_row][et_pb_row _builder_version=&#8221;3.25&#8243; locked=&#8221;off&#8221; global_colors_info=&#8221;{}&#8221;][et_pb_column type=&#8221;4_4&#8243; _builder_version=&#8221;3.25&#8243; custom_padding=&#8221;|||&#8221; global_colors_info=&#8221;{}&#8221; custom_padding__hover=&#8221;|||&#8221;][et_pb_text admin_label=&#8221;Text&#8221; _builder_version=&#8221;4.11.1&#8243; header_2_font=&#8221;Nunito|700|||||||&#8221; header_2_text_color=&#8221;#7A4E36&#8243; header_2_line_height=&#8221;1.2em&#8221; text_orientation=&#8221;left&#8221; header_2_font_tablet=&#8221;&#8221; header_2_font_phone=&#8221;&#8221; header_2_font_last_edited=&#8221;on|desktop&#8221; header_2_text_color_tablet=&#8221;&#8221; header_2_text_color_phone=&#8221;&#8221; header_2_text_color_last_edited=&#8221;on|desktop&#8221; header_2_letter_spacing_tablet=&#8221;&#8221; header_2_letter_spacing_phone=&#8221;&#8221; header_2_letter_spacing_last_edited=&#8221;on|desktop&#8221; header_2_line_height_tablet=&#8221;&#8221; header_2_line_height_phone=&#8221;&#8221; header_2_line_height_last_edited=&#8221;on|desktop&#8221; global_colors_info=&#8221;{}&#8221;]<\/p>\n<h2><b>Pacchetto 3 Echi 3D\/4D<\/b><\/h2>\n<p>Alla <strong>Clinica ERGO<\/strong> comprendiamo l&#8217;emozione di una gravidanza tanto attesa. Per questo motivo vi offriamo la possibilit\u00e0 di visualizzare lo sviluppo utilizzando questa tecnologia per diverse sessioni consecutive.<\/p>\n<p>Potrete avere tutte le foto in formato digitale e anche un video con i movimenti.<\/p>\n<p>Vi offriamo un <strong>pacchetto di 3 ecografie 4D in<\/strong> momenti diversi della gravidanza. Ci prendiamo cura dei dettagli per rendere la dolce attesa una grande esperienza. Contattateci e vi informeremo.<\/p>\n<p>[\/et_pb_text][\/et_pb_column][\/et_pb_row][\/et_pb_section][et_pb_section fb_built=&#8221;1&#8243; prev_background_color=&#8221;#345168&#8243; next_background_color=&#8221;#ffffff&#8221; admin_label=&#8221;Who Is Coaching For?&#8221; _builder_version=&#8221;4.9.4&#8243; background_color=&#8221;#345168&#8243; use_background_color_gradient=&#8221;on&#8221; background_color_gradient_start=&#8221;#345168&#8243; background_color_gradient_end=&#8221;rgba(219,219,219,0)&#8221; background_color_gradient_start_position=&#8221;5%&#8221; background_color_gradient_overlays_image=&#8221;on&#8221; background_image=&#8221;https:\/\/clinicaergo.com\/wp-content\/uploads\/2021\/05\/life-coach-34.jpg&#8221; min_height=&#8221;89.3px&#8221; custom_padding=&#8221;0px||0px||true|false&#8221; top_divider_style=&#8221;slant&#8221; top_divider_flip=&#8221;horizontal&#8221; bottom_divider_style=&#8221;slant&#8221; bottom_divider_flip=&#8221;horizontal&#8221; saved_tabs=&#8221;all&#8221; locked=&#8221;off&#8221; global_colors_info=&#8221;{}&#8221;][et_pb_row column_structure=&#8221;3_5,2_5&#8243; _builder_version=&#8221;4.9.4&#8243; min_height=&#8221;485.4px&#8221; custom_margin=&#8221;|auto|0px|auto|false|false&#8221; custom_padding=&#8221;141px||0px||false|false&#8221; use_custom_width=&#8221;on&#8221; locked=&#8221;off&#8221; global_colors_info=&#8221;{}&#8221;][et_pb_column type=&#8221;3_5&#8243; _builder_version=&#8221;3.25&#8243; custom_padding=&#8221;|||&#8221; global_colors_info=&#8221;{}&#8221; custom_padding__hover=&#8221;|||&#8221;][et_pb_text admin_label=&#8221;Text&#8221; _builder_version=&#8221;4.9.4&#8243; text_font=&#8221;Poppins|300|||||||&#8221; text_font_size=&#8221;17px&#8221; header_2_font=&#8221;Nunito|900|||||||&#8221; background_layout=&#8221;dark&#8221; global_colors_info=&#8221;{}&#8221;]<\/p>\n<h2>Avete bisogno di ulteriori informazioni?<\/h2>\n<p>Siamo un team di oltre <strong>15 professionisti<\/strong> specializzati nella riproduzione assistita e nella salute delle donne. Avete dei dubbi? Vi invitiamo a conoscerci, la vostra prima visita \u00e8 totalmente GRATUITA.<\/p>\n<p>[\/et_pb_text][et_pb_button button_url=&#8221;https:\/\/clinicaergo.com\/it\/contatto\/&#8221; button_text=&#8221;Fissate il vostro primo appuntamento GRATUITO&#8221; button_alignment=&#8221;center&#8221; admin_label=&#8221;Get Started&#8221; _builder_version=&#8221;4.9.4&#8243; _module_preset=&#8221;default&#8221; custom_button=&#8221;on&#8221; button_text_size=&#8221;14px&#8221; button_text_color=&#8221;#ffffff&#8221; button_bg_color=&#8221;#4b2614&#8243; button_border_width=&#8221;1px&#8221; button_border_color=&#8221;RGBA(0,0,0,0)&#8221; button_border_radius=&#8221;50px&#8221; button_letter_spacing=&#8221;1px&#8221; button_font=&#8221;Poppins|600||on|||||&#8221; button_use_icon=&#8221;off&#8221; custom_margin=&#8221;20px|20px|||false|false&#8221; custom_margin_phone=&#8221;|20px|||false|false&#8221; custom_margin_last_edited=&#8221;off|desktop&#8221; custom_padding=&#8221;14px|50px|14px|50px|true|true&#8221; box_shadow_style=&#8221;preset3&#8243; box_shadow_color=&#8221;rgba(0,0,0,0.2)&#8221; locked=&#8221;off&#8221; global_colors_info=&#8221;{%22gcid-0b134dd3-bba5-4a0c-9138-44a2493e22ee%22:%91%22button_bg_color%22%93}&#8221; button_bg_color__hover_enabled=&#8221;on|desktop&#8221; button_bg_enable_color__hover=&#8221;on&#8221; button_text_color__hover_enabled=&#8221;off|hover&#8221; custom_padding__hover_enabled=&#8221;off|hover&#8221; button_bg_color__hover=&#8221;rgba(255,255,255,0.1)&#8221; button_border_color__hover_enabled=&#8221;on|hover&#8221; button_border_color__hover=&#8221;#ffffff&#8221;][\/et_pb_button][\/et_pb_column][et_pb_column type=&#8221;2_5&#8243; _builder_version=&#8221;3.25&#8243; custom_padding=&#8221;|||&#8221; global_colors_info=&#8221;{}&#8221; custom_padding__hover=&#8221;|||&#8221;][et_pb_image src=&#8221;https:\/\/clinicaergo.com\/wp-content\/uploads\/2021\/05\/barbara-alonso.jpg&#8221; title_text=&#8221;barbara-alonso&#8221; _builder_version=&#8221;4.13.1&#8243; _module_preset=&#8221;default&#8221; hover_enabled=&#8221;0&#8243; border_radii=&#8221;on|20px|20px|20px|20px&#8221; box_shadow_style=&#8221;preset2&#8243; global_colors_info=&#8221;{}&#8221; sticky_enabled=&#8221;0&#8243;][\/et_pb_image][\/et_pb_column][\/et_pb_row][\/et_pb_section][et_pb_section fb_built=&#8221;1&#8243; _builder_version=&#8221;4.9.4&#8243; _module_preset=&#8221;default&#8221; global_colors_info=&#8221;{}&#8221;][et_pb_row _builder_version=&#8221;4.9.4&#8243; _module_preset=&#8221;default&#8221; global_colors_info=&#8221;{}&#8221;][et_pb_column type=&#8221;4_4&#8243; _builder_version=&#8221;4.9.4&#8243; _module_preset=&#8221;default&#8221; global_colors_info=&#8221;{}&#8221;][\/et_pb_column][\/et_pb_row][\/et_pb_section]<\/p>\n","protected":false},"excerpt":{"rendered":"<p>Ecografia 4D a Gij\u00f3n, AsturieUna tecnica non invasiva con la quale, attraverso gli ultrasuoni e senza alcun rischio per il bambino o la madre, si pu\u00f2 vedere il bambino muoversi in tre dimensioni in tempo reale.Vi mostreremo le caratteristiche e i gesti del bambino nel grembo materno. Queste ecografie non sostituiscono in alcun modo le [&hellip;]<\/p>\n","protected":false},"author":1,"featured_media":0,"parent":0,"menu_order":0,"comment_status":"closed","ping_status":"closed","template":"","meta":{"_et_pb_use_builder":"on","_et_pb_old_content":"","_et_gb_content_width":"","_joinchat":[],"footnotes":""},"class_list":["post-334074","page","type-page","status-publish","hentry"],"_links":{"self":[{"href":"https:\/\/clinicaergo.com\/it\/wp-json\/wp\/v2\/pages\/334074","targetHints":{"allow":["GET"]}}],"collection":[{"href":"https:\/\/clinicaergo.com\/it\/wp-json\/wp\/v2\/pages"}],"about":[{"href":"https:\/\/clinicaergo.com\/it\/wp-json\/wp\/v2\/types\/page"}],"author":[{"embeddable":true,"href":"https:\/\/clinicaergo.com\/it\/wp-json\/wp\/v2\/users\/1"}],"replies":[{"embeddable":true,"href":"https:\/\/clinicaergo.com\/it\/wp-json\/wp\/v2\/comments?post=334074"}],"version-history":[{"count":0,"href":"https:\/\/clinicaergo.com\/it\/wp-json\/wp\/v2\/pages\/334074\/revisions"}],"wp:attachment":[{"href":"https:\/\/clinicaergo.com\/it\/wp-json\/wp\/v2\/media?parent=334074"}],"curies":[{"name":"wp","href":"https:\/\/api.w.org\/{rel}","templated":true}]}}