{"id":334080,"date":"2017-12-18T17:20:10","date_gmt":"2017-12-18T17:20:10","guid":{"rendered":"https:\/\/clinicaergo.com\/endometriosi\/"},"modified":"2022-08-18T11:03:35","modified_gmt":"2022-08-18T11:03:35","slug":"endometriosi","status":"publish","type":"page","link":"https:\/\/clinicaergo.com\/it\/endometriosi\/","title":{"rendered":"Endometriosi"},"content":{"rendered":"<p>[et_pb_section fb_built=&#8221;1&#8243; fullwidth=&#8221;on&#8221; _builder_version=&#8221;4.16&#8243; bottom_divider_style=&#8221;slant&#8221; bottom_divider_color=&#8221;#FFFFFF&#8221; bottom_divider_flip=&#8221;horizontal&#8221; animation_direction=&#8221;top&#8221; locked=&#8221;off&#8221; global_colors_info=&#8221;{}&#8221;][et_pb_fullwidth_header title=&#8221;Endometriosi&#8221; subhead=&#8221;Diagnosi e trattamento dell&#8217;endometriosi &#8221; text_orientation=&#8221;center&#8221; background_overlay_color=&#8221;rgba(53,38,35,0.67)&#8221; _builder_version=&#8221;4.16&#8243; title_font=&#8221;Nunito|700|||||||&#8221; title_font_size=&#8221;46px&#8221; title_line_height=&#8221;1.5em&#8221; content_font=&#8221;Lato|300|||||||&#8221; content_font_size=&#8221;20px&#8221; content_line_height=&#8221;3em&#8221; subhead_font=&#8221;Nunito|700|||||||&#8221; subhead_font_size=&#8221;25px&#8221; subhead_line_height=&#8221;1.5em&#8221; background_color=&#8221;#afafaf&#8221; background_image=&#8221;https:\/\/clinicaergo.com\/wp-content\/uploads\/2021\/05\/cabecera-endometriosis.jpg&#8221; custom_margin=&#8221;|||&#8221; custom_padding=&#8221;5vw||150px||false&#8221; animation_style=&#8221;slide&#8221; animation_direction=&#8221;top&#8221; animation_intensity_slide=&#8221;2%&#8221; title_font_size_tablet=&#8221;36px&#8221; title_font_size_phone=&#8221;&#8221; title_font_size_last_edited=&#8221;on|phone&#8221; global_colors_info=&#8221;{}&#8221; button_one_text_size__hover_enabled=&#8221;off&#8221; button_two_text_size__hover_enabled=&#8221;off&#8221; button_one_text_color__hover_enabled=&#8221;off&#8221; button_two_text_color__hover_enabled=&#8221;off&#8221; button_one_border_width__hover_enabled=&#8221;off&#8221; button_two_border_width__hover_enabled=&#8221;off&#8221; button_one_border_color__hover_enabled=&#8221;off&#8221; button_two_border_color__hover_enabled=&#8221;off&#8221; button_one_border_radius__hover_enabled=&#8221;off&#8221; button_two_border_radius__hover_enabled=&#8221;off&#8221; button_one_letter_spacing__hover_enabled=&#8221;off&#8221; button_two_letter_spacing__hover_enabled=&#8221;off&#8221; button_one_bg_color__hover_enabled=&#8221;off&#8221; button_two_bg_color__hover_enabled=&#8221;off&#8221;]<\/p>\n<p>Trattamento dell&#8217;endometriosi a Gij\u00f3n, Asturie<\/p>\n<p>[\/et_pb_fullwidth_header][\/et_pb_section][et_pb_section fb_built=&#8221;1&#8243; next_background_color=&#8221;#ffffff&#8221; admin_label=&#8221;What is Coaching?&#8221; _builder_version=&#8221;4.16&#8243; background_color=&#8221;#ffffff&#8221; use_background_color_gradient=&#8221;on&#8221; background_color_gradient_stops=&#8221;#ffffff 0%|#f5f5f5 70%&#8221; background_color_gradient_overlays_image=&#8221;on&#8221; background_color_gradient_start=&#8221;#ffffff&#8221; background_color_gradient_end=&#8221;#f5f5f5&#8243; background_color_gradient_end_position=&#8221;70%&#8221; background_image=&#8221;https:\/\/clinicaergo.com\/wp-content\/uploads\/2021\/03\/life-coach-03.jpg&#8221; custom_margin=&#8221;|||&#8221; custom_padding=&#8221;0px||0px||true&#8221; top_divider_color=&#8221;#f5f5f5&#8243; top_divider_flip=&#8221;vertical&#8221; top_divider_arrangement=&#8221;above_content&#8221; bottom_divider_style=&#8221;slant&#8221; bottom_divider_flip=&#8221;vertical&#8221; bottom_divider_arrangement=&#8221;above_content&#8221; locked=&#8221;off&#8221; global_colors_info=&#8221;{}&#8221;][et_pb_row column_structure=&#8221;1_2,1_2&#8243; use_custom_gutter=&#8221;on&#8221; gutter_width=&#8221;1&#8243; make_equal=&#8221;on&#8221; padding_top_bottom_link_1=&#8221;false&#8221; padding_top_bottom_link_2=&#8221;false&#8221; padding_left_right_link_1=&#8221;true&#8221; padding_left_right_link_2=&#8221;true&#8221; module_class=&#8221; et_pb_row_fullwidth&#8221; _builder_version=&#8221;4.16&#8243; width=&#8221;100%&#8221; width_tablet=&#8221;100%&#8221; width_phone=&#8221;&#8221; width_last_edited=&#8221;on|desktop&#8221; max_width=&#8221;100%&#8221; max_width_tablet=&#8221;100%&#8221; max_width_phone=&#8221;&#8221; max_width_last_edited=&#8221;on|desktop&#8221; custom_padding=&#8221;0px|0|0px|0|true|false&#8221; make_fullwidth=&#8221;on&#8221; global_colors_info=&#8221;{}&#8221;][et_pb_column type=&#8221;1_2&#8243; _builder_version=&#8221;4.16&#8243; use_background_color_gradient=&#8221;on&#8221; background_color_gradient_stops=&#8221;rgba(0,0,0,0) 0%|rgba(0,0,0,0.07) 100%&#8221; background_color_gradient_start=&#8221;rgba(0,0,0,0)&#8221; background_color_gradient_end=&#8221;rgba(0,0,0,0.07)&#8221; custom_padding=&#8221;5%|6%|10%|6%&#8221; custom_padding_tablet=&#8221;&#8221; custom_padding_phone=&#8221;&#8221; custom_padding_last_edited=&#8221;on|tablet&#8221; global_colors_info=&#8221;{}&#8221; padding_last_edited=&#8221;on|tablet&#8221; custom_padding__hover=&#8221;|||&#8221;][et_pb_text admin_label=&#8221;Text&#8221; _builder_version=&#8221;4.16&#8243; text_font=&#8221;Poppins|300|||||||&#8221; text_font_size=&#8221;16px&#8221; header_2_font=&#8221;Nunito|700|||||||&#8221; header_2_font_size=&#8221;36px&#8221; locked=&#8221;off&#8221; global_colors_info=&#8221;{}&#8221;]<\/p>\n<h2>Che cos&#8217;\u00e8 l&#8217;endometriosi?<\/h2>\n<p>Se avete mestruazioni abbondanti o forti crampi mestruali, potreste essere affette da endometriosi. La diagnosi precoce \u00e8 essenziale per una gestione efficace.<\/p>\n<p>[\/et_pb_text][\/et_pb_column][et_pb_column type=&#8221;1_2&#8243; _builder_version=&#8221;4.16&#8243; custom_padding=&#8221;5%|6%|10%|6%&#8221; custom_padding_tablet=&#8221;||150px|&#8221; custom_padding_phone=&#8221;&#8221; custom_padding_last_edited=&#8221;on|tablet&#8221; global_colors_info=&#8221;{}&#8221; padding_tablet=&#8221;||150px|&#8221; padding_last_edited=&#8221;on|tablet&#8221; custom_padding__hover=&#8221;|||&#8221; padding_phone=&#8221;||150px|&#8221;][et_pb_text admin_label=&#8221;Text&#8221; _builder_version=&#8221;4.16&#8243; text_font=&#8221;Poppins|300|||||||&#8221; text_font_size=&#8221;16px&#8221; header_2_font=&#8221;Nunito|700|||||||&#8221; header_2_font_size=&#8221;36px&#8221; locked=&#8221;off&#8221; global_colors_info=&#8221;{}&#8221;]<\/p>\n<h2>Esiste una soluzione all&#8217;endometriosi?<\/h2>\n<p>Ogni donna \u00e8 diversa, quindi la diagnosi e il trattamento saranno diversi in ogni caso. Pertanto, un esame completo \u00e8 essenziale per decidere il trattamento, che dipender\u00e0 da fattori quali l&#8217;et\u00e0, i sintomi, il desiderio di diventare madre, ecc.<\/p>\n<p>[\/et_pb_text][\/et_pb_column][\/et_pb_row][et_pb_row column_structure=&#8221;1_3,1_3,1_3&#8243; use_custom_gutter=&#8221;on&#8221; gutter_width=&#8221;1&#8243; make_equal=&#8221;on&#8221; padding_top_bottom_link_1=&#8221;false&#8221; padding_top_bottom_link_2=&#8221;false&#8221; padding_top_bottom_link_3=&#8221;false&#8221; padding_top_bottom_link_4=&#8221;false&#8221; padding_left_right_link_1=&#8221;true&#8221; padding_left_right_link_2=&#8221;true&#8221; padding_left_right_link_3=&#8221;true&#8221; padding_left_right_link_4=&#8221;true&#8221; module_class=&#8221; et_pb_row_fullwidth&#8221; _builder_version=&#8221;4.16&#8243; background_image=&#8221;https:\/\/clinicaergo.com\/wp-content\/uploads\/2021\/05\/dolores-mestruales.jpg&#8221; width=&#8221;100%&#8221; width_tablet=&#8221;100%&#8221; width_phone=&#8221;&#8221; width_last_edited=&#8221;on|desktop&#8221; max_width=&#8221;100%&#8221; max_width_tablet=&#8221;100%&#8221; max_width_phone=&#8221;&#8221; max_width_last_edited=&#8221;on|desktop&#8221; min_height=&#8221;251px&#8221; custom_margin=&#8221;|||&#8221; custom_padding=&#8221;0px|0px|0|0px|false|false&#8221; make_fullwidth=&#8221;on&#8221; global_colors_info=&#8221;{}&#8221;][et_pb_column type=&#8221;1_3&#8243; _builder_version=&#8221;4.16&#8243; background_color=&#8221;rgba(122,78,54,0.2)&#8221; custom_padding=&#8221;80px|40px|150px|40px&#8221; custom_padding_tablet=&#8221;20px||60px|&#8221; custom_padding_phone=&#8221;60px||60px||true&#8221; custom_padding_last_edited=&#8221;on|phone&#8221; global_colors_info=&#8221;{}&#8221; padding_phone=&#8221;60px||60px||true&#8221; padding_tablet=&#8221;20px||60px|&#8221; padding_last_edited=&#8221;on|phone&#8221; custom_padding__hover=&#8221;|||&#8221;][et_pb_text _builder_version=&#8221;4.16&#8243; _module_preset=&#8221;default&#8221; text_font=&#8221;Nunito|700|||||||&#8221; text_text_color=&#8221;#FFFFFF&#8221; text_font_size=&#8221;22px&#8221; text_line_height=&#8221;1.4em&#8221; text_orientation=&#8221;center&#8221; custom_margin=&#8221;||||false|false&#8221; custom_padding=&#8221;||0px|||&#8221; global_colors_info=&#8221;{}&#8221;]<\/p>\n<p>Soffre di forti crampi mestruali?<\/p>\n<p>[\/et_pb_text][\/et_pb_column][et_pb_column type=&#8221;1_3&#8243; _builder_version=&#8221;4.16&#8243; background_color=&#8221;rgba(122,78,54,0.4)&#8221; custom_padding=&#8221;70px|40px|150px|40px&#8221; custom_padding_tablet=&#8221;20px||60px|&#8221; custom_padding_phone=&#8221;60px||60px||true&#8221; custom_padding_last_edited=&#8221;on|phone&#8221; global_colors_info=&#8221;{}&#8221; padding_phone=&#8221;60px||60px||true&#8221; padding_tablet=&#8221;20px||60px|&#8221; padding_last_edited=&#8221;on|phone&#8221; custom_padding__hover=&#8221;|||&#8221;][et_pb_text _builder_version=&#8221;4.16&#8243; _module_preset=&#8221;default&#8221; text_font=&#8221;Nunito|700|||||||&#8221; text_text_color=&#8221;#FFFFFF&#8221; text_font_size=&#8221;22px&#8221; text_line_height=&#8221;1.4em&#8221; text_orientation=&#8221;center&#8221; custom_margin=&#8221;10px||||false|false&#8221; custom_padding=&#8221;||0px|||&#8221; global_colors_info=&#8221;{}&#8221;]<\/p>\n<p>Contattateci all&#8217;indirizzo<\/p>\n<p>[\/et_pb_text][\/et_pb_column][et_pb_column type=&#8221;1_3&#8243; _builder_version=&#8221;4.16&#8243; background_color=&#8221;rgba(122,78,54,0.6)&#8221; custom_padding=&#8221;60px|40px|150px|40px&#8221; custom_padding_tablet=&#8221;60px|||&#8221; custom_padding_phone=&#8221;60px||60px||true&#8221; custom_padding_last_edited=&#8221;on|phone&#8221; global_colors_info=&#8221;{}&#8221; padding_phone=&#8221;60px||60px||true&#8221; padding_tablet=&#8221;60px|||&#8221; padding_last_edited=&#8221;on|phone&#8221; custom_padding__hover=&#8221;|||&#8221;][et_pb_text _builder_version=&#8221;4.16&#8243; _module_preset=&#8221;default&#8221; text_font=&#8221;Nunito|700|||||||&#8221; text_text_color=&#8221;#FFFFFF&#8221; text_font_size=&#8221;22px&#8221; text_line_height=&#8221;1.4em&#8221; text_orientation=&#8221;center&#8221; custom_margin=&#8221;20px||||false|false&#8221; custom_padding=&#8221;||0px|||&#8221; global_colors_info=&#8221;{}&#8221;]<\/p>\n<p>Diagnosi e trattamento <\/p>\n<p>[\/et_pb_text][\/et_pb_column][\/et_pb_row][\/et_pb_section][et_pb_section fb_built=&#8221;1&#8243; admin_label=&#8221;How It Works&#8221; _builder_version=&#8221;4.16&#8243; custom_padding=&#8221;|||&#8221; global_colors_info=&#8221;{}&#8221;][et_pb_row _builder_version=&#8221;4.16&#8243; locked=&#8221;off&#8221; global_colors_info=&#8221;{}&#8221;][et_pb_column type=&#8221;4_4&#8243; _builder_version=&#8221;4.16&#8243; custom_padding=&#8221;|||&#8221; global_colors_info=&#8221;{}&#8221; custom_padding__hover=&#8221;|||&#8221;][et_pb_text admin_label=&#8221;Text&#8221; _builder_version=&#8221;4.16&#8243; header_2_font=&#8221;Nunito|700|||||||&#8221; header_2_text_color=&#8221;#7A4E36&#8243; text_orientation=&#8221;left&#8221; global_colors_info=&#8221;{}&#8221;]<\/p>\n<h2><strong>Che cos&#8217;\u00e8 l&#8217;endometriosi?<\/strong><\/h2>\n<p>Molte donne sperimentano alterazioni del ciclo mestruale che considerano &#8220;legate al ciclo&#8221;, ma che potrebbero essere una condizione nota come endometriosi: si tratta di una patologia benigna che si verifica quando l&#8217;endometrio (lo strato mucoso che riveste l&#8217;interno dell&#8217;utero) cresce in altre zone dell&#8217;addome a cui non appartiene, e pu\u00f2 depositarsi formando placche o cisti che possono causare forti dolori e portare a difficolt\u00e0 di gravidanza.<\/p>\n<p>L&#8217;endometriosi \u00e8 una malattia che colpisce pi\u00f9 del 20% delle donne in et\u00e0 fertile e causa principalmente due problemi: dolore e infertilit\u00e0. Si stima che il 30-40% delle donne con endometriosi possa avere difficolt\u00e0 a ottenere una gravidanza spontanea.<\/p>\n<p>I sintomi dell&#8217;endometriosi sono molto variabili e in alcuni casi possono essere del tutto assenti. Pertanto, \u00e8 importante consultare il medico in caso di problemi:<\/p>\n<p>&nbsp;<\/p>\n<ul>\n<li>Avete forti crampi mestruali.<\/li>\n<li>Soffre di dolori addominali al di fuori del ciclo mestruale.<\/li>\n<li>Si prova dolore quando si fa sesso.<\/li>\n<li>Le mestruazioni sono pi\u00f9 pesanti.<\/li>\n<li>Si sente dolore quando si defeca.<\/li>\n<li>Avete problemi di fertilit\u00e0.<\/li>\n<li>Nausea o vomito.<\/li>\n<li>Si avvertono debolezza, affaticamento e vertigini.<\/li>\n<\/ul>\n<p>[\/et_pb_text][\/et_pb_column][\/et_pb_row][et_pb_row _builder_version=&#8221;4.16&#8243; _module_preset=&#8221;default&#8221; use_background_color_gradient=&#8221;on&#8221; background_color_gradient_stops=&#8221;rgba(122,78,54,0.2) 0%|#ffffff 100%&#8221; background_color_gradient_start=&#8221;rgba(122,78,54,0.2)&#8221; background_color_gradient_end=&#8221;#ffffff&#8221; custom_padding=&#8221;21px|20px|20px|20px|false|false&#8221; border_radii=&#8221;on|20px|20px|20px|20px&#8221; box_shadow_style=&#8221;preset1&#8243; locked=&#8221;off&#8221; global_colors_info=&#8221;{}&#8221;][et_pb_column type=&#8221;4_4&#8243; _builder_version=&#8221;4.16&#8243; _module_preset=&#8221;default&#8221; global_colors_info=&#8221;{}&#8221;][et_pb_text admin_label=&#8221;Text&#8221; _builder_version=&#8221;4.16&#8243; header_2_font=&#8221;Nunito|700|||||||&#8221; header_2_text_color=&#8221;#7A4E36&#8243; header_2_line_height=&#8221;1.2em&#8221; text_orientation=&#8221;left&#8221; header_2_font_tablet=&#8221;&#8221; header_2_font_phone=&#8221;&#8221; header_2_font_last_edited=&#8221;on|desktop&#8221; header_2_text_color_tablet=&#8221;&#8221; header_2_text_color_phone=&#8221;&#8221; header_2_text_color_last_edited=&#8221;on|desktop&#8221; header_2_letter_spacing_tablet=&#8221;&#8221; header_2_letter_spacing_phone=&#8221;&#8221; header_2_letter_spacing_last_edited=&#8221;on|desktop&#8221; header_2_line_height_tablet=&#8221;&#8221; header_2_line_height_phone=&#8221;&#8221; header_2_line_height_last_edited=&#8221;on|desktop&#8221; global_colors_info=&#8221;{}&#8221;]<\/p>\n<h2><strong>Esiste una soluzione?<\/strong><strong><\/strong><\/h2>\n<div class=\"pre\">\n<div class=\"pre\">Ogni donna \u00e8 diversa, quindi la diagnosi e il trattamento saranno diversi in ogni caso. Pertanto, un esame completo \u00e8 essenziale per decidere il trattamento, che dipender\u00e0 da fattori quali l&#8217;et\u00e0, i sintomi, il desiderio di diventare madre, ecc. Pertanto, in alcuni casi la soluzione pu\u00f2 essere farmacologica, mentre in altri pu\u00f2 essere necessario un trattamento medico e\/o chirurgico.<\/div>\n<div class=\"pre\">Se presenta uno di questi sintomi, non esiti: prenda un appuntamento con uno dei nostri ginecologi.<\/div>\n<div class=\"pre\"><\/div>\n<div class=\"pre\"><\/div>\n<div class=\"pre\"><\/div>\n<div class=\"pre\"><\/div>\n<div class=\"pre\"><\/div>\n<div class=\"pre\"><\/div>\n<div class=\"pre\"><\/div>\n<div class=\"pre\"><\/div>\n<div class=\"pre\"><\/div>\n<div class=\"pre\"><\/div>\n<\/div>\n<div><\/div>\n<div class=\"pre\">\n<div><\/div>\n<div><\/div>\n<\/div>\n<p>[\/et_pb_text][\/et_pb_column][\/et_pb_row][\/et_pb_section][et_pb_section fb_built=&#8221;1&#8243; prev_background_color=&#8221;#ffffff&#8221; next_background_color=&#8221;#ffffff&#8221; admin_label=&#8221;Who Is Coaching For?&#8221; _builder_version=&#8221;4.16&#8243; background_color=&#8221;#345168&#8243; use_background_color_gradient=&#8221;on&#8221; background_color_gradient_stops=&#8221;#345168 5%|rgba(219,219,219,0) 100%&#8221; background_color_gradient_overlays_image=&#8221;on&#8221; background_color_gradient_start=&#8221;#345168&#8243; background_color_gradient_start_position=&#8221;5%&#8221; background_color_gradient_end=&#8221;rgba(219,219,219,0)&#8221; background_image=&#8221;https:\/\/clinicaergo.com\/wp-content\/uploads\/2021\/05\/life-coach-34.jpg&#8221; min_height=&#8221;89.3px&#8221; custom_padding=&#8221;0px||0px||true|false&#8221; top_divider_style=&#8221;slant&#8221; top_divider_flip=&#8221;horizontal&#8221; bottom_divider_style=&#8221;slant&#8221; bottom_divider_flip=&#8221;horizontal&#8221; saved_tabs=&#8221;all&#8221; locked=&#8221;off&#8221; global_colors_info=&#8221;{}&#8221;][et_pb_row column_structure=&#8221;3_5,2_5&#8243; _builder_version=&#8221;4.16&#8243; min_height=&#8221;485.4px&#8221; custom_margin=&#8221;|auto|0px|auto|false|false&#8221; custom_padding=&#8221;141px||0px||false|false&#8221; use_custom_width=&#8221;on&#8221; locked=&#8221;off&#8221; global_colors_info=&#8221;{}&#8221;][et_pb_column type=&#8221;3_5&#8243; _builder_version=&#8221;4.16&#8243; custom_padding=&#8221;|||&#8221; global_colors_info=&#8221;{}&#8221; custom_padding__hover=&#8221;|||&#8221;][et_pb_text admin_label=&#8221;Text&#8221; _builder_version=&#8221;4.16&#8243; text_font=&#8221;Poppins|300|||||||&#8221; text_font_size=&#8221;17px&#8221; header_2_font=&#8221;Nunito|900|||||||&#8221; background_layout=&#8221;dark&#8221; global_colors_info=&#8221;{}&#8221;]<\/p>\n<h2>Avete bisogno di ulteriori informazioni?<\/h2>\n<p>Siamo un team di oltre <strong>15 professionisti<\/strong> specializzati nella riproduzione assistita e nella salute delle donne. Avete dei dubbi? Vi invitiamo a conoscerci, la vostra prima visita \u00e8 totalmente GRATUITA.<\/p>\n<p>[\/et_pb_text][et_pb_button button_url=&#8221;https:\/\/clinicaergo.com\/it\/contatto\/&#8221; button_text=&#8221;Fissate il vostro primo appuntamento GRATUITO&#8221; button_alignment=&#8221;center&#8221; admin_label=&#8221;Get Started&#8221; _builder_version=&#8221;4.16&#8243; _module_preset=&#8221;default&#8221; custom_button=&#8221;on&#8221; button_text_size=&#8221;14px&#8221; button_text_color=&#8221;#ffffff&#8221; button_bg_color=&#8221;#4b2614&#8243; button_border_width=&#8221;1px&#8221; button_border_color=&#8221;RGBA(0,0,0,0)&#8221; button_border_radius=&#8221;50px&#8221; button_letter_spacing=&#8221;1px&#8221; button_font=&#8221;Poppins|600||on|||||&#8221; button_use_icon=&#8221;off&#8221; custom_margin=&#8221;20px|20px|||false|false&#8221; custom_margin_phone=&#8221;|20px|||false|false&#8221; custom_margin_last_edited=&#8221;off|desktop&#8221; custom_padding=&#8221;14px|50px|14px|50px|true|true&#8221; box_shadow_style=&#8221;preset3&#8243; box_shadow_color=&#8221;rgba(0,0,0,0.2)&#8221; locked=&#8221;off&#8221; global_colors_info=&#8221;{%22gcid-0b134dd3-bba5-4a0c-9138-44a2493e22ee%22:%91%22button_bg_color%22%93}&#8221; button_bg_color__hover_enabled=&#8221;on|desktop&#8221; button_bg_enable_color__hover=&#8221;on&#8221; button_text_color__hover_enabled=&#8221;off|hover&#8221; custom_padding__hover_enabled=&#8221;off|hover&#8221; button_bg_color__hover=&#8221;rgba(255,255,255,0.1)&#8221; button_border_color__hover_enabled=&#8221;on|hover&#8221; button_border_color__hover=&#8221;#ffffff&#8221;][\/et_pb_button][\/et_pb_column][et_pb_column type=&#8221;2_5&#8243; _builder_version=&#8221;4.16&#8243; custom_padding=&#8221;|||&#8221; global_colors_info=&#8221;{}&#8221; custom_padding__hover=&#8221;|||&#8221;][et_pb_image src=&#8221;https:\/\/clinicaergo.com\/wp-content\/uploads\/2021\/06\/paloma-lopez.jpg&#8221; title_text=&#8221;paloma-lopez&#8221; _builder_version=&#8221;4.16&#8243; _module_preset=&#8221;default&#8221; border_radii=&#8221;on|20px|20px|20px|20px&#8221; box_shadow_style=&#8221;preset2&#8243; global_colors_info=&#8221;{}&#8221;][\/et_pb_image][\/et_pb_column][\/et_pb_row][\/et_pb_section][et_pb_section fb_built=&#8221;1&#8243; _builder_version=&#8221;4.16&#8243; _module_preset=&#8221;default&#8221; global_colors_info=&#8221;{}&#8221;][et_pb_row _builder_version=&#8221;4.16&#8243; _module_preset=&#8221;default&#8221; global_colors_info=&#8221;{}&#8221;][et_pb_column type=&#8221;4_4&#8243; _builder_version=&#8221;4.16&#8243; _module_preset=&#8221;default&#8221; global_colors_info=&#8221;{}&#8221;][\/et_pb_column][\/et_pb_row][\/et_pb_section]<\/p>\n","protected":false},"excerpt":{"rendered":"<p>Trattamento dell&#8217;endometriosi a Gij\u00f3n, AsturieChe cos&#8217;\u00e8 l&#8217;endometriosi? Se avete mestruazioni abbondanti o forti crampi mestruali, potreste essere affette da endometriosi. La diagnosi precoce \u00e8 essenziale per una gestione efficace.Esiste una soluzione all&#8217;endometriosi? Ogni donna \u00e8 diversa, quindi la diagnosi e il trattamento saranno diversi in ogni caso. Pertanto, un esame completo \u00e8 essenziale per decidere [&hellip;]<\/p>\n","protected":false},"author":1,"featured_media":0,"parent":0,"menu_order":0,"comment_status":"closed","ping_status":"closed","template":"","meta":{"_et_pb_use_builder":"on","_et_pb_old_content":"","_et_gb_content_width":"","_joinchat":[],"footnotes":""},"class_list":["post-334080","page","type-page","status-publish","hentry"],"_links":{"self":[{"href":"https:\/\/clinicaergo.com\/it\/wp-json\/wp\/v2\/pages\/334080","targetHints":{"allow":["GET"]}}],"collection":[{"href":"https:\/\/clinicaergo.com\/it\/wp-json\/wp\/v2\/pages"}],"about":[{"href":"https:\/\/clinicaergo.com\/it\/wp-json\/wp\/v2\/types\/page"}],"author":[{"embeddable":true,"href":"https:\/\/clinicaergo.com\/it\/wp-json\/wp\/v2\/users\/1"}],"replies":[{"embeddable":true,"href":"https:\/\/clinicaergo.com\/it\/wp-json\/wp\/v2\/comments?post=334080"}],"version-history":[{"count":0,"href":"https:\/\/clinicaergo.com\/it\/wp-json\/wp\/v2\/pages\/334080\/revisions"}],"wp:attachment":[{"href":"https:\/\/clinicaergo.com\/it\/wp-json\/wp\/v2\/media?parent=334080"}],"curies":[{"name":"wp","href":"https:\/\/api.w.org\/{rel}","templated":true}]}}