{"id":334098,"date":"2021-02-08T09:55:53","date_gmt":"2021-02-08T09:55:53","guid":{"rendered":"https:\/\/clinicaergo.com\/storie-vere\/"},"modified":"2023-07-19T15:06:32","modified_gmt":"2023-07-19T15:06:32","slug":"storie-vere","status":"publish","type":"page","link":"https:\/\/clinicaergo.com\/it\/storie-vere\/","title":{"rendered":"Storie vere"},"content":{"rendered":"<p>[et_pb_section fb_built=&#8221;1&#8243; fullwidth=&#8221;on&#8221; _builder_version=&#8221;4.16&#8243; bottom_divider_style=&#8221;slant&#8221; bottom_divider_color=&#8221;#FFFFFF&#8221; bottom_divider_flip=&#8221;horizontal&#8221; animation_direction=&#8221;top&#8221; locked=&#8221;off&#8221; global_colors_info=&#8221;{}&#8221;][et_pb_fullwidth_header title=&#8221;Storie vere&#8221; subhead=&#8221;Messaggi di alcuni clienti&#8221; text_orientation=&#8221;center&#8221; background_overlay_color=&#8221;rgba(53,38,35,0.67)&#8221; _builder_version=&#8221;4.16&#8243; title_font=&#8221;Nunito|700|||||||&#8221; title_font_size=&#8221;46px&#8221; title_line_height=&#8221;1.5em&#8221; content_font=&#8221;Lato|300|||||||&#8221; content_font_size=&#8221;20px&#8221; content_line_height=&#8221;3em&#8221; subhead_font=&#8221;Nunito|700|||||||&#8221; subhead_font_size=&#8221;25px&#8221; subhead_line_height=&#8221;1.5em&#8221; background_color=&#8221;#afafaf&#8221; background_image=&#8221;https:\/\/clinicaergo.com\/wp-content\/uploads\/2021\/05\/cabecera-dobledonacion.jpg&#8221; custom_margin=&#8221;|||&#8221; custom_padding=&#8221;5vw||150px||false&#8221; animation_style=&#8221;slide&#8221; animation_direction=&#8221;top&#8221; animation_intensity_slide=&#8221;2%&#8221; title_font_size_tablet=&#8221;36px&#8221; title_font_size_phone=&#8221;&#8221; title_font_size_last_edited=&#8221;on|phone&#8221; global_colors_info=&#8221;{}&#8221; button_one_text_size__hover_enabled=&#8221;off&#8221; button_two_text_size__hover_enabled=&#8221;off&#8221; button_one_text_color__hover_enabled=&#8221;off&#8221; button_two_text_color__hover_enabled=&#8221;off&#8221; button_one_border_width__hover_enabled=&#8221;off&#8221; button_two_border_width__hover_enabled=&#8221;off&#8221; button_one_border_color__hover_enabled=&#8221;off&#8221; button_two_border_color__hover_enabled=&#8221;off&#8221; button_one_border_radius__hover_enabled=&#8221;off&#8221; button_two_border_radius__hover_enabled=&#8221;off&#8221; button_one_letter_spacing__hover_enabled=&#8221;off&#8221; button_two_letter_spacing__hover_enabled=&#8221;off&#8221; button_one_bg_color__hover_enabled=&#8221;off&#8221; button_two_bg_color__hover_enabled=&#8221;off&#8221;]<\/p>\n<p>Casi di successo di fecondazione in vitro a Gijon, Asturie<\/p>\n<p>[\/et_pb_fullwidth_header][\/et_pb_section][et_pb_section fb_built=&#8221;1&#8243; admin_label=&#8221;How It Works&#8221; _builder_version=&#8221;4.16&#8243; custom_padding=&#8221;|||&#8221; global_colors_info=&#8221;{}&#8221;][et_pb_row _builder_version=&#8221;4.16&#8243; custom_padding=&#8221;36px|||||&#8221; locked=&#8221;off&#8221; global_colors_info=&#8221;{}&#8221;][et_pb_column type=&#8221;4_4&#8243; _builder_version=&#8221;4.16&#8243; custom_padding=&#8221;|||&#8221; global_colors_info=&#8221;{}&#8221; custom_padding__hover=&#8221;|||&#8221;][et_pb_text admin_label=&#8221;Text&#8221; _builder_version=&#8221;4.16&#8243; header_2_font=&#8221;Nunito|700|||||||&#8221; header_2_text_color=&#8221;#7A4E36&#8243; header_3_font=&#8221;Nunito|700|||||||&#8221; header_3_text_color=&#8221;#7A4E36&#8243; text_orientation=&#8221;left&#8221; global_colors_info=&#8221;{}&#8221;]<\/p>\n<h3>Almudena e Jos\u00e9 Manuel &#8211; 10 febbraio 2023<\/h3>\n<p><em>Grazie per averci aiutato, per averci finalmente spiegato le cose e per aver capito che potevamo fare altri test. Trasferire il nostro embrione a lei \u00e8 stata la decisione migliore, sapevamo che se ne sarebbe occupata come se fosse il suo. Siamo felici, grazie grazie grazie grazie.<\/em><\/p>\n<h3><\/h3>\n<h3>Tamara e Lorena &#8211; 20 gennaio 2023<\/h3>\n<p><i>Non sembra incredibile? A settembre siamo andati a conoscervi e abbiamo notato che avete condiviso con noi la bellezza della ROPA. E ora vogliamo confermare con voi che avremo una bambina!!!! Grazie di tutto, e prendetevi cura di quegli embrioni che abbiamo l\u00ec, andremo per il fratello!!!<\/i><\/p>\n<h3><\/h3>\n<h3>Maria &#8211; 16 gennaio 2023<\/h3>\n<p><em>Vi presentiamo Martin! \u00c8 arrivata di notte, parto naturale, un&#8217;ora veloce come mi hai detto. Stiamo entrambi molto bene e sono immensamente felice. Spero di venire a trovarvi presto per conoscerlo. Sarete sempre parte della nostra famiglia.<\/em> <\/p>\n<h3><\/h3>\n<h3>Susana e Vicente &#8211; 15 dicembre 2022<\/h3>\n<p><em>Vi auguriamo un buon Natale e i migliori auguri per il nuovo anno. Un bacio alla mia famiglia ERGO (Catalina)<\/em><\/p>\n<h3><\/h3>\n<h3><\/h3>\n<h3>Ahinoa e Christian- 6 ottobre 2022<\/h3>\n<p><em>Possiamo solo dire GRAZIE! Non solo per aver realizzato il nostro sogno, ma anche per l&#8217;affetto con cui ci trattate sempre. Ci fate sentire a casa<\/em><\/p>\n<h3><\/h3>\n<h3>Rebe e Mario &#8211; 24 agosto 2022<\/h3>\n<p><em>Grazie mille per averci aiutato a realizzare il nostro sogno. Siete una grande squadra e vi saremo sempre grati per questo dono che ci avete fatto. Grazie dal profondo del mio cuore. Thiago.<\/em><\/p>\n<h3><\/h3>\n<h3>\u00d3scar e Carmen- 9 maggio 2022<\/h3>\n<p><em>Grazie di tutto! Siete una grande squadra. Ci siamo affidati a voi perch\u00e9 sapevamo che ce l&#8217;avremmo fatta! Grazie!<\/em><\/p>\n<h3><\/h3>\n<h3>Susana e Dar\u00edo &#8211; 28 febbraio 2022<\/h3>\n<p><em>Una collega di lavoro mi ha visto cos\u00ec triste dopo il mio secondo aborto spontaneo che mi ha detto di cercare Abel, un embriologo che l&#8217;aveva aiutata anni prima, e aveva assolutamente ragione. Dopo 10 minuti che ci siamo seduti qui, sapevamo che saremmo rimasti. Avete reso cos\u00ec semplice il trattamento e cos\u00ec facile capire quanto sia complicata la genetica che, come ha detto Abel, abbiamo quasi un master. Ragazze, vi ricordate quando siamo venuti qui per la prima volta? Ora mi piace guardare indietro e vedere come siamo arrivati a questo punto. Siete una grande squadra. Non vediamo l&#8217;ora di abbracciare Mateo. Grazie per aver fatto parte della nostra storia, siete perfetti. <\/em><\/p>\n<h3><\/h3>\n<h3>Paloma e Jos\u00e9 \u00c1ngel- 14 gennaio 2022<\/h3>\n<p><em>Grazie per l&#8217;empatia, l&#8217;amore e la dedizione con cui avete realizzato il nostro sogno. Un bacio a tutto il team della Clinica ERGO (baci da Paula).<\/em><\/p>\n<h3><\/h3>\n<h3><\/h3>\n<h3>Andrea e Angel &#8211; 22 dicembre 2021<\/h3>\n<p><em>Cara famiglia ERGO. In particolare al nostro caro Abel, auguriamo tutta la felicit\u00e0 che ci hai regalato con il tuo lavoro, la tua professionalit\u00e0 e la tua dedizione. Non riusciremo mai a ringraziarvi per quanto siamo felici. Presto vi porteremo da Rodrigo per conoscervi. Vi auguriamo di continuare a rendere felici molte altre famiglie per molto tempo.<\/em><\/p>\n<h3><\/h3>\n<h3>Tania e Rub\u00e9n &#8211; 14 ottobre 2021<\/h3>\n<p><em>Siete stati la nostra luce.<\/em><\/p>\n<h3><\/h3>\n<h3><\/h3>\n<h3>Barbara e Gael- 28 settembre 2021<\/h3>\n<p><em>Buongiorno ragazze! Vi scrivo per dirvi che finalmente domenica andr\u00f2 su &#8230;.. Ho la beta fissata per il 15 e da l\u00ec vi scriver\u00f2 con il risultato. Qualunque cosa accada vogliamo ringraziarvi per tutto quello che avete fatto. Ci siamo sentiti molto diversi dalle due volte precedenti a Madrid, il trattamento, la vicinanza, la cura,&#8230;. Davvero, grazie mille, perch\u00e9 anche se lo si vede tutti i giorni, per quelli di noi che passano attraverso una cosa del genere, queste cose sono molto importanti. Un abbraccio a tutti e vi faremo sapere come \u00e8 andato il risultato&#8230;.<\/em><\/p>\n<p><em>E il 24 maggio 2022 la bambina \u00e8 nata&#8230; nel suo paese lontano. <\/em><\/p>\n<h3><\/h3>\n<h3><\/h3>\n<h3>Bea &#8211; 6 settembre 2021<\/h3>\n<p><em>Grazie di cuore a Maria e Abel per averci accompagnato e sostenuto durante tutto il processo. Godetene a nome nostro e di coloro che verranno. Bss<\/em><\/p>\n<p>Un bellissimo biglietto accompagnato da cioccolatini, fiori e champagne.<em><\/em><\/p>\n<h3><\/h3>\n<h3><\/h3>\n<h3>Antonio e Angela &#8211; 18 agosto 2021<\/h3>\n<p><em>Grazie a tutta l&#8217;\u00e9quipe della clinica ERGO per il trattamento familiare, vicino e affettuoso che ci hanno riservato!!! E soprattutto per il buon lavoro svolto. Un grande bacio<\/em><\/p>\n<h3><strong><\/strong><\/h3>\n<h3><strong>Almudena e David<\/strong> &#8211; 24 giugno 2021<\/h3>\n<p><em>Sono felice e triste allo stesso tempo. Sono molto triste di vederla finire perch\u00e9 sono cos\u00ec felice con te&#8230;.<\/em><\/p>\n<p>\u00c8 stato il bellissimo messaggio che ci hanno inviato quando le abbiamo dimesse con la loro gravidanza in evoluzione.<em><\/em><\/p>\n<p><strong><\/strong><\/p>\n<h3><strong><\/strong><\/h3>\n<h3><strong><\/strong><\/h3>\n<h3><strong><\/strong><\/h3>\n<h3><strong>Lorena e Carlos<\/strong> &#8211; 31 marzo 2021<\/h3>\n<p><i>Fiori dolci per la squadra pi\u00f9 dolce del mondo. Grazie per la vostra comprensione e il vostro amore.<br \/><\/i><i><\/i><\/p>\n<p>Un biglietto che accompagnava un dolce regalo.<i><\/i><\/p>\n<h3><strong><\/strong><\/h3>\n<h3><strong><\/strong><\/h3>\n<h3><strong><\/strong><\/h3>\n<h3><strong><\/strong><\/h3>\n<h3><strong><\/strong><\/h3>\n<h3><strong><\/strong><\/h3>\n<h3><strong>Veronily<\/strong> &#8211; 22 gennaio 2021<\/h3>\n<p><em>Ciao a tutti!<\/em><br \/><em>La verit\u00e0 \u00e8 che finora non possiamo lamentarci del trattamento ricevuto, molto attento sia di persona che per telefono o Whatsapp e nessun problema a risolvere i dubbi. Cercano di incastrare gli appuntamenti al di fuori del mio orario di lavoro, anche se il luned\u00ec devo uscire un po&#8217; prima per poter andare all&#8217;appuntamento, \u00e8 vero che ci sono giorni in cui c&#8217;\u00e8 molto movimento.<\/em><br \/><em>Ieri abbiamo fatto le analisi del sangue e la visita di controllo, hanno deciso che era tutto a posto per iniziare la terapia, quindi da ieri sera sono in cura con il Gonal, luned\u00ec ho una visita di controllo per vedere come va, ma secondo le date approssimative che mi hanno dato&#8230;.<\/em><br \/><em>Sono, o meglio siamo, sotto shock per il fatto che tutto possa andare cos\u00ec velocemente e che il D-Day si stia avvicinando. Sono a un punto in cui sono entusiasta di ci\u00f2 che potrebbe accadere, ma non sono nemmeno troppo entusiasta di ci\u00f2 che potrebbe accadere, non voglio subire quel colpo. Credo di aver bisogno di sfogarmi un po&#8217; e quelli di noi che si occupano di questo si capiscono meglio di chiunque altro.<\/em><br \/><em>Buona fortuna!<\/em><\/p>\n<p>[\/et_pb_text][et_pb_divider color=&#8221;#7A4E36&#8243; divider_position=&#8221;center&#8221; _builder_version=&#8221;4.16&#8243; _module_preset=&#8221;default&#8221; custom_margin=&#8221;0px||||false|false&#8221; custom_padding=&#8221;0px||||false|false&#8221; global_colors_info=&#8221;{}&#8221;][\/et_pb_divider][et_pb_text admin_label=&#8221;Text&#8221; _builder_version=&#8221;4.16&#8243; header_2_font=&#8221;Nunito|700|||||||&#8221; header_2_text_color=&#8221;#7A4E36&#8243; header_3_font=&#8221;Nunito|700|||||||&#8221; header_3_text_color=&#8221;#7A4E36&#8243; text_orientation=&#8221;left&#8221; custom_margin=&#8221;0px||||false|false&#8221; custom_padding=&#8221;0px||||false|false&#8221; global_colors_info=&#8221;{}&#8221;]<\/p>\n<h3><strong>Neni26<\/strong> &#8211; 30 ottobre 2020<\/h3>\n<p><em>Buona sera,<\/em><br \/><em>Abbiamo fatto un&#8217;IA con ellis e, anche se non siamo stati fortunati, siamo molto soddisfatti del trattamento ricevuto. Per motivi di lavoro abbiamo rimandato il secondo tentativo, ma ci torneremo presto.<\/em><br \/><em>In verit\u00e0 non possiamo andare a causa della previdenza sociale perch\u00e9 fortunatamente abbiamo un figlio in comune, quello che non ce la fa \u00e8 il secondo. Non usiamo protezioni da circa 6 anni e non c&#8217;\u00e8 modo di farlo.<\/em><em><\/em><\/p>\n<p>[\/et_pb_text][et_pb_divider color=&#8221;#7A4E36&#8243; divider_position=&#8221;center&#8221; _builder_version=&#8221;4.16&#8243; _module_preset=&#8221;default&#8221; custom_margin=&#8221;0px||||false|false&#8221; custom_padding=&#8221;0px||||false|false&#8221; global_colors_info=&#8221;{}&#8221;][\/et_pb_divider][et_pb_text admin_label=&#8221;Text&#8221; _builder_version=&#8221;4.16&#8243; header_2_font=&#8221;Nunito|700|||||||&#8221; header_2_text_color=&#8221;#7A4E36&#8243; header_3_font=&#8221;Nunito|700|||||||&#8221; header_3_text_color=&#8221;#7A4E36&#8243; text_orientation=&#8221;left&#8221; custom_margin=&#8221;0px||||false|false&#8221; custom_padding=&#8221;0px||||false|false&#8221; global_colors_info=&#8221;{}&#8221;]<\/p>\n<h3><strong>Jcaasturias<\/strong> &#8211; 26 novembre 2019<\/h3>\n<p><em>Anch&#8217;io l&#8217;ho fatto, soprattutto dopo la PGD, che ci \u00e8 stata consigliata, e meno male, perch\u00e9 non ho avuto molte cimici buone e la finestra \u00e8 stata spostata per un giorno intero.<\/em><br \/><em>L&#8217;esame si chiama endometriale, fa un po&#8217; male quando viene prelevato il campione ma dura 5 secondi. Credo che siano stati i primi a farlo nelle Asturie, perch\u00e9 Maria ha una tesi di dottorato su questo tema. \u00c8 stata una delle cose che mi ha dato pi\u00f9 sicurezza, perch\u00e9 devono controllare molto la ricettivit\u00e0. Potete chiedere loro se pu\u00f2 essere utile per il vostro caso, \u00e8 molto gentile, vi spiega tutto molto bene e in pi\u00f9 non vi fa pagare la prima visita&#8230;. <\/em><br \/><em>Da parte nostra, raccomandiamo vivamente<\/em><\/p>\n<p><em><br \/><\/em><em><\/em><\/p>\n<p>[\/et_pb_text][\/et_pb_column][\/et_pb_row][\/et_pb_section][et_pb_section fb_built=&#8221;1&#8243; prev_background_color=&#8221;#ffffff&#8221; next_background_color=&#8221;#ffffff&#8221; admin_label=&#8221;Who Is Coaching For?&#8221; _builder_version=&#8221;4.16&#8243; background_color=&#8221;#345168&#8243; use_background_color_gradient=&#8221;on&#8221; background_color_gradient_stops=&#8221;#345168 5%|rgba(219,219,219,0) 100%&#8221; background_color_gradient_overlays_image=&#8221;on&#8221; background_color_gradient_start=&#8221;#345168&#8243; background_color_gradient_start_position=&#8221;5%&#8221; background_color_gradient_end=&#8221;rgba(219,219,219,0)&#8221; background_image=&#8221;https:\/\/clinicaergo.com\/wp-content\/uploads\/2021\/05\/life-coach-34.jpg&#8221; min_height=&#8221;89.3px&#8221; custom_padding=&#8221;0px||0px||true|false&#8221; top_divider_style=&#8221;slant&#8221; top_divider_flip=&#8221;horizontal&#8221; bottom_divider_style=&#8221;slant&#8221; bottom_divider_flip=&#8221;horizontal&#8221; background_color_gradient_stops_tablet=&#8221;#345168 5%|rgba(219,219,219,0) 100%&#8221; background_color_gradient_stops_phone=&#8221;#345168 5%|rgba(219,219,219,0) 100%&#8221; global_module=&#8221;332121&#8243; saved_tabs=&#8221;all&#8221; locked=&#8221;off&#8221; global_colors_info=&#8221;{}&#8221;][et_pb_row column_structure=&#8221;3_5,2_5&#8243; _builder_version=&#8221;4.16&#8243; min_height=&#8221;485.4px&#8221; custom_margin=&#8221;|auto|0px|auto|false|false&#8221; custom_padding=&#8221;141px||0px||false|false&#8221; use_custom_width=&#8221;on&#8221; locked=&#8221;off&#8221; global_colors_info=&#8221;{}&#8221;][et_pb_column type=&#8221;3_5&#8243; _builder_version=&#8221;4.16&#8243; custom_padding=&#8221;|||&#8221; global_colors_info=&#8221;{}&#8221; custom_padding__hover=&#8221;|||&#8221;][et_pb_text admin_label=&#8221;Text&#8221; _builder_version=&#8221;4.16&#8243; text_font=&#8221;Poppins|300|||||||&#8221; text_font_size=&#8221;17px&#8221; header_2_font=&#8221;Nunito|900|||||||&#8221; background_layout=&#8221;dark&#8221; global_colors_info=&#8221;{}&#8221;]<\/p>\n<h2>Avete bisogno di ulteriori informazioni?<\/h2>\n<p>Siamo un team di oltre <strong>15 professionisti<\/strong> specializzati nella riproduzione assistita e nella salute delle donne. Avete dei dubbi? Vi invitiamo a conoscerci, la vostra prima visita \u00e8 totalmente GRATUITA.<\/p>\n<p>[\/et_pb_text][et_pb_button button_url=&#8221;https:\/\/clinicaergo.com\/it\/contatto\/&#8221; button_text=&#8221;Fissate il vostro primo appuntamento GRATUITO&#8221; button_alignment=&#8221;center&#8221; admin_label=&#8221;Get Started&#8221; _builder_version=&#8221;4.16&#8243; _module_preset=&#8221;default&#8221; custom_button=&#8221;on&#8221; button_text_size=&#8221;14px&#8221; button_text_color=&#8221;#ffffff&#8221; button_bg_color=&#8221;#4b2614&#8243; button_border_width=&#8221;1px&#8221; button_border_color=&#8221;RGBA(0,0,0,0)&#8221; button_border_radius=&#8221;50px&#8221; button_letter_spacing=&#8221;1px&#8221; button_font=&#8221;Poppins|600||on|||||&#8221; button_use_icon=&#8221;off&#8221; custom_margin=&#8221;20px|20px|||false|false&#8221; custom_margin_phone=&#8221;|20px|||false|false&#8221; custom_margin_last_edited=&#8221;off|desktop&#8221; custom_padding=&#8221;14px|50px|14px|50px|true|true&#8221; box_shadow_style=&#8221;preset3&#8243; box_shadow_color=&#8221;rgba(0,0,0,0.2)&#8221; locked=&#8221;off&#8221; global_colors_info=&#8221;{%22gcid-0b134dd3-bba5-4a0c-9138-44a2493e22ee%22:%91%22button_bg_color%22%93}&#8221; button_bg_color__hover_enabled=&#8221;on|desktop&#8221; button_bg_enable_color__hover=&#8221;on&#8221; button_text_color__hover_enabled=&#8221;off|hover&#8221; custom_padding__hover_enabled=&#8221;off|hover&#8221; button_bg_color__hover=&#8221;rgba(255,255,255,0.1)&#8221; button_border_color__hover_enabled=&#8221;on|hover&#8221; button_border_color__hover=&#8221;#ffffff&#8221;][\/et_pb_button][\/et_pb_column][et_pb_column type=&#8221;2_5&#8243; _builder_version=&#8221;4.16&#8243; custom_padding=&#8221;|||&#8221; global_colors_info=&#8221;{}&#8221; custom_padding__hover=&#8221;|||&#8221;][et_pb_image src=&#8221;https:\/\/clinicaergo.com\/wp-content\/uploads\/2021\/04\/equipo-maria.jpg&#8221; alt=&#8221;Psicologo della salute a Gij\u00f3n&#8221; title_text=&#8221;squadra-maria&#8221; _builder_version=&#8221;4.16&#8243; _module_preset=&#8221;default&#8221; border_radii=&#8221;on|20px|20px|20px|20px&#8221; box_shadow_style=&#8221;preset2&#8243; global_colors_info=&#8221;{}&#8221;][\/et_pb_image][\/et_pb_column][\/et_pb_row][\/et_pb_section][et_pb_section fb_built=&#8221;1&#8243; _builder_version=&#8221;4.16&#8243; _module_preset=&#8221;default&#8221; global_colors_info=&#8221;{}&#8221;][et_pb_row _builder_version=&#8221;4.16&#8243; _module_preset=&#8221;default&#8221; global_colors_info=&#8221;{}&#8221;][et_pb_column type=&#8221;4_4&#8243; _builder_version=&#8221;4.16&#8243; _module_preset=&#8221;default&#8221; global_colors_info=&#8221;{}&#8221;][\/et_pb_column][\/et_pb_row][\/et_pb_section]<\/p>\n","protected":false},"excerpt":{"rendered":"<p>Casi di successo di fecondazione in vitro a Gijon, AsturieAlmudena e Jos\u00e9 Manuel &#8211; 10 febbraio 2023 Grazie per averci aiutato, per averci finalmente spiegato le cose e per aver capito che potevamo fare altri test. Trasferire il nostro embrione a lei \u00e8 stata la decisione migliore, sapevamo che se ne sarebbe occupata come se [&hellip;]<\/p>\n","protected":false},"author":1,"featured_media":0,"parent":0,"menu_order":0,"comment_status":"closed","ping_status":"closed","template":"","meta":{"_et_pb_use_builder":"on","_et_pb_old_content":"","_et_gb_content_width":"","_joinchat":[],"footnotes":""},"class_list":["post-334098","page","type-page","status-publish","hentry"],"_links":{"self":[{"href":"https:\/\/clinicaergo.com\/it\/wp-json\/wp\/v2\/pages\/334098","targetHints":{"allow":["GET"]}}],"collection":[{"href":"https:\/\/clinicaergo.com\/it\/wp-json\/wp\/v2\/pages"}],"about":[{"href":"https:\/\/clinicaergo.com\/it\/wp-json\/wp\/v2\/types\/page"}],"author":[{"embeddable":true,"href":"https:\/\/clinicaergo.com\/it\/wp-json\/wp\/v2\/users\/1"}],"replies":[{"embeddable":true,"href":"https:\/\/clinicaergo.com\/it\/wp-json\/wp\/v2\/comments?post=334098"}],"version-history":[{"count":0,"href":"https:\/\/clinicaergo.com\/it\/wp-json\/wp\/v2\/pages\/334098\/revisions"}],"wp:attachment":[{"href":"https:\/\/clinicaergo.com\/it\/wp-json\/wp\/v2\/media?parent=334098"}],"curies":[{"name":"wp","href":"https:\/\/api.w.org\/{rel}","templated":true}]}}