{"id":334115,"date":"2017-12-18T17:19:20","date_gmt":"2017-12-18T17:19:20","guid":{"rendered":"https:\/\/clinicaergo.com\/metodi-contraccettivi\/"},"modified":"2026-03-17T11:24:14","modified_gmt":"2026-03-17T11:24:14","slug":"metodi-contraccettivi","status":"publish","type":"page","link":"https:\/\/clinicaergo.com\/it\/metodi-contraccettivi\/","title":{"rendered":"Metodi contraccettivi"},"content":{"rendered":"<h3><em><strong>Che cos&#8217;\u00e8 la visita contraccettiva?<\/strong><\/em><\/h3>\n<p>Alla Clinica ERGO vi offriamo la possibilit\u00e0 di una visita con uno dei nostri ginecologi, esperti in contraccezione, per informarvi sui metodi contraccettivi esistenti.<\/p>\n<p>Vi consiglieremo le alternative offerte dalla medicina attuale e, a seconda della vostra situazione personale, potremo decidere il metodo contraccettivo pi\u00f9 adatto alle vostre esigenze.<\/p>\n<h3><strong><em>Per chi?<\/em><\/strong><\/h3>\n<p>Questa visita \u00e8 rivolta a tutte le donne sessualmente attive che desiderano rimandare la gravidanza con il metodo pi\u00f9 appropriato in base all&#8217;et\u00e0, alla situazione di coppia, ai figli, ecc. Ogni donna ha bisogno di un metodo contraccettivo diverso a seconda della sua situazione personale:<\/p>\n<ul>\n<li> Nessun partner fisso: <strong>metodi di barriera<\/strong><\/li>\n<li> Con partner stabili, preferibilmente giovani: <strong>metodi ormonali<\/strong><\/li>\n<li> Con partner stabile, spesso con gravidanze precedenti, che desiderano un metodo reversibile: <strong>dispositivi intrauterini<\/strong><\/li>\n<li> Con gravidanze precedenti, che hanno realizzato il loro desiderio di diventare madri: <strong>metodi chirurgici<\/strong><\/li>\n<\/ul>\n<h3><em><strong>Quali metodi contraccettivi offriamo?<\/strong><\/em><\/h3>\n<p>Esistono diversi metodi contraccettivi, che vi illustriamo di seguito per darvi una panoramica di tutte le opzioni a vostra disposizione. Chiedete al vostro ginecologo quale sia quello giusto per voi. Presso la Clinica ERGO avrete la <strong>migliore consulenza e le tecniche pi\u00f9 avanzate per applicare il metodo di vostra scelta<\/strong>.<strong> <\/strong><\/p>\n<ul>\n<li><strong>Metodi di barriera:<\/strong><\/li>\n<\/ul>\n<p><strong>Preservativo maschile<\/strong>: una guaina sottile ed elastica che viene posizionata sul pene eretto prima della penetrazione. Quando viene eiaculato, lo sperma rimane all&#8217;interno, impedendo allo sperma di entrare nella vagina. 97% di efficienza<\/p>\n<p><strong>Preservativo femminile<\/strong>: una sottile guaina trasparente che viene inserita nella vagina prima della penetrazione, in modo che durante il rapporto il pene sia coperto e lo sperma sia conservato. Efficienza 95%.<\/p>\n<p><strong>Diaframma<\/strong>: un cappuccio di lattice morbido che la donna inserisce nella vagina prima del rapporto, che si adatta alla cervice (collo dell&#8217;utero) e agisce come una barriera fisica per gli spermatozoi. Efficienza 92-967% Efficienza 92-967% Efficienza 92-967% Efficienza 92-967<\/p>\n<p><strong>IUD al rame<\/strong>: Il dispositivo intrauterino (IUD) \u00e8 un piccolo dispositivo di plastica e rame, solitamente a forma di T. \u00c8 lungo da 2,5 a 3,5 cm e largo 1,5 cm. Viene inserito nella cavit\u00e0 uterina attraverso la cervice per prevenire la gravidanza e viene indossato permanentemente dalla donna. Efficienza 98-99%.<\/p>\n<ul>\n<li><strong>Metodi di barriera e ormonali<\/strong><\/li>\n<\/ul>\n<p><strong>Diu ormonale<\/strong>: un dispositivo di plastica a forma di T che rilascia un ormone chiamato progesterone nell&#8217;utero, rendendo pi\u00f9 difficile la fecondazione. Efficienza +99%.<\/p>\n<ul>\n<li><strong>Metodi ormonali<\/strong><\/li>\n<\/ul>\n<p><strong>Cerotto<\/strong>: un cerotto che rilascia estrogeni e gestageni per prevenire l&#8217;ovulazione e viene applicato ogni settimana per tre settimane, lasciando una settimana di pausa durante le mestruazioni. Efficienza 99%.<\/p>\n<p><strong>Anello vaginale<\/strong>: si tratta di un anello di plastica morbido e flessibile, del diametro di 5 cm, che viene inserito in vagina per tre settimane, lasciando una settimana di riposo durante le mestruazioni. Efficienza 99%.<\/p>\n<p><strong>Iniettabile<\/strong>: un&#8217;iniezione di progesterone viene effettuata ogni due mesi nel braccio o nelle natiche della donna. Efficienza 99%.<\/p>\n<p><strong>Pillola<\/strong>: esistono due tipi principali di pillole anticoncezionali: quella combinata estrogeno-progesterone e quella con il solo progesterone. Entrambi rilasciano ormoni sintetici che riducono le possibilit\u00e0 di rimanere incinta. Efficienza 99%.<\/p>\n<p><strong>Impianto contraccettivo<\/strong>: \u00e8 un impianto che viene posizionato sotto la pelle dell&#8217;avambraccio e funziona rilasciando progesterone per impedire la fecondazione. Efficienza +99%.<\/p>\n<ul>\n<li><strong>Metodi chirurgici:<\/strong><\/li>\n<\/ul>\n<p><strong>Legatura delle tube<\/strong>: consiste nel tagliare o bloccare le tube per impedire all&#8217;ovulo di raggiungere l&#8217;utero, impedendo la fecondazione. Si esegue in sala operatoria, in anestesia generale e dura circa 15 minuti. Efficienza 99%.<\/p>\n<h3><em><strong>Prezzi<\/strong><\/em><\/h3>\n<p>Consultazione: 60 euro<\/p>\n<p>Consultazione + ecografia: 80\u20ac.<\/p>\n<p>Ecografia per trattamenti di FIV: 80\u20ac.<\/p>\n<p>Consultazione + citologia: 75\u20ac.<\/p>\n<p>Consultazione e sostituzione dello IUD: \u20ac 100 (IUD fornito dalla paziente)<\/p>\n","protected":false},"excerpt":{"rendered":"<p>Che cos&#8217;\u00e8 la visita contraccettiva? Alla Clinica ERGO vi offriamo la possibilit\u00e0 di una visita con uno dei nostri ginecologi, esperti in contraccezione, per informarvi sui metodi contraccettivi esistenti. Vi consiglieremo le alternative offerte dalla medicina attuale e, a seconda della vostra situazione personale, potremo decidere il metodo contraccettivo pi\u00f9 adatto alle vostre esigenze. Per [&hellip;]<\/p>\n","protected":false},"author":1,"featured_media":0,"parent":0,"menu_order":0,"comment_status":"closed","ping_status":"closed","template":"","meta":{"_et_pb_use_builder":"","_et_pb_old_content":"","_et_gb_content_width":"","_joinchat":[],"footnotes":""},"class_list":["post-334115","page","type-page","status-publish","hentry"],"_links":{"self":[{"href":"https:\/\/clinicaergo.com\/it\/wp-json\/wp\/v2\/pages\/334115","targetHints":{"allow":["GET"]}}],"collection":[{"href":"https:\/\/clinicaergo.com\/it\/wp-json\/wp\/v2\/pages"}],"about":[{"href":"https:\/\/clinicaergo.com\/it\/wp-json\/wp\/v2\/types\/page"}],"author":[{"embeddable":true,"href":"https:\/\/clinicaergo.com\/it\/wp-json\/wp\/v2\/users\/1"}],"replies":[{"embeddable":true,"href":"https:\/\/clinicaergo.com\/it\/wp-json\/wp\/v2\/comments?post=334115"}],"version-history":[{"count":1,"href":"https:\/\/clinicaergo.com\/it\/wp-json\/wp\/v2\/pages\/334115\/revisions"}],"predecessor-version":[{"id":337613,"href":"https:\/\/clinicaergo.com\/it\/wp-json\/wp\/v2\/pages\/334115\/revisions\/337613"}],"wp:attachment":[{"href":"https:\/\/clinicaergo.com\/it\/wp-json\/wp\/v2\/media?parent=334115"}],"curies":[{"name":"wp","href":"https:\/\/api.w.org\/{rel}","templated":true}]}}