{"id":334125,"date":"2017-12-26T16:18:34","date_gmt":"2017-12-26T16:18:34","guid":{"rendered":"https:\/\/clinicaergo.com\/perche-scegliere-ergo\/"},"modified":"2023-07-19T15:19:48","modified_gmt":"2023-07-19T15:19:48","slug":"perche-scegliere-ergo","status":"publish","type":"page","link":"https:\/\/clinicaergo.com\/it\/perche-scegliere-ergo\/","title":{"rendered":"Perch\u00e9 scegliere ERGO"},"content":{"rendered":"<p>[et_pb_section fb_built=&#8221;1&#8243; fullwidth=&#8221;on&#8221; _builder_version=&#8221;4.16&#8243; bottom_divider_style=&#8221;slant&#8221; bottom_divider_color=&#8221;#FFFFFF&#8221; bottom_divider_flip=&#8221;horizontal&#8221; animation_direction=&#8221;top&#8221; locked=&#8221;off&#8221; global_colors_info=&#8221;{}&#8221;][et_pb_fullwidth_header title=&#8221;Perch\u00e9 scegliere ERGO&#8221; subhead=&#8221;Esperienza, attrezzature e strutture mediche&#8221; text_orientation=&#8221;center&#8221; background_overlay_color=&#8221;rgba(53,38,35,0.67)&#8221; _builder_version=&#8221;4.16&#8243; title_font=&#8221;Nunito|700|||||||&#8221; title_font_size=&#8221;46px&#8221; title_line_height=&#8221;1.5em&#8221; content_font=&#8221;Lato|300|||||||&#8221; content_font_size=&#8221;20px&#8221; content_line_height=&#8221;3em&#8221; subhead_font=&#8221;Nunito|700|||||||&#8221; subhead_font_size=&#8221;25px&#8221; subhead_line_height=&#8221;1.5em&#8221; background_color=&#8221;#afafaf&#8221; background_image=&#8221;https:\/\/clinicaergo.com\/wp-content\/uploads\/2021\/05\/cabecera-porqueergo.jpg&#8221; custom_margin=&#8221;|||&#8221; custom_padding=&#8221;5vw||150px||false&#8221; animation_style=&#8221;slide&#8221; animation_direction=&#8221;top&#8221; animation_intensity_slide=&#8221;2%&#8221; title_font_size_tablet=&#8221;36px&#8221; title_font_size_phone=&#8221;&#8221; title_font_size_last_edited=&#8221;on|phone&#8221; global_colors_info=&#8221;{}&#8221; button_one_text_size__hover_enabled=&#8221;off&#8221; button_two_text_size__hover_enabled=&#8221;off&#8221; button_one_text_color__hover_enabled=&#8221;off&#8221; button_two_text_color__hover_enabled=&#8221;off&#8221; button_one_border_width__hover_enabled=&#8221;off&#8221; button_two_border_width__hover_enabled=&#8221;off&#8221; button_one_border_color__hover_enabled=&#8221;off&#8221; button_two_border_color__hover_enabled=&#8221;off&#8221; button_one_border_radius__hover_enabled=&#8221;off&#8221; button_two_border_radius__hover_enabled=&#8221;off&#8221; button_one_letter_spacing__hover_enabled=&#8221;off&#8221; button_two_letter_spacing__hover_enabled=&#8221;off&#8221; button_one_bg_color__hover_enabled=&#8221;off&#8221; button_two_bg_color__hover_enabled=&#8221;off&#8221;]<\/p>\n<p>La scelta di ERGO a Gij\u00f3n, nelle Asturie<\/p>\n<p>[\/et_pb_fullwidth_header][\/et_pb_section][et_pb_section fb_built=&#8221;1&#8243; admin_label=&#8221;How It Works&#8221; _builder_version=&#8221;4.16&#8243; custom_padding=&#8221;|||&#8221; global_colors_info=&#8221;{}&#8221;][et_pb_row _builder_version=&#8221;4.16&#8243; custom_padding=&#8221;27px|||||&#8221; locked=&#8221;off&#8221; global_colors_info=&#8221;{}&#8221;][et_pb_column type=&#8221;4_4&#8243; _builder_version=&#8221;4.16&#8243; custom_padding=&#8221;|||&#8221; global_colors_info=&#8221;{}&#8221; custom_padding__hover=&#8221;|||&#8221;][et_pb_text _builder_version=&#8221;4.21.0&#8243; _module_preset=&#8221;default&#8221; hover_enabled=&#8221;0&#8243; sticky_enabled=&#8221;0&#8243; text_orientation=&#8221;left&#8221;]<\/p>\n<p>La scelta della clinica in cui realizzare il vostro sogno \u00e8 un processo molto importante e la nostra raccomandazione pi\u00f9 sincera \u00e8 che la scegliate in base al vostro cuore. Scegliete il luogo che vi d\u00e0 quella sensazione di <strong>tranquillit\u00e0, professionalit\u00e0 e cura<\/strong>; dove potete sentire che si occupano di voi come se fosse per loro stessi. E senza dubbio, dove il lato <strong>umano trasmette<\/strong> la trasparenza, la sincerit\u00e0, l&#8217;onest\u00e0 e l&#8217;umanit\u00e0 che questo processo, e soprattutto voi, meritate.<\/p>\n<p>[\/et_pb_text][et_pb_image src=&#8221;https:\/\/clinicaergo.com\/wp-content\/uploads\/2023\/05\/clinica-ergo-atencion.jpg&#8221; _builder_version=&#8221;4.21.0&#8243; _module_preset=&#8221;default&#8221; alt=&#8221;Cl\u00ednia Ergo Gij\u00f3n | Servizi ai pazienti&#8221; hover_enabled=&#8221;0&#8243; sticky_enabled=&#8221;0&#8243;][\/et_pb_image][et_pb_text admin_label=&#8221;Text&#8221; _builder_version=&#8221;4.16&#8243; header_2_font=&#8221;Nunito|700|||||||&#8221; header_2_text_color=&#8221;#7A4E36&#8243; header_2_line_height=&#8221;1.2em&#8221; text_orientation=&#8221;left&#8221; header_2_font_tablet=&#8221;&#8221; header_2_font_phone=&#8221;&#8221; header_2_font_last_edited=&#8221;on|desktop&#8221; header_2_text_color_tablet=&#8221;&#8221; header_2_text_color_phone=&#8221;&#8221; header_2_text_color_last_edited=&#8221;on|desktop&#8221; header_2_letter_spacing_tablet=&#8221;&#8221; header_2_letter_spacing_phone=&#8221;&#8221; header_2_letter_spacing_last_edited=&#8221;on|desktop&#8221; header_2_line_height_tablet=&#8221;&#8221; header_2_line_height_phone=&#8221;&#8221; header_2_line_height_last_edited=&#8221;on|desktop&#8221; global_colors_info=&#8221;{}&#8221;]<\/p>\n<h2><span style=\"color: #666666; font-family: Lato, Helvetica, Arial, Lucida, sans-serif; font-size: 18px; font-weight: 500; letter-spacing: normal; background-color: #ffffff;\"> <\/span>Perch\u00e9 scegliere ERGO<\/h2>\n<h2><\/h2>\n<p>Amiamo la nostra professione, ed \u00e8 per questo che spendiamo la nostra vita per andare avanti con i nostri pazienti. Il <strong>vostro successo \u00e8 il nostro successo<\/strong> e la nostra vocazione \u00e8 aiutare. Ogni singolo passaggio \u00e8 studiato in modo da ottenere un risultato ottimale al primo tentativo, garantendo sempre la sicurezza dei pazienti e l&#8217;onest\u00e0 in ogni momento. <\/p>\n<p> Perch\u00e9 se cercate un&#8217;<strong>\u00e9quipe medica completa a vostra disposizione<\/strong>, alla Clinica ERGO siamo costituiti da un team multidisciplinare che lavora insieme, trasformando ogni caso in una medicina personalizzata.<\/p>\n<p>Perch\u00e9 se aveste bisogno di un <strong>centro specializzato nella salute delle donne<\/strong>, alla Clinica ERGO abbiamo tutti i servizi medici necessari per accompagnarvi in tutte le fasi della vostra vita.<\/p>\n<p>Perch\u00e9 se volete <strong>proteggere la vostra privacy<\/strong>, l&#8217;ampio portafoglio di servizi medici di ERGO significa che la vostra privacy, rispetto alla specialit\u00e0 medica a cui vi rivolgete, \u00e8 costantemente protetta.<\/p>\n<p>Perch\u00e9 se date importanza a una <strong>clinica impegnata nella ricerca scientifica<\/strong>, in ERGO stiamo portando avanti pi\u00f9 di 5 studi di medicina di base e applicata.<\/p>\n<p>Perch\u00e9 se cercate un <strong>medico specialista in formazione continua<\/strong>, tutti i nostri professionisti partecipano ogni anno ad almeno un congresso internazionale e a un corso di aggiornamento, incentrato sulla loro specialit\u00e0, che poi condividono con il resto dei colleghi di ERGO.<\/p>\n<p>Perch\u00e9 se tenete all&#8217;<strong>eccellente formazione dell&#8217;\u00e9quipe medica<\/strong>, gli embriologi della Clinica ERGO hanno la massima certificazione in embriologia clinica (Senior Embryologist ESHRE) a livello europeo e nazionale (Association for the Study of Reproductive Biology ASEBIR).<\/p>\n<p>Perch\u00e9 se vi siete trovati a correre da una farmacia all&#8217;altra per <strong>prendere i vostri farmaci<\/strong>, con ERGO non dovrete pi\u00f9 farlo. Abbiamo i mezzi per assicurarci che ci\u00f2 non accada, grazie alla nostra farmacia adiacente alla clinica, che rifornisce tutti i farmaci quotidianamente, anche nei fine settimana.<\/p>\n<p>Perch\u00e9 se la <strong>tecnologia all&#8217;avanguardia<\/strong> \u00e8 importante per voi, i laboratori di riproduzione assistita di ERGO sono dotati dei pi\u00f9 recenti progressi tecnologici, come i sistemi di sicurezza Time-Lapse e a doppia testimonianza.<\/p>\n<p>Perch\u00e9 se ne avete bisogno per conciliare i <strong>vostri difficili impegni<\/strong>, le prime consultazioni di riproduzione assistita possono essere effettuate in videoconferenza e sono comunque gratuite.<\/p>\n<p>Perch\u00e9 se <strong>la questione economica \u00e8 un punto importante<\/strong>, i nostri budget sono suddivisi in modo che dobbiate pagare solo i processi che vengono effettivamente eseguiti per voi. Inoltre, esiste la possibilit\u00e0 di <strong>finanziare i trattamenti a tasso zero<\/strong>; ERGO si far\u00e0 carico di questi costi.<\/p>\n<p>Perch\u00e9 se vi \u00e8 mancato <strong>il supporto psicologico durante i trattamenti di riproduzione assistita<\/strong>, alla Clinica ERGO abbiamo un team di psicologi a vostra disposizione durante tutto il processo.<\/p>\n<p>Perch\u00e9 se avete bisogno di <strong>sentirvi accompagnati e compresi<\/strong>, noi vi ascoltiamo, risolviamo tutti i vostri dubbi e ci impegniamo a stare al vostro fianco per tutta la durata del trattamento.<\/p>\n<p>Perch\u00e9 vogliamo rendere la<strong> riproduzione + umana<\/strong>.<\/p>\n<p>Perch\u00e9 se <strong>riuscite a immaginare un luogo diverso<\/strong>, quel luogo \u00e8 la Clinica ERGO.<\/p>\n<p>[\/et_pb_text][\/et_pb_column][\/et_pb_row][et_pb_row column_structure=&#8221;1_4,1_4,1_4,1_4&#8243; _builder_version=&#8221;4.16&#8243; _module_preset=&#8221;default&#8221; locked=&#8221;off&#8221; global_colors_info=&#8221;{}&#8221;][et_pb_column type=&#8221;1_4&#8243; _builder_version=&#8221;4.16&#8243; _module_preset=&#8221;default&#8221; global_colors_info=&#8221;{}&#8221;][et_pb_image src=&#8221;https:\/\/clinicaergo.com\/wp-content\/uploads\/2020\/09\/ri-witness.jpg&#8221; title_text=&#8221;ri-testimone&#8221; align=&#8221;center&#8221; _builder_version=&#8221;4.16&#8243; _module_preset=&#8221;default&#8221; global_colors_info=&#8221;{}&#8221;][\/et_pb_image][\/et_pb_column][et_pb_column type=&#8221;1_4&#8243; _builder_version=&#8221;4.16&#8243; _module_preset=&#8221;default&#8221; global_colors_info=&#8221;{}&#8221;][et_pb_image src=&#8221;https:\/\/clinicaergo.com\/wp-content\/uploads\/2021\/11\/merck.jpg&#8221; alt=&#8221;Merck&#8221; title_text=&#8221;merck&#8221; url=&#8221;https:\/\/www.merckgroup.com\/es-es&#8221; url_new_window=&#8221;on&#8221; align=&#8221;center&#8221; _builder_version=&#8221;4.16&#8243; _module_preset=&#8221;default&#8221; global_colors_info=&#8221;{}&#8221;][\/et_pb_image][\/et_pb_column][et_pb_column type=&#8221;1_4&#8243; _builder_version=&#8221;4.16&#8243; _module_preset=&#8221;default&#8221; global_colors_info=&#8221;{}&#8221;][et_pb_image src=&#8221;https:\/\/clinicaergo.com\/wp-content\/uploads\/2022\/09\/sello-asebir.jpg&#8221; alt=&#8221;Centro partecipante Asebir 2022&#8243; title_text=&#8221;sigillo-asebir&#8221; url=&#8221;https:\/\/clinicaergo.com\/wp-content\/uploads\/2022\/09\/certificado-asebir-2022.pdf&#8221; url_new_window=&#8221;on&#8221; _builder_version=&#8221;4.18.0&#8243; _module_preset=&#8221;default&#8221; global_colors_info=&#8221;{}&#8221;][\/et_pb_image][\/et_pb_column][et_pb_column type=&#8221;1_4&#8243; _builder_version=&#8221;4.16&#8243; _module_preset=&#8221;default&#8221; global_colors_info=&#8221;{}&#8221;][et_pb_image src=&#8221;https:\/\/clinicaergo.com\/wp-content\/uploads\/2022\/07\/Sello_SEF2020_Centro_Colaborador.png&#8221; alt=&#8221;Centro di collaborazione SEF&#8221; title_text=&#8221;Sigillo_SEF2020_Collaborazione_Centro_Centrale_Centrale&#8221; align=&#8221;center&#8221; _builder_version=&#8221;4.17.5&#8243; _module_preset=&#8221;default&#8221; global_colors_info=&#8221;{}&#8221;][\/et_pb_image][\/et_pb_column][\/et_pb_row][\/et_pb_section][et_pb_section fb_built=&#8221;1&#8243; prev_background_color=&#8221;#ffffff&#8221; next_background_color=&#8221;#ffffff&#8221; admin_label=&#8221;Who Is Coaching For?&#8221; _builder_version=&#8221;4.16&#8243; background_color=&#8221;#345168&#8243; use_background_color_gradient=&#8221;on&#8221; background_color_gradient_stops=&#8221;#345168 5%|rgba(219,219,219,0) 100%&#8221; background_color_gradient_overlays_image=&#8221;on&#8221; background_color_gradient_start=&#8221;#345168&#8243; background_color_gradient_start_position=&#8221;5%&#8221; background_color_gradient_end=&#8221;rgba(219,219,219,0)&#8221; background_image=&#8221;https:\/\/clinicaergo.com\/wp-content\/uploads\/2021\/05\/life-coach-34.jpg&#8221; min_height=&#8221;89.3px&#8221; custom_padding=&#8221;0px||0px||true|false&#8221; top_divider_style=&#8221;slant&#8221; top_divider_flip=&#8221;horizontal&#8221; bottom_divider_style=&#8221;slant&#8221; bottom_divider_flip=&#8221;horizontal&#8221; background_color_gradient_stops_tablet=&#8221;#345168 5%|rgba(219,219,219,0) 100%&#8221; background_color_gradient_stops_phone=&#8221;#345168 5%|rgba(219,219,219,0) 100%&#8221; global_module=&#8221;332121&#8243; saved_tabs=&#8221;all&#8221; locked=&#8221;off&#8221; global_colors_info=&#8221;{}&#8221;][et_pb_row column_structure=&#8221;3_5,2_5&#8243; _builder_version=&#8221;4.16&#8243; min_height=&#8221;485.4px&#8221; custom_margin=&#8221;|auto|0px|auto|false|false&#8221; custom_padding=&#8221;141px||0px||false|false&#8221; use_custom_width=&#8221;on&#8221; locked=&#8221;off&#8221; global_colors_info=&#8221;{}&#8221;][et_pb_column type=&#8221;3_5&#8243; _builder_version=&#8221;4.16&#8243; custom_padding=&#8221;|||&#8221; global_colors_info=&#8221;{}&#8221; custom_padding__hover=&#8221;|||&#8221;][et_pb_text admin_label=&#8221;Text&#8221; _builder_version=&#8221;4.16&#8243; text_font=&#8221;Poppins|300|||||||&#8221; text_font_size=&#8221;17px&#8221; header_2_font=&#8221;Nunito|900|||||||&#8221; background_layout=&#8221;dark&#8221; global_colors_info=&#8221;{}&#8221;]<\/p>\n<h2>Avete bisogno di ulteriori informazioni?<\/h2>\n<p>Siamo un team di oltre <strong>15 professionisti<\/strong> specializzati nella riproduzione assistita e nella salute delle donne. Avete dei dubbi? Vi invitiamo a conoscerci, la vostra prima visita \u00e8 totalmente GRATUITA.<\/p>\n<p>[\/et_pb_text][et_pb_button button_url=&#8221;https:\/\/clinicaergo.com\/it\/contatto\/&#8221; button_text=&#8221;Fissate il vostro primo appuntamento GRATUITO&#8221; button_alignment=&#8221;center&#8221; admin_label=&#8221;Get Started&#8221; _builder_version=&#8221;4.16&#8243; _module_preset=&#8221;default&#8221; custom_button=&#8221;on&#8221; button_text_size=&#8221;14px&#8221; button_text_color=&#8221;#ffffff&#8221; button_bg_color=&#8221;#4b2614&#8243; button_border_width=&#8221;1px&#8221; button_border_color=&#8221;RGBA(0,0,0,0)&#8221; button_border_radius=&#8221;50px&#8221; button_letter_spacing=&#8221;1px&#8221; button_font=&#8221;Poppins|600||on|||||&#8221; button_use_icon=&#8221;off&#8221; custom_margin=&#8221;20px|20px|||false|false&#8221; custom_margin_phone=&#8221;|20px|||false|false&#8221; custom_margin_last_edited=&#8221;off|desktop&#8221; custom_padding=&#8221;14px|50px|14px|50px|true|true&#8221; box_shadow_style=&#8221;preset3&#8243; box_shadow_color=&#8221;rgba(0,0,0,0.2)&#8221; locked=&#8221;off&#8221; global_colors_info=&#8221;{%22gcid-0b134dd3-bba5-4a0c-9138-44a2493e22ee%22:%91%22button_bg_color%22%93}&#8221; button_bg_color__hover_enabled=&#8221;on|desktop&#8221; button_bg_enable_color__hover=&#8221;on&#8221; button_text_color__hover_enabled=&#8221;off|hover&#8221; custom_padding__hover_enabled=&#8221;off|hover&#8221; button_bg_color__hover=&#8221;rgba(255,255,255,0.1)&#8221; button_border_color__hover_enabled=&#8221;on|hover&#8221; button_border_color__hover=&#8221;#ffffff&#8221;][\/et_pb_button][\/et_pb_column][et_pb_column type=&#8221;2_5&#8243; _builder_version=&#8221;4.16&#8243; custom_padding=&#8221;|||&#8221; global_colors_info=&#8221;{}&#8221; custom_padding__hover=&#8221;|||&#8221;][et_pb_image src=&#8221;https:\/\/clinicaergo.com\/wp-content\/uploads\/2021\/04\/equipo-maria.jpg&#8221; alt=&#8221;Psicologo della salute a Gij\u00f3n&#8221; title_text=&#8221;squadra-maria&#8221; _builder_version=&#8221;4.16&#8243; _module_preset=&#8221;default&#8221; border_radii=&#8221;on|20px|20px|20px|20px&#8221; box_shadow_style=&#8221;preset2&#8243; global_colors_info=&#8221;{}&#8221;][\/et_pb_image][\/et_pb_column][\/et_pb_row][\/et_pb_section][et_pb_section fb_built=&#8221;1&#8243; _builder_version=&#8221;4.16&#8243; _module_preset=&#8221;default&#8221; global_colors_info=&#8221;{}&#8221;][et_pb_row _builder_version=&#8221;4.16&#8243; _module_preset=&#8221;default&#8221; global_colors_info=&#8221;{}&#8221;][et_pb_column type=&#8221;4_4&#8243; _builder_version=&#8221;4.16&#8243; _module_preset=&#8221;default&#8221; global_colors_info=&#8221;{}&#8221;][\/et_pb_column][\/et_pb_row][\/et_pb_section]<\/p>\n","protected":false},"excerpt":{"rendered":"<p>La scelta di ERGO a Gij\u00f3n, nelle AsturieLa scelta della clinica in cui realizzare il vostro sogno \u00e8 un processo molto importante e la nostra raccomandazione pi\u00f9 sincera \u00e8 che la scegliate in base al vostro cuore. Scegliete il luogo che vi d\u00e0 quella sensazione di tranquillit\u00e0, professionalit\u00e0 e cura; dove potete sentire che si [&hellip;]<\/p>\n","protected":false},"author":1,"featured_media":0,"parent":0,"menu_order":0,"comment_status":"closed","ping_status":"closed","template":"","meta":{"_et_pb_use_builder":"on","_et_pb_old_content":"","_et_gb_content_width":"","_joinchat":[],"footnotes":""},"class_list":["post-334125","page","type-page","status-publish","hentry"],"_links":{"self":[{"href":"https:\/\/clinicaergo.com\/it\/wp-json\/wp\/v2\/pages\/334125","targetHints":{"allow":["GET"]}}],"collection":[{"href":"https:\/\/clinicaergo.com\/it\/wp-json\/wp\/v2\/pages"}],"about":[{"href":"https:\/\/clinicaergo.com\/it\/wp-json\/wp\/v2\/types\/page"}],"author":[{"embeddable":true,"href":"https:\/\/clinicaergo.com\/it\/wp-json\/wp\/v2\/users\/1"}],"replies":[{"embeddable":true,"href":"https:\/\/clinicaergo.com\/it\/wp-json\/wp\/v2\/comments?post=334125"}],"version-history":[{"count":0,"href":"https:\/\/clinicaergo.com\/it\/wp-json\/wp\/v2\/pages\/334125\/revisions"}],"wp:attachment":[{"href":"https:\/\/clinicaergo.com\/it\/wp-json\/wp\/v2\/media?parent=334125"}],"curies":[{"name":"wp","href":"https:\/\/api.w.org\/{rel}","templated":true}]}}