{"id":334134,"date":"2021-09-21T11:56:00","date_gmt":"2021-09-21T11:56:00","guid":{"rendered":"https:\/\/clinicaergo.com\/prgf-plasma-arricchito-in-fattori-di-crescita-vecchio\/"},"modified":"2022-08-11T19:32:37","modified_gmt":"2022-08-11T19:32:37","slug":"prgf-plasma-arricchito-in-fattori-di-crescita-vecchio","status":"publish","type":"page","link":"https:\/\/clinicaergo.com\/it\/prgf-plasma-arricchito-in-fattori-di-crescita-vecchio\/","title":{"rendered":"PRGF Plasma arricchito in fattori di crescita &#8211; VECCHIO"},"content":{"rendered":"<p>[et_pb_section fb_built=&#8221;1&#8243; admin_label=&#8221;section&#8221; _builder_version=&#8221;3.22&#8243; global_colors_info=&#8221;{}&#8221;][et_pb_row admin_label=&#8221;fila&#8221; _builder_version=&#8221;3.25&#8243; background_size=&#8221;initial&#8221; background_position=&#8221;top_left&#8221; background_repeat=&#8221;repeat&#8221; global_colors_info=&#8221;{}&#8221;][et_pb_column type=&#8221;4_4&#8243; _builder_version=&#8221;3.25&#8243; custom_padding=&#8221;|||&#8221; global_colors_info=&#8221;{}&#8221; custom_padding__hover=&#8221;|||&#8221;][et_pb_text admin_label=&#8221;Text&#8221; _builder_version=&#8221;3.27.4&#8243; background_size=&#8221;initial&#8221; background_position=&#8221;top_left&#8221; background_repeat=&#8221;repeat&#8221; global_colors_info=&#8221;{}&#8221;]<\/p>\n<h2><em><strong>PRGF (plasma arricchito in fattori di crescita): nuova tecnologia autologa <\/strong><\/em><\/h2>\n<p>Alla Clinica ERGO siamo sempre all&#8217;avanguardia delle nuove tecnologie e per questo motivo incorporiamo<\/p>\n<p>trattamento con plasma arricchito in fattori di crescita. Vi diciamo in cosa consiste e quali applicazioni ha.<\/p>\n<h2><em><strong>Che cos&#8217;\u00e8 il plasma PRGF arricchito in fattori di crescita?<\/strong><\/em><\/h2>\n<p>Il plasma arricchito di piastrine \u00e8 una tecnica ampiamente descritta in altre specialit\u00e0 mediche come la traumatologia, l&#8217;oftalmologia, ecc. Questa tecnica si sta ora evolvendo per servire la riproduzione assistita.<\/p>\n<p><span style=\"font-size: revert;\">Questa nuova tecnologia si basa sull&#8217;<strong>utilizzo del plasma del paziente arricchito di fattori di crescita<\/strong>. Si tratta di plasma autologo, cio\u00e8 proveniente dalla paziente stessa, e grazie alla sua preparazione i fattori di crescita vengono concentrati e poi utilizzati nell&#8217;endometrio della donna.<\/span><\/p>\n<h2><em><strong>I benefici del PRGF<\/strong><\/em><\/h2>\n<p>Una tecnica semplice e facile per tutti i pazienti.<\/p>\n<ul>\n<li>Sicurezza: arriva in ambito clinico dopo numerosi studi che ne dimostrano i benefici.<\/li>\n<li><strong>Versatilit\u00e0<\/strong>: le applicazioni sono molteplici e le descriviamo di seguito.<\/li>\n<li><strong>Semplicit\u00e0<\/strong>: \u00e8 necessario un solo prelievo di sangue e la quantit\u00e0 ottenuta viene utilizzata per diverse dosi e pu\u00f2 essere utilizzata fino a un anno intero.<\/li>\n<li><strong>Indolore<\/strong>: una volta raccolto il sangue, il plasma viene preparato e poi introdotto nell&#8217;endometrio (nei giorni indicati) con una cannula come nelle inseminazioni artificiali. \u00c8 indolore e non invasivo, dura solo pochi minuti e viene eseguito in sala di consultazione.<\/li>\n<li><strong>Biocompatibilit\u00e0<\/strong>: non ci sono reazioni allergiche, rigetto o effetti collaterali, poich\u00e9 si tratta del plasma del paziente stesso. Il plasma del paziente stesso.<\/li>\n<\/ul>\n<h2><strong><em>Applicazioni del PRGF nella riproduzione assistita<\/em><\/strong><\/h2>\n<ul>\n<li><strong>Endometri che non crescono<\/strong>. Lo spessore dell&#8217;endometrio \u00e8 fondamentale per l&#8217;impianto dell&#8217;embrione. Non \u00e8 sempre dipendente dai farmaci, quindi \u00e8 applicabile nei casi in cui lo spessore non raggiunge valori adeguati.<\/li>\n<li><strong>Fallimento dell&#8217;implementazione<\/strong>. Quando si \u00e8 verificato almeno un trasferimento fallito, i tassi di impianto migliorano con questa tecnica.<\/li>\n<li><strong>Aborti ripetuti<\/strong>. I dati supportano l&#8217;applicazione del PRGF per migliorare la vascolarizzazione endometriale, che pu\u00f2 essere una causa di aborti precoci.<\/li>\n<\/ul>\n<h2><em><strong>Come viene eseguita la tecnica PRGF?<\/strong><\/em><\/h2>\n<p>Il primo passo consiste nel fissare un appuntamento per il <strong>prelievo di sangue <\/strong>(un normale prelievo di sangue); lo stesso giorno in cui il campione viene trattato, il plasma viene arricchito di fattori di crescita mediante lavorazione e centrifugazione. Questo campione pu\u00f2 essere conservato congelato per un uso successivo.<\/p>\n<p>Nella settimana precedente il trasferimento degli embrioni, vengono effettuate <strong>3 inoculazioni a distanza di 2-3 giorni l&#8217;una dall&#8217;altra<\/strong>. Si utilizza una cannula di trasferimento come per il trasferimento di embrioni attraverso la cervice e non richiede sedazione o alcun tipo di anestesia.<\/p>\n<p>Si tratta di un processo <strong>completamente indolore<\/strong> che viene eseguito quasi di routine, con risultati di grande successo.<\/p>\n<p>Alla Clinica ERGO mettiamo sempre la tecnologia pi\u00f9 avanzata al servizio dei nostri pazienti. Chiedeteci informazioni sul vostro caso e vi guideremo su ci\u00f2 che \u00e8 necessario per realizzare il vostro sogno.<\/p>\n<p>[\/et_pb_text][\/et_pb_column][\/et_pb_row][\/et_pb_section]<\/p>\n","protected":false},"excerpt":{"rendered":"<p>PRGF (plasma arricchito in fattori di crescita): nuova tecnologia autologa Alla Clinica ERGO siamo sempre all&#8217;avanguardia delle nuove tecnologie e per questo motivo incorporiamo trattamento con plasma arricchito in fattori di crescita. Vi diciamo in cosa consiste e quali applicazioni ha. Che cos&#8217;\u00e8 il plasma PRGF arricchito in fattori di crescita? Il plasma arricchito di [&hellip;]<\/p>\n","protected":false},"author":1,"featured_media":0,"parent":0,"menu_order":0,"comment_status":"closed","ping_status":"closed","template":"","meta":{"_et_pb_use_builder":"on","_et_pb_old_content":"","_et_gb_content_width":"","_joinchat":[],"footnotes":""},"class_list":["post-334134","page","type-page","status-publish","hentry"],"_links":{"self":[{"href":"https:\/\/clinicaergo.com\/it\/wp-json\/wp\/v2\/pages\/334134","targetHints":{"allow":["GET"]}}],"collection":[{"href":"https:\/\/clinicaergo.com\/it\/wp-json\/wp\/v2\/pages"}],"about":[{"href":"https:\/\/clinicaergo.com\/it\/wp-json\/wp\/v2\/types\/page"}],"author":[{"embeddable":true,"href":"https:\/\/clinicaergo.com\/it\/wp-json\/wp\/v2\/users\/1"}],"replies":[{"embeddable":true,"href":"https:\/\/clinicaergo.com\/it\/wp-json\/wp\/v2\/comments?post=334134"}],"version-history":[{"count":0,"href":"https:\/\/clinicaergo.com\/it\/wp-json\/wp\/v2\/pages\/334134\/revisions"}],"wp:attachment":[{"href":"https:\/\/clinicaergo.com\/it\/wp-json\/wp\/v2\/media?parent=334134"}],"curies":[{"name":"wp","href":"https:\/\/api.w.org\/{rel}","templated":true}]}}