{"id":334147,"date":"2017-12-18T17:22:46","date_gmt":"2017-12-18T17:22:46","guid":{"rendered":"https:\/\/clinicaergo.com\/riproduzione-assistita\/"},"modified":"2023-07-19T15:00:31","modified_gmt":"2023-07-19T15:00:31","slug":"riproduzione-assistita","status":"publish","type":"page","link":"https:\/\/clinicaergo.com\/it\/riproduzione-assistita\/","title":{"rendered":"Riproduzione assistita"},"content":{"rendered":"<p>[et_pb_section fb_built=&#8221;1&#8243; fullwidth=&#8221;on&#8221; _builder_version=&#8221;4.16&#8243; bottom_divider_style=&#8221;slant&#8221; bottom_divider_color=&#8221;#FFFFFF&#8221; bottom_divider_flip=&#8221;horizontal&#8221; animation_direction=&#8221;top&#8221; locked=&#8221;off&#8221; global_colors_info=&#8221;{}&#8221;][et_pb_fullwidth_header title=&#8221;Riproduzione assistita&#8221; subhead=&#8221;Riuscite a immaginare una clinica diversa?&#8221; text_orientation=&#8221;center&#8221; background_overlay_color=&#8221;rgba(53,38,35,0.67)&#8221; _builder_version=&#8221;4.16&#8243; title_font=&#8221;Nunito|700|||||||&#8221; title_font_size=&#8221;46px&#8221; title_line_height=&#8221;1.5em&#8221; content_font=&#8221;Lato|300|||||||&#8221; content_font_size=&#8221;20px&#8221; content_line_height=&#8221;3em&#8221; subhead_font=&#8221;Nunito|700|||||||&#8221; subhead_font_size=&#8221;25px&#8221; subhead_line_height=&#8221;1.5em&#8221; background_color=&#8221;#afafaf&#8221; background_image=&#8221;https:\/\/clinicaergo.com\/wp-content\/uploads\/2021\/05\/cabecera-reproduccionasistida.jpg&#8221; custom_margin=&#8221;|||&#8221; custom_padding=&#8221;5vw||150px||false&#8221; animation_style=&#8221;slide&#8221; animation_direction=&#8221;top&#8221; animation_intensity_slide=&#8221;2%&#8221; title_font_size_tablet=&#8221;36px&#8221; title_font_size_phone=&#8221;&#8221; title_font_size_last_edited=&#8221;on|phone&#8221; global_colors_info=&#8221;{}&#8221; button_one_text_size__hover_enabled=&#8221;off&#8221; button_two_text_size__hover_enabled=&#8221;off&#8221; button_one_text_color__hover_enabled=&#8221;off&#8221; button_two_text_color__hover_enabled=&#8221;off&#8221; button_one_border_width__hover_enabled=&#8221;off&#8221; button_two_border_width__hover_enabled=&#8221;off&#8221; button_one_border_color__hover_enabled=&#8221;off&#8221; button_two_border_color__hover_enabled=&#8221;off&#8221; button_one_border_radius__hover_enabled=&#8221;off&#8221; button_two_border_radius__hover_enabled=&#8221;off&#8221; button_one_letter_spacing__hover_enabled=&#8221;off&#8221; button_two_letter_spacing__hover_enabled=&#8221;off&#8221; button_one_bg_color__hover_enabled=&#8221;off&#8221; button_two_bg_color__hover_enabled=&#8221;off&#8221;]<\/p>\n<p>Clinica di riproduzione assistita a Gij\u00f3n, Asturie<\/p>\n<p>[\/et_pb_fullwidth_header][\/et_pb_section][et_pb_section fb_built=&#8221;1&#8243; next_background_color=&#8221;#ffffff&#8221; admin_label=&#8221;What is Coaching?&#8221; _builder_version=&#8221;4.16&#8243; background_color=&#8221;#ffffff&#8221; use_background_color_gradient=&#8221;on&#8221; background_color_gradient_stops=&#8221;#ffffff 0%|#f5f5f5 70%&#8221; background_color_gradient_overlays_image=&#8221;on&#8221; background_color_gradient_start=&#8221;#ffffff&#8221; background_color_gradient_end=&#8221;#f5f5f5&#8243; background_color_gradient_end_position=&#8221;70%&#8221; background_image=&#8221;https:\/\/clinicaergo.com\/wp-content\/uploads\/2021\/03\/life-coach-03.jpg&#8221; custom_margin=&#8221;|||&#8221; custom_padding=&#8221;0px||0px||true&#8221; top_divider_color=&#8221;#f5f5f5&#8243; top_divider_flip=&#8221;vertical&#8221; top_divider_arrangement=&#8221;above_content&#8221; bottom_divider_style=&#8221;slant&#8221; bottom_divider_flip=&#8221;vertical&#8221; bottom_divider_arrangement=&#8221;above_content&#8221; locked=&#8221;off&#8221; global_colors_info=&#8221;{}&#8221;][et_pb_row column_structure=&#8221;1_2,1_2&#8243; use_custom_gutter=&#8221;on&#8221; gutter_width=&#8221;1&#8243; make_equal=&#8221;on&#8221; padding_top_bottom_link_1=&#8221;false&#8221; padding_top_bottom_link_2=&#8221;false&#8221; padding_left_right_link_1=&#8221;true&#8221; padding_left_right_link_2=&#8221;true&#8221; module_class=&#8221; et_pb_row_fullwidth&#8221; _builder_version=&#8221;4.16&#8243; width=&#8221;100%&#8221; width_tablet=&#8221;100%&#8221; width_phone=&#8221;&#8221; width_last_edited=&#8221;on|desktop&#8221; max_width=&#8221;100%&#8221; max_width_tablet=&#8221;100%&#8221; max_width_phone=&#8221;&#8221; max_width_last_edited=&#8221;on|desktop&#8221; custom_padding=&#8221;0px|0|0px|0|true|false&#8221; make_fullwidth=&#8221;on&#8221; global_colors_info=&#8221;{}&#8221;][et_pb_column type=&#8221;1_2&#8243; _builder_version=&#8221;4.16&#8243; use_background_color_gradient=&#8221;on&#8221; background_color_gradient_stops=&#8221;rgba(0,0,0,0) 0%|rgba(0,0,0,0.07) 100%&#8221; background_color_gradient_start=&#8221;rgba(0,0,0,0)&#8221; background_color_gradient_end=&#8221;rgba(0,0,0,0.07)&#8221; custom_padding=&#8221;5%|6%|10%|6%&#8221; custom_padding_tablet=&#8221;&#8221; custom_padding_phone=&#8221;&#8221; custom_padding_last_edited=&#8221;on|tablet&#8221; global_colors_info=&#8221;{}&#8221; padding_last_edited=&#8221;on|tablet&#8221; custom_padding__hover=&#8221;|||&#8221;][et_pb_text admin_label=&#8221;Text&#8221; _builder_version=&#8221;4.16&#8243; text_font=&#8221;Poppins|300|||||||&#8221; text_font_size=&#8221;16px&#8221; header_2_font=&#8221;Nunito|700|||||||&#8221; header_2_font_size=&#8221;36px&#8221; locked=&#8221;off&#8221; global_colors_info=&#8221;{}&#8221;]<\/p>\n<h2>Riuscite a immaginare una clinica diversa?<\/h2>\n<p>Stava cercando un centro specializzato nella riproduzione assistita nelle Asturie? Ha visitato altre cliniche e non ha trovato quello che cercava in nessuna di esse? Vi capiamo. Per questo motivo abbiamo creato la Clinica ERGO a Gij\u00f3n, in risposta alle esigenze che abbiamo rilevato nella societ\u00e0 negli ultimi anni.<\/p>\n<p>[\/et_pb_text][\/et_pb_column][et_pb_column type=&#8221;1_2&#8243; _builder_version=&#8221;4.16&#8243; custom_padding=&#8221;5%|6%|10%|6%&#8221; custom_padding_tablet=&#8221;||150px|&#8221; custom_padding_phone=&#8221;&#8221; custom_padding_last_edited=&#8221;on|tablet&#8221; global_colors_info=&#8221;{}&#8221; padding_tablet=&#8221;||150px|&#8221; padding_last_edited=&#8221;on|tablet&#8221; custom_padding__hover=&#8221;|||&#8221; padding_phone=&#8221;||150px|&#8221;][et_pb_text admin_label=&#8221;Text&#8221; _builder_version=&#8221;4.16&#8243; text_font=&#8221;Poppins|300|||||||&#8221; text_font_size=&#8221;16px&#8221; header_2_font=&#8221;Nunito|700|||||||&#8221; header_2_font_size=&#8221;36px&#8221; locked=&#8221;off&#8221; global_colors_info=&#8221;{}&#8221;]<\/p>\n<h2>Un intero team al vostro servizio<\/h2>\n<p>Abbiamo creato un team multidisciplinare, dove la base \u00e8 il lavoro di squadra. Ogni caso che arriva nella nostra clinica viene analizzato e studiato in una sessione clinica da tutti gli operatori sanitari di ERGO.<\/p>\n<p>[\/et_pb_text][\/et_pb_column][\/et_pb_row][et_pb_row column_structure=&#8221;1_3,1_3,1_3&#8243; use_custom_gutter=&#8221;on&#8221; gutter_width=&#8221;1&#8243; make_equal=&#8221;on&#8221; padding_top_bottom_link_1=&#8221;false&#8221; padding_top_bottom_link_2=&#8221;false&#8221; padding_top_bottom_link_3=&#8221;false&#8221; padding_top_bottom_link_4=&#8221;false&#8221; padding_left_right_link_1=&#8221;true&#8221; padding_left_right_link_2=&#8221;true&#8221; padding_left_right_link_3=&#8221;true&#8221; padding_left_right_link_4=&#8221;true&#8221; module_class=&#8221; et_pb_row_fullwidth&#8221; _builder_version=&#8221;4.16&#8243; background_image=&#8221;https:\/\/clinicaergo.com\/wp-content\/uploads\/2018\/12\/7042380_m6-0031766-0001ok_1000x625.jpg&#8221; width=&#8221;100%&#8221; width_tablet=&#8221;100%&#8221; width_phone=&#8221;&#8221; width_last_edited=&#8221;on|desktop&#8221; max_width=&#8221;100%&#8221; max_width_tablet=&#8221;100%&#8221; max_width_phone=&#8221;&#8221; max_width_last_edited=&#8221;on|desktop&#8221; min_height=&#8221;251px&#8221; custom_margin=&#8221;|||&#8221; custom_padding=&#8221;0px|0px|0|0px|false|false&#8221; make_fullwidth=&#8221;on&#8221; global_colors_info=&#8221;{}&#8221;][et_pb_column type=&#8221;1_3&#8243; _builder_version=&#8221;4.16&#8243; background_color=&#8221;rgba(122,78,54,0.2)&#8221; custom_padding=&#8221;80px|40px|150px|40px&#8221; custom_padding_tablet=&#8221;20px||60px|&#8221; custom_padding_phone=&#8221;60px||60px||true&#8221; custom_padding_last_edited=&#8221;on|phone&#8221; global_colors_info=&#8221;{}&#8221; padding_phone=&#8221;60px||60px||true&#8221; padding_tablet=&#8221;20px||60px|&#8221; padding_last_edited=&#8221;on|phone&#8221; custom_padding__hover=&#8221;|||&#8221;][et_pb_text _builder_version=&#8221;4.16&#8243; _module_preset=&#8221;default&#8221; text_font=&#8221;Nunito|700|||||||&#8221; text_text_color=&#8221;#FFFFFF&#8221; text_font_size=&#8221;22px&#8221; text_line_height=&#8221;1.4em&#8221; text_orientation=&#8221;center&#8221; custom_margin=&#8221;||||false|false&#8221; custom_padding=&#8221;||0px|||&#8221; global_colors_info=&#8221;{}&#8221;]<\/p>\n<p>Prima visita gratuita<\/p>\n<p>[\/et_pb_text][\/et_pb_column][et_pb_column type=&#8221;1_3&#8243; _builder_version=&#8221;4.16&#8243; background_color=&#8221;rgba(122,78,54,0.4)&#8221; custom_padding=&#8221;70px|40px|150px|40px&#8221; custom_padding_tablet=&#8221;20px||60px|&#8221; custom_padding_phone=&#8221;60px||60px||true&#8221; custom_padding_last_edited=&#8221;on|phone&#8221; global_colors_info=&#8221;{}&#8221; padding_phone=&#8221;60px||60px||true&#8221; padding_tablet=&#8221;20px||60px|&#8221; padding_last_edited=&#8221;on|phone&#8221; custom_padding__hover=&#8221;|||&#8221;][et_pb_text _builder_version=&#8221;4.16&#8243; _module_preset=&#8221;default&#8221; text_font=&#8221;Nunito|700|||||||&#8221; text_text_color=&#8221;#FFFFFF&#8221; text_font_size=&#8221;22px&#8221; text_line_height=&#8221;1.4em&#8221; text_orientation=&#8221;center&#8221; custom_margin=&#8221;10px||||false|false&#8221; custom_padding=&#8221;||0px|||&#8221; global_colors_info=&#8221;{}&#8221;]<\/p>\n<p>Finanziamento gratuito<\/p>\n<p>[\/et_pb_text][\/et_pb_column][et_pb_column type=&#8221;1_3&#8243; _builder_version=&#8221;4.16&#8243; background_color=&#8221;rgba(122,78,54,0.6)&#8221; custom_padding=&#8221;60px|40px|150px|40px&#8221; custom_padding_tablet=&#8221;60px|||&#8221; custom_padding_phone=&#8221;60px||60px||true&#8221; custom_padding_last_edited=&#8221;on|phone&#8221; global_colors_info=&#8221;{}&#8221; padding_phone=&#8221;60px||60px||true&#8221; padding_tablet=&#8221;60px|||&#8221; padding_last_edited=&#8221;on|phone&#8221; custom_padding__hover=&#8221;|||&#8221;][et_pb_text _builder_version=&#8221;4.16&#8243; _module_preset=&#8221;default&#8221; text_font=&#8221;Nunito|700|||||||&#8221; text_text_color=&#8221;#FFFFFF&#8221; text_font_size=&#8221;22px&#8221; text_line_height=&#8221;1.4em&#8221; text_orientation=&#8221;center&#8221; custom_margin=&#8221;20px||||false|false&#8221; custom_padding=&#8221;||0px|||&#8221; global_colors_info=&#8221;{}&#8221;]<\/p>\n<p>Trattamenti personalizzati<\/p>\n<p>[\/et_pb_text][\/et_pb_column][\/et_pb_row][\/et_pb_section][et_pb_section fb_built=&#8221;1&#8243; admin_label=&#8221;How It Works&#8221; _builder_version=&#8221;4.16&#8243; custom_padding=&#8221;|||&#8221; global_colors_info=&#8221;{}&#8221;][et_pb_row _builder_version=&#8221;4.16&#8243; _module_preset=&#8221;default&#8221; global_colors_info=&#8221;{}&#8221;][et_pb_column type=&#8221;4_4&#8243; _builder_version=&#8221;4.16&#8243; _module_preset=&#8221;default&#8221; global_colors_info=&#8221;{}&#8221;][et_pb_text _builder_version=&#8221;4.16&#8243; _module_preset=&#8221;default&#8221; text_orientation=&#8221;left&#8221; global_colors_info=&#8221;{}&#8221;]<\/p>\n<p>Lavoriamo da molto tempo nel settore dei <strong>trattamenti per la fertilit\u00e0<\/strong> e questo ci ha dato non solo esperienza, ma anche una conoscenza diretta di ci\u00f2 che manca ai pazienti in questi trattamenti.<\/p>\n<p>La partecipazione dell&#8217;\u00e9quipe di laboratorio \u00e8 essenziale, dato che i direttori della <strong>Clinica ERGO<\/strong> sono essi stessi embriologi. Avendo lavorato per molti anni nel laboratorio di embriologia e andrologia con migliaia di gameti ed embrioni, abbiamo una conoscenza molto pi\u00f9 specifica delle esigenze di ciascun caso. Per questo motivo, le prime visite per la procreazione assistita, che sono completamente <strong>gratuite<\/strong>, sono <strong>presenziate dai direttori della Clinica ERGO<\/strong>. Permette una spiegazione molto pi\u00f9 dettagliata delle tecniche, raccontate proprio da chi le eseguir\u00e0 all&#8217;inizio del trattamento.<\/p>\n<p>Da l\u00ec inizia anche il contatto diretto con l&#8217;<strong> \u00e9quipe di ginecologia<\/strong>, medici con una vasta esperienza e un rapporto stretto che rendono l&#8217;intero trattamento molto pi\u00f9 sopportabile. Insieme a loro, il team infermieristico accompagna i pazienti durante tutto il processo, rispondendo alle domande e rispondendo a qualsiasi problema in qualsiasi momento. Inoltre, presso la<strong> Clinica ERGO \u00e8 possibile portare con s\u00e9 i farmaci che<\/strong> il medico prescrive, poich\u00e9 accanto alla clinica si trova la nostra farmacia di fiducia, dove \u00e8 possibile trovare tutti i farmaci che normalmente utilizziamo. Anche se il prezzo \u00e8 ovviamente lo stesso di qualsiasi farmacia, in questo modo vogliamo rendervi pi\u00f9 facile l&#8217;acquisto ed evitare che dobbiate andare da una farmacia all&#8217;altra per ottenere il farmaco, un processo che a volte pu\u00f2 essere difficile e causare ulteriore stress.<\/p>\n<p>Durante tutto il trattamento, il nostro team di psicologi \u00e8 a disposizione per sostenere e accompagnare i pazienti prima, durante e dopo il ciclo.<\/p>\n<p>In modo complementare, il resto dei professionisti medici \u00e8 a disposizione del paziente di riproduzione assistita per qualsiasi necessit\u00e0, come ad esempio l&#8217;\u00e9quipe di urologia con consultazioni all&#8217;interno delle nostre strutture attraverso professionisti specializzati in urologia riproduttiva.<\/p>\n<p>Tutto questo grande team, insieme a<strong> strutture specificamente progettate per i trattamenti di riproduzione assistita <\/strong>e alla pi\u00f9 avanzata<strong> tecnologia di laboratorio<\/strong>, ci permette alla <strong>Clinica ERGO<\/strong> di offrire ai nostri pazienti tutte le tecniche di fertilit\u00e0 attualmente consentite dalla legge spagnola nel nostro Paese. Dallo studio iniziale della fertilit\u00e0 per conoscere lo stato riproduttivo della coppia, alla complessa diagnostica genetica preimpianto, alla fecondazione in vitro, all&#8217;inseminazione artificiale, al metodo ROPA, alle donatrici di ovuli, ecc.<\/p>\n<p>Questa alta qualit\u00e0 ci permette anche di essere pionieri nel <strong>garantire embrioni di buona qualit\u00e0<\/strong> nei trattamenti di ovodonazione, poich\u00e9 siamo cos\u00ec sicuri delle nostre strutture e attrezzature, e della professionalit\u00e0 del nostro team di embriologi, che offriamo trattamenti 3 su 3 e 3 su 5.<\/p>\n<p>[\/et_pb_text][\/et_pb_column][\/et_pb_row][et_pb_row _builder_version=&#8221;4.16&#8243; custom_padding=&#8221;36px|||||&#8221; locked=&#8221;off&#8221; global_colors_info=&#8221;{}&#8221;][et_pb_column type=&#8221;4_4&#8243; _builder_version=&#8221;4.16&#8243; custom_padding=&#8221;|||&#8221; global_colors_info=&#8221;{}&#8221; custom_padding__hover=&#8221;|||&#8221;][et_pb_text admin_label=&#8221;Text&#8221; _builder_version=&#8221;4.16&#8243; header_2_font=&#8221;Nunito|700|||||||&#8221; header_2_text_color=&#8221;#7A4E36&#8243; text_orientation=&#8221;left&#8221; global_colors_info=&#8221;{}&#8221;]<\/p>\n<h2>Cosa offre la clinica di riproduzione assistita ERGO?<\/h2>\n<p>Prima di tutto: un trattamento ravvicinato e personalizzato, venite a conoscere la vostra \u00e9quipe medica di fiducia che vi accompagner\u00e0 in questo percorso.<\/p>\n<p><strong>Studio della fertilit\u00e0<\/strong>: della donna e della coppia. <a href=\"https:\/\/clinicaergo.com\/it\/?page_id=336636\">Ulteriori informazioni<\/a>.<em><\/em><\/p>\n<p><strong>Inseminazione artificiale<\/strong>: con lo sperma del partner o di un donatore. <a href=\"https:\/\/clinicaergo.com\/it\/inseminazione-artificiale\/\">Ulteriori informazioni<\/a>. <\/p>\n<p><strong>Fecondazione in vitro<\/strong>: fecondazione tramite FIV classica o ICSI grazie al micromanipolatore pi\u00f9 avanzato sul mercato con sistema ad aria. <a href=\"https:\/\/clinicaergo.com\/it\/fecondazione-in-vitro-fiv-icsi\/\">Per ulteriori informazioni<\/a>, contattateci.<em><\/em><\/p>\n<p><strong>Diagnosi genetica preimpianto<\/strong>: ogni caso viene studiato dalla nostra \u00e9quipe con formazione specialistica in genetica e realizzato dai nostri embriologi con formazione specifica in biopsia embrionale. <a href=\"\/diagnostico-genetico-preimplantacional\/\">Per ulteriori informazioni<\/a>, contattateci. <em><a href=\"http:\/\/clinicaergo.com\/diagnostico-genetico-preimplantacional\/\"><\/a><\/em><\/p>\n<p><strong>Donazione di ovuli e sperma<\/strong>: ci prendiamo cura dei nostri donatori, che vengono sottoposti a numerosi esami medici. <a href=\"https:\/\/clinicaergo.com\/it\/donatori-di-ovuli\/\">Per ulteriori informazioni<\/a>, contattateci<em>.<\/em><a href=\"http:\/\/clinicaergo.com\/donantes-ovulos\/\"><em><\/em><\/a><\/p>\n<p><strong>Ovodonazione<\/strong>: garantiamo embrioni di buona qualit\u00e0. <a href=\"https:\/\/clinicaergo.com\/it\/ovodonazione-e-mini-ovo\/\">Per ulteriori informazioni,<\/a> contattateci.<em><\/em><\/p>\n<p><strong>Donne senza partner maschile<\/strong>: non siete sole, vi accompagniamo con le migliori garanzie per la scelta del vostro donatore. <a href=\"https:\/\/clinicaergo.com\/it\/donne-senza-partner-maschile\/\">Ulteriori informazioni<\/a>.<\/p>\n<p><strong>Metodo ROPA<\/strong>: prelievo di ovuli da parte del partner tra donne lesbiche legalmente sposate. <a href=\"https:\/\/clinicaergo.com\/it\/metodo-ropa\/\">Ulteriori informazioni<\/a>.<\/p>\n<p><strong>Conservazione della fertilit\u00e0<\/strong>: possiamo congelare i vostri ovuli o il vostro sperma per poterli utilizzare in un secondo momento. Per <a href=\"https:\/\/clinicaergo.com\/it\/conservazione-della-fertilita\/\">saperne di pi\u00f9<\/a>.<em><\/em><\/p>\n<p><strong>Trasferimento di embrioni vetrificati<\/strong>: se avete embrioni vetrificati in altre cliniche e volete che sia noi a effettuare il trasferimento, potete portarli con voi, ci occuperemo di tutto. <a href=\"https:\/\/clinicaergo.com\/it\/trasferimento-di-embrioni-vetrificati\/\">Per ulteriori informazioni<\/a>, contattateci.<\/p>\n<p><strong>Adozione di embrioni<\/strong>: molti embrioni messi in adozione sono in attesa di una possibilit\u00e0. <a href=\"https:\/\/clinicaergo.com\/it\/embrioni-a-doppia-donazione-e-adozione-di-embrioni\/\">Ulteriori informazioni sugli<\/a> embrioni da adottare.<em><\/em><\/p>\n<p><strong>Unit\u00e0 per il fallimento dell&#8217;impianto e gli aborti ripetuti<\/strong>: le pi\u00f9 recenti tecniche diagnostiche per darvi una spiegazione, e soprattutto una soluzione, a ci\u00f2 che vi sta accadendo<em>. <\/em><a href=\"https:\/\/clinicaergo.com\/it\/fallimento-dellimpianto-e-aborti-spontanei-ripetuti-unita-specializzata\/\">Ulteriori informazioni<\/a>.<a href=\"http:\/\/clinicaergo.com\/unidad-de-abortos-de-repeticion\/\"><em><\/em><\/a><\/p>\n<p>Salute degli uomini: studi seminali specifici per trovare risposte. Per <a href=\"https:\/\/clinicaergo.com\/it\/salute-degli-uomini\/\">saperne di pi\u00f9<\/a>.<em><\/em><\/p>\n<p><strong>Analisi:<\/strong> ormonali, seminali, genetiche&#8230; Il nostro team infermieristico \u00e8 a vostra disposizione. <a href=\"https:\/\/clinicaergo.com\/it\/analisi\/\">Per ulteriori informazioni<\/a>, contattateci.<\/p>\n<p>&nbsp;<\/p>\n<p>Se state cercando aiuto per ottenere una gravidanza o siete interessati a diventare donatori, contattateci. Ricordate che la prima consultazione \u00e8 <strong>GRATUITA<\/strong> e che possiamo anche organizzarla in <strong>videoconferenza<\/strong>, in modo che non dobbiate recarvi a Gij\u00f3n se non vi \u00e8 comodo.<\/p>\n<p>Vi aspettiamo.<\/p>\n<p><strong><\/strong><\/p>\n<p>[\/et_pb_text][\/et_pb_column][\/et_pb_row][\/et_pb_section][et_pb_section fb_built=&#8221;1&#8243; prev_background_color=&#8221;#ffffff&#8221; next_background_color=&#8221;#ffffff&#8221; admin_label=&#8221;Who Is Coaching For?&#8221; _builder_version=&#8221;4.16&#8243; background_color=&#8221;#345168&#8243; use_background_color_gradient=&#8221;on&#8221; background_color_gradient_stops=&#8221;#345168 5%|rgba(219,219,219,0) 100%&#8221; background_color_gradient_overlays_image=&#8221;on&#8221; background_color_gradient_start=&#8221;#345168&#8243; background_color_gradient_start_position=&#8221;5%&#8221; background_color_gradient_end=&#8221;rgba(219,219,219,0)&#8221; background_image=&#8221;https:\/\/clinicaergo.com\/wp-content\/uploads\/2021\/05\/life-coach-34.jpg&#8221; min_height=&#8221;89.3px&#8221; custom_padding=&#8221;0px||0px||true|false&#8221; top_divider_style=&#8221;slant&#8221; top_divider_flip=&#8221;horizontal&#8221; bottom_divider_style=&#8221;slant&#8221; bottom_divider_flip=&#8221;horizontal&#8221; background_color_gradient_stops_tablet=&#8221;#345168 5%|rgba(219,219,219,0) 100%&#8221; background_color_gradient_stops_phone=&#8221;#345168 5%|rgba(219,219,219,0) 100%&#8221; global_module=&#8221;332121&#8243; saved_tabs=&#8221;all&#8221; locked=&#8221;off&#8221; global_colors_info=&#8221;{}&#8221;][et_pb_row column_structure=&#8221;3_5,2_5&#8243; _builder_version=&#8221;4.16&#8243; min_height=&#8221;485.4px&#8221; custom_margin=&#8221;|auto|0px|auto|false|false&#8221; custom_padding=&#8221;141px||0px||false|false&#8221; use_custom_width=&#8221;on&#8221; locked=&#8221;off&#8221; global_colors_info=&#8221;{}&#8221;][et_pb_column type=&#8221;3_5&#8243; _builder_version=&#8221;4.16&#8243; custom_padding=&#8221;|||&#8221; global_colors_info=&#8221;{}&#8221; custom_padding__hover=&#8221;|||&#8221;][et_pb_text admin_label=&#8221;Text&#8221; _builder_version=&#8221;4.16&#8243; text_font=&#8221;Poppins|300|||||||&#8221; text_font_size=&#8221;17px&#8221; header_2_font=&#8221;Nunito|900|||||||&#8221; background_layout=&#8221;dark&#8221; global_colors_info=&#8221;{}&#8221;]<\/p>\n<h2>Avete bisogno di ulteriori informazioni?<\/h2>\n<p>Siamo un team di oltre <strong>15 professionisti<\/strong> specializzati nella riproduzione assistita e nella salute delle donne. Avete dei dubbi? Vi invitiamo a conoscerci, la vostra prima visita \u00e8 totalmente GRATUITA.<\/p>\n<p>[\/et_pb_text][et_pb_button button_url=&#8221;https:\/\/clinicaergo.com\/it\/contatto\/&#8221; button_text=&#8221;Fissate il vostro primo appuntamento GRATUITO&#8221; button_alignment=&#8221;center&#8221; admin_label=&#8221;Get Started&#8221; _builder_version=&#8221;4.16&#8243; _module_preset=&#8221;default&#8221; custom_button=&#8221;on&#8221; button_text_size=&#8221;14px&#8221; button_text_color=&#8221;#ffffff&#8221; button_bg_color=&#8221;#4b2614&#8243; button_border_width=&#8221;1px&#8221; button_border_color=&#8221;RGBA(0,0,0,0)&#8221; button_border_radius=&#8221;50px&#8221; button_letter_spacing=&#8221;1px&#8221; button_font=&#8221;Poppins|600||on|||||&#8221; button_use_icon=&#8221;off&#8221; custom_margin=&#8221;20px|20px|||false|false&#8221; custom_margin_phone=&#8221;|20px|||false|false&#8221; custom_margin_last_edited=&#8221;off|desktop&#8221; custom_padding=&#8221;14px|50px|14px|50px|true|true&#8221; box_shadow_style=&#8221;preset3&#8243; box_shadow_color=&#8221;rgba(0,0,0,0.2)&#8221; locked=&#8221;off&#8221; global_colors_info=&#8221;{%22gcid-0b134dd3-bba5-4a0c-9138-44a2493e22ee%22:%91%22button_bg_color%22%93}&#8221; button_bg_color__hover_enabled=&#8221;on|desktop&#8221; button_bg_enable_color__hover=&#8221;on&#8221; button_text_color__hover_enabled=&#8221;off|hover&#8221; custom_padding__hover_enabled=&#8221;off|hover&#8221; button_bg_color__hover=&#8221;rgba(255,255,255,0.1)&#8221; button_border_color__hover_enabled=&#8221;on|hover&#8221; button_border_color__hover=&#8221;#ffffff&#8221;][\/et_pb_button][\/et_pb_column][et_pb_column type=&#8221;2_5&#8243; _builder_version=&#8221;4.16&#8243; custom_padding=&#8221;|||&#8221; global_colors_info=&#8221;{}&#8221; custom_padding__hover=&#8221;|||&#8221;][et_pb_image src=&#8221;https:\/\/clinicaergo.com\/wp-content\/uploads\/2021\/04\/equipo-maria.jpg&#8221; alt=&#8221;Psicologo della salute a Gij\u00f3n&#8221; title_text=&#8221;squadra-maria&#8221; _builder_version=&#8221;4.16&#8243; _module_preset=&#8221;default&#8221; border_radii=&#8221;on|20px|20px|20px|20px&#8221; box_shadow_style=&#8221;preset2&#8243; global_colors_info=&#8221;{}&#8221;][\/et_pb_image][\/et_pb_column][\/et_pb_row][\/et_pb_section][et_pb_section fb_built=&#8221;1&#8243; _builder_version=&#8221;4.16&#8243; _module_preset=&#8221;default&#8221; global_colors_info=&#8221;{}&#8221;][et_pb_row _builder_version=&#8221;4.16&#8243; _module_preset=&#8221;default&#8221; global_colors_info=&#8221;{}&#8221;][et_pb_column type=&#8221;4_4&#8243; _builder_version=&#8221;4.16&#8243; _module_preset=&#8221;default&#8221; global_colors_info=&#8221;{}&#8221;][\/et_pb_column][\/et_pb_row][\/et_pb_section]<\/p>\n","protected":false},"excerpt":{"rendered":"<p>Clinica di riproduzione assistita a Gij\u00f3n, AsturieRiuscite a immaginare una clinica diversa? Stava cercando un centro specializzato nella riproduzione assistita nelle Asturie? Ha visitato altre cliniche e non ha trovato quello che cercava in nessuna di esse? Vi capiamo. Per questo motivo abbiamo creato la Clinica ERGO a Gij\u00f3n, in risposta alle esigenze che abbiamo [&hellip;]<\/p>\n","protected":false},"author":1,"featured_media":0,"parent":0,"menu_order":0,"comment_status":"closed","ping_status":"closed","template":"","meta":{"_et_pb_use_builder":"on","_et_pb_old_content":"","_et_gb_content_width":"","_joinchat":[],"footnotes":""},"class_list":["post-334147","page","type-page","status-publish","hentry"],"_links":{"self":[{"href":"https:\/\/clinicaergo.com\/it\/wp-json\/wp\/v2\/pages\/334147","targetHints":{"allow":["GET"]}}],"collection":[{"href":"https:\/\/clinicaergo.com\/it\/wp-json\/wp\/v2\/pages"}],"about":[{"href":"https:\/\/clinicaergo.com\/it\/wp-json\/wp\/v2\/types\/page"}],"author":[{"embeddable":true,"href":"https:\/\/clinicaergo.com\/it\/wp-json\/wp\/v2\/users\/1"}],"replies":[{"embeddable":true,"href":"https:\/\/clinicaergo.com\/it\/wp-json\/wp\/v2\/comments?post=334147"}],"version-history":[{"count":0,"href":"https:\/\/clinicaergo.com\/it\/wp-json\/wp\/v2\/pages\/334147\/revisions"}],"wp:attachment":[{"href":"https:\/\/clinicaergo.com\/it\/wp-json\/wp\/v2\/media?parent=334147"}],"curies":[{"name":"wp","href":"https:\/\/api.w.org\/{rel}","templated":true}]}}