{"id":334157,"date":"2020-08-02T19:39:43","date_gmt":"2020-08-02T19:39:43","guid":{"rendered":"https:\/\/clinicaergo.com\/riproduzione-assistita\/isteroscopia\/"},"modified":"2020-08-02T19:39:43","modified_gmt":"2020-08-02T19:39:43","slug":"isteroscopia","status":"publish","type":"page","link":"https:\/\/clinicaergo.com\/it\/riproduzione-assistita\/isteroscopia\/","title":{"rendered":"Isteroscopia"},"content":{"rendered":"<p><img decoding=\"async\" class=\"aligncenter wp-image-1353 size-medium\" src=\"https:\/\/clinicaergo.com\/wp-content\/uploads\/2020\/08\/IMG_20200802_160619-300x246.jpg\" alt=\"\" width=\"300\" height=\"246\" srcset=\"https:\/\/clinicaergo.com\/wp-content\/uploads\/2020\/08\/IMG_20200802_160619-300x246.jpg 300w, https:\/\/clinicaergo.com\/wp-content\/uploads\/2020\/08\/IMG_20200802_160619-768x631.jpg 768w, https:\/\/clinicaergo.com\/wp-content\/uploads\/2020\/08\/IMG_20200802_160619.jpg 784w\" sizes=\"(max-width: 300px) 100vw, 300px\" \/><\/p>\n<p>La Clinica ERGO continua a crescere, e lo fa per offrirvi il servizio migliore e pi\u00f9 completo. Abbiamo aggiunto l&#8217;isteroscopia diagnostica ai nostri servizi completi per la salute delle donne.<\/p>\n<p>&nbsp;<\/p>\n<h2><em>Che cos&#8217;\u00e8 l&#8217;isteroscopia diagnostica?<\/em><\/h2>\n<p>L&#8217;isteroscopia diagnostica \u00e8 oggi un esame di routine sia in ginecologia che nella riproduzione assistita.<\/p>\n<p>L&#8217;isteroscopia diagnostica prevede l&#8217;esame diretto dell&#8217;interno dell&#8217;utero per ottenere informazioni che non sempre possono essere fornite in modo affidabile da altri esami esterni come l&#8217;esame fisico, l&#8217;ecografia, la radiologia o gli studi molecolari.<\/p>\n<p>L&#8217;uso di questa tecnica per scopi diagnostici in un ambiente sanitario a servizio completo garantisce la massima prestazione e affidabilit\u00e0 nell&#8217;interpretazione delle immagini, riducendo al minimo il rischio di complicazioni.<\/p>\n<p>&nbsp;<\/p>\n<h2><em>Quando \u00e8 indicato?<\/em><\/h2>\n<p>Le indicazioni per l&#8217;isteroscopia diagnostica includono donne con disturbi mestruali (mestruazioni abbondanti o perdite tra le mestruazioni), infertilit\u00e0 o problemi di sterilit\u00e0. Si applica anche quando altri esami, come l&#8217;ecografia ginecologica, la citologia o la biopsia endometriale, indicano una patologia in quella sede.<\/p>\n<p>I risultati pi\u00f9 comuni sono:<\/p>\n<ul>\n<li>Polipi<\/li>\n<li>Miomi o fibromi intrauterini<\/li>\n<li>Malformazioni uterine come l&#8217;utero setto o settato<\/li>\n<li>Ipertrofia o crescita eccessiva dell&#8217;endometrio (che causa mestruazioni eccessive)<\/li>\n<li>Sindrome di Asherman (formazione di tessuto cicatriziale nella cavit\u00e0 dell&#8217;utero)<\/li>\n<\/ul>\n<h2><em>Come si fa?<\/em><\/h2>\n<p>Consiste nell&#8217;introduzione di una piccola ottica di 3-4 mm di calibro attraverso la vagina e la cervice.<\/p>\n<p>La telecamera ispeziona la forma dell&#8217;interno dell&#8217;utero e del rivestimento mestruale (endometrio). Deve sempre essere eseguita in una data che non coincide con le mestruazioni e la gravidanza deve essere evitata in quel ciclo.<\/p>\n<p>L&#8217;immagine ottenuta della cavit\u00e0 \u00e8 molto buona e utile per la diagnosi. Se necessario, uno dei suoi grandi vantaggi \u00e8 che consente di prelevare biopsie mirate per lo studio al microscopio dell&#8217;area pi\u00f9 rappresentativa della mucosa endometriale.<\/p>\n<p>&nbsp;<\/p>\n<h2><em>\u00c8 doloroso?<\/em><\/h2>\n<p>Pu\u00f2 essere eseguita senza anestesia, ma spesso \u00e8 scomoda e alcuni pazienti non la tollerano. Per questo motivo, presso la Clinica ERGO eseguiamo sempre l&#8217;intervento in sedazione anestetica. Le nostre strutture, preparate per eseguire interventi di chirurgia maggiore, ci permettono di offrire servizi di anestesia, rendendo l&#8217;esame molto pi\u00f9 semplice e completamente indolore per il paziente.<\/p>\n<p>&nbsp;<\/p>\n<p>Contattateci senza impegno. Vi daremo tutte le informazioni.<\/p>\n<p>&nbsp;<\/p>\n","protected":false},"excerpt":{"rendered":"<p>La Clinica ERGO continua a crescere, e lo fa per offrirvi il servizio migliore e pi\u00f9 completo. Abbiamo aggiunto l&#8217;isteroscopia diagnostica ai nostri servizi completi per la salute delle donne. &nbsp; Che cos&#8217;\u00e8 l&#8217;isteroscopia diagnostica? L&#8217;isteroscopia diagnostica \u00e8 oggi un esame di routine sia in ginecologia che nella riproduzione assistita. L&#8217;isteroscopia diagnostica prevede l&#8217;esame diretto [&hellip;]<\/p>\n","protected":false},"author":3,"featured_media":0,"parent":334147,"menu_order":14,"comment_status":"closed","ping_status":"closed","template":"","meta":{"_et_pb_use_builder":"","_et_pb_old_content":"","_et_gb_content_width":"","_joinchat":[],"footnotes":""},"class_list":["post-334157","page","type-page","status-publish","hentry"],"_links":{"self":[{"href":"https:\/\/clinicaergo.com\/it\/wp-json\/wp\/v2\/pages\/334157","targetHints":{"allow":["GET"]}}],"collection":[{"href":"https:\/\/clinicaergo.com\/it\/wp-json\/wp\/v2\/pages"}],"about":[{"href":"https:\/\/clinicaergo.com\/it\/wp-json\/wp\/v2\/types\/page"}],"author":[{"embeddable":true,"href":"https:\/\/clinicaergo.com\/it\/wp-json\/wp\/v2\/users\/3"}],"replies":[{"embeddable":true,"href":"https:\/\/clinicaergo.com\/it\/wp-json\/wp\/v2\/comments?post=334157"}],"version-history":[{"count":0,"href":"https:\/\/clinicaergo.com\/it\/wp-json\/wp\/v2\/pages\/334157\/revisions"}],"up":[{"embeddable":true,"href":"https:\/\/clinicaergo.com\/it\/wp-json\/wp\/v2\/pages\/334147"}],"wp:attachment":[{"href":"https:\/\/clinicaergo.com\/it\/wp-json\/wp\/v2\/media?parent=334157"}],"curies":[{"name":"wp","href":"https:\/\/api.w.org\/{rel}","templated":true}]}}