{"id":334177,"date":"2016-09-24T01:55:27","date_gmt":"2016-09-24T01:55:27","guid":{"rendered":"https:\/\/clinicaergo.com\/tecnologia-allavanguardia\/"},"modified":"2022-08-11T20:07:54","modified_gmt":"2022-08-11T20:07:54","slug":"tecnologia-allavanguardia","status":"publish","type":"page","link":"https:\/\/clinicaergo.com\/it\/tecnologia-allavanguardia\/","title":{"rendered":"Tecnologia all&#8217;avanguardia"},"content":{"rendered":"<p>[et_pb_section fb_built=&#8221;1&#8243; fullwidth=&#8221;on&#8221; _builder_version=&#8221;4.9.4&#8243; bottom_divider_style=&#8221;slant&#8221; bottom_divider_color=&#8221;#FFFFFF&#8221; bottom_divider_flip=&#8221;horizontal&#8221; animation_direction=&#8221;top&#8221; locked=&#8221;off&#8221; global_colors_info=&#8221;{}&#8221;][et_pb_fullwidth_header title=&#8221;Tecnologia all&#8217;avanguardia&#8221; subhead=&#8221;Ogni buona squadra ha bisogno delle migliori attrezzature&#8221; text_orientation=&#8221;center&#8221; background_overlay_color=&#8221;rgba(53,38,35,0.67)&#8221; _builder_version=&#8221;4.9.4&#8243; title_font=&#8221;Nunito|700|||||||&#8221; title_font_size=&#8221;46px&#8221; title_line_height=&#8221;1.5em&#8221; content_font=&#8221;Lato|300|||||||&#8221; content_font_size=&#8221;20px&#8221; content_line_height=&#8221;3em&#8221; subhead_font=&#8221;Nunito|700|||||||&#8221; subhead_font_size=&#8221;25px&#8221; subhead_line_height=&#8221;1.5em&#8221; background_color=&#8221;#afafaf&#8221; background_image=&#8221;https:\/\/clinicaergo.com\/wp-content\/uploads\/2021\/05\/cabecera-tecnologia.jpg&#8221; custom_margin=&#8221;|||&#8221; custom_padding=&#8221;5vw||150px||false&#8221; animation_style=&#8221;slide&#8221; animation_direction=&#8221;top&#8221; animation_intensity_slide=&#8221;2%&#8221; title_font_size_tablet=&#8221;36px&#8221; title_font_size_phone=&#8221;&#8221; title_font_size_last_edited=&#8221;on|phone&#8221; global_colors_info=&#8221;{}&#8221; button_one_text_size__hover_enabled=&#8221;off&#8221; button_two_text_size__hover_enabled=&#8221;off&#8221; button_one_text_color__hover_enabled=&#8221;off&#8221; button_two_text_color__hover_enabled=&#8221;off&#8221; button_one_border_width__hover_enabled=&#8221;off&#8221; button_two_border_width__hover_enabled=&#8221;off&#8221; button_one_border_color__hover_enabled=&#8221;off&#8221; button_two_border_color__hover_enabled=&#8221;off&#8221; button_one_border_radius__hover_enabled=&#8221;off&#8221; button_two_border_radius__hover_enabled=&#8221;off&#8221; button_one_letter_spacing__hover_enabled=&#8221;off&#8221; button_two_letter_spacing__hover_enabled=&#8221;off&#8221; button_one_bg_color__hover_enabled=&#8221;off&#8221; button_two_bg_color__hover_enabled=&#8221;off&#8221;]<\/p>\n<p>La tecnologia al servizio della riproduzione assistita e della salute delle donne<\/p>\n<p>[\/et_pb_fullwidth_header][\/et_pb_section][et_pb_section fb_built=&#8221;1&#8243; admin_label=&#8221;What is Coaching?&#8221; _builder_version=&#8221;4.9.4&#8243; background_color=&#8221;#ffffff&#8221; use_background_color_gradient=&#8221;on&#8221; background_color_gradient_start=&#8221;#ffffff&#8221; background_color_gradient_end=&#8221;#f5f5f5&#8243; background_color_gradient_end_position=&#8221;70%&#8221; background_color_gradient_overlays_image=&#8221;on&#8221; background_image=&#8221;https:\/\/clinicaergo.com\/wp-content\/uploads\/2021\/03\/life-coach-03.jpg&#8221; custom_margin=&#8221;|||&#8221; custom_padding=&#8221;0px||0px||true&#8221; top_divider_color=&#8221;#f5f5f5&#8243; top_divider_flip=&#8221;vertical&#8221; top_divider_arrangement=&#8221;above_content&#8221; bottom_divider_style=&#8221;slant&#8221; bottom_divider_color=&#8221;#FFFFFF&#8221; bottom_divider_flip=&#8221;vertical&#8221; bottom_divider_arrangement=&#8221;above_content&#8221; locked=&#8221;off&#8221; global_colors_info=&#8221;{}&#8221;][et_pb_row use_custom_gutter=&#8221;on&#8221; gutter_width=&#8221;1&#8243; make_equal=&#8221;on&#8221; padding_top_bottom_link_1=&#8221;false&#8221; padding_top_bottom_link_2=&#8221;false&#8221; padding_left_right_link_1=&#8221;true&#8221; padding_left_right_link_2=&#8221;true&#8221; module_class=&#8221; et_pb_row_fullwidth&#8221; _builder_version=&#8221;3.25&#8243; width=&#8221;100%&#8221; width_tablet=&#8221;100%&#8221; width_phone=&#8221;&#8221; width_last_edited=&#8221;on|desktop&#8221; max_width=&#8221;100%&#8221; max_width_tablet=&#8221;100%&#8221; max_width_phone=&#8221;&#8221; max_width_last_edited=&#8221;on|desktop&#8221; custom_padding=&#8221;0px|0|0px|0|true|false&#8221; make_fullwidth=&#8221;on&#8221; global_colors_info=&#8221;{}&#8221;][et_pb_column type=&#8221;4_4&#8243; _builder_version=&#8221;3.25&#8243; use_background_color_gradient=&#8221;on&#8221; background_color_gradient_start=&#8221;rgba(0,0,0,0)&#8221; background_color_gradient_end=&#8221;rgba(0,0,0,0.07)&#8221; custom_padding=&#8221;5%|6%|10%|6%&#8221; custom_padding_tablet=&#8221;&#8221; custom_padding_phone=&#8221;&#8221; custom_padding_last_edited=&#8221;on|tablet&#8221; global_colors_info=&#8221;{}&#8221; padding_last_edited=&#8221;on|tablet&#8221; custom_padding__hover=&#8221;|||&#8221;][et_pb_text admin_label=&#8221;Text&#8221; _builder_version=&#8221;4.9.4&#8243; header_2_font=&#8221;Nunito|700|||||||&#8221; header_2_text_color=&#8221;#7A4E36&#8243; text_orientation=&#8221;left&#8221; locked=&#8221;off&#8221; global_colors_info=&#8221;{}&#8221;]<\/p>\n<h2>Alla ricerca dell&#8217;eccellenza<\/h2>\n<p>Un buon professionista ha bisogno di un buon team, e alla Clinica ERGO siamo d&#8217;accordo con questa premessa. Per questo motivo, siamo impegnati in tecnologie all&#8217;avanguardia che ci permettono di completare quel pizzico di qualit\u00e0 necessaria per un <strong>servizio eccellente<\/strong>.<\/p>\n<p>&nbsp;<\/p>\n<p>[\/et_pb_text][\/et_pb_column][\/et_pb_row][\/et_pb_section][et_pb_section fb_built=&#8221;1&#8243; admin_label=&#8221;How It Works&#8221; _builder_version=&#8221;3.22&#8243; custom_padding=&#8221;|||&#8221; global_colors_info=&#8221;{}&#8221;][et_pb_row _builder_version=&#8221;3.25&#8243; locked=&#8221;off&#8221; global_colors_info=&#8221;{}&#8221;][et_pb_column type=&#8221;4_4&#8243; _builder_version=&#8221;3.25&#8243; custom_padding=&#8221;|||&#8221; global_colors_info=&#8221;{}&#8221; custom_padding__hover=&#8221;|||&#8221;][et_pb_text admin_label=&#8221;Text&#8221; _builder_version=&#8221;4.9.4&#8243; header_2_font=&#8221;Nunito|700|||||||&#8221; header_2_text_color=&#8221;#7A4E36&#8243; header_3_font=&#8221;Nunito|600|||||||&#8221; header_3_text_color=&#8221;#7A4E36&#8243; text_orientation=&#8221;left&#8221; custom_margin=&#8221;||||false|false&#8221; custom_padding=&#8221;||||false|false&#8221; global_colors_info=&#8221;{}&#8221;]<\/p>\n<h2>Codice sanitario<\/h2>\n<h3>Autorizzazione chiave per l&#8217;esecuzione dei trattamenti<\/h3>\n<p>Il primo importante punto di differenza \u00e8 il tipo di autorizzazione concessa dalla Consejer\u00eda de Sanidad del Principado de Asturias. Esistono codici che identificano un&#8217;istituzione sanitaria e quindi forniscono informazioni sul tipo di assistenza sanitaria che \u00e8 autorizzata a fornire. Ad esempio, il codice <strong>C.2.1<\/strong> si riferisce solo a <strong>consultazioni mediche<\/strong>, senza autorizzazione per interventi chirurgici, trattamenti complessi o simili; solo consultazioni mediche. Tuttavia, il codice <strong>C.2.5.2<\/strong> rientra nella categoria specifica dei Centri specializzati, e in particolare del <strong>Centro di riproduzione umana assistita<\/strong>. Le <strong>tecniche di riproduzione umana assistita sono consentite solo in questi<\/strong> casi, e ovviamente questo \u00e8 il codice che abbiamo avuto alla Clinica ERGO fin dal primo giorno.<\/p>\n<p>\u00c8 importante che, prima di scegliere la clinica in cui effettuare i trattamenti, si <strong>identifichi chiaramente il codice sanitario di cui dispone<\/strong>, in quanto ci\u00f2 dimostra trasparenza e sicurezza nell&#8217;intero processo.<\/p>\n<p>[\/et_pb_text][et_pb_text admin_label=&#8221;Text&#8221; _builder_version=&#8221;4.9.4&#8243; header_2_font=&#8221;Nunito|700|||||||&#8221; header_2_text_color=&#8221;#7A4E36&#8243; header_2_line_height=&#8221;1.2em&#8221; text_orientation=&#8221;left&#8221; global_colors_info=&#8221;{}&#8221;]<\/p>\n<h2>Strutture specifiche per la riproduzione assistita umana<\/h2>\n<h2><\/h2>\n<p>Sapete quanto sono delicati gli embrioni umani? Lavoriamo con loro da molti anni e la nostra esperienza e formazione ci hanno mostrato quanto siano critiche le condizioni ambientali. Tutti i materiali utilizzati nella costruzione dei laboratori di embriologia e andrologia e della sala operatoria sono stati scelti appositamente privi di COV (Composti Organici Volatili) e antibatterici per trattare questi spazi come camere bianche.<\/p>\n<p>Gli specifici macchinari di condizionamento mantengono una temperatura costante nei laboratori per mantenere l&#8217;ambiente embrionale idoneo, e tutti i filtri utilizzati sono del tipo a pi\u00f9 alta filtrazione (HEPA H14), purificando al massimo l&#8217;aria che circola nei locali.<\/p>\n<p>[\/et_pb_text][\/et_pb_column][\/et_pb_row][et_pb_row _builder_version=&#8221;4.9.4&#8243; _module_preset=&#8221;default&#8221; use_background_color_gradient=&#8221;on&#8221; background_color_gradient_start=&#8221;rgba(122,78,54,0.2)&#8221; background_color_gradient_end=&#8221;#ffffff&#8221; custom_padding=&#8221;21px|20px|20px|20px|false|false&#8221; border_radii=&#8221;on|20px|20px|20px|20px&#8221; locked=&#8221;off&#8221; global_colors_info=&#8221;{}&#8221;][et_pb_column type=&#8221;4_4&#8243; _builder_version=&#8221;4.9.4&#8243; _module_preset=&#8221;default&#8221; global_colors_info=&#8221;{}&#8221;][et_pb_text admin_label=&#8221;Text&#8221; _builder_version=&#8221;4.12.1&#8243; header_2_font=&#8221;Nunito|700|||||||&#8221; header_2_text_color=&#8221;#7A4E36&#8243; header_2_line_height=&#8221;1.2em&#8221; text_orientation=&#8221;left&#8221; hover_enabled=&#8221;0&#8243; header_2_font_tablet=&#8221;&#8221; header_2_font_phone=&#8221;&#8221; header_2_font_last_edited=&#8221;on|desktop&#8221; header_2_text_color_tablet=&#8221;&#8221; header_2_text_color_phone=&#8221;&#8221; header_2_text_color_last_edited=&#8221;on|desktop&#8221; header_2_letter_spacing_tablet=&#8221;&#8221; header_2_letter_spacing_phone=&#8221;&#8221; header_2_letter_spacing_last_edited=&#8221;on|desktop&#8221; header_2_line_height_tablet=&#8221;&#8221; header_2_line_height_phone=&#8221;&#8221; header_2_line_height_last_edited=&#8221;on|desktop&#8221; global_colors_info=&#8221;{}&#8221; sticky_enabled=&#8221;0&#8243;]<\/p>\n<h2>Standard di qualit\u00e0 <em>UNE 179007<\/em><\/h2>\n<p>Sebbene i sistemi di gestione della qualit\u00e0 non siano generalmente obbligatori in altri settori commerciali, lo sono nella Riproduzione Assistita. La norma ISO 9001 viene solitamente implementata, con linee guida generali che vengono adattate all&#8217;azienda, qualunque sia l&#8217;attivit\u00e0.<\/p>\n<p>Tuttavia, lo standard <strong>UNE 179007<\/strong> \u00e8 specifico per la gestione dei laboratori di riproduzione assistita. Nasce dall&#8217;esigenza dei laboratori di riproduzione umana di estendere i requisiti della ISO 9001 ai requisiti specifici del loro settore. Pi\u00f9 controllo, pi\u00f9 registrazioni, un lavoro migliore e quindi risultati migliori. \u00c8 cos\u00ec che inizia la Clinica ERGO, basata sul miglior sistema di gestione della qualit\u00e0 per la sua attivit\u00e0.<\/p>\n<p>&nbsp;<\/p>\n<p>[\/et_pb_text][\/et_pb_column][\/et_pb_row][et_pb_row column_structure=&#8221;2_5,3_5&#8243; _builder_version=&#8221;4.9.4&#8243; _module_preset=&#8221;default&#8221; custom_padding=&#8221;24px|||||&#8221; global_colors_info=&#8221;{}&#8221;][et_pb_column type=&#8221;2_5&#8243; _builder_version=&#8221;4.9.4&#8243; _module_preset=&#8221;default&#8221; global_colors_info=&#8221;{}&#8221;][et_pb_image src=&#8221;https:\/\/clinicaergo.com\/wp-content\/uploads\/2021\/05\/clinica-ergo-gijon-10-1024&#215;891.jpg&#8221; title_text=&#8221;clinica-ergo-gijon-10&#8243; _builder_version=&#8221;4.9.4&#8243; _module_preset=&#8221;default&#8221; border_radii=&#8221;on|20px|20px|20px|20px&#8221; global_colors_info=&#8221;{}&#8221;][\/et_pb_image][et_pb_image src=&#8221;https:\/\/clinicaergo.com\/wp-content\/uploads\/2021\/05\/cultivo-time-lapse-geri.jpg&#8221; title_text=&#8221;coltivazione-time-lapse-geri&#8221; _builder_version=&#8221;4.9.4&#8243; _module_preset=&#8221;default&#8221; border_radii=&#8221;on|20px|20px|20px|20px&#8221; global_colors_info=&#8221;{}&#8221;][\/et_pb_image][\/et_pb_column][et_pb_column type=&#8221;3_5&#8243; _builder_version=&#8221;4.9.4&#8243; _module_preset=&#8221;default&#8221; global_colors_info=&#8221;{}&#8221;][et_pb_text admin_label=&#8221;Text&#8221; _builder_version=&#8221;4.12.1&#8243; header_2_font=&#8221;Nunito|700|||||||&#8221; header_2_text_color=&#8221;#7A4E36&#8243; header_2_line_height=&#8221;1.2em&#8221; text_orientation=&#8221;left&#8221; hover_enabled=&#8221;0&#8243; global_colors_info=&#8221;{}&#8221; sticky_enabled=&#8221;0&#8243;]<\/p>\n<h2><strong>Sistema di incubazione<\/strong><em><strong> Time-Lapse: <\/strong><\/em><strong>GERI<\/strong><\/h2>\n<h2><\/h2>\n<p>Fino a poco tempo fa <em>(non pi\u00f9 di 5 anni)<\/em>, gli incubatori si limitavano a mantenere una temperatura e una concentrazione di gas adatte alla crescita embrionale. E funzionano ancora alla grande! Ma i progressi della tecnologia ci consentono oggi di avere <strong>incubatrici Time-Lapse<\/strong> che non solo funzionano altrettanto bene (o addirittura meglio), ma ci permettono anche di visualizzare continuamente la crescita degli embrioni.<\/p>\n<p>Il sistema Geri fotografa ogni embrione ogni 5 minuti e fino a 11 piani di altezza, consentendo agli embriologi di visualizzare l&#8217;intera crescita in qualsiasi momento, acquisendo informazioni molto importanti per selezionare gli embrioni migliori.<\/p>\n<p>Il suo utilizzo evita di dover rimuovere quotidianamente gli embrioni per la visualizzazione e quindi di interrompere la loro coltura. Tutte le condizioni ottimali di coltura sono meglio controllate e i tassi di gravidanza per trasferimento sono pi\u00f9 elevati.<\/p>\n<p>Inoltre, \u00e8 particolarmente indicato per i pazienti con un numero elevato di embrioni (aiuta nella selezione dell&#8217;embrione con la maggiore probabilit\u00e0 di impianto) e per i secondi e successivi cicli di fecondazione in vitro (per poter osservare gli embrioni pi\u00f9 da vicino e cercare di chiarire cosa sta succedendo).<\/p>\n<p>[\/et_pb_text][\/et_pb_column][\/et_pb_row][et_pb_row _builder_version=&#8221;4.9.4&#8243; _module_preset=&#8221;default&#8221; custom_padding=&#8221;24px|||||&#8221; global_colors_info=&#8221;{}&#8221;][et_pb_column type=&#8221;4_4&#8243; _builder_version=&#8221;4.9.4&#8243; _module_preset=&#8221;default&#8221; global_colors_info=&#8221;{}&#8221;][et_pb_text admin_label=&#8221;Text&#8221; _builder_version=&#8221;4.9.4&#8243; header_2_font=&#8221;Nunito|700|||||||&#8221; header_2_text_color=&#8221;#7A4E36&#8243; header_2_line_height=&#8221;1.2em&#8221; text_orientation=&#8221;left&#8221; global_colors_info=&#8221;{}&#8221;]<\/p>\n<h2><strong>Sistema a doppio <em>testimone<\/em><\/strong><\/h2>\n<h2><\/h2>\n<p>Le linee guida europee e mondiali sulle buone prassi raccomandano che almeno due embriologi lavorino sempre contemporaneamente in un laboratorio di riproduzione umana assistita. Questo per ridurre al minimo il rischio di confusione tra gameti ed embrioni di un paziente e di un altro.<\/p>\n<p>Ma in ERGO non ci accontentiamo di far lavorare insieme i nostri embriologi, vogliamo offrire ai nostri pazienti le <strong>massime garanzie di sicurezza<\/strong>. Pertanto, il sistema Witness comprende l&#8217;intera clinica, fin dal primo giorno di visita, permettendo di <strong>identificare perfettamente tutto il materiale di quel paziente<\/strong> dall&#8217;inizio alla fine.<\/p>\n<p>[\/et_pb_text][\/et_pb_column][\/et_pb_row][\/et_pb_section]<\/p>\n","protected":false},"excerpt":{"rendered":"<p>La tecnologia al servizio della riproduzione assistita e della salute delle donneAlla ricerca dell&#8217;eccellenza Un buon professionista ha bisogno di un buon team, e alla Clinica ERGO siamo d&#8217;accordo con questa premessa. Per questo motivo, siamo impegnati in tecnologie all&#8217;avanguardia che ci permettono di completare quel pizzico di qualit\u00e0 necessaria per un servizio eccellente. &nbsp;Codice [&hellip;]<\/p>\n","protected":false},"author":1,"featured_media":0,"parent":0,"menu_order":0,"comment_status":"closed","ping_status":"closed","template":"","meta":{"_et_pb_use_builder":"on","_et_pb_old_content":"","_et_gb_content_width":"","_joinchat":[],"footnotes":""},"class_list":["post-334177","page","type-page","status-publish","hentry"],"_links":{"self":[{"href":"https:\/\/clinicaergo.com\/it\/wp-json\/wp\/v2\/pages\/334177","targetHints":{"allow":["GET"]}}],"collection":[{"href":"https:\/\/clinicaergo.com\/it\/wp-json\/wp\/v2\/pages"}],"about":[{"href":"https:\/\/clinicaergo.com\/it\/wp-json\/wp\/v2\/types\/page"}],"author":[{"embeddable":true,"href":"https:\/\/clinicaergo.com\/it\/wp-json\/wp\/v2\/users\/1"}],"replies":[{"embeddable":true,"href":"https:\/\/clinicaergo.com\/it\/wp-json\/wp\/v2\/comments?post=334177"}],"version-history":[{"count":0,"href":"https:\/\/clinicaergo.com\/it\/wp-json\/wp\/v2\/pages\/334177\/revisions"}],"wp:attachment":[{"href":"https:\/\/clinicaergo.com\/it\/wp-json\/wp\/v2\/media?parent=334177"}],"curies":[{"name":"wp","href":"https:\/\/api.w.org\/{rel}","templated":true}]}}