{"id":334186,"date":"2017-12-18T17:23:31","date_gmt":"2017-12-18T17:23:31","guid":{"rendered":"https:\/\/clinicaergo.com\/urologia\/"},"modified":"2022-08-11T20:14:00","modified_gmt":"2022-08-11T20:14:00","slug":"urologia","status":"publish","type":"page","link":"https:\/\/clinicaergo.com\/it\/urologia\/","title":{"rendered":"Urologia"},"content":{"rendered":"<p>[et_pb_section fb_built=&#8221;1&#8243; fullwidth=&#8221;on&#8221; _builder_version=&#8221;4.9.4&#8243; bottom_divider_style=&#8221;slant&#8221; bottom_divider_color=&#8221;#FFFFFF&#8221; bottom_divider_flip=&#8221;horizontal&#8221; animation_direction=&#8221;top&#8221; locked=&#8221;off&#8221; global_colors_info=&#8221;{}&#8221;][et_pb_fullwidth_header title=&#8221;Urologia&#8221; subhead=&#8221;Tecnologia all&#8217;avanguardia al servizio dell&#8217;assistenza urologica&#8221; text_orientation=&#8221;center&#8221; background_overlay_color=&#8221;rgba(53,38,35,0.67)&#8221; _builder_version=&#8221;4.9.4&#8243; title_font=&#8221;Nunito|700|||||||&#8221; title_font_size=&#8221;46px&#8221; title_line_height=&#8221;1.5em&#8221; content_font=&#8221;Lato|300|||||||&#8221; content_font_size=&#8221;20px&#8221; content_line_height=&#8221;3em&#8221; subhead_font=&#8221;Nunito|700|||||||&#8221; subhead_font_size=&#8221;25px&#8221; subhead_line_height=&#8221;1.5em&#8221; background_color=&#8221;#afafaf&#8221; background_image=&#8221;https:\/\/clinicaergo.com\/wp-content\/uploads\/2021\/05\/cabecera-urologia.jpg&#8221; custom_margin=&#8221;|||&#8221; custom_padding=&#8221;5vw||150px||false&#8221; animation_style=&#8221;slide&#8221; animation_direction=&#8221;top&#8221; animation_intensity_slide=&#8221;2%&#8221; title_font_size_tablet=&#8221;36px&#8221; title_font_size_phone=&#8221;&#8221; title_font_size_last_edited=&#8221;on|phone&#8221; global_colors_info=&#8221;{}&#8221; button_one_text_size__hover_enabled=&#8221;off&#8221; button_two_text_size__hover_enabled=&#8221;off&#8221; button_one_text_color__hover_enabled=&#8221;off&#8221; button_two_text_color__hover_enabled=&#8221;off&#8221; button_one_border_width__hover_enabled=&#8221;off&#8221; button_two_border_width__hover_enabled=&#8221;off&#8221; button_one_border_color__hover_enabled=&#8221;off&#8221; button_two_border_color__hover_enabled=&#8221;off&#8221; button_one_border_radius__hover_enabled=&#8221;off&#8221; button_two_border_radius__hover_enabled=&#8221;off&#8221; button_one_letter_spacing__hover_enabled=&#8221;off&#8221; button_two_letter_spacing__hover_enabled=&#8221;off&#8221; button_one_bg_color__hover_enabled=&#8221;off&#8221; button_two_bg_color__hover_enabled=&#8221;off&#8221;]<\/p>\n<p>Urologia a Gij\u00f3n, Asturie<\/p>\n<p>[\/et_pb_fullwidth_header][\/et_pb_section][et_pb_section fb_built=&#8221;1&#8243; next_background_color=&#8221;#ffffff&#8221; admin_label=&#8221;What is Coaching?&#8221; _builder_version=&#8221;3.22&#8243; background_color=&#8221;#ffffff&#8221; use_background_color_gradient=&#8221;on&#8221; background_color_gradient_start=&#8221;#ffffff&#8221; background_color_gradient_end=&#8221;#f5f5f5&#8243; background_color_gradient_end_position=&#8221;70%&#8221; background_color_gradient_overlays_image=&#8221;on&#8221; background_image=&#8221;https:\/\/clinicaergo.com\/wp-content\/uploads\/2021\/03\/life-coach-03.jpg&#8221; custom_margin=&#8221;|||&#8221; custom_padding=&#8221;0px||0px||true&#8221; top_divider_color=&#8221;#f5f5f5&#8243; top_divider_flip=&#8221;vertical&#8221; top_divider_arrangement=&#8221;above_content&#8221; bottom_divider_style=&#8221;slant&#8221; bottom_divider_flip=&#8221;vertical&#8221; bottom_divider_arrangement=&#8221;above_content&#8221; locked=&#8221;off&#8221; global_colors_info=&#8221;{}&#8221;][et_pb_row use_custom_gutter=&#8221;on&#8221; gutter_width=&#8221;1&#8243; make_equal=&#8221;on&#8221; padding_top_bottom_link_1=&#8221;false&#8221; padding_top_bottom_link_2=&#8221;false&#8221; padding_left_right_link_1=&#8221;true&#8221; padding_left_right_link_2=&#8221;true&#8221; module_class=&#8221; et_pb_row_fullwidth&#8221; _builder_version=&#8221;3.25&#8243; width=&#8221;100%&#8221; width_tablet=&#8221;100%&#8221; width_phone=&#8221;&#8221; width_last_edited=&#8221;on|desktop&#8221; max_width=&#8221;100%&#8221; max_width_tablet=&#8221;100%&#8221; max_width_phone=&#8221;&#8221; max_width_last_edited=&#8221;on|desktop&#8221; custom_padding=&#8221;0px|0|0px|0|true|false&#8221; make_fullwidth=&#8221;on&#8221; global_colors_info=&#8221;{}&#8221;][et_pb_column type=&#8221;4_4&#8243; _builder_version=&#8221;3.25&#8243; use_background_color_gradient=&#8221;on&#8221; background_color_gradient_start=&#8221;rgba(0,0,0,0)&#8221; background_color_gradient_end=&#8221;rgba(0,0,0,0.07)&#8221; custom_padding=&#8221;5%|6%|10%|6%&#8221; custom_padding_tablet=&#8221;&#8221; custom_padding_phone=&#8221;&#8221; custom_padding_last_edited=&#8221;on|tablet&#8221; global_colors_info=&#8221;{}&#8221; padding_last_edited=&#8221;on|tablet&#8221; custom_padding__hover=&#8221;|||&#8221;][et_pb_text admin_label=&#8221;Text&#8221; _builder_version=&#8221;4.9.4&#8243; text_font=&#8221;Poppins|300|||||||&#8221; text_font_size=&#8221;16px&#8221; header_2_font=&#8221;Nunito|700|||||||&#8221; header_2_font_size=&#8221;36px&#8221; text_orientation=&#8221;left&#8221; locked=&#8221;off&#8221; global_colors_info=&#8221;{}&#8221;]<\/p>\n<h2>Unit\u00e0 di urologia<strong><\/strong><\/h2>\n<p>L&#8217;urologia \u00e8 una delle specialit\u00e0 chirurgiche che si \u00e8 evoluta maggiormente negli ultimi anni. La diagnosi precoce delle lesioni tumorali, lo sviluppo di nuove tecniche chirurgiche e strumentali insieme al miglioramento del controllo immunologico nel campo del trapianto renale, riaffermano l&#8217;Urologia come una delle specialit\u00e0 mediche pi\u00f9 avanzate.<\/p>\n<p>[\/et_pb_text][\/et_pb_column][\/et_pb_row][et_pb_row column_structure=&#8221;1_3,1_3,1_3&#8243; use_custom_gutter=&#8221;on&#8221; gutter_width=&#8221;1&#8243; make_equal=&#8221;on&#8221; padding_top_bottom_link_1=&#8221;false&#8221; padding_top_bottom_link_2=&#8221;false&#8221; padding_top_bottom_link_3=&#8221;false&#8221; padding_top_bottom_link_4=&#8221;false&#8221; padding_left_right_link_1=&#8221;true&#8221; padding_left_right_link_2=&#8221;true&#8221; padding_left_right_link_3=&#8221;true&#8221; padding_left_right_link_4=&#8221;true&#8221; module_class=&#8221; et_pb_row_fullwidth&#8221; _builder_version=&#8221;4.9.4&#8243; background_image=&#8221;https:\/\/clinicaergo.com\/wp-content\/uploads\/2021\/05\/cabecera-urologia.jpg&#8221; width=&#8221;100%&#8221; width_tablet=&#8221;100%&#8221; width_phone=&#8221;&#8221; width_last_edited=&#8221;on|desktop&#8221; max_width=&#8221;100%&#8221; max_width_tablet=&#8221;100%&#8221; max_width_phone=&#8221;&#8221; max_width_last_edited=&#8221;on|desktop&#8221; min_height=&#8221;251px&#8221; custom_margin=&#8221;|||&#8221; custom_padding=&#8221;0px|0px|0|0px|false|false&#8221; make_fullwidth=&#8221;on&#8221; global_colors_info=&#8221;{}&#8221;][et_pb_column type=&#8221;1_3&#8243; _builder_version=&#8221;4.9.4&#8243; background_color=&#8221;rgba(122,78,54,0.2)&#8221; custom_padding=&#8221;80px|40px|150px|40px&#8221; custom_padding_tablet=&#8221;20px||60px|&#8221; custom_padding_phone=&#8221;60px||60px||true&#8221; custom_padding_last_edited=&#8221;on|phone&#8221; global_colors_info=&#8221;{}&#8221; padding_phone=&#8221;60px||60px||true&#8221; padding_tablet=&#8221;20px||60px|&#8221; padding_last_edited=&#8221;on|phone&#8221; custom_padding__hover=&#8221;|||&#8221;][et_pb_text _builder_version=&#8221;4.9.4&#8243; _module_preset=&#8221;default&#8221; text_font=&#8221;Nunito|700|||||||&#8221; text_text_color=&#8221;#FFFFFF&#8221; text_font_size=&#8221;22px&#8221; text_line_height=&#8221;1.4em&#8221; text_orientation=&#8221;center&#8221; custom_margin=&#8221;||||false|false&#8221; custom_padding=&#8221;||0px|||&#8221; global_colors_info=&#8221;{}&#8221;]<\/p>\n<p>Diagnosi precoce<\/p>\n<p>[\/et_pb_text][\/et_pb_column][et_pb_column type=&#8221;1_3&#8243; _builder_version=&#8221;4.9.4&#8243; background_color=&#8221;rgba(122,78,54,0.4)&#8221; custom_padding=&#8221;70px|40px|150px|40px&#8221; custom_padding_tablet=&#8221;20px||60px|&#8221; custom_padding_phone=&#8221;60px||60px||true&#8221; custom_padding_last_edited=&#8221;on|phone&#8221; global_colors_info=&#8221;{}&#8221; padding_phone=&#8221;60px||60px||true&#8221; padding_tablet=&#8221;20px||60px|&#8221; padding_last_edited=&#8221;on|phone&#8221; custom_padding__hover=&#8221;|||&#8221;][et_pb_text _builder_version=&#8221;4.9.4&#8243; _module_preset=&#8221;default&#8221; text_font=&#8221;Nunito|700|||||||&#8221; text_text_color=&#8221;#FFFFFF&#8221; text_font_size=&#8221;22px&#8221; text_line_height=&#8221;1.4em&#8221; text_orientation=&#8221;center&#8221; custom_margin=&#8221;10px||||false|false&#8221; custom_padding=&#8221;||0px|||&#8221; global_colors_info=&#8221;{}&#8221;]<\/p>\n<p>Attrezzature moderne<\/p>\n<p>[\/et_pb_text][\/et_pb_column][et_pb_column type=&#8221;1_3&#8243; _builder_version=&#8221;4.9.4&#8243; background_color=&#8221;rgba(122,78,54,0.6)&#8221; custom_padding=&#8221;60px|40px|150px|40px&#8221; custom_padding_tablet=&#8221;60px|||&#8221; custom_padding_phone=&#8221;60px||60px||true&#8221; custom_padding_last_edited=&#8221;on|phone&#8221; global_colors_info=&#8221;{}&#8221; padding_phone=&#8221;60px||60px||true&#8221; padding_tablet=&#8221;60px|||&#8221; padding_last_edited=&#8221;on|phone&#8221; custom_padding__hover=&#8221;|||&#8221;][et_pb_text _builder_version=&#8221;4.9.4&#8243; _module_preset=&#8221;default&#8221; text_font=&#8221;Nunito|700|||||||&#8221; text_text_color=&#8221;#FFFFFF&#8221; text_font_size=&#8221;22px&#8221; text_line_height=&#8221;1.4em&#8221; text_orientation=&#8221;center&#8221; custom_margin=&#8221;20px||||false|false&#8221; custom_padding=&#8221;||0px|||&#8221; global_colors_info=&#8221;{}&#8221;]<\/p>\n<p>Donne e uomini<\/p>\n<p>[\/et_pb_text][\/et_pb_column][\/et_pb_row][\/et_pb_section][et_pb_section fb_built=&#8221;1&#8243; admin_label=&#8221;How It Works&#8221; _builder_version=&#8221;3.22&#8243; custom_padding=&#8221;|||&#8221; global_colors_info=&#8221;{}&#8221;][et_pb_row _builder_version=&#8221;3.25&#8243; custom_padding=&#8221;36px|||||&#8221; locked=&#8221;off&#8221; global_colors_info=&#8221;{}&#8221;][et_pb_column type=&#8221;4_4&#8243; _builder_version=&#8221;3.25&#8243; custom_padding=&#8221;|||&#8221; global_colors_info=&#8221;{}&#8221; custom_padding__hover=&#8221;|||&#8221;][et_pb_text admin_label=&#8221;Text&#8221; _builder_version=&#8221;4.9.4&#8243; header_2_font=&#8221;Nunito|700|||||||&#8221; header_2_text_color=&#8221;#7A4E36&#8243; header_2_line_height=&#8221;1.2em&#8221; text_orientation=&#8221;left&#8221; header_2_font_tablet=&#8221;&#8221; header_2_font_phone=&#8221;&#8221; header_2_font_last_edited=&#8221;on|desktop&#8221; header_2_text_color_tablet=&#8221;&#8221; header_2_text_color_phone=&#8221;&#8221; header_2_text_color_last_edited=&#8221;on|desktop&#8221; header_2_letter_spacing_tablet=&#8221;&#8221; header_2_letter_spacing_phone=&#8221;&#8221; header_2_letter_spacing_last_edited=&#8221;on|desktop&#8221; header_2_line_height_tablet=&#8221;&#8221; header_2_line_height_phone=&#8221;&#8221; header_2_line_height_last_edited=&#8221;on|desktop&#8221; global_colors_info=&#8221;{}&#8221;]<\/p>\n<h2>Il nostro team e la nostra tecnologia al vostro servizio<\/h2>\n<p>La Clinica ERGO dispone di attrezzature moderne e di una tecnologia all&#8217;avanguardia in questa specialit\u00e0, che consente di diagnosticare e trattare le patologie dell&#8217;apparato urinario e del retroperitoneo, in entrambi i sessi, e dell&#8217;apparato genitale maschile, senza limiti di et\u00e0, causate da condizioni congenite, traumatiche, settiche, metaboliche, ostruttive e oncologiche.<\/p>\n<p>[\/et_pb_text][et_pb_accordion open_toggle_text_color=&#8221;#7A4E36&#8243; open_toggle_background_color=&#8221;RGBA(0,0,0,0)&#8221; closed_toggle_text_color=&#8221;rgba(122,78,54,0.76)&#8221; _builder_version=&#8221;4.9.4&#8243; _module_preset=&#8221;default&#8221; toggle_level=&#8221;h3&#8243; toggle_font=&#8221;Nunito|700|||||||&#8221; toggle_font_size=&#8221;22px&#8221; closed_toggle_font=&#8221;Nunito||||||||&#8221; custom_margin=&#8221;0px||0px||false|false&#8221; custom_padding=&#8221;10px||0px||false|false&#8221; border_radii=&#8221;on|20px|20px|20px|20px&#8221; global_colors_info=&#8221;{}&#8221;][et_pb_accordion_item title=&#8221;Urologia generale&#8221; open=&#8221;on&#8221; _builder_version=&#8221;4.9.4&#8243; _module_preset=&#8221;default&#8221; background_enable_color=&#8221;off&#8221; custom_margin=&#8221;||10px||false|false&#8221; border_radii=&#8221;on|20px|20px|20px|20px&#8221; global_colors_info=&#8221;{}&#8221;]<\/p>\n<p>Diagnosi e trattamento di qualsiasi malattia o patologia che interessi le vie urinarie, l&#8217;area sopra-renale, il retroperitoneo o la cavit\u00e0 pelvica, nonch\u00e9 metodi di screening e diagnosi precoce di malattie tumorali.<\/p>\n<p>[\/et_pb_accordion_item][et_pb_accordion_item title=&#8221;Visita urologica&#8221; _builder_version=&#8221;4.9.4&#8243; _module_preset=&#8221;default&#8221; background_enable_color=&#8221;off&#8221; custom_margin=&#8221;||10px||false|false&#8221; border_radii=&#8221;on|20px|20px|20px|20px&#8221; global_colors_info=&#8221;{}&#8221; open=&#8221;off&#8221;]<\/p>\n<p>Visita medica, esami del sangue e delle urine, esami complementari e relazione medica con risultati e raccomandazioni.<\/p>\n<p>[\/et_pb_accordion_item][et_pb_accordion_item title=&#8221;Patologia dei tumori urologici&#8221; _builder_version=&#8221;4.9.4&#8243; _module_preset=&#8221;default&#8221; background_enable_color=&#8221;off&#8221; custom_margin=&#8221;||10px||false|false&#8221; border_radii=&#8221;on|20px|20px|20px|20px&#8221; global_colors_info=&#8221;{}&#8221; open=&#8221;off&#8221;]<\/p>\n<p>Il trattamento di qualsiasi tumore viene fondamentalmente eseguito in laparoscopia, evitando la chirurgia a cielo aperto, guadagnando cos\u00ec in precisione e riducendo al minimo la perdita di sangue, le complicanze e la degenza ospedaliera.<\/p>\n<p>[\/et_pb_accordion_item][et_pb_accordion_item title=&#8221;Patologia prostatica&#8221; _builder_version=&#8221;4.9.4&#8243; _module_preset=&#8221;default&#8221; background_enable_color=&#8221;off&#8221; custom_margin=&#8221;||10px||false|false&#8221; border_radii=&#8221;on|20px|20px|20px|20px&#8221; global_colors_info=&#8221;{}&#8221; open=&#8221;off&#8221;]<\/p>\n<p>Programma per la diagnosi precoce del cancro alla prostata, tecniche di biopsia, nuove tecniche per il trattamento delle malattie e dei tumori della prostata e procedure chirurgiche per l&#8217;approccio attuale alle diverse patologie della prostata.<\/p>\n<p>[\/et_pb_accordion_item][et_pb_accordion_item title=&#8221;Patologia del pavimento pelvico e trattamento dell&#8217;incontinenza nelle donne e negli uomini&#8221; _builder_version=&#8221;4.9.4&#8243; _module_preset=&#8221;default&#8221; background_enable_color=&#8221;off&#8221; custom_margin=&#8221;||10px||false|false&#8221; border_radii=&#8221;on|20px|20px|20px|20px&#8221; global_colors_info=&#8221;{}&#8221; open=&#8221;off&#8221;]<\/p>\n<p><strong><\/strong>Si studia l&#8217;incontinenza maschile e femminile e il prolasso degli organi pelvici nelle donne. La riparazione di questi difetti viene eseguita per via vaginale o laparoscopica, evitando in ogni caso la chirurgia aperta.<\/p>\n<p>[\/et_pb_accordion_item][et_pb_accordion_item title=&#8221;Andrologia e fertilit\u00e0 maschile&#8221; _builder_version=&#8221;4.9.4&#8243; _module_preset=&#8221;default&#8221; background_enable_color=&#8221;off&#8221; custom_margin=&#8221;||10px||false|false&#8221; border_radii=&#8221;on|20px|20px|20px|20px&#8221; global_colors_info=&#8221;{}&#8221; open=&#8221;off&#8221;]<\/p>\n<p><strong><\/strong><strong><\/strong>Diagnosi e trattamento dell&#8217;eiaculazione precoce o ritardata, della disfunzione erettile di qualsiasi causa e della fertilit\u00e0.<\/p>\n<p>[\/et_pb_accordion_item][et_pb_accordion_item title=&#8221;Infezioni delle vie urinarie&#8221; _builder_version=&#8221;4.9.4&#8243; _module_preset=&#8221;default&#8221; background_enable_color=&#8221;off&#8221; custom_margin=&#8221;||10px||false|false&#8221; border_radii=&#8221;on|20px|20px|20px|20px&#8221; global_colors_info=&#8221;{}&#8221; open=&#8221;off&#8221;]<\/p>\n<p><strong><\/strong>Come la cistite o la batteriuria. Si tratta di una risposta infiammatoria dell&#8217;epitelio urinario all&#8217;invasione urinaria, associata a batteriuria e piuria. Comprende diverse entit\u00e0 cliniche caratterizzate dalla colonizzazione e dall&#8217;invasione del tratto urinario da parte di microrganismi patogeni.<\/p>\n<p>[\/et_pb_accordion_item][et_pb_accordion_item title=&#8221;Litiasi urinaria&#8221; _builder_version=&#8221;4.9.4&#8243; _module_preset=&#8221;default&#8221; background_enable_color=&#8221;off&#8221; custom_margin=&#8221;||10px||false|false&#8221; border_radii=&#8221;on|20px|20px|20px|20px&#8221; global_colors_info=&#8221;{}&#8221; open=&#8221;off&#8221;]<\/p>\n<p><strong><\/strong>La manifestazione clinica della litiasi \u00e8 la colica renale, definita come un episodio di dolore lombare molto intenso, con ampi picchi di dolore, accompagnato da malessere generale, sudorazione e nausea o vomito; il dolore pu\u00f2 riflettersi verso la zona inguinale.<\/p>\n<p>[\/et_pb_accordion_item][et_pb_accordion_item title=&#8221;Disfunzione erettile&#8221; _builder_version=&#8221;4.9.4&#8243; _module_preset=&#8221;default&#8221; background_enable_color=&#8221;off&#8221; custom_margin=&#8221;||10px||false|false&#8221; border_radii=&#8221;on|20px|20px|20px|20px&#8221; global_colors_info=&#8221;{}&#8221; open=&#8221;off&#8221;]<\/p>\n<p><strong><\/strong>La disfunzione erettile (DE) \u00e8 l&#8217;incapacit\u00e0 persistente di raggiungere e mantenere un&#8217;erezione sufficiente per un rapporto sessuale soddisfacente. Vengono eseguiti esami diagnostici, tra cui emocromo, biochimica generale e valutazione ormonale.<\/p>\n<p>[\/et_pb_accordion_item][et_pb_accordion_item title=&#8221;Eiaculazione precoce&#8221; _builder_version=&#8221;4.9.4&#8243; _module_preset=&#8221;default&#8221; background_enable_color=&#8221;off&#8221; custom_margin=&#8221;||10px||false|false&#8221; border_radii=&#8221;on|20px|20px|20px|20px&#8221; global_colors_info=&#8221;{}&#8221; open=&#8221;off&#8221;]<\/p>\n<p><strong><\/strong>L&#8217;eiaculazione avviene sempre o quasi sempre prima o entro il primo minuto dalla penetrazione vaginale. Se indicato, vengono eseguiti un esame fisico ed esami di laboratorio.<\/p>\n<p>[\/et_pb_accordion_item][et_pb_accordion_item title=&#8221;Biopsia testicolare&#8221; _builder_version=&#8221;4.9.4&#8243; _module_preset=&#8221;default&#8221; background_enable_color=&#8221;off&#8221; custom_margin=&#8221;||10px||false|false&#8221; border_radii=&#8221;on|20px|20px|20px|20px&#8221; global_colors_info=&#8221;{}&#8221; open=&#8221;off&#8221;]<\/p>\n<p><strong><\/strong>TESE: biopsia testicolare eseguita per il recupero degli spermatozoi testicolari da utilizzare nel ciclo di FIV.<\/p>\n<p>[\/et_pb_accordion_item][\/et_pb_accordion][\/et_pb_column][\/et_pb_row][et_pb_row _builder_version=&#8221;4.9.4&#8243; _module_preset=&#8221;default&#8221; use_background_color_gradient=&#8221;on&#8221; background_color_gradient_start=&#8221;rgba(122,78,54,0.2)&#8221; background_color_gradient_end=&#8221;#ffffff&#8221; custom_padding=&#8221;20px|20px|20px|20px|false|false&#8221; border_radii=&#8221;on|20px|20px|20px|20px&#8221; box_shadow_style=&#8221;preset1&#8243; locked=&#8221;off&#8221; global_colors_info=&#8221;{}&#8221;][et_pb_column type=&#8221;4_4&#8243; _builder_version=&#8221;4.9.4&#8243; _module_preset=&#8221;default&#8221; global_colors_info=&#8221;{}&#8221;][et_pb_text admin_label=&#8221;Text&#8221; _builder_version=&#8221;4.9.4&#8243; header_2_font=&#8221;Nunito|700|||||||&#8221; header_2_text_color=&#8221;#7A4E36&#8243; header_2_line_height=&#8221;1.2em&#8221; text_orientation=&#8221;left&#8221; header_2_font_tablet=&#8221;&#8221; header_2_font_phone=&#8221;&#8221; header_2_font_last_edited=&#8221;on|desktop&#8221; header_2_text_color_tablet=&#8221;&#8221; header_2_text_color_phone=&#8221;&#8221; header_2_text_color_last_edited=&#8221;on|desktop&#8221; header_2_letter_spacing_tablet=&#8221;&#8221; header_2_letter_spacing_phone=&#8221;&#8221; header_2_letter_spacing_last_edited=&#8221;on|desktop&#8221; header_2_line_height_tablet=&#8221;&#8221; header_2_line_height_phone=&#8221;&#8221; header_2_line_height_last_edited=&#8221;on|desktop&#8221; global_colors_info=&#8221;{}&#8221;]<\/p>\n<h2>Prezzo<\/h2>\n<p> Prima visita: 120 \u20ac.<br \/>Revisioni: 40 \u20ac.<strong><\/strong><\/p>\n<p>[\/et_pb_text][\/et_pb_column][\/et_pb_row][\/et_pb_section][et_pb_section fb_built=&#8221;1&#8243; prev_background_color=&#8221;#345168&#8243; next_background_color=&#8221;#ffffff&#8221; admin_label=&#8221;Who Is Coaching For?&#8221; _builder_version=&#8221;4.9.4&#8243; background_color=&#8221;#345168&#8243; use_background_color_gradient=&#8221;on&#8221; background_color_gradient_start=&#8221;#345168&#8243; background_color_gradient_end=&#8221;rgba(219,219,219,0)&#8221; background_color_gradient_start_position=&#8221;5%&#8221; background_color_gradient_overlays_image=&#8221;on&#8221; background_image=&#8221;https:\/\/clinicaergo.com\/wp-content\/uploads\/2021\/05\/life-coach-34.jpg&#8221; min_height=&#8221;89.3px&#8221; custom_padding=&#8221;0px||0px||true|false&#8221; top_divider_style=&#8221;slant&#8221; top_divider_flip=&#8221;horizontal&#8221; bottom_divider_style=&#8221;slant&#8221; bottom_divider_flip=&#8221;horizontal&#8221; saved_tabs=&#8221;all&#8221; locked=&#8221;off&#8221; global_colors_info=&#8221;{}&#8221;][et_pb_row column_structure=&#8221;3_5,2_5&#8243; _builder_version=&#8221;4.9.4&#8243; min_height=&#8221;485.4px&#8221; custom_margin=&#8221;|auto|0px|auto|false|false&#8221; custom_padding=&#8221;141px||0px||false|false&#8221; use_custom_width=&#8221;on&#8221; locked=&#8221;off&#8221; global_colors_info=&#8221;{}&#8221;][et_pb_column type=&#8221;3_5&#8243; _builder_version=&#8221;3.25&#8243; custom_padding=&#8221;|||&#8221; global_colors_info=&#8221;{}&#8221; custom_padding__hover=&#8221;|||&#8221;][et_pb_text admin_label=&#8221;Text&#8221; _builder_version=&#8221;4.9.4&#8243; text_font=&#8221;Poppins|300|||||||&#8221; text_font_size=&#8221;17px&#8221; header_2_font=&#8221;Nunito|900|||||||&#8221; background_layout=&#8221;dark&#8221; global_colors_info=&#8221;{}&#8221;]<\/p>\n<h2>Avete bisogno di ulteriori informazioni?<\/h2>\n<p>Siamo un team di oltre <strong>15 professionisti<\/strong> specializzati nella riproduzione assistita e nella salute delle donne. Avete dei dubbi? Vi invitiamo a conoscerci, la vostra prima visita \u00e8 totalmente GRATUITA.<\/p>\n<p>[\/et_pb_text][et_pb_button button_url=&#8221;https:\/\/clinicaergo.com\/it\/contatto\/&#8221; button_text=&#8221;Fissate il vostro primo appuntamento GRATUITO&#8221; button_alignment=&#8221;center&#8221; admin_label=&#8221;Get Started&#8221; _builder_version=&#8221;4.9.4&#8243; _module_preset=&#8221;default&#8221; custom_button=&#8221;on&#8221; button_text_size=&#8221;14px&#8221; button_text_color=&#8221;#ffffff&#8221; button_bg_color=&#8221;#4b2614&#8243; button_border_width=&#8221;1px&#8221; button_border_color=&#8221;RGBA(0,0,0,0)&#8221; button_border_radius=&#8221;50px&#8221; button_letter_spacing=&#8221;1px&#8221; button_font=&#8221;Poppins|600||on|||||&#8221; button_use_icon=&#8221;off&#8221; custom_margin=&#8221;20px|20px|||false|false&#8221; custom_margin_phone=&#8221;|20px|||false|false&#8221; custom_margin_last_edited=&#8221;off|desktop&#8221; custom_padding=&#8221;14px|50px|14px|50px|true|true&#8221; box_shadow_style=&#8221;preset3&#8243; box_shadow_color=&#8221;rgba(0,0,0,0.2)&#8221; locked=&#8221;off&#8221; global_colors_info=&#8221;{%22gcid-0b134dd3-bba5-4a0c-9138-44a2493e22ee%22:%91%22button_bg_color%22%93}&#8221; button_bg_color__hover_enabled=&#8221;on|desktop&#8221; button_bg_enable_color__hover=&#8221;on&#8221; button_text_color__hover_enabled=&#8221;off|hover&#8221; custom_padding__hover_enabled=&#8221;off|hover&#8221; button_bg_color__hover=&#8221;rgba(255,255,255,0.1)&#8221; button_border_color__hover_enabled=&#8221;on|hover&#8221; button_border_color__hover=&#8221;#ffffff&#8221;][\/et_pb_button][\/et_pb_column][et_pb_column type=&#8221;2_5&#8243; _builder_version=&#8221;3.25&#8243; custom_padding=&#8221;|||&#8221; global_colors_info=&#8221;{}&#8221; custom_padding__hover=&#8221;|||&#8221;][et_pb_image src=&#8221;https:\/\/clinicaergo.com\/wp-content\/uploads\/2021\/05\/rebeca-blanco.jpg&#8221; title_text=&#8221;cardigan-bianco&#8221; _builder_version=&#8221;4.11.4&#8243; _module_preset=&#8221;default&#8221; hover_enabled=&#8221;0&#8243; border_radii=&#8221;on|20px|20px|20px|20px&#8221; box_shadow_style=&#8221;preset2&#8243; global_colors_info=&#8221;{}&#8221; sticky_enabled=&#8221;0&#8243;][\/et_pb_image][\/et_pb_column][\/et_pb_row][\/et_pb_section][et_pb_section fb_built=&#8221;1&#8243; _builder_version=&#8221;4.9.4&#8243; _module_preset=&#8221;default&#8221; global_colors_info=&#8221;{}&#8221;][et_pb_row _builder_version=&#8221;4.9.4&#8243; _module_preset=&#8221;default&#8221; global_colors_info=&#8221;{}&#8221;][et_pb_column type=&#8221;4_4&#8243; _builder_version=&#8221;4.9.4&#8243; _module_preset=&#8221;default&#8221; global_colors_info=&#8221;{}&#8221;][\/et_pb_column][\/et_pb_row][\/et_pb_section]<\/p>\n","protected":false},"excerpt":{"rendered":"<p>Urologia a Gij\u00f3n, AsturieUnit\u00e0 di urologia L&#8217;urologia \u00e8 una delle specialit\u00e0 chirurgiche che si \u00e8 evoluta maggiormente negli ultimi anni. La diagnosi precoce delle lesioni tumorali, lo sviluppo di nuove tecniche chirurgiche e strumentali insieme al miglioramento del controllo immunologico nel campo del trapianto renale, riaffermano l&#8217;Urologia come una delle specialit\u00e0 mediche pi\u00f9 avanzate.Diagnosi precoceAttrezzature [&hellip;]<\/p>\n","protected":false},"author":1,"featured_media":0,"parent":0,"menu_order":0,"comment_status":"closed","ping_status":"closed","template":"","meta":{"_et_pb_use_builder":"on","_et_pb_old_content":"","_et_gb_content_width":"","_joinchat":[],"footnotes":""},"class_list":["post-334186","page","type-page","status-publish","hentry"],"_links":{"self":[{"href":"https:\/\/clinicaergo.com\/it\/wp-json\/wp\/v2\/pages\/334186","targetHints":{"allow":["GET"]}}],"collection":[{"href":"https:\/\/clinicaergo.com\/it\/wp-json\/wp\/v2\/pages"}],"about":[{"href":"https:\/\/clinicaergo.com\/it\/wp-json\/wp\/v2\/types\/page"}],"author":[{"embeddable":true,"href":"https:\/\/clinicaergo.com\/it\/wp-json\/wp\/v2\/users\/1"}],"replies":[{"embeddable":true,"href":"https:\/\/clinicaergo.com\/it\/wp-json\/wp\/v2\/comments?post=334186"}],"version-history":[{"count":0,"href":"https:\/\/clinicaergo.com\/it\/wp-json\/wp\/v2\/pages\/334186\/revisions"}],"wp:attachment":[{"href":"https:\/\/clinicaergo.com\/it\/wp-json\/wp\/v2\/media?parent=334186"}],"curies":[{"name":"wp","href":"https:\/\/api.w.org\/{rel}","templated":true}]}}