{"id":334192,"date":"2017-12-18T17:19:23","date_gmt":"2017-12-18T17:19:23","guid":{"rendered":"https:\/\/clinicaergo.com\/specialita-mediche\/"},"modified":"2022-08-12T09:13:52","modified_gmt":"2022-08-12T09:13:52","slug":"specialita-mediche","status":"publish","type":"page","link":"https:\/\/clinicaergo.com\/it\/specialita-mediche\/","title":{"rendered":"Specialit\u00e0 mediche"},"content":{"rendered":"<p>[et_pb_section fb_built=&#8221;1&#8243; fullwidth=&#8221;on&#8221; _builder_version=&#8221;4.9.4&#8243; bottom_divider_style=&#8221;slant&#8221; bottom_divider_color=&#8221;#FFFFFF&#8221; bottom_divider_flip=&#8221;horizontal&#8221; animation_direction=&#8221;top&#8221; locked=&#8221;off&#8221; global_colors_info=&#8221;{}&#8221;][et_pb_fullwidth_header title=&#8221;Specialit\u00e0 mediche&#8221; subhead=&#8221;Equipe medica multidisciplinare&#8221; text_orientation=&#8221;center&#8221; background_overlay_color=&#8221;rgba(53,38,35,0.67)&#8221; _builder_version=&#8221;4.9.4&#8243; title_font=&#8221;Nunito|700|||||||&#8221; title_font_size=&#8221;46px&#8221; title_line_height=&#8221;1.5em&#8221; content_font=&#8221;Lato|300|||||||&#8221; content_font_size=&#8221;20px&#8221; content_line_height=&#8221;3em&#8221; subhead_font=&#8221;Nunito|700|||||||&#8221; subhead_font_size=&#8221;25px&#8221; subhead_line_height=&#8221;1.5em&#8221; background_color=&#8221;#afafaf&#8221; background_image=&#8221;https:\/\/clinicaergo.com\/wp-content\/uploads\/2021\/06\/cabecera-especialidadesmedicas.jpg&#8221; custom_margin=&#8221;|||&#8221; custom_padding=&#8221;5vw||150px||false&#8221; animation_style=&#8221;slide&#8221; animation_direction=&#8221;top&#8221; animation_intensity_slide=&#8221;2%&#8221; title_font_size_tablet=&#8221;36px&#8221; title_font_size_phone=&#8221;&#8221; title_font_size_last_edited=&#8221;on|phone&#8221; global_colors_info=&#8221;{}&#8221; button_one_text_size__hover_enabled=&#8221;off&#8221; button_two_text_size__hover_enabled=&#8221;off&#8221; button_one_text_color__hover_enabled=&#8221;off&#8221; button_two_text_color__hover_enabled=&#8221;off&#8221; button_one_border_width__hover_enabled=&#8221;off&#8221; button_two_border_width__hover_enabled=&#8221;off&#8221; button_one_border_color__hover_enabled=&#8221;off&#8221; button_two_border_color__hover_enabled=&#8221;off&#8221; button_one_border_radius__hover_enabled=&#8221;off&#8221; button_two_border_radius__hover_enabled=&#8221;off&#8221; button_one_letter_spacing__hover_enabled=&#8221;off&#8221; button_two_letter_spacing__hover_enabled=&#8221;off&#8221; button_one_bg_color__hover_enabled=&#8221;off&#8221; button_two_bg_color__hover_enabled=&#8221;off&#8221;]<\/p>\n<p>Specialit\u00e0 mediche a Gij\u00f3n, Asturie<\/p>\n<p>[\/et_pb_fullwidth_header][\/et_pb_section][et_pb_section fb_built=&#8221;1&#8243; admin_label=&#8221;How It Works&#8221; _builder_version=&#8221;3.22&#8243; custom_padding=&#8221;|||&#8221; global_colors_info=&#8221;{}&#8221;][et_pb_row _builder_version=&#8221;4.9.4&#8243; locked=&#8221;off&#8221; global_colors_info=&#8221;{}&#8221;][et_pb_column type=&#8221;4_4&#8243; _builder_version=&#8221;3.25&#8243; custom_padding=&#8221;|||&#8221; global_colors_info=&#8221;{}&#8221; custom_padding__hover=&#8221;|||&#8221;][et_pb_text admin_label=&#8221;Text&#8221; _builder_version=&#8221;4.9.4&#8243; header_2_font=&#8221;Nunito|700|||||||&#8221; header_2_text_color=&#8221;#7A4E36&#8243; text_orientation=&#8221;left&#8221; global_colors_info=&#8221;{}&#8221;]<\/p>\n<h2><strong>Uno spazio, diverse specialit\u00e0 mediche<br \/><\/strong><\/h2>\n<p>La base della Clinica ERGO \u00e8 il suo team multidisciplinare. Offriamo tutte le discipline mediche coinvolte nella salute delle donne in un unico spazio. Questo offre una grande comodit\u00e0 ai nostri pazienti, che possono rivolgersi a ERGO per quasi tutti i problemi medici facendo di ERGO il loro centro di fiducia.<\/p>\n<p> L&#8217;\u00e9quipe di urologia si occupa di patologie urinarie maschili e femminili, oltre che di problemi dell&#8217;apparato riproduttivo maschile e di uno studio dettagliato della salute degli uomini.<\/p>\n<p>I nostri psicologi forniscono un supporto continuo ai pazienti che si occupano di riproduzione assistita, ma offrono anche servizi specializzati in psicologia familiare, infantile, adolescenziale e degli anziani.<\/p>\n<p>Scoprite tutti i servizi che la Clinica ERGO pu\u00f2 offrirvi e, per qualsiasi domanda, contattateci. Saremo lieti di aiutarvi. <\/p>\n<p>[\/et_pb_text][\/et_pb_column][\/et_pb_row][\/et_pb_section][et_pb_section fb_built=&#8221;1&#8243; prev_background_color=&#8221;#ffffff&#8221; next_background_color=&#8221;#ffffff&#8221; admin_label=&#8221;Who Is Coaching For?&#8221; _builder_version=&#8221;4.9.4&#8243; background_color=&#8221;#345168&#8243; use_background_color_gradient=&#8221;on&#8221; background_color_gradient_start=&#8221;#345168&#8243; background_color_gradient_end=&#8221;rgba(219,219,219,0)&#8221; background_color_gradient_start_position=&#8221;5%&#8221; background_color_gradient_overlays_image=&#8221;on&#8221; background_image=&#8221;https:\/\/clinicaergo.com\/wp-content\/uploads\/2021\/05\/life-coach-34.jpg&#8221; min_height=&#8221;89.3px&#8221; custom_padding=&#8221;0px||0px||true|false&#8221; top_divider_style=&#8221;slant&#8221; top_divider_flip=&#8221;horizontal&#8221; bottom_divider_style=&#8221;slant&#8221; bottom_divider_flip=&#8221;horizontal&#8221; global_module=&#8221;332121&#8243; saved_tabs=&#8221;all&#8221; locked=&#8221;off&#8221; global_colors_info=&#8221;{}&#8221;][et_pb_row column_structure=&#8221;3_5,2_5&#8243; _builder_version=&#8221;4.9.4&#8243; min_height=&#8221;485.4px&#8221; custom_margin=&#8221;|auto|0px|auto|false|false&#8221; custom_padding=&#8221;141px||0px||false|false&#8221; use_custom_width=&#8221;on&#8221; locked=&#8221;off&#8221; global_colors_info=&#8221;{}&#8221;][et_pb_column type=&#8221;3_5&#8243; _builder_version=&#8221;3.25&#8243; custom_padding=&#8221;|||&#8221; global_colors_info=&#8221;{}&#8221; custom_padding__hover=&#8221;|||&#8221;][et_pb_text admin_label=&#8221;Text&#8221; _builder_version=&#8221;4.9.4&#8243; text_font=&#8221;Poppins|300|||||||&#8221; text_font_size=&#8221;17px&#8221; header_2_font=&#8221;Nunito|900|||||||&#8221; background_layout=&#8221;dark&#8221; global_colors_info=&#8221;{}&#8221;]<\/p>\n<h2>Avete bisogno di ulteriori informazioni?<\/h2>\n<p>Siamo un team di oltre <strong>15 professionisti<\/strong> specializzati nella riproduzione assistita e nella salute delle donne. Avete dei dubbi? Vi invitiamo a conoscerci, la vostra prima visita \u00e8 totalmente GRATUITA.<\/p>\n<p>[\/et_pb_text][et_pb_button button_url=&#8221;https:\/\/clinicaergo.com\/it\/contatto\/&#8221; button_text=&#8221;Fissate il vostro primo appuntamento GRATUITO&#8221; button_alignment=&#8221;center&#8221; admin_label=&#8221;Get Started&#8221; _builder_version=&#8221;4.9.4&#8243; _module_preset=&#8221;default&#8221; custom_button=&#8221;on&#8221; button_text_size=&#8221;14px&#8221; button_text_color=&#8221;#ffffff&#8221; button_bg_color=&#8221;#4b2614&#8243; button_border_width=&#8221;1px&#8221; button_border_color=&#8221;RGBA(0,0,0,0)&#8221; button_border_radius=&#8221;50px&#8221; button_letter_spacing=&#8221;1px&#8221; button_font=&#8221;Poppins|600||on|||||&#8221; button_use_icon=&#8221;off&#8221; custom_margin=&#8221;20px|20px|||false|false&#8221; custom_margin_phone=&#8221;|20px|||false|false&#8221; custom_margin_last_edited=&#8221;off|desktop&#8221; custom_padding=&#8221;14px|50px|14px|50px|true|true&#8221; box_shadow_style=&#8221;preset3&#8243; box_shadow_color=&#8221;rgba(0,0,0,0.2)&#8221; locked=&#8221;off&#8221; global_colors_info=&#8221;{%22gcid-0b134dd3-bba5-4a0c-9138-44a2493e22ee%22:%91%22button_bg_color%22%93}&#8221; button_bg_color__hover_enabled=&#8221;on|desktop&#8221; button_bg_enable_color__hover=&#8221;on&#8221; button_text_color__hover_enabled=&#8221;off|hover&#8221; custom_padding__hover_enabled=&#8221;off|hover&#8221; button_bg_color__hover=&#8221;rgba(255,255,255,0.1)&#8221; button_border_color__hover_enabled=&#8221;on|hover&#8221; button_border_color__hover=&#8221;#ffffff&#8221;][\/et_pb_button][\/et_pb_column][et_pb_column type=&#8221;2_5&#8243; _builder_version=&#8221;3.25&#8243; custom_padding=&#8221;|||&#8221; global_colors_info=&#8221;{}&#8221; custom_padding__hover=&#8221;|||&#8221;][et_pb_image src=&#8221;https:\/\/clinicaergo.com\/wp-content\/uploads\/2021\/04\/equipo-maria.jpg&#8221; title_text=&#8221;squadra-maria&#8221; _builder_version=&#8221;4.9.4&#8243; _module_preset=&#8221;default&#8221; border_radii=&#8221;on|20px|20px|20px|20px&#8221; box_shadow_style=&#8221;preset2&#8243; global_colors_info=&#8221;{}&#8221;][\/et_pb_image][\/et_pb_column][\/et_pb_row][\/et_pb_section][et_pb_section fb_built=&#8221;1&#8243; _builder_version=&#8221;4.9.4&#8243; _module_preset=&#8221;default&#8221; global_colors_info=&#8221;{}&#8221;][et_pb_row _builder_version=&#8221;4.9.4&#8243; _module_preset=&#8221;default&#8221; global_colors_info=&#8221;{}&#8221;][et_pb_column type=&#8221;4_4&#8243; _builder_version=&#8221;4.9.4&#8243; _module_preset=&#8221;default&#8221; global_colors_info=&#8221;{}&#8221;][\/et_pb_column][\/et_pb_row][\/et_pb_section]<\/p>\n","protected":false},"excerpt":{"rendered":"<p>Specialit\u00e0 mediche a Gij\u00f3n, AsturieUno spazio, diverse specialit\u00e0 mediche La base della Clinica ERGO \u00e8 il suo team multidisciplinare. Offriamo tutte le discipline mediche coinvolte nella salute delle donne in un unico spazio. Questo offre una grande comodit\u00e0 ai nostri pazienti, che possono rivolgersi a ERGO per quasi tutti i problemi medici facendo di ERGO [&hellip;]<\/p>\n","protected":false},"author":1,"featured_media":0,"parent":0,"menu_order":0,"comment_status":"closed","ping_status":"closed","template":"","meta":{"_et_pb_use_builder":"on","_et_pb_old_content":"","_et_gb_content_width":"","_joinchat":[],"footnotes":""},"class_list":["post-334192","page","type-page","status-publish","hentry"],"_links":{"self":[{"href":"https:\/\/clinicaergo.com\/it\/wp-json\/wp\/v2\/pages\/334192","targetHints":{"allow":["GET"]}}],"collection":[{"href":"https:\/\/clinicaergo.com\/it\/wp-json\/wp\/v2\/pages"}],"about":[{"href":"https:\/\/clinicaergo.com\/it\/wp-json\/wp\/v2\/types\/page"}],"author":[{"embeddable":true,"href":"https:\/\/clinicaergo.com\/it\/wp-json\/wp\/v2\/users\/1"}],"replies":[{"embeddable":true,"href":"https:\/\/clinicaergo.com\/it\/wp-json\/wp\/v2\/comments?post=334192"}],"version-history":[{"count":0,"href":"https:\/\/clinicaergo.com\/it\/wp-json\/wp\/v2\/pages\/334192\/revisions"}],"wp:attachment":[{"href":"https:\/\/clinicaergo.com\/it\/wp-json\/wp\/v2\/media?parent=334192"}],"curies":[{"name":"wp","href":"https:\/\/api.w.org\/{rel}","templated":true}]}}